{"id":22793,"date":"2025-08-22T14:52:15","date_gmt":"2025-08-22T12:52:15","guid":{"rendered":"http:\/\/okoljepiran.razvija.se\/?page_id=22793"},"modified":"2025-09-01T16:07:51","modified_gmt":"2025-09-01T14:07:51","slug":"dichiarazione-di-accessibilita","status":"publish","type":"page","link":"https:\/\/okoljepiran.si\/it\/dichiarazione-di-accessibilita\/","title":{"rendered":"Dichiarazione di accessibilit\u00e0"},"content":{"rendered":"<section class=\"accessibility\">La Societ\u00e0 Pubblica OKOLJE Piran d.o.o. si impegna a garantire l\u2019accessibilit\u00e0 del sito web <strong>www.okoljepiran.si<\/strong> in conformit\u00e0 con la Legge sull\u2019accessibilit\u00e0 dei siti web e delle applicazioni mobili per tutti gli utenti.<\/p>\n<hr \/>\n<h2>Dichiarazione di accessibilit\u00e0<\/h2>\n<p>La presente dichiarazione di accessibilit\u00e0 si applica all\u2019intero sito web della Societ\u00e0 Pubblica OKOLJE Piran d.o.o. \u2013 <strong>www.okoljepiran.si<\/strong>. Il responsabile del sito web \u00e8 la Societ\u00e0 Pubblica OKOLJE Piran d.o.o.<\/p>\n<p>Per garantire i requisiti di accessibilit\u00e0 sono state implementate alcune misure, come ad esempio:<\/p>\n<ul>\n<li>design reattivo (adattamento del layout del contenuto alla risoluzione dello schermo),<\/li>\n<li>visualizzazione dei contenuti per gli utenti di tecnologie assistive (screen reader, barra Braille),<\/li>\n<li>navigazione tramite tastiera (adattamento per utenti che non possono usare il mouse),<\/li>\n<li>contrasto cromatico adeguato (tra testo e sfondo),<\/li>\n<li>funzionamento prevedibile del sito,<\/li>\n<li>possibilit\u00e0 di corredare le immagini con testo alternativo,<\/li>\n<li>utilizzo consentito di diversi livelli di intestazione.<\/li>\n<\/ul>\n<h2>Livello di conformit\u00e0<\/h2>\n<p>Il sito web <strong>www.okoljepiran.si<\/strong> raggiunge il livello di accessibilit\u00e0 <strong>AA<\/strong>, come definito nelle linee guida per la progettazione dei contenuti Web Content Accessibility Guidelines <strong>WCAG 2.0<\/strong>, ed \u00e8 parzialmente conforme alla Legge sull\u2019accessibilit\u00e0 dei siti web e delle applicazioni mobili a causa delle eccezioni elencate di seguito.<\/p>\n<h2>Contenuti non accessibili<\/h2>\n<p>L\u2019accessibilit\u00e0 del sito web viene monitorata costantemente e miglioriamo regolarmente i singoli elementi di accessibilit\u00e0. Tuttavia, alcuni contenuti pubblicati non soddisfano ancora tutti i requisiti di accessibilit\u00e0 stabiliti dalla Legge sull\u2019accessibilit\u00e0 dei siti web e delle applicazioni mobili. Esempi di tali contenuti sono:<\/p>\n<ul>\n<li>documenti scansionati in formato PDF,<\/li>\n<li>documenti generati automaticamente (ad es. bilanci annuali, listini prezzi),<\/li>\n<li>diverse tabelle complesse con dati.<\/li>\n<\/ul>\n<h2>Feedback e informazioni di contatto<\/h2>\n<p>Se desiderate comunicarci qualsiasi cosa riguardante l\u2019adattamento del sito web della Societ\u00e0 Pubblica OKOLJE Piran d.o.o. per persone con esigenze particolari, o se avete bisogno di informazioni su contenuti attualmente non accessibili, potete contattarci all\u2019indirizzo <a href=\"mailto:info@okoljepiran.si\">info@okoljepiran.si<\/a>. Nell\u2019oggetto dell\u2019email scrivete obbligatoriamente: \u00abSito web \u2013 accessibilit\u00e0 per gruppi vulnerabili\u00bb.<\/p>\n<h2>Controllo sull\u2019attuazione delle disposizioni della Legge<\/h2>\n<p>Il controllo sull\u2019attuazione della Legge sull\u2019accessibilit\u00e0 dei siti web e delle applicazioni mobili del settore pubblico \u00e8 esercitato da:<\/p>\n<p><strong>Ministero per la Trasformazione Digitale<\/strong><br \/>\n<strong>Ispettorato della Repubblica di Slovenia per la Societ\u00e0 dell\u2019Informazione<\/strong><br \/>\nDav\u010dna ulica 1<br \/>\n1000 Ljubljana<br \/>\n+386 1 555 58 48<br \/>\n<a href=\"mailto:gp.irsid@gov.si\">gp.irsid@gov.si<\/a><\/p>\n<h2>Data di pubblicazione del sito web<\/h2>\n<p>Il sito web \u00e8 stato pubblicato nella forma attuale in agosto 2025.<\/p>\n<h2>Redazione della dichiarazione di accessibilit\u00e0<\/h2>\n<p>La dichiarazione \u00e8 stata redatta il 26.08.2025 utilizzando il metodo di cui al primo trattino della lettera (a) dell\u2019articolo 3(1) della Decisione di esecuzione della Commissione (UE) 2018\/1523 \u2013 autovalutazione dell\u2019ente del settore pubblico.<\/p>\n<\/section>\n","protected":false},"excerpt":{"rendered":"<p>La Societ\u00e0 Pubblica OKOLJE Piran d.o.o. si impegna a garantire l\u2019accessibilit\u00e0 del sito web www.okoljepiran.si in conformit\u00e0 con la Legge sull\u2019accessibilit\u00e0 dei siti web e delle applicazioni mobili per tutti gli utenti. Dichiarazione di accessibilit\u00e0 La presente dichiarazione di accessibilit\u00e0 si applica all\u2019intero sito web della Societ\u00e0 Pubblica OKOLJE Piran d.o.o. \u2013 www.okoljepiran.si. Il responsabile [&hellip;]<\/p>\n","protected":false},"author":2,"featured_media":0,"parent":0,"menu_order":0,"comment_status":"closed","ping_status":"closed","template":"template-page\/pg-narrow.php","meta":{"_acf_changed":false,"footnotes":""},"class_list":["post-22793","page","type-page","status-publish","hentry"],"acf":[],"_links":{"self":[{"href":"https:\/\/okoljepiran.si\/it\/wp-json\/wp\/v2\/pages\/22793","targetHints":{"allow":["GET"]}}],"collection":[{"href":"https:\/\/okoljepiran.si\/it\/wp-json\/wp\/v2\/pages"}],"about":[{"href":"https:\/\/okoljepiran.si\/it\/wp-json\/wp\/v2\/types\/page"}],"author":[{"embeddable":true,"href":"https:\/\/okoljepiran.si\/it\/wp-json\/wp\/v2\/users\/2"}],"replies":[{"embeddable":true,"href":"https:\/\/okoljepiran.si\/it\/wp-json\/wp\/v2\/comments?post=22793"}],"version-history":[{"count":3,"href":"https:\/\/okoljepiran.si\/it\/wp-json\/wp\/v2\/pages\/22793\/revisions"}],"predecessor-version":[{"id":23992,"href":"https:\/\/okoljepiran.si\/it\/wp-json\/wp\/v2\/pages\/22793\/revisions\/23992"}],"wp:attachment":[{"href":"https:\/\/okoljepiran.si\/it\/wp-json\/wp\/v2\/media?parent=22793"}],"curies":[{"name":"wp","href":"https:\/\/api.w.org\/{rel}","templated":true}]}}