{"id":10886,"date":"2025-07-25T10:49:54","date_gmt":"2025-07-25T08:49:54","guid":{"rendered":"http:\/\/okoljepiran.razvija.se\/?page_id=10886"},"modified":"2026-04-03T18:28:47","modified_gmt":"2026-04-03T16:28:47","slug":"orari","status":"publish","type":"page","link":"https:\/\/okoljepiran.si\/it\/lazienda\/orari\/","title":{"rendered":"Orari"},"content":{"rendered":"\n<h2 class=\"wp-block-heading\">Amministrazione<\/h2>\n\n\n\n<h3 class=\"wp-block-heading\">Orario per i clienti:<\/h3>\n\n\n\n<ul class=\"wp-block-list\">\n<li>luned\u00ec, venerd\u00ec: 8.00\u201310.00 e 11.00\u201313.00<\/li>\n\n\n\n<li>mercoled\u00ec: 8.00\u201310.00 e 11.00\u201315.00<\/li>\n<\/ul>\n\n\n\n<hr class=\"wp-block-separator has-alpha-channel-opacity\"\/>\n\n\n\n<h2 class=\"wp-block-heading\">Cassa<\/h2>\n\n\n\n<h3 class=\"wp-block-heading\">Cassa automatica:<\/h3>\n\n\n\n<ul class=\"wp-block-list\">\n<li>luned\u00ec\u2013venerd\u00ec: 8.00\u201315.00<\/li>\n<\/ul>\n\n\n\n<h3 class=\"wp-block-heading\">Ufficio cassa:<\/h3>\n\n\n\n<ul class=\"wp-block-list\">\n<li>mercoled\u00ec: 8.00\u201310.00 e 11.00\u201315.00<\/li>\n<\/ul>\n\n\n\n<hr class=\"wp-block-separator has-alpha-channel-opacity\"\/>\n\n\n\n<h2 class=\"wp-block-heading\">Unit\u00e0 per la nettezza urbana<\/h2>\n\n\n\n<h3 class=\"wp-block-heading\">Rimozione dei rifiuti con meccanizzazione:<\/h3>\n\n\n\n<ul class=\"wp-block-list\">\n<li>luned\u00ec\u2013venerd\u00ec: 6.00\u201314.00<\/li>\n<\/ul>\n\n\n\n<h3 class=\"wp-block-heading\">Vendita e distribuzione dei sacchetti (Savudrijska ulica 13, Pirano):<\/h3>\n\n\n\n<ul class=\"wp-block-list\">\n<li>luned\u00ec, marted\u00ec, gioved\u00ec, venerd\u00ec: 7.00\u201313.00<\/li>\n\n\n\n<li>mercoled\u00ec: 8.00\u201313.00 e 16.00\u201317.00<\/li>\n\n\n\n<li>sabato: 8.00\u201312.00<br>Gli utenti ritirano i sacchetti presentando il buono ricevuto con la bolletta mensile della tassa per la nettezza urbana. Sacchetti aggiuntivi sono acquistabili e includono il costo del servizio.<\/li>\n<\/ul>\n\n\n\n<hr class=\"wp-block-separator has-alpha-channel-opacity\"\/>\n\n\n\n<h2 class=\"wp-block-heading\">Centro raccolta \u2013 discarica di rifiuti non pericolosi Dragogna<\/h2>\n\n\n\n<h3 class=\"wp-block-heading\">Consegna di rifiuti ingombranti dei nuclei domestici:<\/h3>\n\n\n\n<ul class=\"wp-block-list\">\n<li>luned\u00ec\u2013venerd\u00ec: 6.00\u201317.00<\/li>\n\n\n\n<li>sabato: 7.00\u201312.00<\/li>\n<\/ul>\n\n\n\n<h3 class=\"wp-block-heading\">Consegna dei rifiuti pericolosi dei nuclei domestici:<\/h3>\n\n\n\n<ul class=\"wp-block-list\">\n<li>ogni primo sabato del mese: 8.00\u201312.00<br>Alla consegna \u00e8 necessario presentare l\u2019ultima bolletta pagata per lo smaltimento dei rifiuti.<\/li>\n<\/ul>\n\n\n\n<hr class=\"wp-block-separator has-alpha-channel-opacity\"\/>\n\n\n\n<h2 class=\"wp-block-heading\">Unit\u00e0 cimiteriale<\/h2>\n\n\n\n<h3 class=\"wp-block-heading\">Orario invernale:<\/h3>\n\n\n\n<ul class=\"wp-block-list\">\n<li>luned\u00ec\u2013venerd\u00ec: 7.00\u201315.00<\/li>\n<\/ul>\n\n\n\n<h3 class=\"wp-block-heading\">Orario estivo:<\/h3>\n\n\n\n<ul class=\"wp-block-list\">\n<li>luned\u00ec\u2013venerd\u00ec: 6.00\u201314.00<\/li>\n<\/ul>\n\n\n\n<h3 class=\"wp-block-heading\">Entrata al cimitero e alle camere ardenti:<\/h3>\n\n\n\n<ul class=\"wp-block-list\">\n<li>orario invernale: tutti i giorni dalle 7.00 alle 19.00<\/li>\n\n\n\n<li>orario estivo: tutti i giorni dalle 6.00 alle 20.00<\/li>\n<\/ul>\n\n\n\n<hr class=\"wp-block-separator has-alpha-channel-opacity\"\/>\n\n\n\n<h2 class=\"wp-block-heading\">Unit\u00e0 acque reflue ed impianto di depurazione<\/h2>\n\n\n\n<h3 class=\"wp-block-heading\">Orario invernale:<\/h3>\n\n\n\n<ul class=\"wp-block-list\">\n<li>luned\u00ec\u2013venerd\u00ec: 7.00\u201315.00<\/li>\n<\/ul>\n\n\n\n<h3 class=\"wp-block-heading\">Orario estivo:<\/h3>\n\n\n\n<ul class=\"wp-block-list\">\n<li>luned\u00ec\u2013venerd\u00ec: 6.00\u201314.00<\/li>\n<\/ul>\n\n\n\n<hr class=\"wp-block-separator has-alpha-channel-opacity\"\/>\n\n\n\n<h2 class=\"wp-block-heading\">Unit\u00e0 servizi comuni<\/h2>\n\n\n\n<ul class=\"wp-block-list\">\n<li>luned\u00ec, marted\u00ec, gioved\u00ec, venerd\u00ec: 6.00\u201313.00<\/li>\n\n\n\n<li>mercoled\u00ec, sabato: 6.00\u201312.00<\/li>\n<\/ul>\n\n\n\n<hr class=\"wp-block-separator has-alpha-channel-opacity\"\/>\n\n\n\n<h2 class=\"wp-block-heading\">Unit\u00e0 per la manutenzione dei parchi<\/h2>\n\n\n\n<h3 class=\"wp-block-heading\">Orario invernale:<\/h3>\n\n\n\n<ul class=\"wp-block-list\">\n<li>luned\u00ec\u2013venerd\u00ec: 7.00\u201315.00<\/li>\n<\/ul>\n\n\n\n<h3 class=\"wp-block-heading\">Orario estivo:<\/h3>\n\n\n\n<ul class=\"wp-block-list\">\n<li>luned\u00ec\u2013venerd\u00ec: 6.00\u201314.00<\/li>\n<\/ul>\n\n\n\n<hr class=\"wp-block-separator has-alpha-channel-opacity\"\/>\n\n\n\n<h2 class=\"wp-block-heading\">Unit\u00e0 spiaggia<\/h2>\n\n\n\n<h3 class=\"wp-block-heading\">La spiaggia principale di Portorose (15. 6.\u201331. 8.):<\/h3>\n\n\n\n<ul class=\"wp-block-list\">\n<li>luned\u00ec\u2013venerd\u00ec: 9.00\u201319.00<\/li>\n\n\n\n<li>sabato, domenica, festivi: 9.00\u201320.00<br>Dalle 22.00 alle 6.00 \u00e8 vietato intrattenersi sulla spiaggia.<\/li>\n<\/ul>\n\n\n\n<hr class=\"wp-block-separator has-alpha-channel-opacity\"\/>\n\n\n\n<h2 class=\"wp-block-heading\">Unit\u00e0 portuaria<\/h2>\n\n\n\n<ul class=\"wp-block-list\">\n<li>luned\u00ec\u2013venerd\u00ec: 7.00\u201316.00 (orario flessibile durante la stagione)<br>I dipendenti sono reperibili dal 1\u00b0 ottobre al 31 marzo, dalle 8.00 alle 20.00.<\/li>\n<\/ul>\n\n\n\n<hr class=\"wp-block-separator has-alpha-channel-opacity\"\/>\n\n\n\n<h2 class=\"wp-block-heading\">Mercato di Pirano<\/h2>\n\n\n\n<ul class=\"wp-block-list\">\n<li>luned\u00ec\u2013sabato: 7.00\u201313.00<\/li>\n<\/ul>\n\n\n\n<hr class=\"wp-block-separator has-alpha-channel-opacity\"\/>\n\n\n\n<h2 class=\"wp-block-heading\">Unit\u00e0 traffico<\/h2>\n\n\n\n<h3 class=\"wp-block-heading\">Rilascio delle tessere di abbonamento (Pirano e autosilo Arze \u2013 ufficio in Via Dante):<\/h3>\n\n\n\n<ul class=\"wp-block-list\">\n<li>luned\u00ec: 8.00\u201313.00<\/li>\n\n\n\n<li>mercoled\u00ec: 8.00\u201312.00 e 13.00\u201317.00<\/li>\n\n\n\n<li>venerd\u00ec: 8.00\u201313.00<br>Pausa: 10.00\u201310.30, il mercoled\u00ec anche 12.00\u201313.00<\/li>\n<\/ul>\n","protected":false},"excerpt":{"rendered":"<p>Amministrazione Orario per i clienti: Cassa Cassa automatica: Ufficio cassa: Unit\u00e0 per la nettezza urbana Rimozione dei rifiuti con meccanizzazione: Vendita e distribuzione dei sacchetti (Savudrijska ulica 13, Pirano): Centro raccolta \u2013 discarica di rifiuti non pericolosi Dragogna Consegna di rifiuti ingombranti dei nuclei domestici: Consegna dei rifiuti pericolosi dei nuclei domestici: Unit\u00e0 cimiteriale Orario [&hellip;]<\/p>\n","protected":false},"author":2,"featured_media":0,"parent":10389,"menu_order":5,"comment_status":"closed","ping_status":"closed","template":"template-page\/pg-childpage.php","meta":{"_acf_changed":false,"footnotes":""},"class_list":["post-10886","page","type-page","status-publish","hentry"],"acf":[],"_links":{"self":[{"href":"https:\/\/okoljepiran.si\/it\/wp-json\/wp\/v2\/pages\/10886","targetHints":{"allow":["GET"]}}],"collection":[{"href":"https:\/\/okoljepiran.si\/it\/wp-json\/wp\/v2\/pages"}],"about":[{"href":"https:\/\/okoljepiran.si\/it\/wp-json\/wp\/v2\/types\/page"}],"author":[{"embeddable":true,"href":"https:\/\/okoljepiran.si\/it\/wp-json\/wp\/v2\/users\/2"}],"replies":[{"embeddable":true,"href":"https:\/\/okoljepiran.si\/it\/wp-json\/wp\/v2\/comments?post=10886"}],"version-history":[{"count":4,"href":"https:\/\/okoljepiran.si\/it\/wp-json\/wp\/v2\/pages\/10886\/revisions"}],"predecessor-version":[{"id":25870,"href":"https:\/\/okoljepiran.si\/it\/wp-json\/wp\/v2\/pages\/10886\/revisions\/25870"}],"up":[{"embeddable":true,"href":"https:\/\/okoljepiran.si\/it\/wp-json\/wp\/v2\/pages\/10389"}],"wp:attachment":[{"href":"https:\/\/okoljepiran.si\/it\/wp-json\/wp\/v2\/media?parent=10886"}],"curies":[{"name":"wp","href":"https:\/\/api.w.org\/{rel}","templated":true}]}}