{"id":10398,"date":"2024-06-17T14:30:52","date_gmt":"2024-06-17T12:30:52","guid":{"rendered":"http:\/\/okoljepiran.razvija.se\/kontakti\/"},"modified":"2025-11-11T14:56:46","modified_gmt":"2025-11-11T13:56:46","slug":"contatti","status":"publish","type":"page","link":"https:\/\/okoljepiran.si\/it\/contatti\/","title":{"rendered":"Contatti"},"content":{"rendered":"\n<h2 class=\"wp-block-heading\">Centralino e segreteria dell&#8217;amministrazione<\/h2>\n\n\n\n<div class=\"wp-block-group\">\n<p class=\"mt-2\"><\/p>\n\n\n<div class=\"gb-container gb-container-cdd9b620 layout-grid-4 contact-grid col-10\">\n<div class=\"gb-container gb-container-c4e8d70a\">\n\n<h3 class=\"wp-block-heading m-0\">Centralino<\/h3>\n\n\n\n<p class=\"mt-2\"><a href=\"mailto:sandra.loboda@okoljepiran.si\">info@okoljepiran.si<\/a><br><a href=\"tel:05 617 50 00\">05 61 750 00<\/a><\/p>\n\n<\/div>\n\n<div class=\"gb-container gb-container-63460522\">\n\n<h3 class=\"wp-block-heading m-0\">Segreteria della direzione aziendale<\/h3>\n\n\n\n<p><strong>Sara Klavs<\/strong><\/p>\n\n\n\n<p><a href=\"mailto:sandra.loboda@okoljepiran.si\">info@okoljepiran.si<\/a><br><a href=\"tel:05 617 50 11\">05 617 50 11<\/a><\/p>\n\n<\/div>\n<\/div><\/div>\n\n\n\n<h2 class=\"wp-block-heading\">Settore dei servizi pubblici<\/h2>\n\n\n\n<div class=\"wp-block-group\">\n<p class=\"mt-2\"><\/p>\n\n\n<div class=\"gb-container gb-container-974ac10a layout-grid-4 contact-grid col-10\">\n<div class=\"gb-container gb-container-7672ed21\">\n\n<p class=\"m-0\"><strong>Sandra Martin\u010di\u0107 Loboda<\/strong><br>Responsabile del settore dei servizi pubblici<\/p>\n\n<\/div>\n\n<div class=\"gb-container gb-container-764a5907\">\n\n<p class=\"m-0\"><strong>D\u017eevida Sivi\u0107<br><\/strong>Referente settore servizi pubblici<\/p>\n\n\n\n<p><a href=\"mailto:vida.sivic@okoljepiran.si\">vida.sivic@okoljepiran.si<\/a><br><a href=\"tel:05 617 50 40\">05 617 50 40<\/a><\/p>\n\n<\/div>\n<\/div><\/div>\n\n\n<div class=\"gb-container gb-container-794d5766 layout-grid-4 contact-grid col-10\">\n<div class=\"gb-container gb-container-ecca1ade\">\n<div class=\"gb-container gb-container-26ffc84d\">\n\n<h3 class=\"wp-block-heading m-0\">Raccolta dei rifiuti e pulizia delle aree pubbliche<\/h3>\n\n\n\n<p><strong>Mojca Pe\u010dar<br><\/strong>Responsabile unit\u00e0 gestione rifiuti<\/p>\n\n\n\n<p><a href=\"mailto:mojca.pecar@okoljepiran.si\">mojca.pecar@okoljepiran.si<\/a><br><a href=\"tel:05 617 50 42\">05 617 50 42<\/a><\/p>\n\n<\/div>\n<\/div>\n\n<div class=\"gb-container gb-container-6b65611b\">\n\n<h3 class=\"wp-block-heading m-0\">Raccolta dei rifiuti e pulizia delle aree pubbliche<\/h3>\n\n\n\n<p><strong>Irena Kordi\u0107<br><\/strong>Referente raccolta dei rifiuti<\/p>\n\n\n\n<p><a href=\"mailto:irena.kordic@okoljepiran.si\">irena.kordic@okoljepiran.si<\/a><br><a href=\"tel: 05 617 50 56\">05 617 50 56<\/a><\/p>\n\n<\/div>\n\n<div class=\"gb-container gb-container-486fc449\">\n<div class=\"gb-container gb-container-b881c1b1\">\n\n<h3 class=\"wp-block-heading m-0\">Centro di raccolta Dragogna<\/h3>\n\n\n\n<p class=\"mt-2\"><strong>Iago Stani\u010d<\/strong><\/p>\n\n\n\n<p><a href=\"mailto:zc.dragonja@okoljepiran.si\">zc.dragonja@okoljepiran.si<\/a><br><a href=\"te:05 617 50 90\">05 617 50 90<\/a><\/p>\n\n<\/div>\n<\/div>\n\n<div class=\"gb-container gb-container-557b1fe1\">\n\n<h3 class=\"wp-block-heading m-0\">Centro del riuso &#8220;Seconda mano&#8221;<\/h3>\n\n\n\n<p class=\"mt-2\"><a href=\"mailto:cpu@okoljepiran.si\">cpu@okoljepiran.si<\/a><\/p>\n\n<\/div>\n\n<div class=\"gb-container gb-container-3e8da14b\">\n\n<h3 class=\"wp-block-heading m-0\">Parchi<\/h3>\n\n\n\n<p class=\"mt-2\"><strong>Sanela Ivanovi\u0107<br><\/strong>Responsabile unit\u00e0 parchi<\/p>\n\n\n\n<p><a href=\"mailto:sanela.ivanovic@okoljepiran.si\">sanela.ivanovic@okoljepiran.si<\/a><br><a href=\"tel:05 617 50 87\">05 617 50 87<\/a><\/p>\n\n<\/div>\n\n<div class=\"gb-container gb-container-ce5aac98\">\n\n<h3 class=\"wp-block-heading m-0\">Servizi funebri e cimiteriali<\/h3>\n\n\n\n<p class=\"mt-2\"><strong>Aljo\u0161a Pucer<br><\/strong>Responsabile unit\u00e0 cimiteri<\/p>\n\n\n\n<p><a href=\"mailto:aljosa.pucer@okoljepiran.si\">aljosa.pucer@okoljepiran.si<\/a><br><a href=\"http:\/\/te.05 617 50 83\">05 617 50 83<\/a><\/p>\n\n<\/div>\n<\/div>\n\n\n<h2 class=\"wp-block-heading\">Settore delle infrastrutture turistiche<\/h2>\n\n\n\n<div class=\"wp-block-group\">\n<p class=\"mt-2\"><\/p>\n\n\n<div class=\"gb-container gb-container-6a62d14d layout-grid-4 contact-grid col-10\">\n<div class=\"gb-container gb-container-59eb04e9\">\n\n<p class=\"m-0\"><strong>Momir Todorovi\u0107<\/strong><br>Responsabile del settore infrastrutture turistiche<\/p>\n\n<\/div>\n\n<div class=\"gb-container gb-container-709a4b8b\">\n\n<p class=\"m-0\"><strong>Verica Vo\u017ei\u010d<br><\/strong>Referente settore infrastrutture turistiche<\/p>\n\n\n\n<p><a href=\"mailto:verica.vozic@okoljepiran.si\">verica.vozic@okoljepiran.si<\/a><br><a href=\"tel:05 617 50 50\">05 617 50 50<\/a><\/p>\n\n<\/div>\n<\/div><\/div>\n\n\n\n<p><\/p>\n\n\n<div class=\"gb-container gb-container-fa3763aa layout-grid-4 contact-grid col-10\">\n<div class=\"gb-container gb-container-98b5a249\">\n\n<h3 class=\"wp-block-heading m-0\">Trasporti e parcheggi<\/h3>\n\n\n\n<p><strong>Andreas Bombek<br><\/strong>Responsabile unit\u00e0 trasporti e parcheggi<\/p>\n\n\n\n<p class=\"mt-2\"><a href=\"mailto:andrej.bombek@okoljepiran.si\">andrej.bombek@okoljepiran.si<\/a><br><a href=\"tel:05 617 50 49\">05 617 50 49<\/a><\/p>\n\n<\/div>\n\n<div class=\"gb-container gb-container-1ce651ff\">\n\n<h3 class=\"wp-block-heading m-0\">Gestione avvisi per il mancato pagamento del parcheggio<\/h3>\n\n\n\n<p><\/p>\n\n\n\n<p class=\"mt-2\"><a href=\"mailto:obvestilo@okoljepiran.si\">obvestilo@okoljepiran.si<\/a><\/p>\n\n<\/div>\n\n<div class=\"gb-container gb-container-1996a225\">\n\n<h3 class=\"wp-block-heading m-0\">Rilascio abbonamenti al parcheggio per la citt\u00e0 di Pirano<\/h3>\n\n\n\n<p class=\"mt-2\"><strong>Ana Radojkovi\u010d Gorjup<br><\/strong>Referente per la registrazione<\/p>\n\n\n\n<p><a href=\"mailto:abonmaji@okoljepiran.si\" data-type=\"mailto\" data-id=\"mailto:abonmaji@okoljepiran.si\">abonmaji@okoljepiran.si<\/a><br><a href=\"tel:05 617 50 81\">05 617 50 81<\/a><\/p>\n\n<\/div>\n\n<div class=\"gb-container gb-container-3ac2f508\">\n\n<h3 class=\"wp-block-heading m-0\">Rilascio abbonamenti al parcheggio per S. Lucia, Portorose, Strugnano, Sezza e Fiesso<\/h3>\n\n\n\n<p class=\"mt-2\"><strong>Jasmina Dulai<br><\/strong>Referente settore infrastrutture turistiche II<\/p>\n\n\n\n<p><a href=\"mailto:jasmina.dulai@okoljepiran.si\">jasmina.dulai@okoljepiran.si<\/a><br><a href=\"tel:05 617 50 36\">05 617 50 36<\/a><\/p>\n\n<\/div>\n\n<div class=\"gb-container gb-container-c85b9e28\">\n\n<h3 class=\"wp-block-heading m-0\">Stabilimenti balneari<\/h3>\n\n\n\n<p class=\"mt-2\"><strong>Simon Mar\u0161i\u010d<\/strong><br>Responsabile unit\u00e0 stabilimenti balneari<\/p>\n\n\n\n<p><a href=\"mailto:plaza@okoljepiran.si\">plaza@okoljepiran.si<\/a><\/p>\n\n<\/div>\n\n<div class=\"gb-container gb-container-29abff18\">\n\n<h3 class=\"wp-block-heading m-0\">Porti<\/h3>\n\n\n\n<p class=\"mt-2\"><strong>Jaka Drenik<\/strong><br>Responsabile unit\u00e0 porti<\/p>\n\n\n\n<p><a href=\"mailto:jaka.drenik@okoljepiran.si\">jaka.drenik@okoljepiran.si<\/a><br><a href=\"tel:05 617 50 82\">05 617 50 82<\/a><\/p>\n\n<\/div>\n\n<div class=\"gb-container gb-container-80b0bfde\">\n\n<h3 class=\"wp-block-heading m-0\">Mercati<\/h3>\n\n\n\n<p class=\"mt-2\"><strong>Mirsad Mujanovi\u0107<\/strong><br>Gestore dei mercati<\/p>\n\n\n\n<p><a href=\"mailto:mirsad.mujanovic@okoljepiran.si\">mirsad.mujanovic@okoljepiran.si<\/a><br><a href=\"tel:05 617 50 76\">05 617 50 76<\/a><\/p>\n\n<\/div>\n\n<div class=\"gb-container gb-container-76deb1ef\">\n\n<h3 class=\"wp-block-heading m-0\">Servizi di consegna &#8211; trasporti su richiesta<\/h3>\n\n\n\n<p class=\"mt-2\"><strong>Maestro &amp; Dostavko<\/strong><br><br><a href=\"tel:031 288 574\">031 288 574 <\/a><\/p>\n\n\n\n<p class=\"mt-2\"><a href=\"tel:031 391 992\">031 391 992<\/a><\/p>\n\n<\/div>\n<\/div>\n\n\n<h2 class=\"wp-block-heading\">Settore impianto di depurazione centrale e canalizzazione fognaria<\/h2>\n\n\n\n<div class=\"wp-block-group\">\n<p class=\"mt-2\"><\/p>\n\n\n<div class=\"gb-container gb-container-37be6207 layout-grid-4 contact-grid col-10\">\n<div class=\"gb-container gb-container-06d6c816\">\n\n<p class=\"m-0\"><strong>Marko Lokas<br><\/strong>Responsabile del settore impianto di depurazione centrale e canalizzazione fognaria<\/p>\n\n\n\n<p><a href=\"mailto:marko.lokas@okoljepiran.si\">marko.lokas@okoljepiran.si<\/a><br><a href=\"tel:05 617 50 58\">05 617 50 58<\/a><\/p>\n\n<\/div>\n<\/div><\/div>\n\n\n\n<p><\/p>\n\n\n<div class=\"gb-container gb-container-4c07317d layout-grid-4 contact-grid col-10\">\n<div class=\"gb-container gb-container-782782b0\">\n\n<h3 class=\"wp-block-heading m-0\">Svuotamento fosse biologiche, fanghi e PID<\/h3>\n\n\n\n<p><strong>Marija Viler<br><\/strong>Referente settore impianto di depurazione centrale e canalizzazione fognaria<\/p>\n\n\n\n<p class=\"mt-2\"><a href=\"mailto:marija.viler@okoljepiran.si\">marija.viler@okoljepiran.si<\/a><br><a href=\"tel:05 617 50 30\">05 617 50 30<\/a><\/p>\n\n<\/div>\n\n<div class=\"gb-container gb-container-a227d393\">\n\n<h3 class=\"wp-block-heading m-0\">Trattamento delle acque reflue<\/h3>\n\n\n\n<p class=\"mt-2\"><strong>Danijela Kleva \u0160vagelj<br><\/strong>Tecnologa all&#8217;impianto di depurazione<\/p>\n\n\n\n<p><a href=\"mailto:danijela.svagelj@okoljepiran.si\">danijela.svagelj@okoljepiran.si<\/a><br><a href=\"tel:05 617 50 59\">05 617 50 59<\/a><\/p>\n\n<\/div>\n\n<div class=\"gb-container gb-container-d34d7899\">\n\n<h3 class=\"wp-block-heading m-0\">Perdite, danni, pulizia fognature e ispezioni con telecamera<\/h3>\n\n\n\n<p class=\"mt-2\"><strong>Bo\u0161tjan Klobas<br><\/strong>Caposquadra sistema di canalizzazione fognaria<\/p>\n\n\n\n<p><a href=\"mailto:bostjan.klobas@okoljepiran.si\">bostjan.klobas@okoljepiran.si<\/a><br><a href=\"tel:031 778 895\">031 778 895<\/a><\/p>\n\n<\/div>\n\n<div class=\"gb-container gb-container-f6c7bbeb\">\n\n<h3 class=\"wp-block-heading m-0\">Guasti agli impianti di depurazione e stazioni di pompaggio<\/h3>\n\n\n\n<p class=\"mt-2\"><strong>Bojan \u010cehovin<br><\/strong>Caposquadra impianti di depurazione e stazioni di pompaggio<\/p>\n\n\n\n<p><a href=\"mailto:bojan.cehovin@okoljepiran.si\">bojan.cehovin@okoljepiran.si<\/a><br><a href=\"tel:041 312 104\">041 312 104<\/a><\/p>\n\n<\/div>\n<\/div>\n\n\n<h2 class=\"wp-block-heading\">Settore tecnico e investimenti<\/h2>\n\n\n\n<div class=\"wp-block-group\">\n<p class=\"mt-2\"><\/p>\n\n\n<div class=\"gb-container gb-container-eb572b9f layout-grid-4 contact-grid col-10\">\n<div class=\"gb-container gb-container-40d33737\">\n\n<p class=\"m-0\"><strong>Jernej Volk<br><\/strong>Responsabile del settore tecnico e investimenti<\/p>\n\n<\/div>\n\n<div class=\"gb-container gb-container-1da13769\">\n\n<p class=\"m-0\"><strong>Natalija Medved<br><\/strong>Referente settore tecnico e investimenti<\/p>\n\n\n\n<p><a href=\"mailto:natalija.medved@okoljepiran.si\">natalija.medved@okoljepiran.si<\/a><br><a href=\"tel:05 617 50 28\">05 617 50 28<\/a><\/p>\n\n<\/div>\n<\/div><\/div>\n\n\n\n<p><\/p>\n\n\n<div class=\"gb-container gb-container-d51c2eee layout-grid-4 contact-grid col-10\">\n<div class=\"gb-container gb-container-01112b8c\">\n\n<h3 class=\"wp-block-heading m-0\">Autorizzazioni, pareri e catasto<\/h3>\n\n\n\n<p><strong>Ernest Bro\u017ei\u010d<br><\/strong>Responsabile del servizio per le autorizzazioni e il catasto<\/p>\n\n\n\n<p class=\"mt-2\"><a href=\"mailto:sluzba.kataster@okoljepiran.si\" data-type=\"mailto\" data-id=\"mailto:sluzba.kataster@okoljepiran.si\">sluzba.kataster@okoljepiran.si<\/a><br><a href=\"tel:05 617 50 39\">05 617 50 39<\/a><\/p>\n\n<\/div>\n<\/div>\n\n\n<h2 class=\"wp-block-heading\">Settore finanze e contabilit\u00e0<\/h2>\n\n\n\n<div class=\"wp-block-group\">\n<p class=\"mt-2\"><\/p>\n\n\n<div class=\"gb-container gb-container-7ab538a0 layout-grid-4 contact-grid col-10\">\n<div class=\"gb-container gb-container-48003ebb\">\n\n<p class=\"m-0\"><strong>Mateja Vidnar Stiplo\u0161ek<br><\/strong>Responsabile del settore finanze e contabilit\u00e0<\/p>\n\n<\/div>\n\n<div class=\"gb-container gb-container-c33bc4b7\">\n\n<p class=\"m-0\"><strong>Blanka Vuga<br><\/strong>Referente settore finanze e contabilit\u00e0<\/p>\n\n\n\n<p><a href=\"mailto:blanka.vuga@okoljepiran.si\">blanka.vuga@okoljepiran.si<\/a><br><a href=\"tel:05 617 50 20\">05 617 50 20<\/a><\/p>\n\n<\/div>\n<\/div><\/div>\n\n\n\n<p><\/p>\n\n\n<div class=\"gb-container gb-container-979a021d layout-grid-4 contact-grid col-10\">\n<div class=\"gb-container gb-container-427442ef\">\n\n<h3 class=\"wp-block-heading m-0\">Tassa sui rifiuti &#8211; persone fisiche<\/h3>\n\n\n\n<p class=\"m-0\"><strong>Tea Maru\u0161ko<br><\/strong>Referente acquirenti<\/p>\n\n\n\n<p class=\"mt-2\"><a href=\"mailto:tea.marusko@okoljepiran.si\">tea.marusko@okoljepiran.si<\/a><br><a href=\"tel:05 617 50 16\">05 617 50 16<\/a><\/p>\n\n<\/div>\n\n<div class=\"gb-container gb-container-928a290e\">\n\n<h3 class=\"wp-block-heading m-0\">Cassa<\/h3>\n\n\n\n<p><strong>Ana Sever<br><\/strong>Cassiera<\/p>\n\n\n\n<p class=\"mt-2\"><a href=\"mailto:ana.sever@okoljepiran.si\">ana.sever@okoljepiran.si<\/a><br><a href=\"tel:05 617 50 29\">05 617 50 29<\/a><\/p>\n\n<\/div>\n<\/div>\n\n\n<p><\/p>\n\n\n\n<h2 class=\"wp-block-heading\">Settore affari generali, legali e risorse umane<\/h2>\n\n\n\n<div class=\"wp-block-group\">\n<p class=\"mt-2\"><\/p>\n\n\n<div class=\"gb-container gb-container-e591f628 layout-grid-4 contact-grid col-10\">\n<div class=\"gb-container gb-container-b986ecf2\">\n\n<p class=\"m-0\"><strong>Neboj\u0161a Kova\u010di\u010d<br><\/strong>Responsabile settore affari generali, legali e risorse umane<\/p>\n\n<\/div>\n<\/div><\/div>\n\n\n\n<p><\/p>\n\n\n<div class=\"gb-container gb-container-3a6c7532 layout-grid-4 contact-grid col-10\">\n<div class=\"gb-container gb-container-5e03501a\">\n\n<h4 class=\"wp-block-heading m-0\">Autorizzazioni per l&#8217;uso di spazi pubblici, danni e questioni legali<\/h4>\n\n\n\n<p><strong>Emil Mihali\u010d<br><\/strong>Collaboratore esperto gestione reclami e controllo<\/p>\n\n\n\n<p class=\"mt-2\"><a href=\"mailto:emil.mihalic@okoljepiran.si\">emil.mihalic@okoljepiran.si<\/a><br><a href=\"tel:05 617 50 31\">05 617 50 31<\/a><\/p>\n\n<\/div>\n\n<div class=\"gb-container gb-container-e9cce5cf\">\n\n<h4 class=\"wp-block-heading m-0\">Ufficio relazioni pubbliche<\/h4>\n\n\n\n<p><strong>Jana Pines<\/strong><br>Collaboratrice esperta addetta alle pubbliche relazioni<\/p>\n\n\n\n<p class=\"mt-2\"><a href=\"mailto:jana.pines@okoljepiran.si\">jana.pines@okoljepiran.si<\/a><br><a href=\"tel:05 617 50 62\">05 617 50 62<\/a><\/p>\n\n<\/div>\n\n<div class=\"gb-container gb-container-1df080b7\">\n\n<h3 class=\"wp-block-heading m-0\">Recupero crediti<\/h3>\n\n\n\n<p><strong>Veronika Pahor<\/strong><br>Collaboratrice esperta recupero crediti<\/p>\n\n\n\n<p class=\"mt-2\"><a href=\"mailto:veronika.pahor@okoljepiran.si\">veronika.pahor@okoljepiran.si<\/a><br><a href=\"tel:05 617 50 19\">05 617 50 19<\/a><\/p>\n\n<\/div>\n\n<div class=\"gb-container gb-container-41014df8\">\n\n<h3 class=\"wp-block-heading m-0\">Risorse umane<\/h3>\n\n\n\n<p><strong>Sendi Bol\u010dina<br><\/strong>Addetta risorse umane<\/p>\n\n\n\n<p class=\"mt-2\"><a href=\"mailto:sendi.bolcina@okoljepiran.si\">sendi.bolcina@okoljepiran.si<\/a><br><a href=\"tel:05 617 50 41\">05 617 50 41<\/a><\/p>\n\n<\/div>\n\n<div class=\"gb-container gb-container-81ecb082\">\n\n<h3 class=\"wp-block-heading m-0\">Protezione dei dati personali<\/h3>\n\n\n\n<p><strong>Rok Ziherl<br><\/strong>Amministratore base dati personali<\/p>\n\n\n\n<p class=\"mt-2\"><a href=\"mailto:rok.ziherl@okoljepiran.si\">rok.ziherl@okoljepiran.si<\/a><br><a href=\"tel:05 617 50 64\">05 617 50 64<\/a><\/p>\n\n<\/div>\n<\/div>\n\n\n<p><\/p>\n","protected":false},"excerpt":{"rendered":"<p>In questa pagina troverete tutte le informazioni essenziali per stabilire un contatto, contribuendo cos\u00ec a una comunicazione efficace e al supporto dei cittadini.<\/p>\n","protected":false},"author":1,"featured_media":0,"parent":0,"menu_order":0,"comment_status":"closed","ping_status":"closed","template":"","meta":{"_acf_changed":false,"footnotes":""},"class_list":["post-10398","page","type-page","status-publish","hentry"],"acf":[],"_links":{"self":[{"href":"https:\/\/okoljepiran.si\/it\/wp-json\/wp\/v2\/pages\/10398","targetHints":{"allow":["GET"]}}],"collection":[{"href":"https:\/\/okoljepiran.si\/it\/wp-json\/wp\/v2\/pages"}],"about":[{"href":"https:\/\/okoljepiran.si\/it\/wp-json\/wp\/v2\/types\/page"}],"author":[{"embeddable":true,"href":"https:\/\/okoljepiran.si\/it\/wp-json\/wp\/v2\/users\/1"}],"replies":[{"embeddable":true,"href":"https:\/\/okoljepiran.si\/it\/wp-json\/wp\/v2\/comments?post=10398"}],"version-history":[{"count":19,"href":"https:\/\/okoljepiran.si\/it\/wp-json\/wp\/v2\/pages\/10398\/revisions"}],"predecessor-version":[{"id":25138,"href":"https:\/\/okoljepiran.si\/it\/wp-json\/wp\/v2\/pages\/10398\/revisions\/25138"}],"wp:attachment":[{"href":"https:\/\/okoljepiran.si\/it\/wp-json\/wp\/v2\/media?parent=10398"}],"curies":[{"name":"wp","href":"https:\/\/api.w.org\/{rel}","templated":true}]}}