{"id":10397,"date":"2024-06-17T14:32:54","date_gmt":"2024-06-17T12:32:54","guid":{"rendered":"http:\/\/okoljepiran.razvija.se\/aktualno\/"},"modified":"2025-09-02T11:49:26","modified_gmt":"2025-09-02T09:49:26","slug":"attualita","status":"publish","type":"page","link":"https:\/\/okoljepiran.si\/it\/attualita\/","title":{"rendered":"Attualit\u00e0"},"content":{"rendered":"\r\n    <div class=\"d-flex gap-3 gap-md-4 mt-6 mt-md-0\">\r\n        <h3>Ultime notizie e avvisi<\/h3>\r\n        <a class=\"fw-medium align-self-end\" href=\"https:\/\/okoljepiran.si\/it\/attualita\/arhiv-novic\/\">\r\n            Vedi tutto        <\/a>\r\n    <\/div>\r\n\r\n    <div class=\"layout-grid-4 mt-4\">\r\n                    \r\n\r\n<article class=\"content-post position-relative rounded-2 d-flex flex-column flex-md-row border border-light post-25854 post type-post status-publish format-standard has-post-thumbnail hentry category-notizie\">\r\n\r\n\t<a href=\"https:\/\/okoljepiran.si\/it\/sospesa-lemissione-di-nuovi-abbonamenti-per-fornace-e-pirano\/\" class=\"w-100 h-100 position-absolute\" style=\"inset: 0; z-index: 1;\">\r\n\t<\/a>\r\n\t\r\n\t\t\t<div class=\"feat-image position-relative\" style=\"background:url('https:\/\/okoljepiran.si\/wp-content\/uploads\/2026\/04\/Piran_zapornica_abonmaji-768x556.jpg') center\/cover no-repeat; margin: -1px\" >\r\n\t\t<\/div>\r\n\t\r\n\t<div class=\"d-flex flex-column p-2 w-50\">\r\n\r\n\t\t<p class=\"post-date fw-medium fs-4 bg-primary-subtle rounded-1 fit-content\">03.04.2026<\/p>\r\n\t\t<h4 class=\"mt-2 mb-4\">Sospesa l&#8217;emissione di nuovi abbonamenti per Fornace e Pirano<\/h4>\r\n\r\n\t\t<a class=\"d-inline-flex mt-auto mb-1 text-body fw-medium tdu\" href=\"https:\/\/okoljepiran.si\/it\/sospesa-lemissione-di-nuovi-abbonamenti-per-fornace-e-pirano\/\">Leggi di pi\u00f9<\/a>\r\n\t<\/div>\r\n\r\n<\/article>                    \r\n\r\n<article class=\"content-post position-relative rounded-2 d-flex flex-column flex-md-row border border-light post-25781 post type-post status-publish format-standard has-post-thumbnail hentry category-notizie\">\r\n\r\n\t<a href=\"https:\/\/okoljepiran.si\/it\/dal-4-aprile-chiusura-stagionale-del-traffico-sulla-punta\/\" class=\"w-100 h-100 position-absolute\" style=\"inset: 0; z-index: 1;\">\r\n\t<\/a>\r\n\t\r\n\t\t\t<div class=\"feat-image position-relative\" style=\"background:url('https:\/\/okoljepiran.si\/wp-content\/uploads\/2025\/08\/Zapornica_Punta_Piran-scaled-4-768x575.jpg') center\/cover no-repeat; margin: -1px\" >\r\n\t\t<\/div>\r\n\t\r\n\t<div class=\"d-flex flex-column p-2 w-50\">\r\n\r\n\t\t<p class=\"post-date fw-medium fs-4 bg-primary-subtle rounded-1 fit-content\">30.03.2026<\/p>\r\n\t\t<h4 class=\"mt-2 mb-4\">Dal 4 aprile chiusura stagionale del traffico sulla Punta<\/h4>\r\n\r\n\t\t<a class=\"d-inline-flex mt-auto mb-1 text-body fw-medium tdu\" href=\"https:\/\/okoljepiran.si\/it\/dal-4-aprile-chiusura-stagionale-del-traffico-sulla-punta\/\">Leggi di pi\u00f9<\/a>\r\n\t<\/div>\r\n\r\n<\/article>                    \r\n\r\n<article class=\"content-post position-relative rounded-2 d-flex flex-column flex-md-row border border-light post-25680 post type-post status-publish format-standard has-post-thumbnail hentry category-notizie\">\r\n\r\n\t<a href=\"https:\/\/okoljepiran.si\/it\/ristrutturazione-della-chiesa-cimiteriale-dei-santi-ermacora-e-fortunato-nella-fase-conclusiva\/\" class=\"w-100 h-100 position-absolute\" style=\"inset: 0; z-index: 1;\">\r\n\t<\/a>\r\n\t\r\n\t\t\t<div class=\"feat-image position-relative\" style=\"background:url('https:\/\/okoljepiran.si\/wp-content\/uploads\/2026\/03\/Obnova-kapela-pokopalisce-1-768x1024.jpeg') center\/cover no-repeat; margin: -1px\" >\r\n\t\t<\/div>\r\n\t\r\n\t<div class=\"d-flex flex-column p-2 w-50\">\r\n\r\n\t\t<p class=\"post-date fw-medium fs-4 bg-primary-subtle rounded-1 fit-content\">03.03.2026<\/p>\r\n\t\t<h4 class=\"mt-2 mb-4\">Ristrutturazione della chiesa cimiteriale dei Santi Ermacora e Fortunato nella fase conclusiva<\/h4>\r\n\r\n\t\t<a class=\"d-inline-flex mt-auto mb-1 text-body fw-medium tdu\" href=\"https:\/\/okoljepiran.si\/it\/ristrutturazione-della-chiesa-cimiteriale-dei-santi-ermacora-e-fortunato-nella-fase-conclusiva\/\">Leggi di pi\u00f9<\/a>\r\n\t<\/div>\r\n\r\n<\/article>                    \r\n\r\n<article class=\"content-post position-relative rounded-2 d-flex flex-column flex-md-row border border-light post-25670 post type-post status-publish format-standard has-post-thumbnail hentry category-notizie\">\r\n\r\n\t<a href=\"https:\/\/okoljepiran.si\/it\/raccolta-differenziata-primaverile-degli-sfalci-verdi\/\" class=\"w-100 h-100 position-absolute\" style=\"inset: 0; z-index: 1;\">\r\n\t<\/a>\r\n\t\r\n\t\t\t<div class=\"feat-image position-relative\" style=\"background:url('https:\/\/okoljepiran.si\/wp-content\/uploads\/2025\/08\/Akcija_zeleni_rez-3-768x576.jpg') center\/cover no-repeat; margin: -1px\" >\r\n\t\t<\/div>\r\n\t\r\n\t<div class=\"d-flex flex-column p-2 w-50\">\r\n\r\n\t\t<p class=\"post-date fw-medium fs-4 bg-primary-subtle rounded-1 fit-content\">01.03.2026<\/p>\r\n\t\t<h4 class=\"mt-2 mb-4\">Raccolta differenziata primaverile degli sfalci verdi<\/h4>\r\n\r\n\t\t<a class=\"d-inline-flex mt-auto mb-1 text-body fw-medium tdu\" href=\"https:\/\/okoljepiran.si\/it\/raccolta-differenziata-primaverile-degli-sfalci-verdi\/\">Leggi di pi\u00f9<\/a>\r\n\t<\/div>\r\n\r\n<\/article>                    \r\n\r\n<article class=\"content-post position-relative rounded-2 d-flex flex-column flex-md-row border border-light post-25662 post type-post status-publish format-standard has-post-thumbnail hentry category-notizie\">\r\n\r\n\t<a href=\"https:\/\/okoljepiran.si\/it\/rinnovo-dellasse-verde-di-portorose\/\" class=\"w-100 h-100 position-absolute\" style=\"inset: 0; z-index: 1;\">\r\n\t<\/a>\r\n\t\r\n\t\t\t<div class=\"feat-image position-relative\" style=\"background:url('https:\/\/okoljepiran.si\/wp-content\/uploads\/2026\/02\/Pasovnica_prenova_Portoroz\u030c_2-768x576.jpg') center\/cover no-repeat; margin: -1px\" >\r\n\t\t<\/div>\r\n\t\r\n\t<div class=\"d-flex flex-column p-2 w-50\">\r\n\r\n\t\t<p class=\"post-date fw-medium fs-4 bg-primary-subtle rounded-1 fit-content\">27.02.2026<\/p>\r\n\t\t<h4 class=\"mt-2 mb-4\">Rinnovo dell\u2019asse verde di Portorose<\/h4>\r\n\r\n\t\t<a class=\"d-inline-flex mt-auto mb-1 text-body fw-medium tdu\" href=\"https:\/\/okoljepiran.si\/it\/rinnovo-dellasse-verde-di-portorose\/\">Leggi di pi\u00f9<\/a>\r\n\t<\/div>\r\n\r\n<\/article>                    \r\n\r\n<article class=\"content-post position-relative rounded-2 d-flex flex-column flex-md-row border border-light post-25647 post type-post status-publish format-standard has-post-thumbnail hentry category-notizie\">\r\n\r\n\t<a href=\"https:\/\/okoljepiran.si\/it\/invito-alla-sistemazione-della-vegetazione-lungo-le-aree-stradali-pubbliche\/\" class=\"w-100 h-100 position-absolute\" style=\"inset: 0; z-index: 1;\">\r\n\t<\/a>\r\n\t\r\n\t\t\t<div class=\"feat-image position-relative\" style=\"background:url('https:\/\/okoljepiran.si\/wp-content\/uploads\/2026\/02\/Vegetacija_Okolje_3-768x1024.jpg') center\/cover no-repeat; margin: -1px\" >\r\n\t\t<\/div>\r\n\t\r\n\t<div class=\"d-flex flex-column p-2 w-50\">\r\n\r\n\t\t<p class=\"post-date fw-medium fs-4 bg-primary-subtle rounded-1 fit-content\">23.02.2026<\/p>\r\n\t\t<h4 class=\"mt-2 mb-4\">Invito alla sistemazione della vegetazione lungo le aree stradali pubbliche<\/h4>\r\n\r\n\t\t<a class=\"d-inline-flex mt-auto mb-1 text-body fw-medium tdu\" href=\"https:\/\/okoljepiran.si\/it\/invito-alla-sistemazione-della-vegetazione-lungo-le-aree-stradali-pubbliche\/\">Leggi di pi\u00f9<\/a>\r\n\t<\/div>\r\n\r\n<\/article>                    \r\n\r\n<article class=\"content-post position-relative rounded-2 d-flex flex-column flex-md-row border border-light post-25599 post type-post status-publish format-standard has-post-thumbnail hentry category-notizie\">\r\n\r\n\t<a href=\"https:\/\/okoljepiran.si\/it\/giornata-della-cultura-a-portorose\/\" class=\"w-100 h-100 position-absolute\" style=\"inset: 0; z-index: 1;\">\r\n\t<\/a>\r\n\t\r\n\t\t\t<div class=\"feat-image position-relative\" style=\"background:url('https:\/\/okoljepiran.si\/wp-content\/uploads\/2026\/02\/Izmenjava_knjig_2026-768x576.jpg') center\/cover no-repeat; margin: -1px\" >\r\n\t\t<\/div>\r\n\t\r\n\t<div class=\"d-flex flex-column p-2 w-50\">\r\n\r\n\t\t<p class=\"post-date fw-medium fs-4 bg-primary-subtle rounded-1 fit-content\">11.02.2026<\/p>\r\n\t\t<h4 class=\"mt-2 mb-4\">Giornata della cultura a Portorose<\/h4>\r\n\r\n\t\t<a class=\"d-inline-flex mt-auto mb-1 text-body fw-medium tdu\" href=\"https:\/\/okoljepiran.si\/it\/giornata-della-cultura-a-portorose\/\">Leggi di pi\u00f9<\/a>\r\n\t<\/div>\r\n\r\n<\/article>                    \r\n\r\n<article class=\"content-post position-relative rounded-2 d-flex flex-column flex-md-row border border-light post-25544 post type-post status-publish format-standard has-post-thumbnail hentry category-notizie\">\r\n\r\n\t<a href=\"https:\/\/okoljepiran.si\/it\/laboratorio-seminario-perche-scegliere-le-rose-adr-per-il-vostro-giardino\/\" class=\"w-100 h-100 position-absolute\" style=\"inset: 0; z-index: 1;\">\r\n\t<\/a>\r\n\t\r\n\t\t\t<div class=\"feat-image position-relative\" style=\"background:url('https:\/\/okoljepiran.si\/wp-content\/uploads\/2026\/02\/Obrezovanje_vrtnic_2026_FB_event_LOGO-768x432.jpg') center\/cover no-repeat; margin: -1px\" >\r\n\t\t<\/div>\r\n\t\r\n\t<div class=\"d-flex flex-column p-2 w-50\">\r\n\r\n\t\t<p class=\"post-date fw-medium fs-4 bg-primary-subtle rounded-1 fit-content\">03.02.2026<\/p>\r\n\t\t<h4 class=\"mt-2 mb-4\">Laboratorio + seminario: Perch\u00e9 scegliere le rose ADR per il vostro giardino<\/h4>\r\n\r\n\t\t<a class=\"d-inline-flex mt-auto mb-1 text-body fw-medium tdu\" href=\"https:\/\/okoljepiran.si\/it\/laboratorio-seminario-perche-scegliere-le-rose-adr-per-il-vostro-giardino\/\">Leggi di pi\u00f9<\/a>\r\n\t<\/div>\r\n\r\n<\/article>            <\/div>\r\n\r\n    \n\n\n\n","protected":false},"excerpt":{"rendered":"<p>Novit\u00e0, avvisi, bandi, eventi, progetti in corso e orari dei funerali connettono la comunit\u00e0, offrono opportunit\u00e0 di partecipazione e mostrano rispetto nei momenti di addio.<\/p>\n","protected":false},"author":1,"featured_media":9776,"parent":0,"menu_order":0,"comment_status":"closed","ping_status":"closed","template":"","meta":{"_acf_changed":false,"footnotes":""},"class_list":["post-10397","page","type-page","status-publish","has-post-thumbnail","hentry"],"acf":[],"_links":{"self":[{"href":"https:\/\/okoljepiran.si\/it\/wp-json\/wp\/v2\/pages\/10397","targetHints":{"allow":["GET"]}}],"collection":[{"href":"https:\/\/okoljepiran.si\/it\/wp-json\/wp\/v2\/pages"}],"about":[{"href":"https:\/\/okoljepiran.si\/it\/wp-json\/wp\/v2\/types\/page"}],"author":[{"embeddable":true,"href":"https:\/\/okoljepiran.si\/it\/wp-json\/wp\/v2\/users\/1"}],"replies":[{"embeddable":true,"href":"https:\/\/okoljepiran.si\/it\/wp-json\/wp\/v2\/comments?post=10397"}],"version-history":[{"count":6,"href":"https:\/\/okoljepiran.si\/it\/wp-json\/wp\/v2\/pages\/10397\/revisions"}],"predecessor-version":[{"id":24118,"href":"https:\/\/okoljepiran.si\/it\/wp-json\/wp\/v2\/pages\/10397\/revisions\/24118"}],"wp:featuredmedia":[{"embeddable":true,"href":"https:\/\/okoljepiran.si\/it\/wp-json\/wp\/v2\/media\/9776"}],"wp:attachment":[{"href":"https:\/\/okoljepiran.si\/it\/wp-json\/wp\/v2\/media?parent=10397"}],"curies":[{"name":"wp","href":"https:\/\/api.w.org\/{rel}","templated":true}]}}