{"id":10395,"date":"2024-06-20T14:48:54","date_gmt":"2024-06-20T12:48:54","guid":{"rendered":"http:\/\/okoljepiran.razvija.se\/ravnanje-z-odpadki\/"},"modified":"2025-09-02T09:07:44","modified_gmt":"2025-09-02T07:07:44","slug":"gestione-rifiuti-e-sistemazione-aree-pubbliche","status":"publish","type":"page","link":"https:\/\/okoljepiran.si\/it\/attivita\/gestione-rifiuti-e-sistemazione-aree-pubbliche\/","title":{"rendered":"Gestione rifiuti e sistemazione aree pubbliche"},"content":{"rendered":"\n<p>L&#8217;inclusione nel sistema di gestione dei rifiuti significa che \u00e8 necessario raccogliere e smaltire i rifiuti secondo i seguenti principi:<\/p>\n\n\n\n<ul class=\"wp-block-list\">\n<li><strong>Sistema porta a porta:<\/strong> la raccolta ordinaria dei rifiuti organici, rifiuti di imballaggio, rifiuti urbani misti<\/li>\n\n\n\n<li><strong>Raccolta rifiuti ingombranti:<\/strong><ul><li>organizzata secondo il sistema di cartoline per il centro storico di Pirano<\/li><\/ul>\n<ul class=\"wp-block-list\">\n<li>organizzata in base al programma della campagna di raccolta differenziata dei rifiuti ingombranti<\/li>\n<\/ul>\n<\/li>\n\n\n\n<li><strong>Isole ecologiche: <\/strong>I punti di raccolta sono destinati allo smaltimento dei rifiuti differenziati provenienti dai nuclei familiari. Sono dotati di contenitori per carta, vetro e imballaggi. In diverse localit\u00e0 sono installati anche contenitori per rifiuti urbani misti, rifiuti organici, oli alimentari esausti e, in alcuni luoghi, contenitori per rifiuti di apparecchiature elettriche ed elettroniche, nonch\u00e9 per prodotti tessili e calzature.<\/li>\n\n\n\n<li><strong>Centro di raccolta:<\/strong> Nel Centro di raccolta Dragogna sono presenti locali predisposti e appositamente attrezzati per lo smaltimento differenziato delle singole tipologie di rifiuti, dove \u00e8 possibile conferire diverse tipologie di rifiuti ingombranti, pericolosi e non pericolosi.<\/li>\n\n\n\n<li><strong>Campagna di raccolta rifiuti pericolosi: <\/strong>Effettuiamo la raccolta di rifiuti pericolosi due volte l&#8217;anno con l&#8217;aiuto di una postazione di raccolta mobile. La campagna si svolge in primavera e autunno in base al programma in precedenza pubblicato.<\/li>\n\n\n\n<li><strong>Raccolta di oggetti riutilizzabili:<\/strong> Presso il Centro di raccolta Dragogna opera il Centro del riuso \u201cSeconda mano\u201d per lo scambio di oggetti ancora utilizzabili.<\/li>\n<\/ul>\n\n\n\n<div style=\"height:50px\" aria-hidden=\"true\" class=\"wp-block-spacer\"><\/div>\n\n\n\n<figure class=\"wp-block-embed is-type-wp-embed is-provider-okolje-piran wp-block-embed-okolje-piran\"><div class=\"wp-block-embed__wrapper\">\n<blockquote class=\"wp-embedded-content\" data-secret=\"6Q5kEz1Qen\"><a href=\"https:\/\/okoljepiran.si\/it\/attivita\/gestione-rifiuti-e-sistemazione-aree-pubbliche\/gestione-rifiuti-e-sistemazione-aree-pubbliche-2\/\">Istruzioni per la raccolta differenziata nel Comune di Pirano<\/a><\/blockquote><iframe loading=\"lazy\" class=\"wp-embedded-content\" sandbox=\"allow-scripts\" security=\"restricted\" style=\"position: absolute; visibility: hidden;\" title=\"&#8220;Istruzioni per la raccolta differenziata nel Comune di Pirano&#8221; &#8212; Okolje Piran\" src=\"https:\/\/okoljepiran.si\/it\/attivita\/gestione-rifiuti-e-sistemazione-aree-pubbliche\/gestione-rifiuti-e-sistemazione-aree-pubbliche-2\/embed\/#?secret=rgkfAePXQS#?secret=6Q5kEz1Qen\" data-secret=\"6Q5kEz1Qen\" width=\"500\" height=\"282\" frameborder=\"0\" marginwidth=\"0\" marginheight=\"0\" scrolling=\"no\"><\/iframe>\n<\/div><\/figure>\n\n\n\n<h2 class=\"wp-block-heading\">Sistemazione aree pubbliche<\/h2>\n\n\n\n<p>In conformit\u00e0 con le risorse del bilancio di previsione annuale del Comune di Pirano e con il piano annuale, forniamo servizi di igiene urbana e pubblica e altri servizi:<\/p>\n\n\n\n<ul class=\"wp-block-list\">\n<li>pulizia di strade e piazze<\/li>\n\n\n\n<li>pulizia del lungomare<\/li>\n\n\n\n<li>manutenzione di fontane<\/li>\n\n\n\n<li>manutenzione di aree verdi e parchi pubblici<\/li>\n\n\n\n<li>manutenzione di vie, piazze e marciapiedi<\/li>\n\n\n\n<li>manutenzione della segnaletica stradale<\/li>\n\n\n\n<li>manutenzione di percorsi pedonali<\/li>\n\n\n\n<li>manutenzione di parchi gioco per bambini<\/li>\n\n\n\n<li>campagne di pulizia dell&#8217;ambiente<\/li>\n\n\n\n<li>servizio invernale strade locali<\/li>\n\n\n\n<li>manutenzione canalizzazione acque meteoriche<\/li>\n\n\n\n<li>manutenzione delle strade locali<\/li>\n\n\n\n<li>rimozione discariche abusive<\/li>\n\n\n\n<li>pulizia delle fermate dell&#8217;autobus<\/li>\n\n\n\n<li>esposizione delle bandiere<\/li>\n\n\n\n<li>vari lavori di intervento<\/li>\n\n\n\n<li>pulizia e manutenzione dei servizi igienici pubblici<\/li>\n<\/ul>\n\n\n\r\n            <h2>Domande frequenti<\/h2>\r\n        <div class=\"dz-accordion\">\r\n            \r\n                <div class=\"dz-accordion-item py-3 border-bottom border-3 border-light\">\r\n                    <div class=\"dz-accordion-title\">\r\n                        <p>Come posso aderire al sistema di raccolta dei rifiuti urbani?<\/p>\r\n                    <\/div>\r\n                    <div class=\"dz-accordion-content\">\r\n                        <p><!-- wp:paragraph -->\n<p>\u00c8 possibile farlo utilizzando il \"Modulo per l'adesione al sistema di raccolta dei rifiuti\". Se non avete la connessione internet, potete chiamare la nostra referente per il servizio clienti ai numeri di telefono 05 617 50 16 oppure 05 617 50 56 e vi invieremo il modulo tramite posta ordinaria. L'utente, quando inserito nel sistema di raccolta dei rifiuti, \u00e8 tenuto ad acquistare un cassonetto per i rifiuti urbani misti che l\u2019Azienda Okolje all'occorrenza ovv. in caso di danneggiamento provveder\u00e0 a sostituire gratuitamente.<\/p>\n<!-- \/wp:paragraph --><\/p>\r\n                    <\/div>\r\n                <\/div>\r\n\r\n            \r\n                <div class=\"dz-accordion-item py-3 border-bottom border-3 border-light\">\r\n                    <div class=\"dz-accordion-title\">\r\n                        <p>Come posso segnalare la modifica dei dati personali (proprietario dell\u2019abitazione, indirizzo di recapito della fattura, numero dei componenti del nucleo familiare)?<\/p>\r\n                    <\/div>\r\n                    <div class=\"dz-accordion-content\">\r\n                        <p><!-- wp:paragraph -->\n<p>Il modo pi\u00f9 rapido e semplice per segnalare le modifiche \u00e8 tramite posta elettronica al seguente indirizzo: spremembe@okoljepiran.si o alla referente per il servizio clienti al numero di telefono 05 617 50 16. Gli utenti stessi sono tenuti a segnalare tutte le modifiche e incongruenze che influiscono sullo svolgimento e sul calcolo delle prestazioni del servizio pubblico e i nuovi dati saranno presi in considerazione nel mese successivo. Siete pregati di segnalare tempestivamente le nuove circostanze appena subentrate.<\/p>\n<!-- \/wp:paragraph --><\/p>\r\n                    <\/div>\r\n                <\/div>\r\n\r\n            \r\n                <div class=\"dz-accordion-item py-3 border-bottom border-3 border-light\">\r\n                    <div class=\"dz-accordion-title\">\r\n                        <p>Dove posso trovare l&#8217;orario di raccolta dei rifiuti?<\/p>\r\n                    <\/div>\r\n                    <div class=\"dz-accordion-content\">\r\n                        <p><!-- wp:paragraph -->\n<p>\u00c8 possibile consultare l'orario di raccolta dei rifiuti sul nostro sito web.<\/p>\n<!-- \/wp:paragraph -->\n\n<!-- wp:paragraph -->\n<p><\/p>\n<!-- \/wp:paragraph --><\/p>\r\n                    <\/div>\r\n                <\/div>\r\n\r\n            \r\n                <div class=\"dz-accordion-item py-3 border-bottom border-3 border-light\">\r\n                    <div class=\"dz-accordion-title\">\r\n                        <p>Come posso ottenere o modificare il numero di cassonetti per il proprio immobile?<\/p>\r\n                    <\/div>\r\n                    <div class=\"dz-accordion-content\">\r\n                        <p><!-- wp:paragraph -->\n<p>Se si desidera modificare il volume del proprio cassonetto, ordinare un cassonetto nuovo o uno aggiuntivo oppure sostituire il cassonetto danneggiato, potete contattarci come segue:<\/p>\n<!-- \/wp:paragraph -->\n\n<!-- wp:paragraph -->\n<p><strong>N. di telefono:<\/strong>\u00a005 617 50 56<br><strong>E-mail:<\/strong><a href=\"mailto:info@okoljepiran.si\" target=\"_blank\" rel=\"noreferrer noopener\">info@okoljepiran.si<\/a><\/p>\n<!-- \/wp:paragraph -->\n\n<!-- wp:paragraph -->\n<p>Alla consegna della richiesta fornire le seguenti informazioni:<\/p>\n<!-- \/wp:paragraph -->\n\n<!-- wp:paragraph -->\n<p><strong>Tipo di modifica<\/strong>&nbsp;(modifica del volume, ordine di un cassonetto nuovo o aggiuntivo, sostituzione di un cassonetto danneggiato)<\/p>\n<!-- \/wp:paragraph -->\n\n<!-- wp:paragraph -->\n<p><strong>Tipo di cassonetto<\/strong>&nbsp;(rifiuti urbani misti, rifiuti biodegradabili...)<\/p>\n<!-- \/wp:paragraph -->\n\n<!-- wp:paragraph -->\n<p><strong>Volume desiderato<\/strong>&nbsp;(in litri)m posredujete tudi va\u0161&nbsp;naslov&nbsp;inkontaktne podatke.<\/p>\n<!-- \/wp:paragraph -->\n\n<!-- wp:paragraph -->\n<p>Per un'elaborazione pi\u00f9 rapida, siete pregati di fornirci anche il vostro indirizzo e le informazioni di contatto.<\/p>\n<!-- \/wp:paragraph --><\/p>\r\n                    <\/div>\r\n                <\/div>\r\n\r\n            \r\n                <div class=\"dz-accordion-item py-3 border-bottom border-3 border-light\">\r\n                    <div class=\"dz-accordion-title\">\r\n                        <p>Come viene calcolato il costo della gestione dei rifiuti negli edifici vuoti?<\/p>\r\n                    <\/div>\r\n                    <div class=\"dz-accordion-content\">\r\n                        <p><!-- wp:paragraph -->\n<p>Il mancato utilizzo temporaneo del fabbricato non esonera il contribuente dal pagamento del servizio (tassa smaltimento rifiuti).<\/p>\n<!-- \/wp:paragraph -->\n\n<!-- wp:paragraph -->\n<p><\/p>\n<!-- \/wp:paragraph --><\/p>\r\n                    <\/div>\r\n                <\/div>\r\n\r\n            \r\n                <div class=\"dz-accordion-item py-3 border-bottom border-3 border-light\">\r\n                    <div class=\"dz-accordion-title\">\r\n                        <p>Dove possono smaltire i rifiuti, i turisti o i residenti temporanei a Pirano?<\/p>\r\n                    <\/div>\r\n                    <div class=\"dz-accordion-content\">\r\n                        <p><!-- wp:paragraph -->\n<p>Nel centro storico di Pirano lo smaltimento dei rifiuti \u00e8 consentito secondo il seguente calendario:<\/p>\n<!-- \/wp:paragraph -->\n\n<!-- wp:list -->\n<ul class=\"wp-block-list\"><!-- wp:list-item -->\n<li><strong>Rifiuti urbani misti, imballaggi, carta e cartone<\/strong>\u00a0si smaltiscono negli appositi sacchi davanti alla porta dell\u2019alloggio:<\/li>\n<!-- \/wp:list-item -->\n\n<!-- wp:list-item -->\n<li><strong>Periodo estivo (1. 5. \u2013 30. 9.):<\/strong>\u00a0tra le\u00a0<strong>22:00 <\/strong>e le<strong> 7:00<\/strong><\/li>\n<!-- \/wp:list-item -->\n\n<!-- wp:list-item -->\n<li><strong>Periodo invernale (1. 10. \u2013 30. 4.):<\/strong>\u00a0tra le\u00a0<strong>21.00 <\/strong>e le<strong> 7:00<\/strong><\/li>\n<!-- \/wp:list-item --><\/ul>\n<!-- \/wp:list -->\n\n<!-- wp:paragraph -->\n<p><strong>Rifiuti biodegradabili (di cucina) <\/strong>si devono smaltire nel <strong>contenitore marrone o nel sacchetto biodegradabile ben chiuso<\/strong>:<\/p>\n<!-- \/wp:paragraph -->\n\n<!-- wp:list -->\n<ul class=\"wp-block-list\"><!-- wp:list-item -->\n<li><strong>Periodo estivo:<\/strong>\u00a0tra le\u00a0<strong>18.00 <\/strong>e le<strong> 20:00<\/strong><\/li>\n<!-- \/wp:list-item -->\n\n<!-- wp:list-item -->\n<li><strong>Periodo invernale:<\/strong>\u00a0tra le\u00a0<strong>18.00 <\/strong>e le<strong> 20:00<\/strong>,\u00a0<strong>la domenica lo smaltimento non \u00e8 consentito.<\/strong><\/li>\n<!-- \/wp:list-item --><\/ul>\n<!-- \/wp:list -->\n\n<!-- wp:paragraph -->\n<p>Se non vi \u00e8 possibile rispettare gli orari stabiliti, \u00e8 possibile conferire i rifiuti in qualsiasi momento presso 11 punti mobili, dove sono posizionati carrelli con chiare istruzioni per una corretta differenziazione. Nei carrelli \u00e8 possibile conferire rifiuti urbani misti e frazioni separate (imballaggi, carta, vetro, rifiuti biodegradabili).&nbsp;&nbsp;&nbsp;&nbsp;&nbsp;&nbsp;&nbsp;&nbsp;&nbsp;<\/p>\n<!-- \/wp:paragraph --><\/p>\r\n                    <\/div>\r\n                <\/div>\r\n\r\n            \r\n                <div class=\"dz-accordion-item py-3 border-bottom border-3 border-light\">\r\n                    <div class=\"dz-accordion-title\">\r\n                        <p>Gli affittacamere pagano una differente tassa per lo smaltimento dei rifiuti?<\/p>\r\n                    <\/div>\r\n                    <div class=\"dz-accordion-content\">\r\n                        <p><!-- wp:paragraph -->\n<p>Gli affittacamere pagano un supplemento per lo smaltimento dei rifiuti, calcolato in base alla tassa di soggiorno dichiarata al Comune. Alla fine dell'anno ricevono la fattura per il periodo da gennaio a dicembre.<\/p>\n<!-- \/wp:paragraph --><\/p>\r\n                    <\/div>\r\n                <\/div>\r\n\r\n            \r\n                <div class=\"dz-accordion-item py-3 border-bottom border-3 border-light\">\r\n                    <div class=\"dz-accordion-title\">\r\n                        <p>Quando e come possiamo conferire i rifiuti ingombranti?<\/p>\r\n                    <\/div>\r\n                    <div class=\"dz-accordion-content\">\r\n                        <p><!-- wp:paragraph -->\n<p>La raccolta dei rifiuti ingombranti avviene ogni venerd\u00ec (tranne che durante la stagione estiva), presso vari punti di raccolta nel Comune di Pirano. Il calendario delle campagne \u00e8 pubblicato sul collegamento\u00a0<a href=\"https:\/\/okoljepiran.si\/wp-content\/uploads\/2026\/01\/Kosovni-odpadki_2026_ITA.jpg\">Rifiuti ingombranti | OKOLJE Pirano<\/a><br><br>I residenti del centro storico di Pirano che rientrano nel sistema di raccolta dei rifiuti ordinario possono ordinare due volte l'anno il ritiro gratuito dei rifiuti ingombranti. Per ordinare il ritiro, \u00e8 necessario compilare il modulo \"<a href=\"mailto:Naro\u010dilnica%20za%20odvoz%20kosovnih%20odpadkov%20v%20starem%20mestnem%20jedru%20Pirana\">Richiesta di ritiro rifiuti ingombranti nel centro storico di Pirano<\/a>\" e inviarlo all'indirizzo e-mail <a href=\"mailto:info@okoljepiran.si\" target=\"_blank\" rel=\"noreferrer noopener\">info@okoljepiran.si<\/a> almeno 7 giorni prima della data di ritiro desiderata. La quantit\u00e0 massima di rifiuti ritirata gratuitamente \u00e8 di 5 m\u00b3.\u00a0\u00a0\u00a0\u00a0\u00a0\u00a0\u00a0\u00a0\u00a0\u00a0\u00a0\u00a0 \u00a0<br><br>I rifiuti ingombranti si possono conferire gratuitamente anche presso il Centro di raccolta di Dragogna dal luned\u00ec al venerd\u00ec dalle 6:00 alle 17:00 e il sabato dalle 7:00 alle 12:00.<\/p>\n<!-- \/wp:paragraph --><\/p>\r\n                    <\/div>\r\n                <\/div>\r\n\r\n            \r\n                <div class=\"dz-accordion-item py-3 border-bottom border-3 border-light\">\r\n                    <div class=\"dz-accordion-title\">\r\n                        <p>Come posso richiedere il pagamento tramite fattura elettronica?<\/p>\r\n                    <\/div>\r\n                    <div class=\"dz-accordion-content\">\r\n                        <p><!-- wp:paragraph -->\n<p>Invece della fattura cartacea, potete richiedere la fattura elettronica, che riceverete al vostro indirizzo e-mail o nella casella della vostra banca online (in formato XML e PDF).<br><br>\u00c8 possibile richiedere l'emissione della fattura elettronica utilizzando il modulo elettronico \"<a href=\"https:\/\/okoljepiran.si\/wp-content\/uploads\/2022\/03\/VLOGA-ZA-IZDAJO-RACUNA-V-ELEKTRONSKI-OBLIKI-v1.4.pdf\" target=\"_blank\" rel=\"noreferrer noopener\">Domanda di emissione fattura in formato elettronico<\/a>\", pubblicato sul sito web <a href=\"http:\/\/www.okoljepiran.si\/\" target=\"_blank\" rel=\"noreferrer noopener\">www.okoljepiran.si<\/a> nella rubrica Domande e moduli. Se avete bisogno di aiuto, potete scrivere o chiamare la nostra referente del servizio clienti (numero di telefono: 05 617 50 16, indirizzo e-mail: <a href=\"mailto:spremembe@okoljepiran.si\" target=\"_blank\" rel=\"noreferrer noopener\">spremembe@okoljepiran.si<\/a>), che sar\u00e0 felice di aiutarvi.<\/p>\n<!-- \/wp:paragraph -->\n\n<!-- wp:paragraph -->\n<p>La fattura elettronica che ricevete al vostro indirizzo elettronico (e-mail) offre numerosi vantaggi.<\/p>\n<!-- \/wp:paragraph -->\n\n<!-- wp:list {\"ordered\":true,\"start\":1} -->\n<ol start=\"1\" class=\"wp-block-list\"><!-- wp:list-item -->\n<li>Veloce: la fattura elettronica nella vostra casella di posta elettronica si riceve prima di quella cartacea.<\/li>\n<!-- \/wp:list-item -->\n\n<!-- wp:list-item -->\n<li>Trasparente: maggiore trasparenza e controllo sulle fatture ricevute.<\/li>\n<!-- \/wp:list-item -->\n\n<!-- wp:list-item -->\n<li>Semplice: si risparmia tempo e si riducono i costi ottimizzando il processo di monitoraggio delle fatture elettroniche e di predisposizione dei pagamenti.<\/li>\n<!-- \/wp:list-item -->\n\n<!-- wp:list-item -->\n<li>Rispetto dell\u2019ambiente: con le fatture elettroniche si riduce il consumo di carta.<\/li>\n<!-- \/wp:list-item --><\/ol>\n<!-- \/wp:list -->\n\n<!-- wp:paragraph -->\n<p><\/p>\n<!-- \/wp:paragraph --><\/p>\r\n                    <\/div>\r\n                <\/div>\r\n\r\n            \r\n                <div class=\"dz-accordion-item py-3 border-bottom border-3 border-light\">\r\n                    <div class=\"dz-accordion-title\">\r\n                        <p>Come posso richiedere il pagamento tramite addebito diretto?<\/p>\r\n                    <\/div>\r\n                    <div class=\"dz-accordion-content\">\r\n                        <p><!-- wp:paragraph -->\n<p>Con l\u2019Azienda pubblica OKOLJE Pirano S.r.l., \u00e8 possibile richiedere il pagamento tramite addebito diretto in due modi:<\/p>\n<!-- \/wp:paragraph -->\n\n<!-- wp:list -->\n<ul class=\"wp-block-list\"><!-- wp:list-item -->\n<li>Di persona presso la sede dell\u2019Azienda pubblica OKOLJE Pirano S.r.l. all\u2019indirizzo Arse 1b a Pirano, durante l'orario d'ufficio, ovvero luned\u00ec e venerd\u00ec dalle 8:00 alle 13:00 e mercoled\u00ec dalle 8:00 alle 13:00 e dalle 13:30 alle 15:00. Portare con s\u00e9 un documento d'identit\u00e0 valido, la carta bancaria del conto su cui \u00e8 effettuato l'addebito diretto e le fatture (bollettini di pagamento) per le quali desiderate fornire il consenso all'addebito diretto.<br><\/li>\n<!-- \/wp:list-item -->\n\n<!-- wp:list-item -->\n<li>Per posta ordinaria o posta elettronica. Gli utenti devono inviare il modulo \"<a href=\"https:\/\/okoljepiran.si\/wp-content\/uploads\/2021\/10\/VLOGA-ZA-SEPA-DIREKTNO-OBREMENITEV-v1.2.pdf\" target=\"_blank\" rel=\"noreferrer noopener\">Soglasje za direktno obremenitev SEPA<\/a>\" correttamente compilato e firmato insieme a una fotocopia della carta bancaria all'indirizzo Azienda pubblica OKOLJE Pirano S.r.l., Arse 1b, 6330 Pirano. \u00c8 inoltre possibile inviare la scansione del modulo compilato e firmato ovvero il modulo compilato e firmato elettronicamente, con la scansione della carta di credito tramite posta elettronica all\u2019indirizzo e-mail <a href=\"mailto:spremembe@okoljepiran.si\">spremembe@okoljepiran.si<\/a> .<\/li>\n<!-- \/wp:list-item --><\/ul>\n<!-- \/wp:list -->\n\n<!-- wp:paragraph -->\n<p><\/p>\n<!-- \/wp:paragraph --><\/p>\r\n                    <\/div>\r\n                <\/div>\r\n\r\n                    <\/div>\r\n    \r\n    \n\n\n<div class=\"gb-container gb-container-8eb85d1b layout-grid-2\">\n<div class=\"gb-container gb-container-48c732df banner-ceniki\">\n<div class=\"gb-container gb-container-c3c4f1a9\">\n\n<h4 class=\"wp-block-heading fw-semibold\">Tariffe: Gestione rifiuti e sistemazione aree pubbliche<\/h4>\n\n\n\n<p>Qui trovate le tariffe aggiornate e le condizioni di servizio.<\/p>\n\n\n\n<p><a href=\"https:\/\/okoljepiran.si\/it\/tariffe-dei-servizi\/#ravnanje-z-odpadki-it\" target=\"_blank\" data-type=\"page\" data-id=\"11\" rel=\"noreferrer noopener\">Visualizza<\/a><\/p>\n\n<\/div>\n\n\n<figure class=\"wp-block-image size-full d-flex justify-content-end\"><img decoding=\"async\" src=\"https:\/\/okoljepiran.si\/wp-content\/uploads\/2024\/06\/ceniki_banner.svg\" alt=\"\" class=\"wp-image-115\" style=\"object-fit:cover\"\/><\/figure>\n\n<\/div>\n\n<div class=\"gb-container gb-container-a35b2060 banner-vloge\">\n<div class=\"gb-container gb-container-5263f461 text-body-secondary\">\n\n<h4 class=\"wp-block-heading fw-semibold\">Moduli e domande: Gestione rifiuti e sistemazione aree pubbliche<\/h4>\n\n\n\n<p>Accedete a tutti i moduli e formulari.<\/p>\n\n\n\n<p><a href=\"https:\/\/okoljepiran.si\/it\/moduli-e-domande\/#ravnanje-z-odpadki-it\" target=\"_blank\" data-type=\"page\" data-id=\"9\" rel=\"noreferrer noopener\">Visualizza<\/a><\/p>\n\n<\/div>\n\n\n<figure class=\"wp-block-image size-full d-flex justify-content-end\"><img decoding=\"async\" src=\"https:\/\/okoljepiran.si\/wp-content\/uploads\/2024\/06\/vloge_banner.svg\" alt=\"\" class=\"wp-image-129\" style=\"object-fit:cover\"\/><\/figure>\n\n<\/div>\n\n<div class=\"gb-container gb-container-1a7c6d51 banner-ceniki\">\n<div class=\"gb-container gb-container-b5b28bb6\">\n\n<h4 class=\"wp-block-heading fw-semibold\">Legislazione: Gestione rifiuti e sistemazione aree pubbliche<\/h4>\n\n\n\n<p>Consultate le leggi, i regolamenti e le altre norme vigenti.<\/p>\n\n\n\n<p><a href=\"https:\/\/okoljepiran.si\/it\/legislazione\/#ravnanje-z-odpadki-it\" target=\"_blank\" data-type=\"page\" data-id=\"589\" rel=\"noreferrer noopener\">Visualizza<\/a><\/p>\n\n<\/div>\n\n\n<figure class=\"wp-block-image size-full d-flex justify-content-end\"><img decoding=\"async\" src=\"https:\/\/okoljepiran.si\/wp-content\/uploads\/2024\/06\/zakonodaja_banner.svg\" alt=\"\" class=\"wp-image-396\" style=\"object-fit:cover\"\/><\/figure>\n\n<\/div>\n<\/div>","protected":false},"excerpt":{"rendered":"<p>V sistem ravnanja z odpadki se morajo vklju\u010diti vsi, ki na obmo\u010dju ob\u010dine Piran stalno, za\u010dasno ali ob\u010dasno bivajo v svojih ali najetih nepremi\u010dninah, so lastniki po\u010ditni\u0161ke hi\u0161e ali opravljajo poslovno dejavnost. Sistem ravnanja z odpadki je opredeljen z ob\u010dinskimi odloki o ravnanju z odpadki.<\/p>\n","protected":false},"author":1,"featured_media":9508,"parent":10401,"menu_order":0,"comment_status":"closed","ping_status":"closed","template":"template-page\/pg-activity.php","meta":{"_acf_changed":false,"footnotes":""},"class_list":["post-10395","page","type-page","status-publish","has-post-thumbnail","hentry"],"acf":[],"_links":{"self":[{"href":"https:\/\/okoljepiran.si\/it\/wp-json\/wp\/v2\/pages\/10395","targetHints":{"allow":["GET"]}}],"collection":[{"href":"https:\/\/okoljepiran.si\/it\/wp-json\/wp\/v2\/pages"}],"about":[{"href":"https:\/\/okoljepiran.si\/it\/wp-json\/wp\/v2\/types\/page"}],"author":[{"embeddable":true,"href":"https:\/\/okoljepiran.si\/it\/wp-json\/wp\/v2\/users\/1"}],"replies":[{"embeddable":true,"href":"https:\/\/okoljepiran.si\/it\/wp-json\/wp\/v2\/comments?post=10395"}],"version-history":[{"count":24,"href":"https:\/\/okoljepiran.si\/it\/wp-json\/wp\/v2\/pages\/10395\/revisions"}],"predecessor-version":[{"id":24166,"href":"https:\/\/okoljepiran.si\/it\/wp-json\/wp\/v2\/pages\/10395\/revisions\/24166"}],"up":[{"embeddable":true,"href":"https:\/\/okoljepiran.si\/it\/wp-json\/wp\/v2\/pages\/10401"}],"wp:featuredmedia":[{"embeddable":true,"href":"https:\/\/okoljepiran.si\/it\/wp-json\/wp\/v2\/media\/9508"}],"wp:attachment":[{"href":"https:\/\/okoljepiran.si\/it\/wp-json\/wp\/v2\/media?parent=10395"}],"curies":[{"name":"wp","href":"https:\/\/api.w.org\/{rel}","templated":true}]}}