{"id":10392,"date":"2024-06-26T08:02:31","date_gmt":"2024-06-26T06:02:31","guid":{"rendered":"http:\/\/okoljepiran.razvija.se\/pokopaliska-in-pogrebna-dejavnost\/"},"modified":"2025-08-29T09:41:20","modified_gmt":"2025-08-29T07:41:20","slug":"attivita-funebre-e-cimiteriale","status":"publish","type":"page","link":"https:\/\/okoljepiran.si\/it\/attivita\/attivita-funebre-e-cimiteriale\/","title":{"rendered":"Attivit\u00e0 funebre e cimiteriale"},"content":{"rendered":"\n<p>L\u2019Azienda pubblica OKOLJE Pirano \u00e8 responsabile della manutenzione e sistemazione dei cimiteri e dell&#8217;esecuzione dei servizi funebri nel territorio del Comune di Pirano.<\/p>\n\n\n\n<h2 class=\"wp-block-heading\">Cimiteri nel Comune di Pirano<\/h2>\n\n\n\n<figure class=\"wp-block-table\"><table><tbody><tr><td class=\"has-text-align-left\" data-align=\"left\"><strong><a href=\"https:\/\/maps.app.goo.gl\/7MERYaWMG3AEGNVb6\" target=\"_blank\" rel=\"noreferrer noopener\">Cimitero cittadino di Pirano<\/a><\/strong><\/td><td class=\"has-text-align-left\" data-align=\"left\">Per l&#8217;area delle citt\u00e0 e insediamenti di Pirano, Portorose, S. Lucia, Strugnano, Parezzago, Sezza e in parte Sicciole.<\/td><\/tr><tr><td class=\"has-text-align-left\" data-align=\"left\"><strong>Cimitero di Nova vas<\/strong><\/td><td class=\"has-text-align-left\" data-align=\"left\">Per l&#8217;area dell\u2019insediamento di Nova vas.<\/td><\/tr><tr><td class=\"has-text-align-left\" data-align=\"left\"><strong><a href=\"https:\/\/maps.app.goo.gl\/bKfkfR1G9eZpeNyo8\" target=\"_blank\" rel=\"noreferrer noopener\">Cimitero di Sv. Peter<\/a><\/strong><\/td><td class=\"has-text-align-left\" data-align=\"left\">Per le aree degli insediamenti di Sv. Peter, Dragogna e in parte Sicciole.<\/td><\/tr><tr><td class=\"has-text-align-left\" data-align=\"left\"><strong>Cimitero di Padna<\/strong><\/td><td class=\"has-text-align-left\" data-align=\"left\">Per l&#8217;area dell&#8217;insediamento di Padna.<\/td><\/tr><\/tbody><\/table><\/figure>\n\n\n\n<h3 class=\"wp-block-heading\">Sepoltura in un determinato cimitero:<\/h3>\n\n\n\n<ul class=\"wp-block-list\">\n<li>Defunti provenienti dall&#8217;area a cui \u00e8 destinato il cimitero.<\/li>\n\n\n\n<li>Defunti di altri luoghi, se questa \u00e8 la loro volont\u00e0 o quella dei loro familiari, che hanno diritto di scegliere il cimitero secondo la legge.<\/li>\n<\/ul>\n\n\n\n<h2 class=\"wp-block-heading\">Nell&#8217;ambito delle nostre attivit\u00e0 cimiteriali offriamo i seguenti servizi:<\/h2>\n\n\n\n<ul class=\"wp-block-list\">\n<li>servizio di reperibilit\u00e0 24 ore su 24<\/li>\n\n\n\n<li>&nbsp;manutenzione e sistemazione dei cimiteri nel Comune di Pirano<\/li>\n\n\n\n<li>&nbsp;tombe in concessione<\/li>\n\n\n\n<li>&nbsp;assistenza nella predisposizione della documentazione<\/li>\n\n\n\n<li>&nbsp;trasporto delle salme<\/li>\n\n\n\n<li>&nbsp;fornitura del personale addetto alle operazioni cimiteriali<\/li>\n<\/ul>\n\n\n\n<h2 class=\"wp-block-heading\">Espletamento del servizio di reperibilit\u00e0 24 ore su 24 e dell\u2019attivit\u00e0 cimiteriale<\/h2>\n\n\n\n<p>L\u2019Azienda pubblica OKOLJE Pirano S.r.l. \u00e8 il fornitore del servizio di reperibilit\u00e0 24 ore su 24 e gestore dei cimiteri nel Comune di Pirano. Inoltre svolgiamo anche l\u2019attivit\u00e0 funebre nel territorio del Comune.<\/p>\n\n\n\n<div style=\"height:50px\" aria-hidden=\"true\" class=\"wp-block-spacer\"><\/div>\n\n\n\n<figure class=\"wp-block-embed is-type-wp-embed is-provider-okolje-piran wp-block-embed-okolje-piran\"><div class=\"wp-block-embed__wrapper\">\n<blockquote class=\"wp-embedded-content\" data-secret=\"ZmYrWuIzd1\"><a href=\"https:\/\/okoljepiran.si\/it\/attivita\/attivita-funebre-e-cimiteriale\/cosa-fare-in-caso-di-decesso\/\">Cosa fare in caso di decesso?<\/a><\/blockquote><iframe loading=\"lazy\" class=\"wp-embedded-content\" sandbox=\"allow-scripts\" security=\"restricted\" style=\"position: absolute; visibility: hidden;\" title=\"&#8220;Cosa fare in caso di decesso?&#8221; &#8212; Okolje Piran\" src=\"https:\/\/okoljepiran.si\/it\/attivita\/attivita-funebre-e-cimiteriale\/cosa-fare-in-caso-di-decesso\/embed\/#?secret=GTdw4ssf2V#?secret=ZmYrWuIzd1\" data-secret=\"ZmYrWuIzd1\" width=\"500\" height=\"282\" frameborder=\"0\" marginwidth=\"0\" marginheight=\"0\" scrolling=\"no\"><\/iframe>\n<\/div><\/figure>\n\n\n\n<div style=\"height:50px\" aria-hidden=\"true\" class=\"wp-block-spacer\"><\/div>\n\n\n\n<figure class=\"wp-block-embed is-type-wp-embed is-provider-okolje-piran wp-block-embed-okolje-piran\"><div class=\"wp-block-embed__wrapper\">\n<blockquote class=\"wp-embedded-content\" data-secret=\"S13hRTKYQG\"><a href=\"https:\/\/okoljepiran.si\/it\/attivita\/attivita-funebre-e-cimiteriale\/scelta-del-tipo-di-funerale\/\">Scelta del tipo di funerale<\/a><\/blockquote><iframe loading=\"lazy\" class=\"wp-embedded-content\" sandbox=\"allow-scripts\" security=\"restricted\" style=\"position: absolute; visibility: hidden;\" title=\"&#8220;Scelta del tipo di funerale&#8221; &#8212; Okolje Piran\" src=\"https:\/\/okoljepiran.si\/it\/attivita\/attivita-funebre-e-cimiteriale\/scelta-del-tipo-di-funerale\/embed\/#?secret=v81D054gok#?secret=S13hRTKYQG\" data-secret=\"S13hRTKYQG\" width=\"500\" height=\"282\" frameborder=\"0\" marginwidth=\"0\" marginheight=\"0\" scrolling=\"no\"><\/iframe>\n<\/div><\/figure>\n\n\n\n<h2 class=\"wp-block-heading\">Concessione cimiteriale<\/h2>\n\n\n\n<p>Il luogo di sepoltura viene acquisito mediante contratto di concessione cimiteriale tra il gestore del cimitero e il concessionario. Il concessionario pu\u00f2 essere una sola persona fisica o giuridica. Se il committente del funerale non ha un luogo di sepoltura in concessione al momento della registrazione, sar\u00e0 il gestore del cimitero ad assegnarlo. La concessione \u00e8 possibile anche per cessione dell\u2019area di sepoltura dell&#8217;attuale concessionario, previo adempimento di tutti gli obblighi nei confronti del concedente. In questo caso sia il futuro che l&#8217;attuale concessionario dovranno presentarsi personalmente all\u2019ufficio di accettazione muniti di un documento di identit\u00e0, dove l&#8217;attuale concessionario firmer\u00e0 la dichiarazione di cessione e il referente per l\u2019attivit\u00e0 cimiteraria provveder\u00e0 alla predisposizione del nuovo contratto.<\/p>\n\n\n\n<p>Tutti i concessionari delle tombe sono vincolati dal contratto alla regolare manutenzione e al pagamento del canone annuo. In caso di mancato pagamento o di tomba trascurata, il concessionario sar\u00e0 informato per iscritto affinch\u00e9 vi ponga rimedio nel pi\u00f9 breve tempo possibile. In caso di mancata risposta, il concedente pu\u00f2 recedere dal contratto e affidare l\u2019area di sepoltura a un altro concessionario.<\/p>\n\n\n\n<h3 class=\"wp-block-heading\">I concessionari delle aree di sepoltura hanno l\u2019obbligo di:<\/h3>\n\n\n\n<ul class=\"wp-block-list\">\n<li>Avvisare il gestore del cimitero del cambiamento di indirizzo.<\/li>\n\n\n\n<li>Mantenere regolarmente l&#8217;area della tomba.<\/li>\n\n\n\n<li>Posizionare o rimuovere una lapide solo con il consenso del gestore del cimitero o modificare il progetto architettonico della tomba solo in conformit\u00e0 con il piano regolatore cimiteriale.<\/li>\n\n\n\n<li>Avere cura di non danneggiare le altre tombe.<\/li>\n\n\n\n<li>Depositare i rifiuti negli appositi bidoni per la raccolta differenziata.<\/li>\n<\/ul>\n\n\n\n<h2 class=\"wp-block-heading\">Attivit\u00e0 funebre<\/h2>\n\n\n\n<p>L\u2019ufficio accettazione del cimitero si trova accanto al negozio di fiori. \u00c8 aperto dal luned\u00ec al venerd\u00ec dalle 8:00 alle 10:00 e dalle 11:00 alle 13:00. <strong>Per organizzare un funerale \u00e8 necessaria la previa ordinazione telefonica al numero 05 6175 083 oppure al n. 041 633 342.<\/strong><\/p>\n\n\n\n<p>Per organizzare il funerale si richiedono i seguenti documenti:<\/p>\n\n\n\n<ul class=\"wp-block-list\">\n<li>Documento personale del defunto: carta d\u2019identit\u00e0 o passaporto.<\/li>\n\n\n\n<li>Documento personale del committente del funerale: carta d\u2019identit\u00e0 o passaporto.<\/li>\n\n\n\n<li>Certificato di morte, se avvenuta in casa.<\/li>\n<\/ul>\n\n\n\n<p>I familiari dovranno portare con s\u00e9 gli abiti del defunto per la classica sepoltura con bara. Non \u00e8 necessario portare indumenti per la cremazione, poich\u00e9 il defunto viene vestito con indumenti ecologici che non emettono emissioni nocive.<\/p>\n\n\n\n<p>Quando si dispone il funerale, i familiari comunicano il luogo di sepoltura (tomba di famiglia, tomba, loculo), se gi\u00e0 ne hanno uno. Se non hanno un\u2019area di sepoltura, sar\u00e0 il gestore del cimitero ad assegnarla. Se il concessionario dell\u2019area di sepoltura \u00e8 il defunto, i familiari devono decidere di comune accordo su chi sar\u00e0 il nuovo concessionario dell\u2019area di sepoltura. I diritti ai contributi per le spese funebri e per il decesso del familiare a carico sono regolati tramite il Centro per l\u2019assistenza sociale, nell\u2019ambito dell&#8217;assistenza economica sociale straordinaria.<\/p>\n\n\n\n<div style=\"height:50px\" aria-hidden=\"true\" class=\"wp-block-spacer\"><\/div>\n\n\n\n<figure class=\"wp-block-embed is-type-wp-embed is-provider-okolje-piran wp-block-embed-okolje-piran\"><div class=\"wp-block-embed__wrapper\">\n<blockquote class=\"wp-embedded-content\" data-secret=\"lxzHNqVyzD\"><a href=\"https:\/\/okoljepiran.si\/it\/attivita\/attivita-funebre-e-cimiteriale\/orari-dei-funerali\/\">Orari dei funerali<\/a><\/blockquote><iframe loading=\"lazy\" class=\"wp-embedded-content\" sandbox=\"allow-scripts\" security=\"restricted\" style=\"position: absolute; visibility: hidden;\" title=\"&#8220;Orari dei funerali&#8221; &#8212; Okolje Piran\" src=\"https:\/\/okoljepiran.si\/it\/attivita\/attivita-funebre-e-cimiteriale\/orari-dei-funerali\/embed\/#?secret=M1e9PzoKWN#?secret=lxzHNqVyzD\" data-secret=\"lxzHNqVyzD\" width=\"500\" height=\"282\" frameborder=\"0\" marginwidth=\"0\" marginheight=\"0\" scrolling=\"no\"><\/iframe>\n<\/div><\/figure>\n\n\n\n<div style=\"height:50px\" aria-hidden=\"true\" class=\"wp-block-spacer\"><\/div>\n\n\n\n<figure class=\"wp-block-embed is-type-wp-embed is-provider-okolje-piran wp-block-embed-okolje-piran\"><div class=\"wp-block-embed__wrapper\">\n<blockquote class=\"wp-embedded-content\" data-secret=\"dFn2zw9ulS\"><a href=\"https:\/\/okoljepiran.si\/it\/attivita\/attivita-funebre-e-cimiteriale\/ricerca-delle-tombe\/\">Ricerca delle tombe<\/a><\/blockquote><iframe loading=\"lazy\" class=\"wp-embedded-content\" sandbox=\"allow-scripts\" security=\"restricted\" style=\"position: absolute; visibility: hidden;\" title=\"&#8220;Ricerca delle tombe&#8221; &#8212; Okolje Piran\" src=\"https:\/\/okoljepiran.si\/it\/attivita\/attivita-funebre-e-cimiteriale\/ricerca-delle-tombe\/embed\/#?secret=p9Yzu8yHxa#?secret=dFn2zw9ulS\" data-secret=\"dFn2zw9ulS\" width=\"500\" height=\"282\" frameborder=\"0\" marginwidth=\"0\" marginheight=\"0\" scrolling=\"no\"><\/iframe>\n<\/div><\/figure>\n\n\n\r\n    \r\n    \n\n\n<div class=\"gb-container gb-container-e195c5d4 layout-grid-2\">\n<div class=\"gb-container gb-container-e7849cb2 banner-ceniki\">\n<div class=\"gb-container gb-container-6600ff8a\">\n\n<h4 class=\"wp-block-heading fw-semibold\">Tariffe: Attivit\u00e0 funebre e cimiteriale<\/h4>\n\n\n\n<p>Qui trovate le tariffe aggiornate e le condizioni di servizio<\/p>\n\n\n\n<p><a href=\"https:\/\/okoljepiran.si\/it\/tariffe-dei-servizi\/#pokopalisca-in-pogrebna-dejavnost\" target=\"_blank\" data-type=\"page\" data-id=\"11\" rel=\"noreferrer noopener\">Visualizza<\/a><\/p>\n\n<\/div>\n\n\n<figure class=\"wp-block-image size-full d-flex justify-content-end\"><img decoding=\"async\" src=\"https:\/\/okoljepiran.si\/wp-content\/uploads\/2024\/06\/ceniki_banner.svg\" alt=\"\" class=\"wp-image-115\" style=\"object-fit:cover\"\/><\/figure>\n\n<\/div>\n\n<div class=\"gb-container gb-container-7e869277 banner-vloge\">\n<div class=\"gb-container gb-container-730dea93 text-body-secondary\">\n\n<h4 class=\"wp-block-heading fw-semibold\">Moduli e domande: Attivit\u00e0 funebre e cimiteriale<\/h4>\n\n\n\n<p>Accedete a tutti i moduli e formulari.<\/p>\n\n\n\n<p><a href=\"https:\/\/okoljepiran.si\/it\/moduli-e-domande\/#pokopalisca-in-pogrebna-dejavnost\" target=\"_blank\" data-type=\"page\" data-id=\"9\" rel=\"noreferrer noopener\">Visualizza<\/a><\/p>\n\n<\/div>\n\n\n<figure class=\"wp-block-image size-full d-flex justify-content-end\"><img decoding=\"async\" src=\"https:\/\/okoljepiran.si\/wp-content\/uploads\/2024\/06\/vloge_banner.svg\" alt=\"\" class=\"wp-image-129\" style=\"object-fit:cover\"\/><\/figure>\n\n<\/div>\n\n<div class=\"gb-container gb-container-1a7c6d51 banner-ceniki\">\n<div class=\"gb-container gb-container-b5b28bb6\">\n\n<h4 class=\"wp-block-heading fw-semibold\">Legislazione: Attivit\u00e0 funebre e cimiteriale<\/h4>\n\n\n\n<p>Consultate le leggi, i regolamenti e le altre norme vigenti.<\/p>\n\n\n\n<p><a href=\"https:\/\/okoljepiran.si\/it\/legislazione\/#pokopalisca-in-pogrebna-dejavnost\" target=\"_blank\" data-type=\"page\" data-id=\"589\" rel=\"noreferrer noopener\">Visualizza<\/a><\/p>\n\n<\/div>\n\n\n<figure class=\"wp-block-image size-full d-flex justify-content-end\"><img decoding=\"async\" src=\"https:\/\/okoljepiran.si\/wp-content\/uploads\/2024\/06\/zakonodaja_banner.svg\" alt=\"\" class=\"wp-image-396\" style=\"object-fit:cover\"\/><\/figure>\n\n<\/div>\n<\/div>\n\n\n<p><\/p>\n","protected":false},"excerpt":{"rendered":"<p>L\u2019Azienda pubblica OKOLJE Pirano \u00e8 responsabile della manutenzione e sistemazione dei cimiteri e dell&#8217;esecuzione dei servizi funebri nel territorio del Comune di Pirano. Cimiteri nel Comune di Pirano Cimitero cittadino di Pirano Per l&#8217;area delle citt\u00e0 e insediamenti di Pirano, Portorose, S. Lucia, Strugnano, Parezzago, Sezza e in parte Sicciole. Cimitero di Nova vas Per [&hellip;]<\/p>\n","protected":false},"author":1,"featured_media":9553,"parent":10401,"menu_order":0,"comment_status":"closed","ping_status":"closed","template":"template-page\/pg-activity.php","meta":{"_acf_changed":false,"footnotes":""},"class_list":["post-10392","page","type-page","status-publish","has-post-thumbnail","hentry"],"acf":[],"_links":{"self":[{"href":"https:\/\/okoljepiran.si\/it\/wp-json\/wp\/v2\/pages\/10392","targetHints":{"allow":["GET"]}}],"collection":[{"href":"https:\/\/okoljepiran.si\/it\/wp-json\/wp\/v2\/pages"}],"about":[{"href":"https:\/\/okoljepiran.si\/it\/wp-json\/wp\/v2\/types\/page"}],"author":[{"embeddable":true,"href":"https:\/\/okoljepiran.si\/it\/wp-json\/wp\/v2\/users\/1"}],"replies":[{"embeddable":true,"href":"https:\/\/okoljepiran.si\/it\/wp-json\/wp\/v2\/comments?post=10392"}],"version-history":[{"count":25,"href":"https:\/\/okoljepiran.si\/it\/wp-json\/wp\/v2\/pages\/10392\/revisions"}],"predecessor-version":[{"id":24115,"href":"https:\/\/okoljepiran.si\/it\/wp-json\/wp\/v2\/pages\/10392\/revisions\/24115"}],"up":[{"embeddable":true,"href":"https:\/\/okoljepiran.si\/it\/wp-json\/wp\/v2\/pages\/10401"}],"wp:featuredmedia":[{"embeddable":true,"href":"https:\/\/okoljepiran.si\/it\/wp-json\/wp\/v2\/media\/9553"}],"wp:attachment":[{"href":"https:\/\/okoljepiran.si\/it\/wp-json\/wp\/v2\/media?parent=10392"}],"curies":[{"name":"wp","href":"https:\/\/api.w.org\/{rel}","templated":true}]}}