{"id":10389,"date":"2024-06-26T08:08:01","date_gmt":"2024-06-26T06:08:01","guid":{"rendered":"http:\/\/okoljepiran.razvija.se\/o-podjetju\/"},"modified":"2025-09-02T10:34:32","modified_gmt":"2025-09-02T08:34:32","slug":"lazienda","status":"publish","type":"page","link":"https:\/\/okoljepiran.si\/it\/lazienda\/","title":{"rendered":"L\u2019azienda"},"content":{"rendered":"\n<p>L\u2019azienda pubblica OKOLJE Piran, d.o.o. \u00e8 stata fondata con l\u2019obiettivo di garantire, in modo duraturo e sostenibile, l\u2019esecuzione dei servizi pubblici economici obbligatori nel territorio del Comune di Pirano, come la gestione dei rifiuti, la sistemazione e pulizia delle superfici pubbliche, e la raccolta e depurazione delle acque reflue comunali e meteoriche.<\/p>\n\n\n\n<p>OKOLJE Piran, d.o.o. \u00e8 una societ\u00e0 commerciale di propriet\u00e0 al 100% del Comune di Pirano.<\/p>\n\n\n\n<p>L\u2019azienda impiega circa 130 dipendenti.<\/p>\n\n\n\n<h2 class=\"wp-block-heading\">Attivit\u00e0 dell\u2019azienda<\/h2>\n\n\n\n<p>L\u2019azienda pubblica OKOLJE Piran, d.o.o. fornisce ai propri utenti i seguenti servizi:<\/p>\n\n\n\n<ul class=\"wp-block-list\">\n<li><a href=\"https:\/\/okoljepiran.si\/it\/attivita\/gestione-rifiuti-e-sistemazione-aree-pubbliche\/\">Gestione rifiuti e sistemazione aree pubbliche<\/a><\/li>\n\n\n\n<li><a href=\"https:\/\/okoljepiran.si\/it\/attivita\/parcheggi-e-trasporti\/\" data-type=\"page\" data-id=\"10393\">Parcheggi e trasporti<\/a><\/li>\n\n\n\n<li><a href=\"https:\/\/okoljepiran.si\/it\/attivita\/attivita-funebre-e-cimiteriale\/\" data-type=\"page\" data-id=\"10392\">Attivit\u00e0 funebre e cimiteriale<\/a><\/li>\n\n\n\n<li><a href=\"https:\/\/okoljepiran.si\/it\/attivita\/porti\/\" data-type=\"page\" data-id=\"10349\">Porti<\/a><\/li>\n\n\n\n<li><a href=\"https:\/\/okoljepiran.si\/it\/attivita\/gestione-acque-reflue\/\" data-type=\"page\" data-id=\"10391\">Gestione acque reflue<\/a><\/li>\n\n\n\n<li><a href=\"https:\/\/okoljepiran.si\/it\/attivita\/sistemazione-parchi-e-aree-verdi\/\" data-type=\"page\" data-id=\"10361\">Sistemazione parchi e aree verdi<\/a><\/li>\n\n\n\n<li><a href=\"https:\/\/okoljepiran.si\/it\/attivita\/spiaggia-portorose\/\" data-type=\"page\" data-id=\"10344\">Spiaggia Portorose<\/a><\/li>\n\n\n\n<li><a href=\"https:\/\/okoljepiran.si\/it\/attivita\/mercato\/\" data-type=\"page\" data-id=\"10342\">Mercato<\/a><\/li>\n\n\n\n<li><a href=\"https:\/\/okoljepiran.si\/it\/attivita\/servizi-igienici-pubblici-e-fontanelle\/\" data-type=\"page\" data-id=\"10341\">Servizi igienici pubblici e fontanelle<\/a><\/li>\n\n\n\n<li><a href=\"https:\/\/okoljepiran.si\/it\/attivita\/gestione-rifiuti-e-sistemazione-aree-pubbliche\/centro-del-riuso-seconda-mano\/\" data-type=\"page\" data-id=\"10369\">Centro del riuso &#8220;Seconda mano&#8221;<\/a>.<\/li>\n\n\n\n<li><a href=\"https:\/\/okoljepiran.si\/it\/attivita\/altre-attivita\/\" data-type=\"page\" data-id=\"10340\">Altre attivit\u00e0<\/a><\/li>\n<\/ul>\n\n\n\n<p>L\u2019azienda svolge anche altri servizi, come programmi di lavori pubblici, direzione lavori per investimenti comunali e altri servizi secondo necessit\u00e0 e su incarico del proprietario.<\/p>\n\n\n\n<h2 class=\"wp-block-heading\">Visione<\/h2>\n\n\n\n<p>La nostra visione si basa sulla fornitura di servizi accessibili, affidabili e flessibili, che tengano conto delle esigenze stagionali e specifiche di una destinazione turistica. Tutte le attivit\u00e0 di Okolje Piran sono orientate a soddisfare i bisogni e le aspettative degli utenti \u2013 sia residenti che visitatori \u2013 con l\u2019obiettivo di accrescere l\u2019attrattivit\u00e0 del luogo e garantire un\u2019alta qualit\u00e0 della vita.<\/p>\n\n\n\n<h2 class=\"wp-block-heading\">Missione<\/h2>\n\n\n\n<p>La nostra missione \u00e8 fornire servizi comunali di altissima qualit\u00e0, con enfasi su soluzioni integrate innovative, pratiche sostenibili e uso efficiente delle risorse. Con una gestione responsabile, il coinvolgimento della comunit\u00e0 e la collaborazione con i principali stakeholder, ci impegniamo a preservare i valori naturali e rafforzare la responsabilit\u00e0 collettiva verso l\u2019ambiente. Il nostro principio guida \u00e8: <strong>&#8220;L\u2019ambiente siamo tutti noi.&#8221;<\/strong><\/p>\n\n\n\n<h2 class=\"wp-block-heading\">Dati aziendali<\/h2>\n\n\n\n<p><strong>Denominazione dell\u2019azienda: <\/strong>Azienda pubblica OKOLJE Piran d.o.o.<br><strong>Sede legale: <\/strong>Arze 1b, 6330 Pirano<br><strong>Direttore:<\/strong> mag. Neset Dulai<\/p>\n\n\n\n<p><strong>Telefono<\/strong>: 05 617 50 00<br><strong>E-mail:<\/strong> <a href=\"mailto:info@okoljepiran.si\">info@okoljepiran.si<\/a><\/p>\n\n\n\n<p><strong>Numero d\u2019iscrizione:<\/strong> 5105633<br><strong>Partita IVA:<\/strong> SI73819174<br><strong>Iscrizione al registro del tribunale:<\/strong> Tribunale distrettuale di Capodistria, n. 066\/10095300<br><strong>Codice attivit\u00e0: <\/strong>38.110<br><strong>Capitale sociale: <\/strong>2.458.988,50 EUR<\/p>\n\n\n\n<h2 class=\"wp-block-heading\">Conti bancari<\/h2>\n\n\n\n<ul class=\"wp-block-list\">\n<li>SI56 6100 0002 3021 745 presso Delavska hranilnica d.d.<\/li>\n\n\n\n<li>SI56 0400 1004 9330 794 presso Nova KBM d.d.<\/li>\n\n\n\n<li>SI56 1010 0003 2414 679 presso Banki Intesa Sanpaolo d.d.<\/li>\n<\/ul>\n","protected":false},"excerpt":{"rendered":"<p>L\u2019azienda pubblica OKOLJE Piran, d.o.o. \u00e8 stata fondata con l\u2019obiettivo di garantire, in modo duraturo e sostenibile, l\u2019esecuzione dei servizi pubblici economici obbligatori nel territorio del Comune di Pirano, come la gestione dei rifiuti, la sistemazione e pulizia delle superfici pubbliche, e la raccolta e depurazione delle acque reflue comunali e meteoriche. OKOLJE Piran, d.o.o. [&hellip;]<\/p>\n","protected":false},"author":1,"featured_media":9778,"parent":0,"menu_order":0,"comment_status":"closed","ping_status":"closed","template":"template-page\/pg-activity.php","meta":{"_acf_changed":false,"footnotes":""},"class_list":["post-10389","page","type-page","status-publish","has-post-thumbnail","hentry"],"acf":[],"_links":{"self":[{"href":"https:\/\/okoljepiran.si\/it\/wp-json\/wp\/v2\/pages\/10389","targetHints":{"allow":["GET"]}}],"collection":[{"href":"https:\/\/okoljepiran.si\/it\/wp-json\/wp\/v2\/pages"}],"about":[{"href":"https:\/\/okoljepiran.si\/it\/wp-json\/wp\/v2\/types\/page"}],"author":[{"embeddable":true,"href":"https:\/\/okoljepiran.si\/it\/wp-json\/wp\/v2\/users\/1"}],"replies":[{"embeddable":true,"href":"https:\/\/okoljepiran.si\/it\/wp-json\/wp\/v2\/comments?post=10389"}],"version-history":[{"count":11,"href":"https:\/\/okoljepiran.si\/it\/wp-json\/wp\/v2\/pages\/10389\/revisions"}],"predecessor-version":[{"id":24076,"href":"https:\/\/okoljepiran.si\/it\/wp-json\/wp\/v2\/pages\/10389\/revisions\/24076"}],"wp:featuredmedia":[{"embeddable":true,"href":"https:\/\/okoljepiran.si\/it\/wp-json\/wp\/v2\/media\/9778"}],"wp:attachment":[{"href":"https:\/\/okoljepiran.si\/it\/wp-json\/wp\/v2\/media?parent=10389"}],"curies":[{"name":"wp","href":"https:\/\/api.w.org\/{rel}","templated":true}]}}