{"id":10385,"date":"2024-09-18T13:55:27","date_gmt":"2024-09-18T11:55:27","guid":{"rendered":"http:\/\/okoljepiran.razvija.se\/letna-porocila\/"},"modified":"2026-04-03T19:08:28","modified_gmt":"2026-04-03T17:08:28","slug":"relazioni-annuali","status":"publish","type":"page","link":"https:\/\/okoljepiran.si\/it\/lazienda\/relazioni-annuali\/","title":{"rendered":"Relazioni annuali"},"content":{"rendered":"\n<div class=\"media-upload align wp-block-acf-media-upload\" id=\"media-upload-block_641c2bb9083e3883bbacee2bf4bd7a34\">\n\n    \n        <div class=\"media-upload__grid layout-grid-3\">\n            \n                                \n                                    <div class=\"media-upload__file d-flex flex-column\">\n\n                        \n                        <h4 class=\"mb-0 mt-0\">\n                            Letno poro\u010dilo dru\u017ebe za leto 2024                        <\/h4>\n\n                        <div class=\"fit-content fw-medium mb-1\">\n                            <span>.pdf<\/span>, \n                            <span>1,85 MB<\/span>\n                        <\/div>\n\n                        <a class=\"file-download mb-0 mt-auto fit-content text-body tdu\" href=\"https:\/\/okoljepiran.si\/wp-content\/uploads\/2026\/04\/REVIDIRANO-LETNO-POROCILO-ZA-LETO-2024_web.pdf\" target=\"_blank\" download>\n                            Prenesite datoteko                        <\/a>\n                    <\/div>\n                            \n                                \n                                    <div class=\"media-upload__file d-flex flex-column\">\n\n                        \n                        <h4 class=\"mb-0 mt-0\">\n                            Letno poro\u010dilo dru\u017ebe za leto 2023                        <\/h4>\n\n                        <div class=\"fit-content fw-medium mb-1\">\n                            <span>.pdf<\/span>, \n                            <span>8,50 MB<\/span>\n                        <\/div>\n\n                        <a class=\"file-download mb-0 mt-auto fit-content text-body tdu\" href=\"https:\/\/okoljepiran.si\/wp-content\/uploads\/2024\/09\/LETNO-REVIDIRANO-POROCILO-2023.pdf\" target=\"_blank\" download>\n                            Prenesite datoteko                        <\/a>\n                    <\/div>\n                            \n                                \n                                    <div class=\"media-upload__file d-flex flex-column\">\n\n                        \n                        <h4 class=\"mb-0 mt-0\">\n                            Letno poro\u010dilo dru\u017ebe za leto 2022                        <\/h4>\n\n                        <div class=\"fit-content fw-medium mb-1\">\n                            <span>.pdf<\/span>, \n                            <span>4,49 MB<\/span>\n                        <\/div>\n\n                        <a class=\"file-download mb-0 mt-auto fit-content text-body tdu\" href=\"https:\/\/okoljepiran.si\/wp-content\/uploads\/2024\/09\/REVIDIRANO-LETNO-POROCILO-2022-4.4.2023-cistopis_.pdf\" target=\"_blank\" download>\n                            Prenesite datoteko                        <\/a>\n                    <\/div>\n                            \n                                \n                                    <div class=\"media-upload__file d-flex flex-column\">\n\n                        \n                        <h4 class=\"mb-0 mt-0\">\n                            Letno poro\u010dilo dru\u017ebe za leto 2021                        <\/h4>\n\n                        <div class=\"fit-content fw-medium mb-1\">\n                            <span>.pdf<\/span>, \n                            <span>5,66 MB<\/span>\n                        <\/div>\n\n                        <a class=\"file-download mb-0 mt-auto fit-content text-body tdu\" href=\"https:\/\/okoljepiran.si\/wp-content\/uploads\/2024\/09\/LETNO-POROCILO-DRUZBE-ZA-LETO-2021.pdf\" target=\"_blank\" download>\n                            Prenesite datoteko                        <\/a>\n                    <\/div>\n                            \n                                \n                                    <div class=\"media-upload__file d-flex flex-column\">\n\n                        \n                        <h4 class=\"mb-0 mt-0\">\n                            Letno poro\u010dilo dru\u017ebe za leto 2020                        <\/h4>\n\n                        <div class=\"fit-content fw-medium mb-1\">\n                            <span>.pdf<\/span>, \n                            <span>7,85 MB<\/span>\n                        <\/div>\n\n                        <a class=\"file-download mb-0 mt-auto fit-content text-body tdu\" href=\"https:\/\/okoljepiran.si\/wp-content\/uploads\/2024\/09\/LETNO-POROCILO-DRUZBE-ZA-LETO-2020-31052021.pdf\" target=\"_blank\" download>\n                            Prenesite datoteko                        <\/a>\n                    <\/div>\n                                    <\/div>\n\n    \n<\/div>","protected":false},"excerpt":{"rendered":"<p>Razi\u0161\u010dite podrobne vpoglede v poslovanje na\u0161ega podjetja skozi leta. Dostopajte do finan\u010dnih izkazov, klju\u010dnih mejnikov in prihodnjih strategij, ki odra\u017eajo na\u0161o zavezanost preglednosti in trajnostni rasti. Ostanite obve\u0161\u010deni o na\u0161em letnem napredku.<\/p>\n","protected":false},"author":1,"featured_media":1512,"parent":10389,"menu_order":3,"comment_status":"closed","ping_status":"closed","template":"template-page\/pg-childpage.php","meta":{"_acf_changed":false,"footnotes":""},"class_list":["post-10385","page","type-page","status-publish","has-post-thumbnail","hentry"],"acf":[],"_links":{"self":[{"href":"https:\/\/okoljepiran.si\/it\/wp-json\/wp\/v2\/pages\/10385","targetHints":{"allow":["GET"]}}],"collection":[{"href":"https:\/\/okoljepiran.si\/it\/wp-json\/wp\/v2\/pages"}],"about":[{"href":"https:\/\/okoljepiran.si\/it\/wp-json\/wp\/v2\/types\/page"}],"author":[{"embeddable":true,"href":"https:\/\/okoljepiran.si\/it\/wp-json\/wp\/v2\/users\/1"}],"replies":[{"embeddable":true,"href":"https:\/\/okoljepiran.si\/it\/wp-json\/wp\/v2\/comments?post=10385"}],"version-history":[{"count":4,"href":"https:\/\/okoljepiran.si\/it\/wp-json\/wp\/v2\/pages\/10385\/revisions"}],"predecessor-version":[{"id":25876,"href":"https:\/\/okoljepiran.si\/it\/wp-json\/wp\/v2\/pages\/10385\/revisions\/25876"}],"up":[{"embeddable":true,"href":"https:\/\/okoljepiran.si\/it\/wp-json\/wp\/v2\/pages\/10389"}],"wp:featuredmedia":[{"embeddable":true,"href":"https:\/\/okoljepiran.si\/it\/wp-json\/wp\/v2\/media\/1512"}],"wp:attachment":[{"href":"https:\/\/okoljepiran.si\/it\/wp-json\/wp\/v2\/media?parent=10385"}],"curies":[{"name":"wp","href":"https:\/\/api.w.org\/{rel}","templated":true}]}}