{"id":10384,"date":"2024-09-18T14:08:04","date_gmt":"2024-09-18T12:08:04","guid":{"rendered":"http:\/\/okoljepiran.razvija.se\/informacije-javnega-znacaja\/"},"modified":"2025-06-20T11:16:45","modified_gmt":"2025-06-20T09:16:45","slug":"informazioni-di-carattere-pubblico","status":"publish","type":"page","link":"https:\/\/okoljepiran.si\/it\/lazienda\/informazioni-di-carattere-pubblico\/","title":{"rendered":"Informazioni di carattere pubblico"},"content":{"rendered":"\n<figure class=\"wp-block-table\"><table><tbody>\n<tr><td colspan=\"2\"><strong>1. Dati principali sul catalogo<\/strong><\/td><\/tr>\n<tr><td>Denominazione dell&#8217;ente:<\/td><td>Impresa pubblica OKOLJE Piran, d.o.o. Arze 1b 6330 Piran \u2013 Pirano<\/td><\/tr>\n<tr><td>Il catalogo \u00e8 disponibile all&#8217;indirizzo:<\/td><td><a href=\"https:\/\/www.okoljepiran.si\/\">www.okoljepiran.si<\/a><\/td><\/tr>\n<tr><td>Data della prima pubblicazione del catalogo:<\/td><td>01.09.2005<\/td><\/tr>\n<tr><td>Data dell&#8217;ultima modifica:<\/td><td>01.09.2005<\/td><\/tr>\n<tr><td>Altre forme del catalogo:<\/td><td>Forma cartacea.<\/td><\/tr>\n<\/tbody><\/table><\/figure>\n\n\n\n<figure class=\"wp-block-table\"><table><tbody>\n<tr><td colspan=\"3\"><strong>2. Informazioni generali sull&#8217;ente pubblico e sulle informazioni di carattere pubblico in suo possesso<\/strong><\/td><\/tr>\n<tr><td colspan=\"3\"><strong>2.a Organigramma e dati sull&#8217;organizzazione dell&#8217;ente<\/strong><\/td><\/tr>\n<tr><td>Breve descrizione del campo d&#8217;attivit\u00e0 dell&#8217;ente:<\/td><td>90.021<\/td><td>Raccolta e trasporto dei rifiuti<\/td><\/tr>\n<tr><td rowspan=\"19\"><\/td><td>37.100<\/td><td>Riciclaggio di rifiuti metallici<\/td><\/tr>\n<tr><td>45.210<\/td><td>Lavori edili generali<\/td><\/tr>\n<tr><td>50.200<\/td><td>Manutenzione e riparazione di veicoli a motore<\/td><\/tr>\n<tr><td>52.482<\/td><td>Attivit\u00e0 di fioristi<\/td><\/tr>\n<tr><td>52.488<\/td><td>Commercio al dettaglio in altri negozi specializzati<\/td><\/tr>\n<tr><td>60.230<\/td><td>Altri trasporti terrestri di passeggeri<\/td><\/tr>\n<tr><td>63.210<\/td><td>Altre attivit\u00e0 ausiliarie nel trasporto terrestre<\/td><\/tr>\n<tr><td>63.220<\/td><td>Altre attivit\u00e0 ausiliarie nel trasporto marittimo<\/td><\/tr>\n<tr><td>71.220<\/td><td>Noleggio di navi<\/td><\/tr>\n<tr><td>74.120<\/td><td>Consulenza contabile e fiscale<\/td><\/tr>\n<tr><td>74.201<\/td><td>Rilevazioni geodetiche e mappatura<\/td><\/tr>\n<tr><td>90.010<\/td><td>Gestione delle acque reflue<\/td><\/tr>\n<tr><td>90.021<\/td><td>Raccolta e trasporto dei rifiuti<\/td><\/tr>\n<tr><td>90.022<\/td><td>Gestione delle discariche e distruzione dei rifiuti<\/td><\/tr>\n<tr><td>90.023<\/td><td>Gestione dei rifiuti pericolosi<\/td><\/tr>\n<tr><td>90.031<\/td><td>Pulizia ambientale<\/td><\/tr>\n<tr><td>90.032<\/td><td>Altre attivit\u00e0 di igiene pubblica<\/td><\/tr>\n<tr><td>92.610<\/td><td>Gestione di impianti sportivi<\/td><\/tr>\n<tr><td>92.720<\/td><td>Altre attivit\u00e0 ricreative<\/td><\/tr>\n<tr><td>Elenco di tutte le unit\u00e0 organizzative interne:<\/td><td colspan=\"2\">Settore dei servizi pubblici<br>Settore delle infrastrutture turistiche<br>Settore tecnico-investimenti<br>Settore dell\u2019impianto centrale di depurazione e fognatura<br>Settore finanziario-contabile<br>Settore affari generali, risorse umane e legali<\/td><\/tr>\n<tr><td><\/td><td colspan=\"2\"><\/td><\/tr>\n<tr><td colspan=\"3\"><strong>2.b Organigramma dell&#8217;ente<\/strong><\/td><\/tr>\n<tr><td><a href=\"https:\/\/okoljepiran.si\/it\/lazienda\/organiziranost-druzbe\/\">Organigramma dell\u2019Impresa Pubblica OKOLJE Piran d.o.o.<\/a><\/td><td colspan=\"2\"><\/td><\/tr>\n<tr><td><\/td><td colspan=\"2\"><\/td><\/tr>\n<tr><td colspan=\"3\"><strong>2.c Dati di contatto della persona ufficiale responsabile della trasmissione delle informazioni<\/strong><\/td><\/tr>\n<tr><td>Persona responsabile:<\/td><td colspan=\"2\">Neboj\u0161a Kova\u010di\u010d, responsabile del settore affari generali, risorse umane e legali: <a href=\"mailto:nebojsa.kovacic@okoljepiran.si\" target=\"_blank\" rel=\"noreferrer noopener\">nebojsa.kovacic@okoljepiran.si<\/a><\/td><\/tr>\n<tr><td><\/td><td colspan=\"2\"><\/td><\/tr>\n<tr><td colspan=\"3\"><strong>2.f Elenco dei documenti strategici e programmatici per aree tematiche<\/strong><\/td><\/tr>\n<tr><td>Elenco dei documenti strategici:<\/td><td colspan=\"2\">Programma annuale dell\u2019impresa<\/td><\/tr>\n<tr><td><\/td><td colspan=\"2\"><\/td><\/tr>\n<tr><td colspan=\"3\"><strong>2.g Elenco dei procedimenti amministrativi, giudiziari o legislativi<\/strong><\/td><\/tr>\n<tr><td>Procedimenti ufficiali condotti dall\u2019ente:<\/td><td colspan=\"2\">1. Rilascio di pareri<br>2. Rilascio di permessi<br>3. Bandi pubblici<\/td><\/tr>\n<tr><td><\/td><td colspan=\"2\"><\/td><\/tr>\n<tr><td colspan=\"3\"><strong>2.h Elenco dei registri pubblici gestiti dall\u2019ente<\/strong><\/td><\/tr>\n<tr><td>Elenco dei registri:<\/td><td colspan=\"2\">1. Catasto della rete fognaria (acque meteoriche, nere, stazioni di pompaggio e impianti di depurazione)<br>2. Catasto dei cimiteri<br>3. Catasto dei contenitori per rifiuti<\/td><\/tr>\n<tr><td><\/td><td colspan=\"2\"><\/td><\/tr>\n<tr><td colspan=\"3\"><strong>2.i Elenco di altri archivi di dati informatizzati<\/strong><\/td><\/tr>\n<tr><td>Elenco degli archivi:<\/td><td colspan=\"2\">1. GIS<br>2. Catasto<\/td><\/tr>\n<tr><td><\/td><td colspan=\"2\"><\/td><\/tr>\n<tr><td colspan=\"3\"><strong>2.j Principali aree tematiche di altre informazioni di carattere pubblico<\/strong><\/td><\/tr>\n<\/tbody><\/table><\/figure>\n\n\n<figure class=\"wp-block-table\"><table><tbody>\n<tr><td colspan=\"2\"><strong>4. Descrizione dei mezzi, modalit\u00e0 e condizioni generali per l&#8217;esercizio del diritto di accesso alle informazioni di carattere pubblico<\/strong><\/td><\/tr>\n<tr><td>Descrizione delle modalit\u00e0 e delle condizioni generali:<\/td><td>Ai sensi della legge sull&#8217;accesso alle informazioni di carattere pubblico (Gazzetta Ufficiale della RS, nn. 24\/03 e successive modifiche) \u00e8 garantito a chiunque il diritto di ottenere informazioni di carattere pubblico detenute dagli enti pubblici. Le richieste possono essere presentate in forma orale, scritta o elettronica. L&#8217;accesso \u00e8 gratuito, ad eccezione del rimborso dei costi materiali secondo il decreto governativo.<\/td><\/tr>\n<\/tbody><\/table><\/figure>\n\n\n\n<figure class=\"wp-block-table\"><table><tbody>\n<tr><td colspan=\"2\"><strong>5. Elenco dei documenti di carattere pubblico divisi per aree tematiche<\/strong><\/td><\/tr>\n<tr><td>Elenco dei documenti:<\/td><td>Documenti interni dell&#8217;impresa, relazioni annuali, bilanci, piani di investimento, documentazione ambientale e tecnica.<\/td><\/tr>\n<\/tbody><\/table><\/figure>\n\n\n\n<figure class=\"wp-block-table\"><table><tbody>\n<tr><td colspan=\"2\"><strong>6. Altri servizi correlati all&#8217;accesso alle informazioni di carattere pubblico<\/strong><\/td><\/tr>\n<tr><td>Descrizione:<\/td><td>Possibilit\u00e0 di consultazione dei documenti su appuntamento, invio di copie su richiesta, accesso elettronico a documenti selezionati tramite il sito web dell\u2019impresa.<\/td><\/tr>\n<\/tbody><\/table><\/figure>\n\n\n<figure class=\"wp-block-table\"><table><tbody>\n<tr><td colspan=\"2\"><strong>4. Descrizione dei mezzi, modalit\u00e0 e condizioni generali per l&#8217;esercizio del diritto di accesso alle informazioni di carattere pubblico<\/strong><\/td><\/tr>\n<tr><td>Descrizione delle modalit\u00e0 e delle condizioni generali:<\/td><td>Ai sensi della legge sull&#8217;accesso alle informazioni di carattere pubblico (Gazzetta Ufficiale della RS, nn. 24\/03 e successive modifiche) \u00e8 garantito a chiunque il diritto di ottenere informazioni di carattere pubblico detenute dagli enti pubblici. Le richieste possono essere presentate in forma orale, scritta o elettronica. L&#8217;accesso \u00e8 gratuito, ad eccezione del rimborso dei costi materiali secondo il decreto governativo.<\/td><\/tr>\n<\/tbody><\/table><\/figure>\n\n\n\n<figure class=\"wp-block-table\"><table><tbody>\n<tr><td colspan=\"2\"><strong>5. Elenco dei documenti di carattere pubblico divisi per aree tematiche<\/strong><\/td><\/tr>\n<tr><td>Elenco dei documenti:<\/td><td>Documenti interni dell&#8217;impresa, relazioni annuali, bilanci, piani di investimento, documentazione ambientale e tecnica.<\/td><\/tr>\n<\/tbody><\/table><\/figure>\n\n\n\n<figure class=\"wp-block-table\"><table><tbody>\n<tr><td colspan=\"2\"><strong>6. Altri servizi correlati all&#8217;accesso alle informazioni di carattere pubblico<\/strong><\/td><\/tr>\n<tr><td>Descrizione:<\/td><td>Possibilit\u00e0 di consultazione dei documenti su appuntamento, invio di copie su richiesta, accesso elettronico a documenti selezionati tramite il sito web dell\u2019impresa.<\/td><\/tr>\n<\/tbody><\/table><\/figure>\n\n\n\n<figure class=\"wp-block-table\"><table><tbody>\n<tr><td colspan=\"2\"><strong>6.b Donazioni e sponsorizzazioni<\/strong><\/td><\/tr>\n<tr><td>Donazioni:<\/td><td><ul><li><a href=\"https:\/\/okoljepiran.si\/wp-content\/uploads\/Donacije_Okolje_28_5_2024.pdf\">Donazioni 2024<\/a><\/li><li><a href=\"https:\/\/okoljepiran.si\/wp-content\/uploads\/Donacije_OKOLJE_2023.pdf\">Donazioni 2023<\/a><\/li><li><a href=\"https:\/\/okoljepiran.si\/wp-content\/uploads\/2023\/04\/Donatorstvo_2022.pdf\">Donazioni 2022<\/a><\/li><\/ul><\/td><\/tr>\n<tr><td>Sponsorizzazioni:<\/td><td><ul><li><a href=\"https:\/\/okoljepiran.si\/wp-content\/uploads\/Sponzorstva_Okolje_9_4_2024.pdf\">Sponsorizzazioni 2024<\/a><\/li><li><a href=\"https:\/\/okoljepiran.si\/wp-content\/uploads\/Sponzorstva_Okolje_16_10_2023.pdf\">Sponsorizzazioni 2023<\/a><\/li><li><a href=\"https:\/\/okoljepiran.si\/wp-content\/uploads\/2022\/12\/Sponzorstvo_2022.pdf\">Sponsorizzazioni 2022<\/a><\/li><\/ul><\/td><\/tr>\n<\/tbody><\/table><\/figure>\n\n\n\n<figure class=\"wp-block-table\"><table><tbody>\n<tr><td colspan=\"2\"><strong>6.c Servizi di consulenza e altri servizi d&#8217;autore o intellettuali<\/strong><\/td><\/tr>\n<tr><td>Consulenze e servizi intellettuali:<\/td><td><ul><li><a href=\"https:\/\/okoljepiran.si\/wp-content\/uploads\/2021_sponzorstvo.pdf\">Servizi 2022<\/a><\/li><li><a href=\"https:\/\/okoljepiran.si\/wp-content\/uploads\/2022\/10\/Stroski-intelektualnih-storittev-2021.pdf\">Servizi 2021<\/a><\/li><li><a href=\"https:\/\/okoljepiran.si\/wp-content\/uploads\/2020\/04\/Svetovalne_in_druge_avt_ali_druge_int_stor_2019.pdf\">Servizi 2019<\/a> \u2013 <a href=\"https:\/\/okoljepiran.si\/wp-content\/uploads\/2022\/10\/Stroski-intelektualnih-storittev-2020.pdf\">Servizi 2020<\/a><\/li><\/ul><\/td><\/tr>\n<\/tbody><\/table><\/figure>\n\n\n\n<figure class=\"wp-block-table\"><table><tbody>\n<tr><td colspan=\"2\"><strong>6.d Piani aziendali<\/strong><\/td><\/tr>\n<tr><td>Piani:<\/td><td><ul><li><a href=\"https:\/\/okoljepiran.si\/wp-content\/uploads\/POSLOVNI-NACRT-2024-potrjeno-na-NS-120224.pdf\">Piano aziendale 2024<\/a><\/li><li><a href=\"https:\/\/okoljepiran.si\/wp-content\/uploads\/POSLOVNI-NACRT-2023-4.4.2023.pdf\">Piano aziendale 2023<\/a><\/li><li><a href=\"https:\/\/okoljepiran.si\/wp-content\/uploads\/2022\/11\/POSLOVNI-NACRT-2022-za-RK-in-NS.pdf\">Piano aziendale 2022<\/a> \u2013 <a href=\"https:\/\/okoljepiran.si\/wp-content\/uploads\/2023\/04\/IZJAVA_ZDSMA.pdf\">Dichiarazione ZDSMA<\/a><\/li><\/ul><\/td><\/tr>\n<\/tbody><\/table><\/figure>\n\n\n","protected":false},"excerpt":{"rendered":"<p>1. Dati principali sul catalogo Denominazione dell&#8217;ente: Impresa pubblica OKOLJE Piran, d.o.o. Arze 1b 6330 Piran \u2013 Pirano Il catalogo \u00e8 disponibile all&#8217;indirizzo: www.okoljepiran.si Data della prima pubblicazione del catalogo: 01.09.2005 Data dell&#8217;ultima modifica: 01.09.2005 Altre forme del catalogo: Forma cartacea. 2. Informazioni generali sull&#8217;ente pubblico e sulle informazioni di carattere pubblico in suo possesso [&hellip;]<\/p>\n","protected":false},"author":1,"featured_media":0,"parent":10389,"menu_order":1,"comment_status":"closed","ping_status":"closed","template":"template-page\/pg-childpage.php","meta":{"_acf_changed":false,"footnotes":""},"class_list":["post-10384","page","type-page","status-publish","hentry"],"acf":[],"_links":{"self":[{"href":"https:\/\/okoljepiran.si\/it\/wp-json\/wp\/v2\/pages\/10384","targetHints":{"allow":["GET"]}}],"collection":[{"href":"https:\/\/okoljepiran.si\/it\/wp-json\/wp\/v2\/pages"}],"about":[{"href":"https:\/\/okoljepiran.si\/it\/wp-json\/wp\/v2\/types\/page"}],"author":[{"embeddable":true,"href":"https:\/\/okoljepiran.si\/it\/wp-json\/wp\/v2\/users\/1"}],"replies":[{"embeddable":true,"href":"https:\/\/okoljepiran.si\/it\/wp-json\/wp\/v2\/comments?post=10384"}],"version-history":[{"count":7,"href":"https:\/\/okoljepiran.si\/it\/wp-json\/wp\/v2\/pages\/10384\/revisions"}],"predecessor-version":[{"id":10802,"href":"https:\/\/okoljepiran.si\/it\/wp-json\/wp\/v2\/pages\/10384\/revisions\/10802"}],"up":[{"embeddable":true,"href":"https:\/\/okoljepiran.si\/it\/wp-json\/wp\/v2\/pages\/10389"}],"wp:attachment":[{"href":"https:\/\/okoljepiran.si\/it\/wp-json\/wp\/v2\/media?parent=10384"}],"curies":[{"name":"wp","href":"https:\/\/api.w.org\/{rel}","templated":true}]}}