{"id":10381,"date":"2024-09-18T14:29:06","date_gmt":"2024-09-18T12:29:06","guid":{"rendered":"http:\/\/okoljepiran.razvija.se\/projekt-zdruzena-lucija\/"},"modified":"2024-09-18T14:29:06","modified_gmt":"2024-09-18T12:29:06","slug":"projekt-zdruzena-lucija","status":"publish","type":"page","link":"https:\/\/okoljepiran.si\/it\/attualita\/projekt-zdruzena-lucija\/","title":{"rendered":"Projekt: Zdru\u017eena Lucija"},"content":{"rendered":"<div class=\"gb-container gb-container-2caf3cff\">\n<div class=\"gb-container gb-container-0dfc675f content\">\n\n<h3 class=\"wp-block-heading\">Problematika mirujo\u010dega prometa<\/h3>\n\n\n\n<p>Od na\u010drtovane urbanisti\u010dne zasnove Lucije je preteklo \u017ee ve\u010d kot 50 let in navade prebivalcev so se v tem \u010dasu korenito spremenile, urbanisti\u010dni razvoj pa ni sledil potrebam krajanov. \u0160tevilo osebnih vozil na gospodinjstvo se je podvojilo, ponekod celo potrojilo in kot posledica tega je veliko pomanjkanje parkirnih mest. Dodatno obremenitev v \u010dasu turisti\u010dne sezone predstavljajo \u0161e obiskovalci.<\/p>\n\n\n\n<p>Stanovanjski stolpi\u010di ob cesti Obala so bili zgrajeni v prvi polovici 60-ih let prej\u0161njega stoletja. Na\u010drt za gradnjo stanovanjskih blokov v Luciji je predvideval umestitev blokov v vrtno parkovno ureditev z dovoznimi potmi in mre\u017eo pe\u0161poti na celotnem obmo\u010dju, slede\u010d na\u010delom vrtnega mesta. Raba parkovnih povr\u0161in je bila skupna, individualne povr\u0161ine niso bile predvidene. (vir: Izvid in mnenje urbanisti\u010dne stroke, Ugotovitev pripadajo\u010dega zemlji\u0161\u010da k stavbam z naslovi Obala 93, Obala 97 in Obala 99, izdelala: dr.Manca Plazar, u.d.i.a., Lucija, 9. 8. 2021)<\/p>\n\n\n\n<p>V zazidalnem na\u010drtu Lucija I \u2013 nadaljevanje, ki ga je izdelala SGP Stavbenik \u2013 TOZD PKB Koper pod \u0161tevilko SI-17 z dne februar 1984, je kot njegov sestavni del tudi analiza stanja, kjer kot eno klju\u010dnih te\u017eav navajajo mirujo\u010di promet v stanovanjskih obmo\u010djih, kjer so parkiri\u0161\u010da preskromno dimenzionirana, zaradi \u010desar so ulice polne vozil, kar ob\u010dutno ovira promet. Analiza \u0161e poka\u017ee, da je bila Lucija leta 1984 dokaj dobro povezana s prometnicami, nekoliko slab\u0161e pa s pe\u0161potmi.<\/p>\n\n\n\n<p>Iz primerjave grafi\u010dnih prikazov zunanjih ureditev blokov v Luciji, prvi iz 60-ih in drugi iz 80-ih let, vidimo, da je pomanjkanje parkirnih mest privedlo do pove\u010danja parkirnih povr\u0161in na ra\u010dun kvalitetnih zelenih povr\u0161in. Razvoj prostora se je vedno bolj oddaljeval od \u00bbvrtnega mesta\u00ab. Stanje se je v naslednjih \u0161tirih desetletjih le \u0161e poslab\u0161alo, eskalira pa v poletni sezoni, predvsem ob ve\u010djih prireditvah v Luciji in Portoro\u017eu, ko so zaparkirane tudi vse zelene in pe\u0161\u010deve povr\u0161ine, kar dodatno ovira varnost pe\u0161cev in kolesarjev. Ob ve\u010djih dru\u017eabnih dogodkih prihaja do prometnega kolapsa po celem Portoro\u017eu in Luciji. Ustvarijo se ve\u010durni prometni zama\u0161ki, ki ohromijo celotni promet, kot tudi dostope za intervencije (policija, gasilci, re\u0161evalci).<\/p>\n\n\n\n<p>Na obmo\u010dju Lucije se trenutno nahaja le eno obmo\u010dje, ki ob kriti\u010dnih dogodkih zagotavlja parkiranje vozil obiskovalcev, makadamsko parkiri\u0161\u010de ob vstopu v Marino Portoro\u017e. To je makadamsko parkiri\u0161\u010de na parceli \u0161t.5528\/35 k.o. Portoro\u017e v lasti podjetja Terme \u010cate\u017e d.d., za katero je izdelan OPPN Termalna riviera. To pomeni, da to obmo\u010dje ob marini Portoro\u017e v prihodnosti ne bo ve\u010d na razpolago, saj bo zasebni investitor na tej lokaciji realiziral druge vsebine.<\/p>\n\n\n\n<p><strong>Za ureditev nevzdr\u017enih razmer na podro\u010dju mirujo\u010dega prometa je potrebno nujno zgraditi novo javno gara\u017eno hi\u0161o, ki bo zagotavljala zadostno \u0161tevilo parkirnih mest za stanovalce in&nbsp;<\/strong><strong>obiskovalce in bo imela multiplikativne pozitivne u\u010dinke.<\/strong><\/p>\n\n\n\n<p>V sklopu gara\u017ene hi\u0161e z urejenimi zelenih povr\u0161inami se bo stanovalcem blokov severno in ju\u017eno ob regionalni cesti zagotovilo parkirna mesta ter omogo\u010dilo varno prehajanje iz spodnje v zgornjo Lucijo in obratno.<\/p>\n\n\n\n<p>Zelene povr\u0161ine, urejene ob pe\u0161 in kolesarskih povezavah, pomembno prispevajo h kakovosti, varnosti in prijetnosti povezav, pove\u010dujejo privla\u010dnost za njihovo uporabo, zagotavljajo bolj\u0161o mikroklimo in poleti zmanj\u0161ujejo u\u010dinek toplotnega otoka.<\/p>\n\n\n<div class=\"wp-block-image\">\n<figure class=\"aligncenter\"><a href=\"https:\/\/okoljepiran.si\/wp-content\/uploads\/2022\/11\/ZDRUZENA-LUCIJA-predstavitev-1.jpg\"><img decoding=\"async\" src=\"https:\/\/okoljepiran.si\/wp-content\/uploads\/2022\/11\/ZDRUZENA-LUCIJA-predstavitev-1.jpg\" alt=\"\" class=\"wp-image-6974\"\/><\/a><\/figure>\n<\/div>\n\n\n<h3 class=\"wp-block-heading\">Obstoje\u010de stanje in uporabni vidik pe\u0161ca<\/h3>\n\n\n\n<p>Naselje Lucija se soo\u010da z urbanisti\u010dnim zastojem in postopno prostorsko degradacijo, ki traja \u017ee ve\u010d desetletij. Vedno bolj je pere\u010da problematika pomanjkanja parkirnih mest za ob\u010dane, pomanjkanje zelenih urbanih povr\u0161in in centralnih povr\u0161in za dru\u017eabno \u017eivljenje. Potrebne so korenite spremembe v prostoru, da bo naselju Lucija omogo\u010den urbani razvoj s poudarkom na pe\u0161cu in kolesarju prijaznih ter varnih povr\u0161inah.<\/p>\n\n\n\n<p>Nova \u00bbHC Jagodje \u2013 Lucija\u00ab ne bo v funkciji tranzitne ceste, temve\u010d v funkciji povezovalne ceste Ankaran \u2013 Koper \u2013 Izola \u2013 Lucija.<\/p>\n\n\n\n<p>Iz poznavanja navad lokalnega prebivalstva in prometnih migracij \u0161ir\u0161ega obmo\u010dja je mogo\u010de gotovo pri\u010dakovati pozitivni u\u010dinek optimizacije projekta \u00bbHC Jagodje \u2013 Lucija\u00ab iz \u0161tiripasovnice v dvopasovnico, z ukinitvijo prometa na odseku regionalne ceste, ki poteka skozi naselje Lucija. Izkoristiti je potrebno ponujeno prilo\u017enost in na mestu odseka regionalne ceste, ki deli Lucijo na dva dela, spodnjo in zgornjo, zgraditi podzemno ve\u010d-eta\u017eno parkiri\u0161\u010de, nad njim pa urediti kakovostne zelene povr\u0161ine, ki bi povezale Lucijo in predstavljale njen novi \u00bbCentralni park Lucija\u00ab.<\/p>\n\n\n<div class=\"wp-block-image\">\n<figure class=\"aligncenter\"><a href=\"https:\/\/okoljepiran.si\/wp-content\/uploads\/2022\/11\/ZDRUZENA-LUCIJA-predstavitev-4.jpg\"><img decoding=\"async\" src=\"https:\/\/okoljepiran.si\/wp-content\/uploads\/2022\/11\/ZDRUZENA-LUCIJA-predstavitev-4.jpg\" alt=\"\" class=\"wp-image-6975\"\/><\/a><\/figure>\n<\/div>\n\n\n<p>Naselje Lucija je iz prostorskega vidika fizi\u010dno razdeljeno na dva dela. Naselje deli regionalna cesta Valeta \u2013 Se\u010dovlje, ki onemogo\u010da normalno pe\u0161 in kolesarsko prehajanje prebivalcev Lucije. Kljub majhni zra\u010dni razdalji, se zaradi \u00bbglavne ceste\u00ab, kot jo imenujejo Lucij\u010dani, prebivalci poslu\u017eujejo dalj\u0161e vo\u017enje z avtomobili.<\/p>\n\n\n\n<p>Iz zgornje Lucije (nad regionalno cesto) se vozijo po opravkih v zdravstveni dom, lekarno, po\u0161to, banko, upravno enoto, itd. Prebivalci iz spodnjega dela Lucije pa svoje otroke vozijo v \u0161olo in vrtec v zgornji del Lucije, saj je njihova pot v edino osnovno \u0161olo in vrtec na obmo\u010dju Lucije z vidika pe\u0161ca zelo nevarna. Edina varna pot je improvizirana neprimerna lesena brv \u010dez kanal Fazan brez uporabnega dovoljenja, ki jo ob visokem pretoku poplavlja.<\/p>\n\n\n\n<p>Ob\u010dani se za dostope do javnih servisov poslu\u017eujejo vozil, ki \u0161e dodatno zgo\u0161\u010dujejo promet na obmo\u010djih, kjer je \u017ee tako zgo\u0161\u010den zaradi pomanjkanja parkirnih mest.<\/p>\n\n\n\n<p>Pe\u0161ec lahko pre\u010dka regionalno cesto na treh lokacijah, in sicer pod podvozom na Podvozni cesti, po brvi \u010dez kanal Fazan ob Fazanski ulici in \u010dez novo urejeno kro\u017ei\u0161\u010de na regionalni cesti.<\/p>\n\n\n\n<p>Brv \u010dez kanal Fazan najpogosteje uporabljajo \u0161olarji, veliko pa je tudi vrt\u010devskih otrok, ki brv pre\u010dkajo s svojimi spremljevalci, star\u0161i ali starimi star\u0161i. Pot ob Fazanu je slikovita zaradi pestrega habitata, vendar je ob vsakem ve\u010djem nalivu neprehodna (poplavljena).<\/p>\n\n\n<div class=\"wp-block-image\">\n<figure class=\"aligncenter\"><a href=\"https:\/\/okoljepiran.si\/wp-content\/uploads\/2022\/11\/ZDRUZENA-LUCIJA-predstavitev-3.jpg\"><img decoding=\"async\" src=\"https:\/\/okoljepiran.si\/wp-content\/uploads\/2022\/11\/ZDRUZENA-LUCIJA-predstavitev-3.jpg\" alt=\"\" class=\"wp-image-6976\"\/><\/a><\/figure>\n<\/div>\n\n\n<h3 class=\"wp-block-heading\">Predlagana re\u0161itev<\/h3>\n\n\n\n<p>Hitra cesta Jagodje-Lucija je povezovalna cesta somestja, ki povezuje Koper, Izolo, Portoro\u017e in Lucijo. Na razcepu HC na Liminjanu se bo HC razdelila na dva dvopasovna kraka, in sicer na krak, ki bo oskrboval Piran, Portoro\u017e in Strunjan ter na krak, ki bo oskrboval Lucijo, Se\u010do in Se\u010dovlje.<\/p>\n\n\n\n<p>Potekajo dogovarjanja za spremembe prometnih re\u0161itev, ki predvidevajo, da bo tranzitni promet proti Hrva\u0161ki potekal po \u0161tiri pasovni hitri cesti Koper-\u0160marje-Dragonja. HC Jagodje Lucija pa bo skladno z dogovori postala dvopasovna cesta somestja Ankaran, Koper, Izola, Piran.<\/p>\n\n\n\n<p>Ob na\u010drtovanju optimizacije HC Jagodje-Lucija je nujno potrebno vzeti v obzir tudi spremembe, ki jih bodo s seboj prinesli spremenjeni prometni tokovi. Neizogibna posledica je, da se bo z izgradnjo HC Jagodje-Lucija bistveno spremenil prometni re\u017eim in prometni tokovi na obmo\u010dju piranske ob\u010dine, za kar bo potrebno izpeljati v nadaljevanju predlagano re\u0161itev.<\/p>\n\n\n<div class=\"wp-block-image\">\n<figure class=\"aligncenter\"><a href=\"https:\/\/okoljepiran.si\/wp-content\/uploads\/2022\/11\/ZDRUZENA-LUCIJA-predstavitev-5.jpg\"><img decoding=\"async\" src=\"https:\/\/okoljepiran.si\/wp-content\/uploads\/2022\/11\/ZDRUZENA-LUCIJA-predstavitev-5.jpg\" alt=\"\" class=\"wp-image-6977\"\/><\/a><\/figure>\n<\/div>\n\n\n<p>Predlog je, da se v sklopu optimizacije projekta HC Jagodje-Lucija ukine odsek regionalne ceste \u0161t.0239, glavna cesta II reda, Valeta-Se\u010dovlje, v dol\u017eini cca 530m, od izvoza na Podvozno cesto pa vse do kro\u017ei\u0161\u010da v Luciji, saj ta odsek ne bo ve\u010d potreben.<\/p>\n\n\n\n<p>Na lokaciji ukinjenega priklju\u010dka se bo tako sprostilo \u0161ir\u0161e obmo\u010dje velikosti cca. 2ha, na katerem se predvidi nova prometna ureditev, zelene javne povr\u0161ine na koti terena ter podzemni vkopani objekt za namen gara\u017ene hi\u0161e za prebivalce Ulice XXX divizije, Ukmarjeve ulice, Podvozne ceste, Liminjanske ceste, Fazanske ulice in \u0160olske ulice. Na \u0161ir\u0161em obmo\u010dju se lahko predvidi tudi izgradnja posameznih objektov za razli\u010dne namene.<\/p>\n\n\n\n<p>Objekt bo predviden delno vkopane izvedbe z dvema dostopoma oziroma vhodoma\/izhodoma za vozila v GH. Na severni strani se bo v objekt dostopalo z regionalne ceste Valeta-Se\u010dovlje, kjer se pred vhodom v objekt predvidi novo kro\u017ei\u0161\u010de od koder bo tudi nov uvoz\/izvoz za Lucijo. S postavitvijo novega kro\u017ei\u0161\u010da se bo uredilo dvosmerno dostopanje do naselja Lucija, kar bo predstavljalo bistveno spremembo in izbolj\u0161anje prometnih tokov.<\/p>\n\n\n\n<p>Na ju\u017eni strani pa se predvidi uvoz\/izvoz v objekt preko obstoje\u010dega cestnega priklju\u010dka v dol\u017eini cca. 130m, in sicer za potokom Fazan. Celotno obmo\u010dje od ju\u017enega kro\u017ei\u0161\u010da v Luciji pa vse do novega predvidenega objekta se uredi v primerno zeleno urbano okolje.<\/p>\n\n\n\n<p>S predlagano spremembo se bo tudi Portoro\u017e razbremenil dnevnih migracij na lokaciji Piran-Lucija po cesti Obala.<\/p>\n\n\n\n<p>Na lokaciji ukinjene ceste se predvidi nov, delno vkopan objekt dol\u017eine cca 350m in \u0161irine cca. 34m, eta\u017enosti K2+K1+P, ki bo lociran od novega kro\u017ei\u0161\u010da nad Podvozno cesti na severu pa vse do potoka Fazan, ki pre\u010dka sedanjo regionalno cesto na ju\u017enem delu.<\/p>\n\n\n\n<p>V objektu se predvidi prostore za javni program ter troeta\u017eno gara\u017eno hi\u0161o z ocenjeno kapaciteto do 1000 PM, na nivoju terena pa se uredi novo zeleno urbano okolje. Gara\u017ena hi\u0161a bo tako zado\u0161\u010dala potrebam stanovalcev v \u0161ir\u0161i okolici. Del vkopanega objekta bo lahko namenjen tudi drugim mestotvornim dejavnostim. Zemljina od izkopa za objekt gara\u017ene hi\u0161e bo ponovno uporabljena za nasip\/nasutje parkovne ureditve.<\/p>\n\n\n\n<p>Z ureditvijo obmo\u010dja se bo severni del Lucije povezal z ju\u017enim ter tako omogo\u010dil prosti pe\u0161 in kolesarski prehod ter dostop do javnih servisov (upravna enota, banka, zdravstveni dom, po\u0161ta\u2026), ki se prete\u017eno nahajajo na ulici Obala. Preko objekta gara\u017ene hi\u0161e bodo predvideni prehodi za pe\u0161ce, invalide in kolesarje.<\/p>\n\n\n\n<p><strong>Z optimizacijo HC Jagodje-Lucija in predlagano re\u0161itvijo pridobimo:<\/strong><\/p>\n\n\n\n<ul class=\"wp-block-list\">\n<li>hitrej\u0161e in kraj\u0161e cestne povezave na relaciji Piran-Portoro\u017e-Lucija (predvsem zaradi vpliva novega kro\u017ei\u0161\u010da nad Podvozno cesto);<\/li>\n\n\n\n<li>novo javno gara\u017eno hi\u0161o z do 900 parkirnimi mesti;<\/li>\n\n\n\n<li>nove parkovne povr\u0161ine v centralnemu parku na obmo\u010dju stanovanjskih blokov med Ulico Obala, Podvozno cesto, Ulico XXX. divizije, Fazansko ulico ter obstoje\u010do regionalno cesto. Parkiri\u0161\u010da med bloki se ukine ter na njihovem mestu se uredi zelene oaze;<\/li>\n\n\n\n<li>javne zelene povr\u0161ine z mre\u017eo kolesarskih in pe\u0161poti;<\/li>\n\n\n\n<li>nov center za dru\u017eenje, ki ga mesto Lucija nima;<\/li>\n\n\n\n<li>ureditev potoka Fazan \u2013 vodni ambient z mostovi v sklopu novega centralnega parka;<\/li>\n\n\n\n<li>pozitivni u\u010dinek zmanj\u0161evanja pregrevanja, izbolj\u0161ana mikroklima, prostor za po\u010ditek v senci;<\/li>\n\n\n\n<li>potreba po avtomobilih se bo za prebivalce v Luciji zmanj\u0161ala, saj bo vsi javni servisi dostopni pe\u0161;<\/li>\n\n\n\n<li>kraj\u0161a razdalja pe\u0161 poti do javnih servisov, trgovin\u2026<\/li>\n\n\n\n<li>nove varne pe\u0161 in kolesarske poti skozi nov centralni park.<\/li>\n<\/ul>\n\n\n\n<h3 class=\"wp-block-heading\">Prometna ureditev z ukinitvijo odseka regionalne ceste Valeta &#8211; Se\u010dovlje<\/h3>\n\n\n\n<p>Z ukinitvijo cestnega odseka Valeta \u2013 Se\u010dovlje v dol\u017eini 530m in postavitvijo novega kro\u017ei\u0161\u010da na zaklju\u010dku odseka, se bo v Lucijo dostopalo preko novega dodatnega uvoza\/izvoza na lokaciji Podvozne ceste, kar bo bistveno izbolj\u0161alo prometne tokove in razbremenilo \u0161ir\u0161e obmo\u010dje.<\/p>\n\n\n\n<p>Dostopi do pode\u017eelja in dnevne migracije ob ukinitvi odseka regionalne ceste ne bodo trpeli negativnih posledic, saj bodo omogo\u010deni novi, hitrej\u0161i dostopi.<\/p>\n\n\n\n<p>Relacija Piran \u2013 Lucija (preko Koprske ceste) bo bistveno hitrej\u0161a in mogo\u010da preko dveh dostopov. V zahodni del Lucije se bo dostopalo preko hitre ceste, v vzhodni del pa preko ceste Valeta \u2013 Lucija z izvozom na novo predvidenem kro\u017ei\u0161\u010du.<\/p>\n\n\n\n<p>Parkiri\u0161\u010da okrog okoli\u0161kih blokov bodo ukinjena. Nadomestile jih bodo zelene povr\u0161ine, ki bodo urejene kot zaklju\u010dena zelena urbana oaza.<\/p>\n\n\n\n<p>S pove\u010danjem zelenih povr\u0161in na obmo\u010dju se bo spremenila tudi mikroklima, kar pomeni prijazno okolje za pre\u017eivljanje prostega \u010dasa v vro\u010dih poletjih.<\/p>\n\n\n\n<figure class=\"wp-block-image\"><a href=\"https:\/\/okoljepiran.si\/wp-content\/uploads\/2022\/09\/ZDRUZENA-LUCIJA-4-scaled.jpg\"><img decoding=\"async\" src=\"https:\/\/okoljepiran.si\/wp-content\/uploads\/2022\/09\/ZDRUZENA-LUCIJA-4-scaled.jpg\" alt=\"\" class=\"wp-image-6687\"\/><\/a><\/figure>\n\n\n\n<figure class=\"wp-block-image\"><a href=\"https:\/\/okoljepiran.si\/wp-content\/uploads\/2022\/09\/ZDRUZENA-LUCIJA-5-scaled.jpg\"><img decoding=\"async\" src=\"https:\/\/okoljepiran.si\/wp-content\/uploads\/2022\/09\/ZDRUZENA-LUCIJA-5-scaled.jpg\" alt=\"\" class=\"wp-image-6688\"\/><\/a><\/figure>\n\n\n\n<h3 class=\"wp-block-heading\">Zaklju\u010dek<\/h3>\n\n\n\n<p>Z optimizacijo projekta hitre ceste in realizacijo predlagane spremembe projekta se bo prometno razbremenilo del Lucije ter obenem pridobilo zelene povr\u0161ine, ki bodo predstavljale prostor za oddih in prosti \u010das.<\/p>\n\n\n\n<p>Novo obmo\u010dje nad vkopanim objektom z urejeno okolico bo postalo novi center Lucije v obliki lokalnega parka. Park bo slu\u017eil potrebam lokalnih prebivalcev in bo namenjen prosto\u010dasnim dejavnostim, igri in dru\u017eenju vseh starostnih skupin. V sklopu novega centra Lucije se bo uredil novi park habitat okrog potoka Fazan z ureditvijo bre\u017ein, zasaditvami in novo urbano opremo. Novi mostovi \u010dez potok Fazan bodo omogo\u010dali prehajanja na ve\u010d mestih.<\/p>\n\n\n\n<p>Brez izvedbe projekta HC Jagodje-Lucija pa ne bo mo\u017eno izvesti predlagane re\u0161itve, ki bo omogo\u010dila Luciji nadaljnji prostorski razvoj. Nadalje bo morala tudi Republika Slovenija (DRSC) prenesti lastni\u0161tvo ter upravljanje omenjenega obmo\u010dja na Ob\u010dino Piran, ki bo z obmo\u010djem javnega parka in javne gara\u017ene hi\u0161e tudi upravljala.<\/p>\n\n\n\n<p>Predvidena ureditev bo generirala nov center v naselju Lucija, kjer se bodo odvijali dru\u017eabni dogodki, izvajale \u0161portne aktivnosti, otro\u0161ka igri\u0161\u010da, zelena oaza in druge aktivnosti.<\/p>\n\n\n\n<figure class=\"wp-block-image\"><a href=\"https:\/\/okoljepiran.si\/wp-content\/uploads\/2022\/09\/ZDRUZENA-LUCIJA-6-scaled.jpg\"><img decoding=\"async\" src=\"https:\/\/okoljepiran.si\/wp-content\/uploads\/2022\/09\/ZDRUZENA-LUCIJA-6-scaled.jpg\" alt=\"\" class=\"wp-image-6689\"\/><\/a><\/figure>\n\n\n\n<figure class=\"wp-block-image\"><a href=\"https:\/\/okoljepiran.si\/wp-content\/uploads\/2022\/09\/ZDRUZENA-LUCIJA-7-scaled.jpg\"><img decoding=\"async\" src=\"https:\/\/okoljepiran.si\/wp-content\/uploads\/2022\/09\/ZDRUZENA-LUCIJA-7-scaled.jpg\" alt=\"\" class=\"wp-image-6690\"\/><\/a><\/figure>\n\n\n\n<figure class=\"wp-block-image\"><a href=\"https:\/\/okoljepiran.si\/wp-content\/uploads\/2022\/09\/ZDRUZENA-LUCIJA-8-scaled.jpg\"><img decoding=\"async\" src=\"https:\/\/okoljepiran.si\/wp-content\/uploads\/2022\/09\/ZDRUZENA-LUCIJA-8-scaled.jpg\" alt=\"\" class=\"wp-image-6691\"\/><\/a><\/figure>\n\n<\/div>\n<\/div>","protected":false},"excerpt":{"rendered":"<p>Zdru\u017eena Lucija &#8211; Mesto prihodnosti kot posledica optimizacije projekta HC Jagodje \u2013 Lucija\u201d\u00a0je idejni predlog za ureditev novih javnih zelenih povr\u0161in in podzemne gara\u017ene hi\u0161e, ki pokriva potrebe parkiranja okoli\u0161kih prebivalcev in obiskovalcev.<\/p>\n","protected":false},"author":1,"featured_media":1546,"parent":10397,"menu_order":0,"comment_status":"closed","ping_status":"closed","template":"","meta":{"_acf_changed":false,"footnotes":""},"class_list":["post-10381","page","type-page","status-publish","has-post-thumbnail","hentry"],"acf":[],"_links":{"self":[{"href":"https:\/\/okoljepiran.si\/it\/wp-json\/wp\/v2\/pages\/10381","targetHints":{"allow":["GET"]}}],"collection":[{"href":"https:\/\/okoljepiran.si\/it\/wp-json\/wp\/v2\/pages"}],"about":[{"href":"https:\/\/okoljepiran.si\/it\/wp-json\/wp\/v2\/types\/page"}],"author":[{"embeddable":true,"href":"https:\/\/okoljepiran.si\/it\/wp-json\/wp\/v2\/users\/1"}],"replies":[{"embeddable":true,"href":"https:\/\/okoljepiran.si\/it\/wp-json\/wp\/v2\/comments?post=10381"}],"version-history":[{"count":0,"href":"https:\/\/okoljepiran.si\/it\/wp-json\/wp\/v2\/pages\/10381\/revisions"}],"up":[{"embeddable":true,"href":"https:\/\/okoljepiran.si\/it\/wp-json\/wp\/v2\/pages\/10397"}],"wp:featuredmedia":[{"embeddable":true,"href":"https:\/\/okoljepiran.si\/it\/wp-json\/wp\/v2\/media\/1546"}],"wp:attachment":[{"href":"https:\/\/okoljepiran.si\/it\/wp-json\/wp\/v2\/media?parent=10381"}],"curies":[{"name":"wp","href":"https:\/\/api.w.org\/{rel}","templated":true}]}}