{"id":10380,"date":"2024-09-23T15:24:31","date_gmt":"2024-09-23T13:24:31","guid":{"rendered":"http:\/\/okoljepiran.razvija.se\/zakonodaja\/"},"modified":"2026-03-05T15:51:35","modified_gmt":"2026-03-05T14:51:35","slug":"legislazione","status":"publish","type":"page","link":"https:\/\/okoljepiran.si\/it\/legislazione\/","title":{"rendered":"Legislazione"},"content":{"rendered":"<div class=\"gb-container gb-container-dbbfdd97\">\n\n<h2 class=\"wp-block-heading\" id=\"gestione-rifiuti\">Gestione rifiuti<\/h2>\n\n<\/div>\n\n\n<ul class=\"wp-block-list\">\n<li><a href=\"http:\/\/www.lex-localis.info\/KatalogInformacij\/VsebinaDokumenta.aspx?SectionID=6d562922-0a0c-41b2-9391-8dc44a66a9e0\" target=\"_blank\" rel=\"noreferrer noopener\">Odlok o ravnanju s komunalnimi odpadki v ob\u010dini Piran UL RS \u0161t 5 2012<\/a><\/li>\n\n\n\n<li><a href=\"http:\/\/www.lex-localis.info\/KatalogInformacij\/VsebinaDokumenta.aspx?SectionID=46fde733-0815-4ec8-ae28-fe9c9ec66ffc\" target=\"_blank\" rel=\"noreferrer noopener\">Tehni\u010dni pravilnik o zbiranju in prevozu komunalnih odpadkov v Ob\u010dini Piran &nbsp;UL RS \u0161t66 2012<\/a><\/li>\n\n\n\n<li><a href=\"http:\/\/www.lex-localis.info\/KatalogInformacij\/VsebinaDokumenta.aspx?SectionID=583d5e11-3091-4c31-b8e4-4bd6df648cf4\" target=\"_blank\" rel=\"noreferrer noopener\">Pravilnik o tarifnem sistemu za obra\u010dun storitev ravnanja z odpadki v Ob\u010dini Piran UL RS \u0161t66 2012<\/a><\/li>\n\n\n\n<li><a href=\"https:\/\/www.uradni-list.si\/1\/objava.jsp?sop=2021-01-1609\" target=\"_blank\" rel=\"noreferrer noopener\">Pravilnik o brezpla\u010dnem prevzemu azbestnih odpadkov na obmo\u010dju ob\u010dine Piran (maj 2021)<\/a><\/li>\n\n\n\n<li><a href=\"https:\/\/okoljepiran.si\/wp-content\/uploads\/2015\/02\/Na%C4%8Drt-zbiranja-odpadkov-v-ob%C4%8Dini-Piran-JP-OKOLJE-Piran-d.o.o.-maj-2017.pdf\" target=\"_blank\" rel=\"noreferrer noopener\">Na\u010drt zbiranja odpadkov v ob\u010dini Piran JP OKOLJE Piran, d.o.o. maj 2017<\/a><\/li>\n\n\n\n<li><a href=\"https:\/\/okoljepiran.si\/wp-content\/uploads\/2015\/02\/Sklep-%C5%BDupana-Na%C4%8Drt-zbiranja-odpadkov-v-ob%C4%8Dini-Piran-2017.pdf\" target=\"_blank\" rel=\"noreferrer noopener\">Sklep \u017dupana Na\u010drt zbiranja odpadkov v ob\u010dini Piran 2017<\/a><\/li>\n\n\n\n<li><a href=\"https:\/\/okoljepiran.si\/wp-content\/uploads\/2020\/11\/Priloga-1-LETNI-PROGRAM-ZBIRANJA-ODPADKOV-V-OBCINI-PIRAN-ZA-LETO-2017.pdf\" target=\"_blank\" rel=\"noreferrer noopener\">Priloga 1 \u2013 LETNI PROGRAM ZBIRANJA ODPADKOV V OB\u010cINI PIRAN ZA LETO 2017<\/a><\/li>\n\n\n\n<li><a href=\"https:\/\/okoljepiran.si\/wp-content\/uploads\/2020\/11\/Priloga-1a-Program-locenega-zbiranja-kosovnih-odpadkov-za-leto-2017.pdf\" target=\"_blank\" rel=\"noreferrer noopener\">Priloga 1a \u2013 Program lo\u010denega zbiranja kosovnih odpadkov za leto 2017<\/a><\/li>\n\n\n\n<li><a href=\"https:\/\/okoljepiran.si\/wp-content\/uploads\/2020\/11\/Program-zbiranja-nevarnih-odpadkov-iz-gospodinjstev-za-leto-2017.pdf\" target=\"_blank\" rel=\"noreferrer noopener\">Priloga 1b \u2013 Program zbiranja nevarnih odpadkov iz gospodinjstev za leto 2017<\/a><\/li>\n\n\n\n<li><a href=\"https:\/\/okoljepiran.si\/wp-content\/uploads\/2015\/02\/Priloga-2-LIST-1-PIRAN-PORTOROZ.pdf\" target=\"_blank\" rel=\"noreferrer noopener\">Priloga 2 \u2013 LIST 1 \u2013 PIRAN PORTOROZ<\/a><\/li>\n\n\n\n<li><a href=\"https:\/\/okoljepiran.si\/wp-content\/uploads\/2015\/02\/Priloga-2-LIST-2-STRUNJAN.pdf\" target=\"_blank\" rel=\"noreferrer noopener\">Priloga 2 \u2013 LIST 2 \u2013 STRUNJAN<\/a><\/li>\n\n\n\n<li><a href=\"https:\/\/okoljepiran.si\/wp-content\/uploads\/2015\/02\/Priloga-2-LIST-3-LUCIJA.pdf\" target=\"_blank\" rel=\"noreferrer noopener\">Priloga 2 \u2013 LIST 3 \u2013 LUCIJA<\/a><\/li>\n\n\n\n<li><a href=\"https:\/\/okoljepiran.si\/wp-content\/uploads\/2015\/02\/Priloga-2-LIST-4-SECA-VINJOLE.pdf\" target=\"_blank\" rel=\"noreferrer noopener\">Priloga 2 \u2013 LIST 4 \u2013 SECA VINJOLE<\/a><\/li>\n\n\n\n<li><a href=\"https:\/\/okoljepiran.si\/wp-content\/uploads\/2015\/02\/Priloga-2-LIST-5-PARECAG.pdf\" target=\"_blank\" rel=\"noreferrer noopener\">Priloga 2 \u2013 LIST 5 \u2013 PARECAG<\/a><\/li>\n\n\n\n<li><a href=\"https:\/\/okoljepiran.si\/wp-content\/uploads\/2015\/02\/Priloga-2-LIST-6-SECOVLJE.pdf\" target=\"_blank\" rel=\"noreferrer noopener\">Priloga 2 \u2013 LIST 6 \u2013 SECOVLJE<\/a><\/li>\n\n\n\n<li><a href=\"https:\/\/okoljepiran.si\/wp-content\/uploads\/2015\/02\/Priloga-2-LIST-7-DRAGONJA-IN-SvPETER.pdf\" target=\"_blank\" rel=\"noreferrer noopener\">Priloga 2 \u2013 LIST 7 \u2013 DRAGONJA IN SvPETER<\/a><\/li>\n\n\n\n<li><a href=\"https:\/\/okoljepiran.si\/wp-content\/uploads\/2015\/02\/Priloga-2-LIST-8-NOVA-VAS-IN-PADNA.pdf\" target=\"_blank\" rel=\"noreferrer noopener\">Priloga 2 \u2013 LIST 8 \u2013 NOVA VAS IN PADNA<\/a><\/li>\n\n\n\n<li><a href=\"https:\/\/okoljepiran.si\/wp-content\/uploads\/2015\/02\/02_01_Klasifikacijska-%C5%A1t-odpadkov-Priloga-1-kon%C4%8Dna-tehni%C4%8Dni-pravilnik-07052012.pdf\" target=\"_blank\" rel=\"noreferrer noopener\">Klasifikacijska \u0161t odpadkov Priloga 1 kon\u010dna tehni\u010dni pravilnik 07052012<\/a><\/li>\n<\/ul>\n\n\n\n<div style=\"height:40px\" aria-hidden=\"true\" class=\"wp-block-spacer\"><\/div>\n\n\n<div class=\"gb-container gb-container-7bb2ca2b\">\n\n<h2 class=\"wp-block-heading\" id=\"parcheggi-e-trasporti\">Parcheggi e trasporti<\/h2>\n\n<\/div>\n\n\n<ul class=\"wp-block-list\">\n<li><a href=\"https:\/\/okoljepiran.si\/wp-content\/uploads\/2021\/06\/parkirni-Red-Za-Parkirisca-v-upravljanju.pdf\">Parkirini red za uporabo parkiri\u0161\u010d<\/a><\/li>\n\n\n\n<li><a href=\"https:\/\/okoljepiran.si\/wp-content\/uploads\/2026\/02\/Splosni-prevozni-pogoji-za-prevoz-malih-zivali-v-prevozu-potnikov-2026-IT.pdf\">Condizioni generali di trasporto per il trasporto di piccoli animali nel trasporto passeggeri (2026)<\/a><\/li>\n\n\n\n<li><a href=\"https:\/\/okoljepiran.si\/wp-content\/uploads\/2021\/06\/parkirni-Red-Za-Parkirisca-v-upravljanju.pdf\">Hi\u0161ni red parkiri\u0161\u010d<\/a><\/li>\n\n\n\n<li><a href=\"https:\/\/okoljepiran.si\/cenik\/cenik-parkiranja\/\" target=\"_blank\" rel=\"noreferrer noopener\">Cenik parkiranja<\/a><\/li>\n\n\n\n<li><a href=\"https:\/\/okoljepiran-si.translate.goog\/wp-content\/uploads\/2020\/10\/Sklep-o-dolocitvi-placljivih-parkirisc-in-tarif-za-parkirnine-na-obmocju-obcine-Piran-st.-354-9-2020-z-dne-24.-9.-2020.pdf?_x_tr_sl=sl&amp;_x_tr_tl=it&amp;_x_tr_hl=en&amp;_x_tr_pto=wapp\" target=\"_blank\" rel=\"noreferrer noopener\">Delibera riguardante la definizione dei parcheggi a pagamento e delle tariffe per i parcheggi sul territorio del Comune di Pirano (16 ottobre 2020)<\/a><\/li>\n\n\n\n<li><a href=\"https:\/\/translate.google.com\/website?sl=sl&amp;tl=it&amp;hl=en&amp;client=webapp&amp;u=https:\/\/www.uradni-list.si\/glasilo-uradni-list-rs\/vsebina\/2023-01-2564\/sklep-o-spremembi-sklepa-o-dolocitvi-placljivih-parkirisc-in-tarif-za-parkirnine-na-obmocju-obcine-piran\" target=\"_blank\" rel=\"noreferrer noopener\">Determina di modifica della Delibera riguardante la definizione dei parcheggi a pagamento e delle tariffe per i parcheggi sul territorio del Comune di Pirano (28 luglio 2023)<\/a><\/li>\n\n\n\n<li><a href=\"https:\/\/www.uradni-list.si\/glasilo-uradni-list-rs\/vsebina\/2024-01-0368\/sklep-o-dolocitvi-placljivih-parkirisc-in-tarif-za-parkirnine-na-obmocju-obcine-piran\" target=\"_blank\" rel=\"noreferrer noopener\">Determina riguardante la definizione dei parcheggi a pagamento e delle tariffe per i parcheggi sul territorio del Comune di Pirano (16 febbraio 2024)<\/a><\/li>\n\n\n\n<li><a href=\"https:\/\/www.uradni-list.si\/glasilo-uradni-list-rs\/vsebina\/2024-01-3579\/sklep-o-spremembi-sklepa-o-dolocitvi-placljivih-parkirisc-in-tarif-za-parkirnine-na-obmocju-obcine-piran\" target=\"_blank\" rel=\"noreferrer noopener\">Delibera di modifica alla delibera riguardante la definizione dei parcheggi a pagamento e delle tariffe per i parcheggi sul territorio del Comune di Pirano (20 dicembre 2024)<\/a><\/li>\n\n\n\n<li><a href=\"https:\/\/www.uradni-list.si\/1\/objava.jsp?sop=2025-01-1957\" target=\"_blank\" rel=\"noreferrer noopener\">Delibera di modifica alla Delibera riguardante la definizione dei parcheggi a pagamento e delle tariffe per i parcheggi sul territorio del Comune di Pirano (27 giugno 2025)<\/a><\/li>\n\n\n\n<li><a href=\"https:\/\/www.uradni-list.si\/glasilo-uradni-list-rs\/vsebina\/2025-01-3129\/odlok-o-spremembah-in-dopolnitvah-odloka-o-javnih-parkiriscih-in-urejanju-parkiranja-na-obmocju-obcine-piran\" target=\"_blank\" rel=\"noopener\">Decreto di modifiche e integrazioni al Decreto sui parcheggi pubblici e sulla regolamentazione del&nbsp;parcheggio sul territorio del Comune di Pirano&nbsp; (14 novembre 2025)<\/a><\/li>\n<\/ul>\n\n\n\n<div style=\"height:40px\" aria-hidden=\"true\" class=\"wp-block-spacer\"><\/div>\n\n\n<div class=\"gb-container gb-container-24ae84c9\">\n\n<h2 class=\"wp-block-heading\" id=\"attivita-funebre-e-cimiteriale\">Attivit\u00e0 funebre e cimiteriale<\/h2>\n\n<\/div>\n\n\n<ul class=\"wp-block-list\">\n<li><a href=\"https:\/\/www.uradni-list.si\/_pdf\/2018\/Ur\/u2018058.pdf\" target=\"_blank\" rel=\"noopener\">Odlok o razglasitvi piranskega pokopali\u0161\u010da za spomenik lokalnega pomena<\/a><\/li>\n\n\n\n<li><a href=\"https:\/\/www.uradni-list.si\/_pdf\/2018\/Ur\/u2018052.pdf\" target=\"_blank\" rel=\"noopener\">Odlok o pogrebni in pokopali\u0161ki dejavnosti v ob\u010dini Piran<\/a><\/li>\n\n\n\n<li><a href=\"https:\/\/okoljepiran.si\/wp-content\/uploads\/2018\/09\/03_Elaborat_POKOPALI%C5%A0%C4%8CE_pdf.pdf\">Elaborat predloga za razglasitev piranskega pokopali\u0161\u010da za kulturni spomenik lokalnega pomena<\/a><\/li>\n\n\n\n<li><a href=\"https:\/\/okoljepiran.si\/wp-content\/uploads\/2018\/09\/03_ITA-ELABORAT.pdf.pdf\">Elaborato concernente la proposta di proclamazione del cimitero civico di pirano a monumento culturale di importanza locale<\/a><\/li>\n<\/ul>\n\n\n\n<div style=\"height:40px\" aria-hidden=\"true\" class=\"wp-block-spacer\"><\/div>\n\n\n<div class=\"gb-container gb-container-7677ed69\">\n\n<h2 class=\"wp-block-heading\" id=\"porto-di-pirano\">Porto di Pirano<\/h2>\n\n<\/div>\n\n\n<ul class=\"wp-block-list\">\n<li><a href=\"https:\/\/www.uradni-list.si\/glasilo-uradni-list-rs\/vsebina\/2017-01-0964\/pravilnik-o-nacinu-dodeljevanja-priveza-in-sklepanju-pogodb-o-uporabi-priveza-v-pristaniscu-piran-in-pristaniscu-portoroz\" target=\"_blank\" rel=\"noreferrer noopener\">Regolamento sulle modalit\u00e0 di assegnazione dell\u2019ormeggio e sulla stipulazione dei contratti di ormeggio nei porti di Pirano e Portorose<\/a><\/li>\n\n\n\n<li><a href=\"https:\/\/www.piran.si\/DownloadFile?id=267612\" target=\"_blank\" rel=\"noreferrer noopener\">Odlok o pristani\u0161\u010du Piran<\/a><\/li>\n\n\n\n<li><a href=\"https:\/\/www.uradni-list.si\/glasilo-uradni-list-rs\/vsebina\/2021-01-2949?sop=2021-01-2949\" target=\"_blank\" rel=\"noopener\">Regolamento sulle modifiche e integrazioni al Regolamento sulle modalit\u00e0 di assegnazione dell&#8217;ormeggio e sulla stipulazione dei contratti di ormeggio nel porto di Pirano e nel porto di Portorose&nbsp;(24. 9. 2021)<\/a><\/li>\n\n\n\n<li><a href=\"https:\/\/www.uradni-list.si\/glasilo-uradni-list-rs\/vsebina\/2018-01-2738?sop=2018-01-2738\" target=\"_blank\" rel=\"noopener\">Regolamento di modifiche e integrazioni al Regolamento sulle modalit\u00e0 di assegnazione dell\u2019ormeggio e sulla stipulazione dei contratti di ormeggio nei Porti di Pirano e Portorose (3. 8. 2018)<\/a><\/li>\n\n\n\n<li><a href=\"https:\/\/www.uradni-list.si\/glasilo-uradni-list-rs\/vsebina\/2017-21-1202?sop=2017-21-1202\" data-type=\"link\" data-id=\"https:\/\/www.uradni-list.si\/glasilo-uradni-list-rs\/vsebina\/2017-21-1202?sop=2017-21-1202\" target=\"_blank\" rel=\"noopener\">Errata corrige di carattere tecnico concernente il Regolamento sulle modalit\u00e0 di assegnazione dell\u2019ormeggio e sulla stipulazione dei contratti di ormeggio nei porti di Pirano e Portorose&nbsp;(28. 4. 2017)<\/a><\/li>\n\n\n\n<li><a href=\"https:\/\/www.uradni-list.si\/glasilo-uradni-list-rs\/vsebina\/2017-01-0707\/odlok-o-spremembah-in-dopolnitvah-odloka-o-pristaniscu-piran\" target=\"_blank\" rel=\"noreferrer noopener\"><\/a><a href=\"https:\/\/www.uradni-list.si\/glasilo-uradni-list-rs\/vsebina\/2017-01-0707\/odlok-o-spremembah-in-dopolnitvah-odloka-o-pristaniscu-piran\" target=\"_blank\" rel=\"noreferrer noopener\">Decreto di modifica e integrazione al Decreto sul Porto di Pirano (2017)<\/a><\/li>\n\n\n\n<li><a href=\"https:\/\/www.uradni-list.si\/glasilo-uradni-list-rs\/vsebina\/2014-01-1781\/odlok-o-spremembah-in-dopolnitvah-odloka-o-pristaniscu-piran\" target=\"_blank\" rel=\"noreferrer noopener\"><\/a><a href=\"https:\/\/www.uradni-list.si\/glasilo-uradni-list-rs\/vsebina\/2014-01-1781\/odlok-o-spremembah-in-dopolnitvah-odloka-o-pristaniscu-piran\" target=\"_blank\" rel=\"noreferrer noopener\">Decreto di modifica ed integrazione al Decreto sul porto di Pirano (2014)<\/a><\/li>\n\n\n\n<li><a href=\"https:\/\/okoljepiran.si\/wp-content\/uploads\/2025\/10\/Regole-generali-del-regolamento-del-porto-di-Pirano-2025.pdf\">Regole generali del regolamento del porto di Pirano (2025)<\/a><\/li>\n\n\n\n<li><a href=\"https:\/\/okoljepiran.si\/wp-content\/uploads\/2025\/10\/Regolamento-del-porto-peschereccio-di-Pirano-2025.pdf\">Regolamento del porto peschereccio di Pirano (2025)<\/a><\/li>\n<\/ul>\n\n\n\n<div style=\"height:40px\" aria-hidden=\"true\" class=\"wp-block-spacer\"><\/div>\n\n\n<div class=\"gb-container gb-container-9b63fcd7\">\n\n<h2 class=\"wp-block-heading\" id=\"porto-canale-s-bartolomeo\">Porto Canale S. Bartolomeo<\/h2>\n\n<\/div>\n\n\n<ul class=\"wp-block-list\">\n<li><a href=\"https:\/\/okoljepiran.si\/wp-content\/uploads\/Splosni-pogoji-za-pridobitev-pravice-do-priveza-Jernejev-kanal-23.7.2024.pdf\" target=\"_blank\" rel=\"noreferrer noopener\">Splo\u0161ni pogoji za pridobitev priveza v krajevnem pristani\u0161\u010du Kanal sv. Jerneja<\/a><\/li>\n\n\n\n<li><a href=\"https:\/\/www.uradni-list.si\/glasilo-uradni-list-rs\/vsebina\/2024-01-2034\/sklep-o-sprejetju-cenika-pristojbin-za-priveze-v-kanalu-svetega-jerneja-v-seci\" target=\"_blank\" rel=\"noreferrer noopener\">Sklep o sprejetju Cenika pristojbin za priveze v Kanalu sv. Jerneja v Se\u010di (3. 7. 2024)<\/a><\/li>\n\n\n\n<li><a href=\"https:\/\/okoljepiran.si\/wp-content\/uploads\/2021\/08\/Nacrt-preprecevanja-onesnazevanja-v-obmocju-zacasnih-privezov-v-kanalu-Sv.-Jerneja-2021.pdf\" target=\"_blank\" rel=\"noreferrer noopener\">Na\u010drt prepre\u010devanja onesna\u017eevanja v obmo\u010dju za\u010dasnih privezov v kanalu Sv. Jerneja 2021<\/a><\/li>\n\n\n\n<li><a href=\"https:\/\/okoljepiran.si\/wp-content\/uploads\/2021\/08\/Nacrt-ravnanja-z-odpadki-v-obmocju-zacasnih-privezov-v-kanalu-Sv.-Jerneja-2021.pdf\" target=\"_blank\" rel=\"noreferrer noopener\">Na\u010drt ravnanja z odpadki v obmo\u010dju za\u010dasnih privezov v kanalu Sv. Jerneja 2021<\/a><\/li>\n\n\n\n<li><a href=\"https:\/\/okoljepiran.si\/wp-content\/uploads\/2021\/08\/Pravilnik-o-zagotavljanju-reda-na-obmocju-zacasnih-privezov-v-kanalu-Sv.-Jerneja-2021.pdf\" target=\"_blank\" rel=\"noreferrer noopener\">Pravilnik o zagotavljanju reda na obmo\u010dju za\u010dasnih privezov v kanalu Sv. Jerneja 2021<\/a><\/li>\n<\/ul>\n\n\n\n<div style=\"height:40px\" aria-hidden=\"true\" class=\"wp-block-spacer\"><\/div>\n\n\n<div class=\"gb-container gb-container-1216defd\">\n\n<h2 class=\"wp-block-heading\" id=\"porto-di-portorose\">Porto di Portorose<\/h2>\n\n<\/div>\n\n\n<ul class=\"wp-block-list\">\n<li><a href=\"https:\/\/www.uradni-list.si\/glasilo-uradni-list-rs\/vsebina\/2017-01-0964\/pravilnik-o-nacinu-dodeljevanja-priveza-in-sklepanju-pogodb-o-uporabi-priveza-v-pristaniscu-piran-in-pristaniscu-portoroz\" target=\"_blank\" rel=\"noreferrer noopener\"><\/a><a href=\"https:\/\/www.uradni-list.si\/glasilo-uradni-list-rs\/vsebina\/2017-01-0964\/pravilnik-o-nacinu-dodeljevanja-priveza-in-sklepanju-pogodb-o-uporabi-priveza-v-pristaniscu-piran-in-pristaniscu-portoroz\" target=\"_blank\" rel=\"noreferrer noopener\">Regolamento sulle modalit\u00e0 di assegnazione dell\u2019ormeggio e sulla stipulazione dei contratti di ormeggio nei porti di Pirano e Portorose<\/a><\/li>\n\n\n\n<li><a href=\"https:\/\/www.uradni-list.si\/glasilo-uradni-list-rs\/vsebina\/2021-01-2949?sop=2021-01-2949\" target=\"_blank\" rel=\"noopener\">Regolamento sulle modifiche e integrazioni al Regolamento sulle modalit\u00e0 di assegnazione dell&#8217;ormeggio e sulla stipulazione dei contratti di ormeggio nel porto di Pirano e nel porto di Portorose&nbsp;(24. 9. 2021)<\/a><\/li>\n\n\n\n<li><a href=\"https:\/\/www.uradni-list.si\/glasilo-uradni-list-rs\/vsebina\/2018-01-2738?sop=2018-01-2738\" target=\"_blank\" rel=\"noopener\">Regolamento di modifiche e integrazioni al Regolamento sulle modalit\u00e0 di assegnazione dell\u2019ormeggio e sulla stipulazione dei contratti di ormeggio nei Porti di Pirano e Portorose (3. 8. 2018)<\/a><\/li>\n\n\n\n<li><a href=\"https:\/\/www.uradni-list.si\/glasilo-uradni-list-rs\/vsebina\/2017-21-1202?sop=2017-21-1202\" data-type=\"link\" data-id=\"https:\/\/www.uradni-list.si\/glasilo-uradni-list-rs\/vsebina\/2017-21-1202?sop=2017-21-1202\" target=\"_blank\" rel=\"noopener\">Errata corrige di carattere tecnico concernente il Regolamento sulle modalit\u00e0 di assegnazione dell\u2019ormeggio e sulla stipulazione dei contratti di ormeggio nei porti di Pirano e Portorose&nbsp;(28. 4. 2017)<\/a><\/li>\n\n\n\n<li><a href=\"https:\/\/www.uradni-list.si\/glasilo-uradni-list-rs\/vsebina\/2017-01-0708\/odlok-o-spremembah-in-dopolnitvah-odloka-o-pristaniscu-portoroz\" target=\"_blank\" rel=\"noreferrer noopener\">Decreto di modifica e integrazione al Decreto sul Porto di Portorose<\/a><\/li>\n\n\n\n<li><a href=\"https:\/\/okoljepiran.si\/wp-content\/uploads\/2015\/02\/Sklep-o-ceni-dodatne-storitve-na-komunalnih-privezih-v-pristani%C5%A1%C4%8Du-Portoro%C5%BE-2017.pdf\" target=\"_blank\" rel=\"noreferrer noopener\">Sklep o ceni dodatne storitve na komunalnih privezih v pristani\u0161\u010du Portoro\u017e (2017)<\/a><\/li>\n\n\n\n<li><a href=\"https:\/\/okoljepiran.si\/wp-content\/uploads\/2025\/10\/Regole-generali-del-regolamento-del-porto-di-Portorose-2025.pdf\">Regole generali del regolamento del porto di Portorose (2025)<\/a><\/li>\n<\/ul>\n\n\n\n<div style=\"height:40px\" aria-hidden=\"true\" class=\"wp-block-spacer\"><\/div>\n\n\n<div class=\"gb-container gb-container-b20cc394\">\n\n<h2 class=\"wp-block-heading\" id=\"porto-di-portorose\">Porto peschereccio di Strugnano<\/h2>\n\n<\/div>\n\n\n<ul class=\"wp-block-list\">\n<li><a href=\"https:\/\/okoljepiran.si\/wp-content\/uploads\/2026\/02\/Splosna-pravila-o-redu-v-ribiskem-pristaniscu-Strunjan-2026-IT.pdf\">Regolamento del porto peschereccio di Strugnano (2026)<\/a><a href=\"https:\/\/www.uradni-list.si\/glasilo-uradni-list-rs\/vsebina\/2017-01-0964\/pravilnik-o-nacinu-dodeljevanja-priveza-in-sklepanju-pogodb-o-uporabi-priveza-v-pristaniscu-piran-in-pristaniscu-portoroz\" target=\"_blank\" rel=\"noreferrer noopener\"><\/a><\/li>\n<\/ul>\n\n\n\n<div style=\"height:40px\" aria-hidden=\"true\" class=\"wp-block-spacer\"><\/div>\n\n\n<div class=\"gb-container gb-container-d7575df2\">\n\n<h2 class=\"wp-block-heading\" id=\"gestione-acque-reflue\">Gestione acque reflue<\/h2>\n\n<\/div>\n\n\n<ul class=\"wp-block-list\">\n<li><a href=\"https:\/\/okoljepiran.si\/wp-content\/uploads\/2025\/07\/Program-izvajanja-javne-sluzbe-odvajanja-in-ciscenja-odpadne-vode-v-Obcini-Piran-za-obdobje-2025-2028.pdf\">Program izvajanja javne slu\u017ebe odvajanja in \u010di\u0161\u010denja komunalne in padavinske vode v Ob\u010dini Piran 2025-2028<\/a><\/li>\n\n\n\n<li><a href=\"#\">Odlok o na\u010dinu opravljanja obvezne lokalne gospodarske javne slu\u017ebe odvajanja in \u010di\u0161\u010denja komunalne in padavinske odpadne vode (Ur.l.RS,\u0161t.31 z dne 4.5.2018)<\/a><\/li>\n\n\n\n<li>Uredbo o odvajanju in \u010di\u0161\u010denju komunalne odpadne vode (<a href=\"http:\/\/ur.l.rs\/\" target=\"_blank\" rel=\"noreferrer noopener\">Ur.l.RS<\/a>, \u0161t.&nbsp;<a href=\"https:\/\/www.uradni-list.si\/glasilo-uradni-list-rs\/vsebina\/2015-01-3842\/uredba-o-odvajanju-in-ciscenju-komunalne-odpadne-vode\" target=\"_blank\" rel=\"noreferrer noopener\">98\/15<\/a>,&nbsp;<a href=\"https:\/\/www.uradni-list.si\/glasilo-uradni-list-rs\/vsebina\/2019-01-3723\/uredba-o-spremembah-in-dopolnitvah-uredbe-o-odvajanju-in-ciscenju-komunalne-odpadne-vode\" target=\"_blank\" rel=\"noreferrer noopener\">81\/19<\/a>,&nbsp;<a href=\"https:\/\/www.uradni-list.si\/glasilo-uradni-list-rs\/vsebina\/2021-01-3885\/uredba-o-spremembah-uredbe-o-odvajanju-in-ciscenju-komunalne-odpadne-vode\" target=\"_blank\" rel=\"noreferrer noopener\">194\/21<\/a>)<\/li>\n\n\n\n<li>Odlok o gospodarskih javnih slu\u017ebah v Ob\u010dini Piran (<a href=\"http:\/\/ur.l.rs\/\" target=\"_blank\" rel=\"noreferrer noopener\">Ur.l.RS<\/a>, \u0161t. 89 z dne 1.7.2022)<\/li>\n\n\n\n<li><a href=\"https:\/\/okoljepiran.si\/wp-content\/uploads\/Tehnicni-pravilnik-o-odvajanju-in-ciscenju-komunalne-in-padavinske-odpadne-vode-na-obmocju-obcine-Piran-2023.pdf\">Tehni\u010dni pravilnik o odvajanju in \u010di\u0161\u010denju komunalne in padavinske odpadne vode na obmo\u010dju ob\u010dine Piran (2023)<\/a><\/li>\n\n\n\n<li><a href=\"https:\/\/okoljepiran.si\/wp-content\/uploads\/2022\/06\/Dogovor-o-obracunu-storitev-javne-gospodarske-sluzbe-v-primeru-izrednih-izlivov-vode-na-internih-vodovodnih-instalacijah.pdf\">Dogovor o obra\u010dunu storitev javne gospodarske slu\u017ebe v primeru izrednih izlivov vode na internih vodovodnih instalacijah<\/a><\/li>\n\n\n\n<li><a href=\"https:\/\/okoljepiran.si\/wp-content\/uploads\/2022\/06\/Dogovor-o-obracunu-storitve-odvajanja-in-ciscenja-komunalne-odpadne-vode-pravnim-osebam-v-primeru-izrednih-izlivov-vode-na-internih-vodovodnih-instalacijah.pdf\">Dogovor o obra\u010dunu storitve odvajanja in \u010di\u0161\u010denja komunalne odpadne vode pravnim osebam v primeru izrednih izlivov vode na internih vodovodnih instalacijah<\/a><\/li>\n<\/ul>\n\n\n\n<div style=\"height:40px\" aria-hidden=\"true\" class=\"wp-block-spacer\"><\/div>\n\n\n<div class=\"gb-container gb-container-d9f0fed0\">\n\n<h2 class=\"wp-block-heading\" id=\"spiaggia-portorose\">Spiaggia Portorose<\/h2>\n\n<\/div>\n\n\n<ul class=\"wp-block-list\">\n<li><a href=\"https:\/\/okoljepiran.si\/wp-content\/uploads\/Sklep_o_cenah_za_najem_gostinskih_teras.pdf\" target=\"_blank\" rel=\"noreferrer noopener\">Determina sui prezzi per l\u2019affitto delle terrazze di ristorazione (20. 10. 2023)<\/a><\/li>\n\n\n\n<li><a href=\"https:\/\/okoljepiran.si\/wp-content\/uploads\/2026\/03\/CENIK-PLAZA-PORTOROZ-11.12.2025.pdf\">Determina sui prezzi della Spiaggia di Portorose (11.12.2025)<\/a><\/li>\n<\/ul>\n\n\n\n<div style=\"height:40px\" aria-hidden=\"true\" class=\"wp-block-spacer\"><\/div>\n\n\n<div class=\"gb-container gb-container-aef54b60\">\n\n<h2 class=\"wp-block-heading\" id=\"mercato\">Mercato<\/h2>\n\n<\/div>\n\n\n<ul class=\"wp-block-list\">\n<li><a href=\"https:\/\/okoljepiran.si\/wp-content\/uploads\/2018\/04\/TR%C5%BDNI-RED-PIRAN-2018.pdf\">Tr\u017eni red Piran<\/a><\/li>\n\n\n\n<li><a href=\"https:\/\/okoljepiran.si\/wp-content\/uploads\/2023\/01\/TRZNI-RED-LUCIJA-2018-Z-NOVO-SKICO-2023.pdf\">Tr\u017eni red Lucija<\/a><\/li>\n\n\n\n<li><a href=\"https:\/\/www.uradni-list.si\/glasilo-uradni-list-rs\/vsebina\/2020-01-3162\/sklep-o-potrditvi-trznega-reda-za-trznico-v-luciji-in-trznega-reda-za-trznico-na-zelenjavnem-trgu-v-piranu?h=\" target=\"_blank\" rel=\"noopener\">Sklep o potrditvi Tr\u017enega reda za tr\u017enico v Luciji in Tr\u017enega reda za tr\u017enico na Zelenjavnem trgu v Piranu<\/a><\/li>\n\n\n\n<li><a href=\"https:\/\/okoljepiran.si\/wp-content\/uploads\/2020\/06\/Sklep-o-pogojih-za-oddajo-nepremi%C4%8Dnin-v-lasti-ob%C4%8Dine-Piran-v-ob%C4%8Dasno-uporabo-za-namen-postavitve-ZPM-2020.pdf\" target=\"_blank\" rel=\"noreferrer noopener\">Sklep o pogojih za oddajo nepremi\u010dnin v lasti ob\u010dine Piran v ob\u010dasno uporabo za namen postavitve ZPM \u2013 2020<\/a><\/li>\n\n\n\n<li><a href=\"https:\/\/www.uradni-list.si\/glasilo-uradni-list-rs\/vsebina\/2025-01-3128\/odlok-o-spremembah-in-dopolnitvah-odloka-o-trznicah-in-zacasnih-prodajnih-mestih-zunaj-prodajaln-v-obcini-piran\" target=\"_blank\" rel=\"noopener\">Decreto di modifiche e integrazioni al Decreto in materia di mercati pubblici e commercio ambulante su&nbsp;aree pubbliche nel Comune di Pirano (14. novembre 2025)<\/a>&nbsp;<\/li>\n<\/ul>\n","protected":false},"excerpt":{"rendered":"<p>Gestione rifiuti Parcheggi e trasporti Attivit\u00e0 funebre e cimiteriale Porto di Pirano Porto Canale S. Bartolomeo Porto di Portorose Porto peschereccio di Strugnano Gestione acque reflue Spiaggia Portorose Mercato<\/p>\n","protected":false},"author":1,"featured_media":0,"parent":0,"menu_order":0,"comment_status":"closed","ping_status":"closed","template":"","meta":{"_acf_changed":false,"footnotes":""},"class_list":["post-10380","page","type-page","status-publish","hentry"],"acf":[],"_links":{"self":[{"href":"https:\/\/okoljepiran.si\/it\/wp-json\/wp\/v2\/pages\/10380","targetHints":{"allow":["GET"]}}],"collection":[{"href":"https:\/\/okoljepiran.si\/it\/wp-json\/wp\/v2\/pages"}],"about":[{"href":"https:\/\/okoljepiran.si\/it\/wp-json\/wp\/v2\/types\/page"}],"author":[{"embeddable":true,"href":"https:\/\/okoljepiran.si\/it\/wp-json\/wp\/v2\/users\/1"}],"replies":[{"embeddable":true,"href":"https:\/\/okoljepiran.si\/it\/wp-json\/wp\/v2\/comments?post=10380"}],"version-history":[{"count":24,"href":"https:\/\/okoljepiran.si\/it\/wp-json\/wp\/v2\/pages\/10380\/revisions"}],"predecessor-version":[{"id":25708,"href":"https:\/\/okoljepiran.si\/it\/wp-json\/wp\/v2\/pages\/10380\/revisions\/25708"}],"wp:attachment":[{"href":"https:\/\/okoljepiran.si\/it\/wp-json\/wp\/v2\/media?parent=10380"}],"curies":[{"name":"wp","href":"https:\/\/api.w.org\/{rel}","templated":true}]}}