{"id":10368,"date":"2024-09-26T15:43:35","date_gmt":"2024-09-26T13:43:35","guid":{"rendered":"http:\/\/okoljepiran.razvija.se\/izbira-vrste-pogreba\/"},"modified":"2025-08-28T15:34:47","modified_gmt":"2025-08-28T13:34:47","slug":"scelta-del-tipo-di-funerale","status":"publish","type":"page","link":"https:\/\/okoljepiran.si\/it\/attivita\/attivita-funebre-e-cimiteriale\/scelta-del-tipo-di-funerale\/","title":{"rendered":"Scelta del tipo di funerale"},"content":{"rendered":"\n<h2 class=\"wp-block-heading\">Sepoltura classica in terra, tomba di famiglia o tomba \u201ctriestina\u201d<\/h2>\n\n\n\n<p>Offriamo la classica sepoltura in terra, tomba di famiglia o tomba \u201ctriestina\u201d. Ci sono diversi tipi di attrezzatura funebre a disposizione:<\/p>\n\n\n\n<ul class=\"wp-block-list\">\n<li><strong>Bare da sepoltura<\/strong>:Potete scegliere tra bare di legno laccato, decorate con vari motivi floreali o religiosi.<\/li>\n\n\n\n<li><strong>Sarcofagi<\/strong>: Sono disponibili bare esagonali laccate con vari motivi floreali o religiosi.<\/li>\n\n\n\n<li><strong>Cassa in zinco<\/strong>: Offriamo casse in lamiera zincata per sarcofagi e bare, adatti per la sepoltura nelle tombe di famiglia o per il trasporto dei defunti in altri paesi.<\/li>\n<\/ul>\n\n\n\n<h2 class=\"wp-block-heading\">Tumulazione di urna cineraria in terra, nicchia cineraria, tomba di famiglia o tomba \u201ctriestina\u201d<\/h2>\n\n\n\n<p>Per quanto riguarda la tumulazione di urna cineraria, offriamo la cremazione e la possibilit\u00e0 di tumulazione in terra, nicchia cineraria, tomba di famiglia o tomba \u201ctriestina\u201d. I nostri servizi includono:<\/p>\n\n\n\n<ul class=\"wp-block-list\">\n<li><strong>Cremazione: <\/strong>Ci occupiamo del prelievo e della preparazione della salma, del trasporto all&#8217;impianto di cremazione \u017dale di Lubiana e del ritiro delle ceneri.<\/li>\n\n\n\n<li><strong>Commiato prima della cremazione: <\/strong>Se il committente del funerale desidera porgere l\u2019estremo saluto, sistemiamo il defunto e lo collochiamo nella cappella per un certo periodo di tempo.<\/li>\n<\/ul>\n\n\n\n<h2 class=\"wp-block-heading\">Attrezzatura funebre<\/h2>\n\n\n\n<ul class=\"wp-block-list\">\n<li><strong>Bara per la cremazione: <\/strong>Offriamo bare di legno che sono ecologicamente sostenibili e non emettono emissioni nocive durante la cremazione.<\/li>\n\n\n\n<li><strong>Urne<\/strong>: Potete scegliere tra urne di plastica, latta, alluminio, rame e altri materiali, in diversi colori, dimensioni e motivi.<br><\/li>\n<\/ul>\n\n\n\n<h2 class=\"wp-block-heading\">Altre attrezzature<\/h2>\n\n\n\n<ul class=\"wp-block-list\">\n<li><strong>Arredo funebre<\/strong>: Sono disponibili piramidi di legno, croci,cippi ecc.<\/li>\n\n\n\n<li><strong>Libri di condoglianze<\/strong>: Offriamo libri di condoglianze in velluto blu o nero.<\/li>\n\n\n\n<li><strong>Drappo funebre<\/strong>: Lo prestiamo per cerimonie funebri nelle imprese, scuole, poliambulatori ecc.<\/li>\n<\/ul>\n\n\n\n<h2 class=\"wp-block-heading\">Altri servizi<\/h2>\n\n\n\n<ul class=\"wp-block-list\">\n<li><strong>Trasporto del defunto<\/strong>: Offriamo il trasporto negli altri luoghi della Slovenia o all\u2019estero.<\/li>\n\n\n\n<li><strong>Pubblicazione necrologio<\/strong>: Ci occupiamo della pubblicazione del necrologio sui mezzi di comunicazione (es. Radio Koper) e sulla nostra bacheca.<\/li>\n<\/ul>\n\n\n\n<p>Tutti i servizi vengono fatturati secondo il <a href=\"https:\/\/okoljepiran.si\/it\/tariffe-dei-servizi\/\" target=\"_blank\" rel=\"noreferrer noopener\">tariffario<\/a> vigente.<\/p>\n\n\n\n<h2 class=\"wp-block-heading\">Dispersione delle ceneri in mare<\/h2>\n\n\n\n<p>I familiari che desiderano accomiatarsi dai propri cari spargendo le ceneri in mare, concordano presso l&#8217;ufficio cimiteriale il ritiro e la cremazione del defunto, nonch\u00e9 il giorno e l&#8217;ora della cerimonia funebre in mare. Successivamente presentano domanda al Comune di Pirano per ottenere il permesso di sepoltura all&#8217;esterno del cimitero. il gestore del cimitero trasmette la decisione emessa all&#8217;Amministrazione marittima, che rilascia un permesso per la dispersione delle ceneri.<\/p>\n\n\n\n<p>La dispersione delle ceneri avviene a una distanza di 1,5 miglia nautiche a nord di Punta Madonna a Pirano. La nave pu\u00f2 partire dal molo di Pirano, Portorose o Lucia. Se richiesto, alla cerimonia possono prendere parte anche un sacerdote, un oratore, un trombettista o dei cantanti.<\/p>\n\n\n\n<h2 class=\"wp-block-heading\">Orario di lavoro<\/h2>\n\n\n\n<p>L\u2019ufficio per il pubblico \u00e8 aperto da luned\u00ec a venerd\u00ec dalle ore 8:00 alle 10:00 nonch\u00e9 dalle 11:00 alle 13:00.<\/p>\n\n\n\n<p>Il cimitero rimane aperto:<\/p>\n\n\n\n<ul class=\"wp-block-list\">\n<li>Nel periodo invernale: 7:00-18:00&nbsp;<br><\/li>\n\n\n\n<li>Nel periodo estivo: 6:00-21:00&nbsp;<\/li>\n<\/ul>\n\n\n\n<p>Le sepolture hanno luogo dal luned\u00ec al venerd\u00ec dalle ore 8:00 alle 15:00.<\/p>\n\n\n\n<p><strong>Per le emergenze (morte in casa) siamo disponibili 24 ore su 24 al numero di reperibilit\u00e0 <a href=\"tel:031629475\">031 629 475<\/a><\/strong>.<\/p>\n\n\n\n<div style=\"height:50px\" aria-hidden=\"true\" class=\"wp-block-spacer\"><\/div>\n\n\n\n<figure class=\"wp-block-embed is-type-wp-embed is-provider-okolje-piran wp-block-embed-okolje-piran\"><div class=\"wp-block-embed__wrapper\">\n<blockquote class=\"wp-embedded-content\" data-secret=\"JC6V4mfabJ\"><a href=\"https:\/\/okoljepiran.si\/it\/attivita\/attivita-funebre-e-cimiteriale\/cosa-fare-in-caso-di-decesso\/\">Kaj narediti v primeru smrti?<\/a><\/blockquote><iframe loading=\"lazy\" class=\"wp-embedded-content\" sandbox=\"allow-scripts\" security=\"restricted\" style=\"position: absolute; visibility: hidden;\" title=\"&#8220;Kaj narediti v primeru smrti?&#8221; &#8212; Okolje Piran\" src=\"https:\/\/okoljepiran.si\/it\/attivita\/attivita-funebre-e-cimiteriale\/cosa-fare-in-caso-di-decesso\/embed\/#?secret=76yByC9VpX#?secret=JC6V4mfabJ\" data-secret=\"JC6V4mfabJ\" width=\"500\" height=\"282\" frameborder=\"0\" marginwidth=\"0\" marginheight=\"0\" scrolling=\"no\"><\/iframe>\n<\/div><\/figure>\n\n\n\n<div style=\"height:50px\" aria-hidden=\"true\" class=\"wp-block-spacer\"><\/div>\n\n\n\n<figure class=\"wp-block-embed is-type-wp-embed is-provider-okolje-piran wp-block-embed-okolje-piran\"><div class=\"wp-block-embed__wrapper\">\n<blockquote class=\"wp-embedded-content\" data-secret=\"7jQmluNkMh\"><a href=\"https:\/\/okoljepiran.si\/it\/attivita\/attivita-funebre-e-cimiteriale\/cimiteri-di-paese\/\">Cimiteri di paese<\/a><\/blockquote><iframe loading=\"lazy\" class=\"wp-embedded-content\" sandbox=\"allow-scripts\" security=\"restricted\" style=\"position: absolute; visibility: hidden;\" title=\"&#8220;Cimiteri di paese&#8221; &#8212; Okolje Piran\" src=\"https:\/\/okoljepiran.si\/it\/attivita\/attivita-funebre-e-cimiteriale\/cimiteri-di-paese\/embed\/#?secret=8buva5JE1J#?secret=7jQmluNkMh\" data-secret=\"7jQmluNkMh\" width=\"500\" height=\"282\" frameborder=\"0\" marginwidth=\"0\" marginheight=\"0\" scrolling=\"no\"><\/iframe>\n<\/div><\/figure>\n\n\n\r\n    \r\n    \n\n\n<div class=\"gb-container gb-container-e195c5d4 layout-grid-2\">\n<div class=\"gb-container gb-container-e7849cb2 banner-ceniki\">\n<div class=\"gb-container gb-container-6600ff8a\">\n\n<h4 class=\"wp-block-heading fw-semibold\">Tariffe: Attivit\u00e0 funebre e cimiteriale<\/h4>\n\n\n\n<p>Qui trovate le tariffe aggiornate e le condizioni di servizio<\/p>\n\n\n\n<p><a href=\"https:\/\/okoljepiran.si\/it\/tariffe-dei-servizi\/#pokopalisca-in-pogrebna-dejavnost\" target=\"_blank\" data-type=\"page\" data-id=\"11\" rel=\"noreferrer noopener\">Visualizza<\/a><\/p>\n\n<\/div>\n\n\n<figure class=\"wp-block-image size-full d-flex justify-content-end\"><img decoding=\"async\" src=\"https:\/\/okoljepiran.si\/wp-content\/uploads\/2024\/06\/ceniki_banner.svg\" alt=\"\" class=\"wp-image-115\" style=\"object-fit:cover\"\/><\/figure>\n\n<\/div>\n\n<div class=\"gb-container gb-container-7e869277 banner-vloge\">\n<div class=\"gb-container gb-container-730dea93 text-body-secondary\">\n\n<h4 class=\"wp-block-heading fw-semibold\">Moduli e domande: Attivit\u00e0 funebre e cimiteriale<\/h4>\n\n\n\n<p>Accedete a tutti i moduli e formulari.<\/p>\n\n\n\n<p><a href=\"https:\/\/okoljepiran.si\/it\/moduli-e-domande\/#pokopalisca-in-pogrebna-dejavnost\" target=\"_blank\" data-type=\"page\" data-id=\"9\" rel=\"noreferrer noopener\">Visualizza<\/a><\/p>\n\n<\/div>\n\n\n<figure class=\"wp-block-image size-full d-flex justify-content-end\"><img decoding=\"async\" src=\"https:\/\/okoljepiran.si\/wp-content\/uploads\/2024\/06\/vloge_banner.svg\" alt=\"\" class=\"wp-image-129\" style=\"object-fit:cover\"\/><\/figure>\n\n<\/div>\n\n<div class=\"gb-container gb-container-1a7c6d51 banner-ceniki\">\n<div class=\"gb-container gb-container-b5b28bb6\">\n\n<h4 class=\"wp-block-heading fw-semibold\">Legislazione: Attivit\u00e0 funebre e cimiteriale<\/h4>\n\n\n\n<p>Consultate le leggi, i regolamenti e le altre norme vigenti.<\/p>\n\n\n\n<p><a href=\"https:\/\/okoljepiran.si\/it\/legislazione\/#pokopalisca-in-pogrebna-dejavnost\" target=\"_blank\" data-type=\"page\" data-id=\"589\" rel=\"noreferrer noopener\">Visualizza<\/a><\/p>\n\n<\/div>\n\n\n<figure class=\"wp-block-image size-full d-flex justify-content-end\"><img decoding=\"async\" src=\"https:\/\/okoljepiran.si\/wp-content\/uploads\/2024\/06\/zakonodaja_banner.svg\" alt=\"\" class=\"wp-image-396\" style=\"object-fit:cover\"\/><\/figure>\n\n<\/div>\n<\/div>","protected":false},"excerpt":{"rendered":"<p>Offriamo la classica sepoltura in terra, tomba di famiglia o tomba \u201ctriestina\u201d. Ci sono diversi tipi di attrezzatura funebre a disposizione:<\/p>\n","protected":false},"author":1,"featured_media":9555,"parent":10392,"menu_order":2,"comment_status":"closed","ping_status":"closed","template":"template-page\/pg-childpage.php","meta":{"_acf_changed":false,"footnotes":""},"class_list":["post-10368","page","type-page","status-publish","has-post-thumbnail","hentry"],"acf":[],"_links":{"self":[{"href":"https:\/\/okoljepiran.si\/it\/wp-json\/wp\/v2\/pages\/10368","targetHints":{"allow":["GET"]}}],"collection":[{"href":"https:\/\/okoljepiran.si\/it\/wp-json\/wp\/v2\/pages"}],"about":[{"href":"https:\/\/okoljepiran.si\/it\/wp-json\/wp\/v2\/types\/page"}],"author":[{"embeddable":true,"href":"https:\/\/okoljepiran.si\/it\/wp-json\/wp\/v2\/users\/1"}],"replies":[{"embeddable":true,"href":"https:\/\/okoljepiran.si\/it\/wp-json\/wp\/v2\/comments?post=10368"}],"version-history":[{"count":16,"href":"https:\/\/okoljepiran.si\/it\/wp-json\/wp\/v2\/pages\/10368\/revisions"}],"predecessor-version":[{"id":23429,"href":"https:\/\/okoljepiran.si\/it\/wp-json\/wp\/v2\/pages\/10368\/revisions\/23429"}],"up":[{"embeddable":true,"href":"https:\/\/okoljepiran.si\/it\/wp-json\/wp\/v2\/pages\/10392"}],"wp:featuredmedia":[{"embeddable":true,"href":"https:\/\/okoljepiran.si\/it\/wp-json\/wp\/v2\/media\/9555"}],"wp:attachment":[{"href":"https:\/\/okoljepiran.si\/it\/wp-json\/wp\/v2\/media?parent=10368"}],"curies":[{"name":"wp","href":"https:\/\/api.w.org\/{rel}","templated":true}]}}