{"id":10365,"date":"2024-09-27T09:01:35","date_gmt":"2024-09-27T07:01:35","guid":{"rendered":"http:\/\/okoljepiran.razvija.se\/ciscenje-komunalne-odpadne-vode\/"},"modified":"2025-09-02T14:05:12","modified_gmt":"2025-09-02T12:05:12","slug":"depurazione-delle-acque-reflue","status":"publish","type":"page","link":"https:\/\/okoljepiran.si\/it\/attivita\/gestione-acque-reflue\/depurazione-delle-acque-reflue\/","title":{"rendered":"Depurazione delle acque reflue"},"content":{"rendered":"\n<h2 class=\"wp-block-heading\">Impianto di depurazione centrale di Pirano<\/h2>\n\n\n\n<p>L&#8217;impianto di depurazione centrale (IDC) Pirano \u00e8 fondamentale per la raccolta delle acque reflue urbane e meteoriche di Pirano, Portorose, Lucia, Sezza, Fiesso, Strugnano e Malija del Comune di Isola. A causa delle infiltrazioni di acqua marina nella rete fognaria, soprattutto nel centro storico di Pirano, il trattamento delle acque reflue \u00e8 particolarmente impegnativo.<\/p>\n\n\n\n<p>Nel 2009 l&#8217;impianto \u00e8 stato ristrutturato e potenziato con nuove tecnologie che, oltre a quelle meccaniche, comprendono anche gli stadi biologici e terziari del trattamento delle acque reflue urbane. La capacit\u00e0 dell\u2019IDC \u00e8 di 33.000 unit\u00e0.<\/p>\n\n\n\n<p>L\u2019impianto include varie strutture tra cui:<\/p>\n\n\n\n<ul class=\"wp-block-list\">\n<li>Stazione di pompaggio in entrata<\/li>\n\n\n\n<li>Rastrello fine<\/li>\n\n\n\n<li>Dissabbiatore e separatore di grassi<\/li>\n\n\n\n<li>Quattro bacini sequenziali per il trattamento biologico e terziario delle acque reflue<\/li>\n\n\n\n<li>Struttura con cinque soffiatori<\/li>\n\n\n\n<li>Ispessitore e vasca di accumulo per fanghi<\/li>\n\n\n\n<li>Impianto per l&#8217;ispessimento meccanico dei fanghi<\/li>\n\n\n\n<li>Filtro dell&#8217;aria per la pulizia meccanica e biologica<\/li>\n\n\n\n<li>Impianto per la ricezione dei fanghi provenienti dalle fosse biologiche e dai piccoli impianti di depurazione<\/li>\n<\/ul>\n\n\n\n<p>L&#8217;acqua depurata \u00e8 smaltita attraverso due scarichi sottomarini lunghi 3.600 m e 3.450 m dotati all&#8217;estremit\u00e0 di diffusori.<\/p>\n\n\n\n<p>Il nuovo impianto di depurazione delle acque reflue a Pirano fa parte del progetto pi\u00f9 ampio &#8220;Acque reflue e trattamento delle acque reflue dei tre comuni costieri&#8221;, che \u00e8 attuato nell\u2019ambito del Programma nazionale di protezione dell&#8217;ambiente adottato nel 1999 e si basa sulle linee guida della comunit\u00e0 europea.<\/p>\n\n\n\n<h2 class=\"wp-block-heading\">Impianto di depurazione comunale di Sicciole<\/h2>\n\n\n\n<p>L&#8217;impianto di depurazione comunale di Sicciole ha una capacit\u00e0 di 2000 unit\u00e0 e raccoglie esclusivamente le acque reflue urbane di Sicciole e Parezzago.<\/p>\n\n\n\n<p>Nel 2012 l&#8217;impianto di depurazione esistente a Sicciole \u00e8 stato ristrutturato e potenziato con stadi meccanici, biologici e terziari del trattamento delle acque reflue. Le strutture di questo impianto di depurazione comprendono una stazione di pompaggio in entrata, un rastrello, un dissabbiatore con separatore di grassi, due bacini di aerazione, dove avviene il trattamento biologico e terziario, una canaletta per la disinfezione UV delle acque reflue e una struttura con soffiatori. Anche i fanghi in eccesso sono portati all&#8217;impianto centrale di depurazione a Pirano. L&#8217;acqua depurata viene poi smaltita nel canale del torrente Derniga.<\/p>\n\n\n\n<p>La capacit\u00e0 dell&#8217;impianto di Sicciole, come di altri piccoli impianti di depurazione delle acque reflue comunali, non \u00e8 sufficiente per ricevere il contenuto delle fosse biologiche o i fanghi provenienti da piccoli impianti di depurazione domestici &#8211; individuali.vsebin ali blata iz malih individualnih \u2013 hi\u0161nih \u010distilnih naprav.<\/p>\n\n\n\n<h2 class=\"wp-block-heading\">Piccoli impianti di depurazione nel Comune di Pirano<\/h2>\n\n\n\n<p>Nel Comune di Pirano si trovano diversi piccoli impianti di depurazione delle acque reflue con una capacit\u00e0 da 200 a 2000 unit\u00e0. Questi impianti forniscono la pulizia meccanica e biologica esclusivamente delle acque reflue urbane, che sono generate nei nuclei familiari a causa dell&#8217;uso dell&#8217;acqua nei servizi igienici, in cucina, nel lavaggio e in altre mansioni. L&#8217;acqua piovana \u00e8 smaltita separatamente e non \u00e8 inclusa nel sistema fognario.<\/p>\n\n\n\n<p>Il trattamento biologico delle acque reflue urbane in questi impianti \u00e8 assicurato dal contattore rotativo EKOROL &#8211; 22, che \u00e8 a risparmio energetico e facile da usare. I fanghi in eccesso prodotti durante la pulizia vengono portati all&#8217;impianto centrale di depurazione delle acque reflue di Pirano, poich\u00e9 la capacit\u00e0 dei piccoli impianti di depurazione comunali non \u00e8 sufficiente per ricevere il contenuto delle fosse biologiche o i fanghi dei piccoli impianti di depurazione domestici &#8211; individuali.<\/p>\n\n\n\n<p>Tra i piccoli impianti di depurazione comunali fondamentali nel Comune di Pirano sono:<\/p>\n\n\n\n<ul class=\"wp-block-list\">\n<li>Impianto di depurazione comunale di Sveti Peter: capacit\u00e0 200 unit\u00e0<\/li>\n\n\n\n<li>Impianto di depurazione comunale di Dragonja: capacit\u00e0 1000 unit\u00e0<\/li>\n\n\n\n<li>Impianto di depurazione comunale di Nova vas: capacit\u00e0 200 unit\u00e0<\/li>\n\n\n\n<li>Impianto di depurazione comunale di Padna: capacit\u00e0 200 unit\u00e0<\/li>\n\n\n\n<li>Impianto di depurazione comunale di Ore\u0161je: capacit\u00e0 200 unit\u00e0<\/li>\n<\/ul>\n\n\n\n<div style=\"height:50px\" aria-hidden=\"true\" class=\"wp-block-spacer\"><\/div>\n\n\n\n<figure class=\"wp-block-embed is-type-wp-embed is-provider-okolje-piran wp-block-embed-okolje-piran\"><div class=\"wp-block-embed__wrapper\">\n<blockquote class=\"wp-embedded-content\" data-secret=\"XMi96tJ3Oj\"><a href=\"https:\/\/okoljepiran.si\/it\/attivita\/gestione-acque-reflue\/raccolta-e-smaltimento-delle-acque-reflue\/\">Raccolta e smaltimento delle acque reflue<\/a><\/blockquote><iframe loading=\"lazy\" class=\"wp-embedded-content\" sandbox=\"allow-scripts\" security=\"restricted\" style=\"position: absolute; visibility: hidden;\" title=\"&#8220;Raccolta e smaltimento delle acque reflue&#8221; &#8212; Okolje Piran\" src=\"https:\/\/okoljepiran.si\/it\/attivita\/gestione-acque-reflue\/raccolta-e-smaltimento-delle-acque-reflue\/embed\/#?secret=CfAv4eSyOv#?secret=XMi96tJ3Oj\" data-secret=\"XMi96tJ3Oj\" width=\"500\" height=\"282\" frameborder=\"0\" marginwidth=\"0\" marginheight=\"0\" scrolling=\"no\"><\/iframe>\n<\/div><\/figure>\n\n\n\n<div style=\"height:50px\" aria-hidden=\"true\" class=\"wp-block-spacer\"><\/div>\n\n\n\n<figure class=\"wp-block-embed is-type-wp-embed is-provider-okolje-piran wp-block-embed-okolje-piran\"><div class=\"wp-block-embed__wrapper\">\n<blockquote class=\"wp-embedded-content\" data-secret=\"Jvm8Q27F1B\"><a href=\"https:\/\/okoljepiran.si\/it\/attivita\/gestione-acque-reflue\/svuotamento-delle-fosse-biologiche-e-pid\/\">Svuotamento delle fosse biologiche e PID<\/a><\/blockquote><iframe loading=\"lazy\" class=\"wp-embedded-content\" sandbox=\"allow-scripts\" security=\"restricted\" style=\"position: absolute; visibility: hidden;\" title=\"&#8220;Svuotamento delle fosse biologiche e PID&#8221; &#8212; Okolje Piran\" src=\"https:\/\/okoljepiran.si\/it\/attivita\/gestione-acque-reflue\/svuotamento-delle-fosse-biologiche-e-pid\/embed\/#?secret=hskg71aIin#?secret=Jvm8Q27F1B\" data-secret=\"Jvm8Q27F1B\" width=\"500\" height=\"282\" frameborder=\"0\" marginwidth=\"0\" marginheight=\"0\" scrolling=\"no\"><\/iframe>\n<\/div><\/figure>\n\n\n\r\n    \r\n    \n\n\n<div class=\"gb-container gb-container-e195c5d4 layout-grid-2\">\n<div class=\"gb-container gb-container-e7849cb2 banner-ceniki\">\n<div class=\"gb-container gb-container-6600ff8a\">\n\n<h4 class=\"wp-block-heading fw-semibold\">Tariffe: Gestione acque reflue<\/h4>\n\n\n\n<p>Qui trovate le tariffe aggiornate e le condizioni di servizio<\/p>\n\n\n\n<p><a href=\"https:\/\/okoljepiran.si\/it\/tariffe-dei-servizi\/#gestione-acque-reflue\" target=\"_blank\" data-type=\"page\" data-id=\"11\" rel=\"noreferrer noopener\">Visualizza<\/a><\/p>\n\n<\/div>\n\n\n<figure class=\"wp-block-image size-full d-flex justify-content-end\"><img decoding=\"async\" src=\"https:\/\/okoljepiran.si\/wp-content\/uploads\/2024\/06\/ceniki_banner.svg\" alt=\"\" class=\"wp-image-115\" style=\"object-fit:cover\"\/><\/figure>\n\n<\/div>\n\n<div class=\"gb-container gb-container-7e869277 banner-vloge\">\n<div class=\"gb-container gb-container-730dea93 text-body-secondary\">\n\n<h4 class=\"wp-block-heading fw-semibold\">Attivit\u00e0: Gestione acque reflue<\/h4>\n\n\n\n<p>Accedete a tutti i moduli e formulari.<\/p>\n\n\n\n<p><a href=\"https:\/\/okoljepiran.si\/it\/moduli-e-domande\/#gestione-acque-reflue\" target=\"_blank\" data-type=\"page\" data-id=\"9\" rel=\"noreferrer noopener\">Visualizza<\/a><\/p>\n\n<\/div>\n\n\n<figure class=\"wp-block-image size-full d-flex justify-content-end\"><img decoding=\"async\" src=\"https:\/\/okoljepiran.si\/wp-content\/uploads\/2024\/06\/vloge_banner.svg\" alt=\"\" class=\"wp-image-129\" style=\"object-fit:cover\"\/><\/figure>\n\n<\/div>\n\n<div class=\"gb-container gb-container-1a7c6d51 banner-ceniki\">\n<div class=\"gb-container gb-container-b5b28bb6\">\n\n<h4 class=\"wp-block-heading fw-semibold\">Legislazione: Gestione acque reflue<\/h4>\n\n\n\n<p>Consultate le leggi, i regolamenti e le altre norme vigenti.<\/p>\n\n\n\n<p><a href=\"https:\/\/okoljepiran.si\/it\/legislazione\/#gestione-acque-reflue\" target=\"_blank\" data-type=\"page\" data-id=\"589\" rel=\"noreferrer noopener\">Visualizza<\/a><\/p>\n\n<\/div>\n\n\n<figure class=\"wp-block-image size-full d-flex justify-content-end\"><img decoding=\"async\" src=\"https:\/\/okoljepiran.si\/wp-content\/uploads\/2024\/06\/zakonodaja_banner.svg\" alt=\"\" class=\"wp-image-396\" style=\"object-fit:cover\"\/><\/figure>\n\n<\/div>\n<\/div>","protected":false},"excerpt":{"rendered":"<p>Presso l\u2019impianto centrale di depurazione di Pirano trattiamo le acque reflue domestiche e piovane con metodi meccanici, biologici e terziari, garantendo lo scarico sicuro tramite due emissari sottomarini. <\/p>\n","protected":false},"author":1,"featured_media":9568,"parent":10391,"menu_order":2,"comment_status":"closed","ping_status":"closed","template":"template-page\/pg-childpage.php","meta":{"_acf_changed":false,"footnotes":""},"class_list":["post-10365","page","type-page","status-publish","has-post-thumbnail","hentry"],"acf":[],"_links":{"self":[{"href":"https:\/\/okoljepiran.si\/it\/wp-json\/wp\/v2\/pages\/10365","targetHints":{"allow":["GET"]}}],"collection":[{"href":"https:\/\/okoljepiran.si\/it\/wp-json\/wp\/v2\/pages"}],"about":[{"href":"https:\/\/okoljepiran.si\/it\/wp-json\/wp\/v2\/types\/page"}],"author":[{"embeddable":true,"href":"https:\/\/okoljepiran.si\/it\/wp-json\/wp\/v2\/users\/1"}],"replies":[{"embeddable":true,"href":"https:\/\/okoljepiran.si\/it\/wp-json\/wp\/v2\/comments?post=10365"}],"version-history":[{"count":9,"href":"https:\/\/okoljepiran.si\/it\/wp-json\/wp\/v2\/pages\/10365\/revisions"}],"predecessor-version":[{"id":24175,"href":"https:\/\/okoljepiran.si\/it\/wp-json\/wp\/v2\/pages\/10365\/revisions\/24175"}],"up":[{"embeddable":true,"href":"https:\/\/okoljepiran.si\/it\/wp-json\/wp\/v2\/pages\/10391"}],"wp:featuredmedia":[{"embeddable":true,"href":"https:\/\/okoljepiran.si\/it\/wp-json\/wp\/v2\/media\/9568"}],"wp:attachment":[{"href":"https:\/\/okoljepiran.si\/it\/wp-json\/wp\/v2\/media?parent=10365"}],"curies":[{"name":"wp","href":"https:\/\/api.w.org\/{rel}","templated":true}]}}