{"id":10364,"date":"2024-09-27T09:06:05","date_gmt":"2024-09-27T07:06:05","guid":{"rendered":"http:\/\/okoljepiran.razvija.se\/praznjenje-greznic-in-mcn\/"},"modified":"2025-09-02T14:05:18","modified_gmt":"2025-09-02T12:05:18","slug":"svuotamento-delle-fosse-biologiche-e-pid","status":"publish","type":"page","link":"https:\/\/okoljepiran.si\/it\/attivita\/gestione-acque-reflue\/svuotamento-delle-fosse-biologiche-e-pid\/","title":{"rendered":"Svuotamento delle fosse biologiche e PID"},"content":{"rendered":"\n<p>In conformit\u00e0 con il Regolamento sullo smaltimento e il trattamento delle acque reflue urbane <a href=\"https:\/\/www.uradni-list.si\/glasilo-uradni-list-rs\/vsebina\/2015-01-3842\/uredba-o-odvajanju-in-ciscenju-komunalne-odpadne-vode\" target=\"_blank\" rel=\"noreferrer noopener\">(Gazz. Uff. della RS, n. 98\/15)<\/a>, i proprietari di fosse biologiche e piccoli impianti di depurazione sono obbligati a svuotare la fossa biologica o il piccolo impianto di depurazione domestico &#8211; individuale (PID) almeno una volta ogni tre anni. Lo svuotamento viene effettuato secondo il calendario stabilito nel <a href=\"http:\/\/Program izvajanja javne slu\u017ebe odvajanja in \u010di\u0161\u010denja komunalne in padavinske odpadne vode v ob\u010dini Piran za obdobje 2025-2028\" target=\"_blank\" rel=\"noreferrer noopener\"><strong>Programma per l&#8217;attuazione del servizio pubblico di scarico e depurazione delle acque urbane e piovane nel Comune di Pirano per il periodo 2025-2028<\/strong><\/a>.<\/p>\n\n\n\n<p>I materiali di scarto delle fosse biologiche e i fanghi dei piccoli impianti di depurazione vengono trasportati all&#8217;impianto centrale di depurazione di Pirano, dove vengono ulteriormente trattati. I rifiuti solidi vengono conferiti ai soggetti autorizzati che si occupano del loro ulteriore trattamento, mentre le acque reflue vengono depurate presso l&#8217;impianto di depurazione stesso. Il&nbsp;<a href=\"https:\/\/okoljepiran.si\/it\/tariffe-dei-servizi\/#ravnanje-z-odpadnimi-vodami\">costo del servizio<\/a>&nbsp;\u00e8 calcolato mensilmente e dipende dalla quantit\u00e0 di acqua potabile utilizzata.<\/p>\n\n\n\n<p>Lo svuotamento delle fosse biologiche e dei piccoli impianti di depurazione \u00e8 effettuato sulla base di una comunicazione scritta inviata ai proprietari dall\u2019Azienda pubblica OKOLJE Pirano S.r.l. o sulla base di una richiesta del proprietario dell&#8217;impianto. Per effettuare lo svuotamento, il proprietario del fabbricato deve consentire al veicolo specializzato il libero accesso.<\/p>\n\n\n\n<div style=\"height:50px\" aria-hidden=\"true\" class=\"wp-block-spacer\"><\/div>\n\n\n\n<figure class=\"wp-block-embed is-type-wp-embed is-provider-okolje-piran wp-block-embed-okolje-piran\"><div class=\"wp-block-embed__wrapper\">\n<blockquote class=\"wp-embedded-content\" data-secret=\"qbJVckV5v7\"><a href=\"https:\/\/okoljepiran.si\/it\/attivita\/gestione-acque-reflue\/ordinare-il-svuotamento-delle-fosse-biologiche-e-pid\/\">Ordinare il svuotamento delle fosse biologiche e pid<\/a><\/blockquote><iframe loading=\"lazy\" class=\"wp-embedded-content\" sandbox=\"allow-scripts\" security=\"restricted\" style=\"position: absolute; visibility: hidden;\" title=\"&#8220;Ordinare il svuotamento delle fosse biologiche e pid&#8221; &#8212; Okolje Piran\" src=\"https:\/\/okoljepiran.si\/it\/attivita\/gestione-acque-reflue\/ordinare-il-svuotamento-delle-fosse-biologiche-e-pid\/embed\/#?secret=E0U7bwgnS0#?secret=qbJVckV5v7\" data-secret=\"qbJVckV5v7\" width=\"500\" height=\"282\" frameborder=\"0\" marginwidth=\"0\" marginheight=\"0\" scrolling=\"no\"><\/iframe>\n<\/div><\/figure>\n\n\n\r\n    \r\n    \n\n\n<div class=\"gb-container gb-container-e195c5d4 layout-grid-2\">\n<div class=\"gb-container gb-container-e7849cb2 banner-ceniki\">\n<div class=\"gb-container gb-container-6600ff8a\">\n\n<h4 class=\"wp-block-heading fw-semibold\">Tariffe: Gestione acque reflue<\/h4>\n\n\n\n<p>Qui trovate le tariffe aggiornate e le condizioni di servizio<\/p>\n\n\n\n<p><a href=\"https:\/\/okoljepiran.si\/it\/tariffe-dei-servizi\/#gestione-acque-reflue\" target=\"_blank\" data-type=\"page\" data-id=\"11\" rel=\"noreferrer noopener\">Visualizza<\/a><\/p>\n\n<\/div>\n\n\n<figure class=\"wp-block-image size-full d-flex justify-content-end\"><img decoding=\"async\" src=\"https:\/\/okoljepiran.si\/wp-content\/uploads\/2024\/06\/ceniki_banner.svg\" alt=\"\" class=\"wp-image-115\" style=\"object-fit:cover\"\/><\/figure>\n\n<\/div>\n\n<div class=\"gb-container gb-container-7e869277 banner-vloge\">\n<div class=\"gb-container gb-container-730dea93 text-body-secondary\">\n\n<h4 class=\"wp-block-heading fw-semibold\">Attivit\u00e0: Gestione acque reflue<\/h4>\n\n\n\n<p>Accedete a tutti i moduli e formulari.<\/p>\n\n\n\n<p><a href=\"https:\/\/okoljepiran.si\/it\/moduli-e-domande\/#gestione-acque-reflue\" target=\"_blank\" data-type=\"page\" data-id=\"9\" rel=\"noreferrer noopener\">Visualizza<\/a><\/p>\n\n<\/div>\n\n\n<figure class=\"wp-block-image size-full d-flex justify-content-end\"><img decoding=\"async\" src=\"https:\/\/okoljepiran.si\/wp-content\/uploads\/2024\/06\/vloge_banner.svg\" alt=\"\" class=\"wp-image-129\" style=\"object-fit:cover\"\/><\/figure>\n\n<\/div>\n\n<div class=\"gb-container gb-container-1a7c6d51 banner-ceniki\">\n<div class=\"gb-container gb-container-b5b28bb6\">\n\n<h4 class=\"wp-block-heading fw-semibold\">Legislazione: Gestione acque reflue<\/h4>\n\n\n\n<p>Consultate le leggi, i regolamenti e le altre norme vigenti.<\/p>\n\n\n\n<p><a href=\"https:\/\/okoljepiran.si\/it\/legislazione\/#gestione-acque-reflue\" target=\"_blank\" data-type=\"page\" data-id=\"589\" rel=\"noreferrer noopener\">Visualizza<\/a><\/p>\n\n<\/div>\n\n\n<figure class=\"wp-block-image size-full d-flex justify-content-end\"><img decoding=\"async\" src=\"https:\/\/okoljepiran.si\/wp-content\/uploads\/2024\/06\/zakonodaja_banner.svg\" alt=\"\" class=\"wp-image-396\" style=\"object-fit:cover\"\/><\/figure>\n\n<\/div>\n<\/div>","protected":false},"excerpt":{"rendered":"<p>I proprietari delle fosse settiche e piccoli impianti (MK\u010cN) devono provvedere allo svuotamento almeno ogni 3 anni. <\/p>\n","protected":false},"author":1,"featured_media":9570,"parent":10391,"menu_order":3,"comment_status":"closed","ping_status":"closed","template":"template-page\/pg-childpage.php","meta":{"_acf_changed":false,"footnotes":""},"class_list":["post-10364","page","type-page","status-publish","has-post-thumbnail","hentry"],"acf":[],"_links":{"self":[{"href":"https:\/\/okoljepiran.si\/it\/wp-json\/wp\/v2\/pages\/10364","targetHints":{"allow":["GET"]}}],"collection":[{"href":"https:\/\/okoljepiran.si\/it\/wp-json\/wp\/v2\/pages"}],"about":[{"href":"https:\/\/okoljepiran.si\/it\/wp-json\/wp\/v2\/types\/page"}],"author":[{"embeddable":true,"href":"https:\/\/okoljepiran.si\/it\/wp-json\/wp\/v2\/users\/1"}],"replies":[{"embeddable":true,"href":"https:\/\/okoljepiran.si\/it\/wp-json\/wp\/v2\/comments?post=10364"}],"version-history":[{"count":10,"href":"https:\/\/okoljepiran.si\/it\/wp-json\/wp\/v2\/pages\/10364\/revisions"}],"predecessor-version":[{"id":24176,"href":"https:\/\/okoljepiran.si\/it\/wp-json\/wp\/v2\/pages\/10364\/revisions\/24176"}],"up":[{"embeddable":true,"href":"https:\/\/okoljepiran.si\/it\/wp-json\/wp\/v2\/pages\/10391"}],"wp:featuredmedia":[{"embeddable":true,"href":"https:\/\/okoljepiran.si\/it\/wp-json\/wp\/v2\/media\/9570"}],"wp:attachment":[{"href":"https:\/\/okoljepiran.si\/it\/wp-json\/wp\/v2\/media?parent=10364"}],"curies":[{"name":"wp","href":"https:\/\/api.w.org\/{rel}","templated":true}]}}