{"id":10356,"date":"2024-09-27T10:09:02","date_gmt":"2024-09-27T08:09:02","guid":{"rendered":"http:\/\/okoljepiran.razvija.se\/parkirne-dovolilnice-za-portoroz-lucijo-seco-fieso-strunjan\/"},"modified":"2025-09-02T08:52:41","modified_gmt":"2025-09-02T06:52:41","slug":"permessi-di-parcheggio-per-portorose-s-lucia-sezza-fiesa-e-strugnano","status":"publish","type":"page","link":"https:\/\/okoljepiran.si\/it\/attivita\/parcheggi-e-trasporti\/permessi-di-parcheggio\/permessi-di-parcheggio-per-portorose-s-lucia-sezza-fiesa-e-strugnano\/","title":{"rendered":"Permessi di parcheggio per Portorose, S. Lucia, Sezza, Fiesa e Strugnano"},"content":{"rendered":"\n<p>Per parcheggiare a Portorose, Lucia, Sezza, Fiesa e Strugnano sono disponibili diversi tipi di permessi e abbonamenti di parcheggio, adattati alle esigenze dei residenti locali, delle imprese e dei visitatori.<\/p>\n\n\n\n<h2 class=\"wp-block-heading\">Portorose<\/h2>\n\n\n\n<h3 class=\"wp-block-heading\">Zona di Portorose<\/h3>\n\n\n\n<p>L\u2019abbonamento al parcheggio pu\u00f2 essere richiesto da persone giuridiche (solo per autovetture) che svolgono attivit\u00e0 nella zona di Portorose e hanno la sede legale o l\u2019unit\u00e0 operativa lungo la strada Obala. Una persona giuridica pu\u00f2 ottenere al massimo due abbonamenti.<\/p>\n\n\n\n<h3 class=\"wp-block-heading\">Parcheggio per Splo\u0161na plovba<\/h3>\n\n\n\n<p>Il permesso per il parcheggio presso Splo\u0161na plovba pu\u00f2 essere ottenuto solo dai cittadini con residenza permanente nel comune di Pirano. \u00c8 consentita una sosta breve gratuita fino a 3 ore, con l\u2019obbligo di indicare l\u2019orario di arrivo.<\/p>\n\n\n\n<h2 class=\"wp-block-heading\">Lucia<\/h2>\n\n\n\n<h3 class=\"wp-block-heading\">Parcheggio presso TPC Lucia<\/h3>\n\n\n\n<p>Abbonamento mensile per i cittadini residenti nei condomini situati all\u2019interno della zona di parcheggio, valido per un solo veicolo di propriet\u00e0 per nucleo familiare. L\u2019abbonamento mensile \u00e8 disponibile anche per i dipendenti che lavorano nell\u2019area del TPC Lucia o nella zona compresa tra la rotatoria Obala \u2013 Podvozna cesta e la rotatoria Obala \u2013 Cesta Solinarjev.<\/p>\n\n\n\n<h3 class=\"wp-block-heading\">Ambulatorio di Lucia<\/h3>\n\n\n\n<p>L\u2019abbonamento mensile pu\u00f2 essere richiesto dai dipendenti del centro sanitario.<\/p>\n\n\n\n<h3 class=\"wp-block-heading\">Parcheggio di fronte a \u201cBu\u010dko\u201d<\/h3>\n\n\n\n<p>Gli abbonamenti sono disponibili per i residenti della zona dell\u2019Ambulatorio di Lucia (Obala 107, 105).<\/p>\n\n\n\n<h3 class=\"wp-block-heading\">Presso gli edifici Obala 130, 132, 134<\/h3>\n\n\n\n<p>Gli abbonamenti mensili sono disponibili per i cittadini residenti e i proprietari di immobili nei condomini di Obala 130, 132, 134, per un solo veicolo di propriet\u00e0 per unit\u00e0 abitativa o commerciale. Possono richiedere l\u2019abbonamento anche i dipendenti che lavorano in quest\u2019area (Obala 130, 132, 134).<\/p>\n\n\n\n<h3 class=\"wp-block-heading\">Palazzetto dello sport di Lucia e parcheggio dell\u2019ex area cani<\/h3>\n\n\n\n<p>Gli abbonamenti mensili, validi per un solo veicolo di propriet\u00e0, possono essere richiesti dai cittadini residenti, dai proprietari di appartamenti nei condomini e dai dipendenti nell\u2019area che comprende i seguenti indirizzi: Liminjanska cesta n. 77, 78, 79, 81, 83, 85, 87, 91, 93, \u010cokova ulica 1, 3, 5 e Fazan n. 5.<\/p>\n\n\n\n<h3 class=\"wp-block-heading\">Presso la scuola elementare e l\u2019asilo di Lucia<\/h3>\n\n\n\n<p>L\u2019abbonamento mensile pu\u00f2 essere richiesto dai dipendenti degli enti pubblici situati nell\u2019area del parcheggio (scuola elementare, asilo, Faros).<\/p>\n\n\n\n<h2 class=\"wp-block-heading\">Strugnano<\/h2>\n\n\n\n<h3 class=\"wp-block-heading\">Zona di Strugnano<\/h3>\n\n\n\n<p>I permessi possono essere richiesti dai lavoratori che operano nella zona di Strugnano.<\/p>\n\n\n\n<h3 class=\"wp-block-heading\">Parcheggio di fronte alla trattoria Trta<\/h3>\n\n\n\n<p>I permessi possono essere richiesti dai lavoratori che operano nella zona di Strugnano.<\/p>\n\n\n\n<h2 class=\"wp-block-heading\">Sezza<\/h2>\n\n\n\n<h3 class=\"wp-block-heading\">Parcheggio presso la piscicoltura<\/h3>\n\n\n\n<p>Il permesso di parcheggio mensile pu\u00f2 essere richiesto dai lavoratori che operano nell\u2019area del parcheggio (nella piscicoltura, i dipendenti del ristorante Ribi\u010d e altri lavoratori nelle vicinanze), nonch\u00e9 dagli utenti degli ormeggi nel canale di San Bartolomeo, che hanno un contratto di ormeggio stipulato con Okolje.<\/p>\n\n\n\n<blockquote class=\"wp-block-quote\">\n<h2 class=\"wp-block-heading\">Abbonamento unico per Strugnano, Sezza e Fiesa<\/h2>\n\n\n\n<p>I cittadini con residenza permanente nel comune di Pirano possono ottenere un permesso mensile di parcheggio valido per le seguenti aree: Fiesa (Zona Verde II), Sezza (\u0160kver) e Strugnano (Stju\u017ea).<\/p>\n<\/blockquote>\n\n\n\n<div style=\"height:50px\" aria-hidden=\"true\" class=\"wp-block-spacer\"><\/div>\n\n\n\n<figure class=\"wp-block-embed is-type-wp-embed is-provider-okolje-piran wp-block-embed-okolje-piran\"><div class=\"wp-block-embed__wrapper\">\n<blockquote class=\"wp-embedded-content\" data-secret=\"oA6Y0JU4CD\"><a href=\"https:\/\/okoljepiran.si\/it\/attivita\/parcheggi-e-trasporti\/istruzioni-per-rinnovare-labbonamento-al-parcheggio-tramite-messaggio-sms-e-applicazione\/\">Istruzioni per rinnovare l\u2019abbonamento al parcheggio tramite messaggio SMS e applicazione<\/a><\/blockquote><iframe loading=\"lazy\" class=\"wp-embedded-content\" sandbox=\"allow-scripts\" security=\"restricted\" style=\"position: absolute; visibility: hidden;\" title=\"&#8220;Istruzioni per rinnovare l\u2019abbonamento al parcheggio tramite messaggio SMS e applicazione&#8221; &#8212; Okolje Piran\" src=\"https:\/\/okoljepiran.si\/it\/attivita\/parcheggi-e-trasporti\/istruzioni-per-rinnovare-labbonamento-al-parcheggio-tramite-messaggio-sms-e-applicazione\/embed\/#?secret=5e6lbAru8t#?secret=oA6Y0JU4CD\" data-secret=\"oA6Y0JU4CD\" width=\"500\" height=\"282\" frameborder=\"0\" marginwidth=\"0\" marginheight=\"0\" scrolling=\"no\"><\/iframe>\n<\/div><\/figure>\n\n\n\n<div style=\"height:50px\" aria-hidden=\"true\" class=\"wp-block-spacer\"><\/div>\n\n\n\n<figure class=\"wp-block-embed is-type-wp-embed is-provider-okolje-piran wp-block-embed-okolje-piran\"><div class=\"wp-block-embed__wrapper\">\nhttps:\/\/okoljepiran.si\/it\/attivita\/parcheggi-e-trasporti\/parcheggi\/permessi-per-il-parcheggio-nel-centro-storico-di-pirano-e-fornace\n<\/div><\/figure>\n","protected":false},"excerpt":{"rendered":"<p>Per parcheggiare a Portorose, Lucia, Sezza, Fiesa e Strugnano sono disponibili diversi tipi di permessi e abbonamenti di parcheggio, adattati alle esigenze dei residenti locali, delle imprese e dei visitatori. Portorose Zona di Portorose L\u2019abbonamento al parcheggio pu\u00f2 essere richiesto da persone giuridiche (solo per autovetture) che svolgono attivit\u00e0 nella zona di Portorose e hanno [&hellip;]<\/p>\n","protected":false},"author":1,"featured_media":9754,"parent":10355,"menu_order":3,"comment_status":"closed","ping_status":"closed","template":"template-page\/pg-narrow.php","meta":{"_acf_changed":false,"footnotes":""},"class_list":["post-10356","page","type-page","status-publish","has-post-thumbnail","hentry"],"acf":[],"_links":{"self":[{"href":"https:\/\/okoljepiran.si\/it\/wp-json\/wp\/v2\/pages\/10356","targetHints":{"allow":["GET"]}}],"collection":[{"href":"https:\/\/okoljepiran.si\/it\/wp-json\/wp\/v2\/pages"}],"about":[{"href":"https:\/\/okoljepiran.si\/it\/wp-json\/wp\/v2\/types\/page"}],"author":[{"embeddable":true,"href":"https:\/\/okoljepiran.si\/it\/wp-json\/wp\/v2\/users\/1"}],"replies":[{"embeddable":true,"href":"https:\/\/okoljepiran.si\/it\/wp-json\/wp\/v2\/comments?post=10356"}],"version-history":[{"count":20,"href":"https:\/\/okoljepiran.si\/it\/wp-json\/wp\/v2\/pages\/10356\/revisions"}],"predecessor-version":[{"id":24019,"href":"https:\/\/okoljepiran.si\/it\/wp-json\/wp\/v2\/pages\/10356\/revisions\/24019"}],"up":[{"embeddable":true,"href":"https:\/\/okoljepiran.si\/it\/wp-json\/wp\/v2\/pages\/10355"}],"wp:featuredmedia":[{"embeddable":true,"href":"https:\/\/okoljepiran.si\/it\/wp-json\/wp\/v2\/media\/9754"}],"wp:attachment":[{"href":"https:\/\/okoljepiran.si\/it\/wp-json\/wp\/v2\/media?parent=10356"}],"curies":[{"name":"wp","href":"https:\/\/api.w.org\/{rel}","templated":true}]}}