{"id":10355,"date":"2025-08-27T15:44:11","date_gmt":"2025-08-27T13:44:11","guid":{"rendered":"http:\/\/okoljepiran.razvija.se\/?page_id=10355"},"modified":"2025-09-02T11:22:06","modified_gmt":"2025-09-02T09:22:06","slug":"permessi-di-parcheggio","status":"publish","type":"page","link":"https:\/\/okoljepiran.si\/it\/attivita\/parcheggi-e-trasporti\/permessi-di-parcheggio\/","title":{"rendered":"Permessi di parcheggio"},"content":{"rendered":"\n<p>Ottenere il permesso di parcheggio adeguato vi consente di muovervi e sostare pi\u00f9 facilmente nel Comune di Pirano, contribuendo a un traffico pi\u00f9 ordinato e a una migliore qualit\u00e0 della vita.<\/p>\n\n\n\n<div style=\"height:50px\" aria-hidden=\"true\" class=\"wp-block-spacer\"><\/div>\n\n\n\n<figure class=\"wp-block-embed is-type-wp-embed is-provider-okolje-piran wp-block-embed-okolje-piran\"><div class=\"wp-block-embed__wrapper\">\n<blockquote class=\"wp-embedded-content\" data-secret=\"7OvKulgdcY\"><a href=\"https:\/\/okoljepiran.si\/it\/attivita\/parcheggi-e-trasporti\/permessi-di-parcheggio\/permessi-per-il-parcheggio-nel-centro-storico-di-pirano-e-fornace\/\">Permessi per il parcheggio nel centro storico di Pirano e Fornace<\/a><\/blockquote><iframe loading=\"lazy\" class=\"wp-embedded-content\" sandbox=\"allow-scripts\" security=\"restricted\" style=\"position: absolute; visibility: hidden;\" title=\"&#8220;Permessi per il parcheggio nel centro storico di Pirano e Fornace&#8221; &#8212; Okolje Piran\" src=\"https:\/\/okoljepiran.si\/it\/attivita\/parcheggi-e-trasporti\/permessi-di-parcheggio\/permessi-per-il-parcheggio-nel-centro-storico-di-pirano-e-fornace\/embed\/#?secret=Rna6vrxXJs#?secret=7OvKulgdcY\" data-secret=\"7OvKulgdcY\" width=\"500\" height=\"282\" frameborder=\"0\" marginwidth=\"0\" marginheight=\"0\" scrolling=\"no\"><\/iframe>\n<\/div><\/figure>\n\n\n\n<div style=\"height:50px\" aria-hidden=\"true\" class=\"wp-block-spacer\"><\/div>\n\n\n\n<figure class=\"wp-block-embed is-type-wp-embed is-provider-okolje-piran wp-block-embed-okolje-piran\"><div class=\"wp-block-embed__wrapper\">\n<blockquote class=\"wp-embedded-content\" data-secret=\"pk1fK64z8M\"><a href=\"https:\/\/okoljepiran.si\/it\/attivita\/parcheggi-e-trasporti\/permessi-di-parcheggio\/permessi-di-parcheggio-per-portorose-s-lucia-sezza-fiesa-e-strugnano\/\">Permessi di parcheggio per Portorose, S. Lucia, Sezza, Fiesa e Strugnano<\/a><\/blockquote><iframe loading=\"lazy\" class=\"wp-embedded-content\" sandbox=\"allow-scripts\" security=\"restricted\" style=\"position: absolute; visibility: hidden;\" title=\"&#8220;Permessi di parcheggio per Portorose, S. Lucia, Sezza, Fiesa e Strugnano&#8221; &#8212; Okolje Piran\" src=\"https:\/\/okoljepiran.si\/it\/attivita\/parcheggi-e-trasporti\/permessi-di-parcheggio\/permessi-di-parcheggio-per-portorose-s-lucia-sezza-fiesa-e-strugnano\/embed\/#?secret=JlpCUroty4#?secret=pk1fK64z8M\" data-secret=\"pk1fK64z8M\" width=\"500\" height=\"282\" frameborder=\"0\" marginwidth=\"0\" marginheight=\"0\" scrolling=\"no\"><\/iframe>\n<\/div><\/figure>\n\n\n\n<div style=\"height:50px\" aria-hidden=\"true\" class=\"wp-block-spacer\"><\/div>\n\n\n\n<figure class=\"wp-block-embed is-type-wp-embed is-provider-okolje-piran wp-block-embed-okolje-piran\"><div class=\"wp-block-embed__wrapper\">\n<blockquote class=\"wp-embedded-content\" data-secret=\"bmxADDjlve\"><a href=\"https:\/\/okoljepiran.si\/it\/attivita\/parcheggi-e-trasporti\/istruzioni-per-rinnovare-labbonamento-al-parcheggio-tramite-messaggio-sms-e-applicazione\/\">Istruzioni per rinnovare l\u2019abbonamento al parcheggio tramite messaggio SMS e applicazione<\/a><\/blockquote><iframe loading=\"lazy\" class=\"wp-embedded-content\" sandbox=\"allow-scripts\" security=\"restricted\" style=\"position: absolute; visibility: hidden;\" title=\"&#8220;Istruzioni per rinnovare l\u2019abbonamento al parcheggio tramite messaggio SMS e applicazione&#8221; &#8212; Okolje Piran\" src=\"https:\/\/okoljepiran.si\/it\/attivita\/parcheggi-e-trasporti\/istruzioni-per-rinnovare-labbonamento-al-parcheggio-tramite-messaggio-sms-e-applicazione\/embed\/#?secret=Fnw1q0tqYi#?secret=bmxADDjlve\" data-secret=\"bmxADDjlve\" width=\"500\" height=\"282\" frameborder=\"0\" marginwidth=\"0\" marginheight=\"0\" scrolling=\"no\"><\/iframe>\n<\/div><\/figure>\n\n\n\r\n    \r\n    \n\n\n<div class=\"gb-container gb-container-e195c5d4 layout-grid-2\">\n<div class=\"gb-container gb-container-e7849cb2 banner-ceniki\">\n<div class=\"gb-container gb-container-6600ff8a\">\n\n<h4 class=\"wp-block-heading fw-semibold\">Tariffe: Parcheggi e trasporti<\/h4>\n\n\n\n<p>Qui trovate le tariffe aggiornate e le condizioni di servizio.<\/p>\n\n\n\n<p><a href=\"https:\/\/okoljepiran.si\/it\/tariffe-dei-servizi\/#parkirisca-in-promet-it\" target=\"_blank\" data-type=\"page\" data-id=\"11\" rel=\"noreferrer noopener\">Visualizza<\/a><\/p>\n\n<\/div>\n\n\n<figure class=\"wp-block-image size-full d-flex justify-content-end\"><img decoding=\"async\" src=\"https:\/\/okoljepiran.si\/wp-content\/uploads\/2024\/06\/ceniki_banner.svg\" alt=\"\" class=\"wp-image-115\" style=\"object-fit:cover\"\/><\/figure>\n\n<\/div>\n\n<div class=\"gb-container gb-container-7e869277 banner-vloge\">\n<div class=\"gb-container gb-container-730dea93 text-body-secondary\">\n\n<h4 class=\"wp-block-heading fw-semibold\">Moduli e domande: Parcheggi e trasporti<\/h4>\n\n\n\n<p>Accedete a tutti i moduli e formulari.<\/p>\n\n\n\n<p><a href=\"https:\/\/okoljepiran.si\/it\/moduli-e-domande\/#parkirisca-in-promet-it\" target=\"_blank\" data-type=\"page\" data-id=\"9\" rel=\"noreferrer noopener\">Visualizza<\/a><\/p>\n\n<\/div>\n\n\n<figure class=\"wp-block-image size-full d-flex justify-content-end\"><img decoding=\"async\" src=\"https:\/\/okoljepiran.si\/wp-content\/uploads\/2024\/06\/vloge_banner.svg\" alt=\"\" class=\"wp-image-129\" style=\"object-fit:cover\"\/><\/figure>\n\n<\/div>\n\n<div class=\"gb-container gb-container-1a7c6d51 banner-ceniki\">\n<div class=\"gb-container gb-container-b5b28bb6\">\n\n<h4 class=\"wp-block-heading fw-semibold\">Legislazione: Parcheggi e trasporti<\/h4>\n\n\n\n<p>Consultate le leggi, i regolamenti e le altre norme vigenti.<\/p>\n\n\n\n<p><a href=\"https:\/\/okoljepiran.si\/it\/legislazione\/#parkirisca-in-promet-it\" target=\"_blank\" data-type=\"page\" data-id=\"589\" rel=\"noreferrer noopener\">Visualizza<\/a><\/p>\n\n<\/div>\n\n\n<figure class=\"wp-block-image size-full d-flex justify-content-end\"><img decoding=\"async\" src=\"https:\/\/okoljepiran.si\/wp-content\/uploads\/2024\/06\/zakonodaja_banner.svg\" alt=\"\" class=\"wp-image-396\" style=\"object-fit:cover\"\/><\/figure>\n\n<\/div>\n<\/div>","protected":false},"excerpt":{"rendered":"<p>Per i residenti e i visitatori sono disponibili permessi speciali che facilitano la sosta in diverse aree del comune. <\/p>\n","protected":false},"author":1,"featured_media":0,"parent":10393,"menu_order":2,"comment_status":"closed","ping_status":"closed","template":"template-page\/pg-childpage.php","meta":{"_acf_changed":false,"footnotes":""},"class_list":["post-10355","page","type-page","status-publish","hentry"],"acf":[],"_links":{"self":[{"href":"https:\/\/okoljepiran.si\/it\/wp-json\/wp\/v2\/pages\/10355","targetHints":{"allow":["GET"]}}],"collection":[{"href":"https:\/\/okoljepiran.si\/it\/wp-json\/wp\/v2\/pages"}],"about":[{"href":"https:\/\/okoljepiran.si\/it\/wp-json\/wp\/v2\/types\/page"}],"author":[{"embeddable":true,"href":"https:\/\/okoljepiran.si\/it\/wp-json\/wp\/v2\/users\/1"}],"replies":[{"embeddable":true,"href":"https:\/\/okoljepiran.si\/it\/wp-json\/wp\/v2\/comments?post=10355"}],"version-history":[{"count":24,"href":"https:\/\/okoljepiran.si\/it\/wp-json\/wp\/v2\/pages\/10355\/revisions"}],"predecessor-version":[{"id":24103,"href":"https:\/\/okoljepiran.si\/it\/wp-json\/wp\/v2\/pages\/10355\/revisions\/24103"}],"up":[{"embeddable":true,"href":"https:\/\/okoljepiran.si\/it\/wp-json\/wp\/v2\/pages\/10393"}],"wp:attachment":[{"href":"https:\/\/okoljepiran.si\/it\/wp-json\/wp\/v2\/media?parent=10355"}],"curies":[{"name":"wp","href":"https:\/\/api.w.org\/{rel}","templated":true}]}}