{"id":10354,"date":"2024-09-27T10:12:54","date_gmt":"2024-09-27T08:12:54","guid":{"rendered":"http:\/\/okoljepiran.razvija.se\/navodila-za-podaljsevanje-parkirnega-abonmaja-z-sms-sporocilom-in-aplikacijo\/"},"modified":"2025-09-02T11:20:49","modified_gmt":"2025-09-02T09:20:49","slug":"istruzioni-per-rinnovare-labbonamento-al-parcheggio-tramite-messaggio-sms-e-applicazione","status":"publish","type":"page","link":"https:\/\/okoljepiran.si\/it\/attivita\/parcheggi-e-trasporti\/istruzioni-per-rinnovare-labbonamento-al-parcheggio-tramite-messaggio-sms-e-applicazione\/","title":{"rendered":"Istruzioni per rinnovare l\u2019abbonamento al parcheggio tramite messaggio SMS e applicazione"},"content":{"rendered":"\n<h2 class=\"wp-block-heading\">Procedura di pagamento tramite SMS<\/h2>\n\n\n\n<p>Inviare un SMS al numero <strong>031 20 90 20<\/strong> con il seguente contenuto:<\/p>\n\n\n\n<ul class=\"wp-block-list\">\n<li>codice della zona di parcheggio,<\/li>\n\n\n\n<li>spazio,<\/li>\n\n\n\n<li>numero di targa completo del veicolo.<\/li>\n<\/ul>\n\n\n\n<p>\u00c8 necessario inserire uno spazio tra il codice della zona e il numero di targa del veicolo (esempio: 1020184 KPAB123).<\/p>\n\n\n\n<p>Se non si conosce il codice della zona, lo si pu\u00f2 trovare nelle tabelle riportate sotto.<\/p>\n\n\n\n<p>Dopo aver completato il pagamento, si riceve un SMS di conferma.<\/p>\n\n\n<div class=\"gb-container gb-container-c15ec4f6\">\n<div class=\"gb-container gb-container-6249ed39\">\n<div class=\"wp-block-image\">\n<figure class=\"alignleft size-large is-resized\"><img loading=\"lazy\" decoding=\"async\" width=\"455\" height=\"1024\" src=\"https:\/\/okoljepiran.si\/wp-content\/uploads\/2024\/09\/NAVODILA-PLACEVANJE-ABONMAJEV-SMS_1-455x1024.jpg\" alt=\"\" class=\"wp-image-1116\" style=\"width:auto;height:400px\" srcset=\"https:\/\/okoljepiran.si\/wp-content\/uploads\/2024\/09\/NAVODILA-PLACEVANJE-ABONMAJEV-SMS_1-455x1024.jpg 455w, https:\/\/okoljepiran.si\/wp-content\/uploads\/2024\/09\/NAVODILA-PLACEVANJE-ABONMAJEV-SMS_1-768x1728.jpg 768w, https:\/\/okoljepiran.si\/wp-content\/uploads\/2024\/09\/NAVODILA-PLACEVANJE-ABONMAJEV-SMS_1.jpg 1065w\" sizes=\"auto, (max-width: 455px) 100vw, 455px\" \/><\/figure>\n<\/div>\n<\/div>\n\n<div class=\"gb-container gb-container-ff2dd2b3\">\n<div class=\"wp-block-image\">\n<figure class=\"alignleft size-large is-resized\"><img loading=\"lazy\" decoding=\"async\" width=\"455\" height=\"1024\" src=\"https:\/\/okoljepiran.si\/wp-content\/uploads\/2024\/09\/NAVODILA-PLACEVANJE-ABONMAJEV-SMS_2-455x1024.jpg\" alt=\"\" class=\"wp-image-1115\" style=\"width:auto;height:400px\" srcset=\"https:\/\/okoljepiran.si\/wp-content\/uploads\/2024\/09\/NAVODILA-PLACEVANJE-ABONMAJEV-SMS_2-455x1024.jpg 455w, https:\/\/okoljepiran.si\/wp-content\/uploads\/2024\/09\/NAVODILA-PLACEVANJE-ABONMAJEV-SMS_2-768x1728.jpg 768w, https:\/\/okoljepiran.si\/wp-content\/uploads\/2024\/09\/NAVODILA-PLACEVANJE-ABONMAJEV-SMS_2.jpg 1065w\" sizes=\"auto, (max-width: 455px) 100vw, 455px\" \/><\/figure>\n<\/div>\n<\/div>\n<\/div>\n\n\n<h2 class=\"wp-block-heading\">Procedura di pagamento tramite l&#8217;app mobile Easypark<\/h2>\n\n\n\n<ul class=\"wp-block-list\">\n<li>Scaricare l&#8217;app EasyPark sul vostro smartphone, eseguire la registrazione e inserire le targhe complete dei veicoli per i quali \u00e8 stato emesso l&#8217;abbonamento.<\/li>\n\n\n\n<li>Inserire il codice della zona di parcheggio nell&#8217;apposito campo.<\/li>\n\n\n\n<li>Selezionare la durata dell&#8217;abbonamento.<\/li>\n\n\n\n<li>Selezionare la targa del veicolo per il quale si sta rinnovando l&#8217;abbonamento.<\/li>\n\n\n\n<li>Verificare i dati inseriti e premere &#8220;CONFERMA&#8221; per attivarlo.<\/li>\n\n\n\n<li>Nella scheda &#8220;Le mie soste&#8221;, potete controllare la zona e la data di scadenza dell&#8217;abbonamento.<\/li>\n<\/ul>\n\n\n<div class=\"gb-container gb-container-ab3d9a52\">\n<div class=\"gb-container gb-container-dad0fb6c\">\n<div class=\"wp-block-image\">\n<figure class=\"alignleft size-large is-resized\"><img loading=\"lazy\" decoding=\"async\" width=\"464\" height=\"1024\" src=\"https:\/\/okoljepiran.si\/wp-content\/uploads\/2024\/09\/NAVODILA-PLACEVANJE-ABONMAJEV-APLIKACIJA-1_1-464x1024.jpg\" alt=\"\" class=\"wp-image-1114\" style=\"width:auto;height:400px\" srcset=\"https:\/\/okoljepiran.si\/wp-content\/uploads\/2024\/09\/NAVODILA-PLACEVANJE-ABONMAJEV-APLIKACIJA-1_1-464x1024.jpg 464w, https:\/\/okoljepiran.si\/wp-content\/uploads\/2024\/09\/NAVODILA-PLACEVANJE-ABONMAJEV-APLIKACIJA-1_1-768x1695.jpg 768w, https:\/\/okoljepiran.si\/wp-content\/uploads\/2024\/09\/NAVODILA-PLACEVANJE-ABONMAJEV-APLIKACIJA-1_1.jpg 1080w\" sizes=\"auto, (max-width: 464px) 100vw, 464px\" \/><\/figure>\n<\/div>\n<\/div>\n\n<div class=\"gb-container gb-container-3fc3a63a\">\n<div class=\"wp-block-image\">\n<figure class=\"alignleft size-large is-resized\"><img loading=\"lazy\" decoding=\"async\" width=\"452\" height=\"1024\" src=\"https:\/\/okoljepiran.si\/wp-content\/uploads\/2024\/09\/NAVODILA-PLACEVANJE-ABONMAJEV-APLIKACIJA-1_2-452x1024.jpg\" alt=\"\" class=\"wp-image-1113\" style=\"width:auto;height:400px\" srcset=\"https:\/\/okoljepiran.si\/wp-content\/uploads\/2024\/09\/NAVODILA-PLACEVANJE-ABONMAJEV-APLIKACIJA-1_2-452x1024.jpg 452w, https:\/\/okoljepiran.si\/wp-content\/uploads\/2024\/09\/NAVODILA-PLACEVANJE-ABONMAJEV-APLIKACIJA-1_2-768x1740.jpg 768w, https:\/\/okoljepiran.si\/wp-content\/uploads\/2024\/09\/NAVODILA-PLACEVANJE-ABONMAJEV-APLIKACIJA-1_2.jpg 1052w\" sizes=\"auto, (max-width: 452px) 100vw, 452px\" \/><\/figure>\n<\/div>\n<\/div>\n\n<div class=\"gb-container gb-container-f85b847c\">\n<div class=\"wp-block-image\">\n<figure class=\"alignleft size-large is-resized\"><img loading=\"lazy\" decoding=\"async\" width=\"451\" height=\"1024\" src=\"https:\/\/okoljepiran.si\/wp-content\/uploads\/2024\/09\/NAVODILA-PLACEVANJE-ABONMAJEV-APLIKACIJA-1_3-451x1024.jpg\" alt=\"\" class=\"wp-image-1118\" style=\"width:auto;height:400px\" srcset=\"https:\/\/okoljepiran.si\/wp-content\/uploads\/2024\/09\/NAVODILA-PLACEVANJE-ABONMAJEV-APLIKACIJA-1_3-451x1024.jpg 451w, https:\/\/okoljepiran.si\/wp-content\/uploads\/2024\/09\/NAVODILA-PLACEVANJE-ABONMAJEV-APLIKACIJA-1_3-768x1744.jpg 768w, https:\/\/okoljepiran.si\/wp-content\/uploads\/2024\/09\/NAVODILA-PLACEVANJE-ABONMAJEV-APLIKACIJA-1_3.jpg 1050w\" sizes=\"auto, (max-width: 451px) 100vw, 451px\" \/><\/figure>\n<\/div>\n<\/div>\n\n<div class=\"gb-container gb-container-5fff142c\">\n<div class=\"wp-block-image\">\n<figure class=\"alignleft size-large is-resized\"><img loading=\"lazy\" decoding=\"async\" width=\"460\" height=\"1024\" src=\"https:\/\/okoljepiran.si\/wp-content\/uploads\/2024\/09\/NAVODILA-PLACEVANJE-ABONMAJEV-APLIKACIJA-2_1-460x1024.jpg\" alt=\"\" class=\"wp-image-1117\" style=\"width:auto;height:400px\" srcset=\"https:\/\/okoljepiran.si\/wp-content\/uploads\/2024\/09\/NAVODILA-PLACEVANJE-ABONMAJEV-APLIKACIJA-2_1-460x1024.jpg 460w, https:\/\/okoljepiran.si\/wp-content\/uploads\/2024\/09\/NAVODILA-PLACEVANJE-ABONMAJEV-APLIKACIJA-2_1-768x1711.jpg 768w, https:\/\/okoljepiran.si\/wp-content\/uploads\/2024\/09\/NAVODILA-PLACEVANJE-ABONMAJEV-APLIKACIJA-2_1.jpg 1077w\" sizes=\"auto, (max-width: 460px) 100vw, 460px\" \/><\/figure>\n<\/div>\n<\/div>\n<\/div>\n\n\n<h2 class=\"wp-block-heading\">Codici delle zone di parcheggio<\/h2>\n\n\n\n<h3 class=\"wp-block-heading\">Portoro\u017e<\/h3>\n\n\n\n<figure class=\"wp-block-table\"><table class=\"has-fixed-layout\"><thead><tr><th class=\"has-text-align-left\" data-align=\"left\">Obmo\u010dna koda<\/th><th class=\"has-text-align-left\" data-align=\"left\">Parkiri\u0161\u010de<\/th><th class=\"has-text-align-left\" data-align=\"left\">Upravi\u010denec<\/th><th class=\"has-text-align-left\" data-align=\"left\">Cena<\/th><\/tr><\/thead><tbody><tr><td class=\"has-text-align-left\" data-align=\"left\">1010181<\/td><td class=\"has-text-align-left\" data-align=\"left\">Vsa javna parkiri\u0161\u010da od kri\u017ei\u0161\u010da ceste Obala s Solinsko potjo do prvega kro\u017ei\u0161\u010da v Luciji (pri trgovini Mercator)<\/td><td class=\"has-text-align-left\" data-align=\"left\">Pravne osebe, ki izvajajo dejavnost na obmo\u010dju Portoro\u017ea<\/td><td class=\"has-text-align-left\" data-align=\"left\">40 EUR (1.10. \u2013 30.4.) 60 EUR (1.5. \u2013 30.9.)<\/td><\/tr><\/tbody><\/table><\/figure>\n\n\n\n<h3 class=\"wp-block-heading\">Lucija &#8211; stanovalci<\/h3>\n\n\n\n<figure class=\"wp-block-table\"><table class=\"has-fixed-layout\"><thead><tr><th class=\"has-text-align-left\" data-align=\"left\">Obmo\u010dna koda<\/th><th class=\"has-text-align-left\" data-align=\"left\">Parkiri\u0161\u010de<\/th><th class=\"has-text-align-left\" data-align=\"left\">Upravi\u010denec<\/th><th class=\"has-text-align-left\" data-align=\"left\">Cena<\/th><\/tr><\/thead><tbody><tr><td class=\"has-text-align-left\" data-align=\"left\">1020171<\/td><td class=\"has-text-align-left\" data-align=\"left\">TPC Lucija<\/td><td class=\"has-text-align-left\" data-align=\"left\">Stanovalci na naslovih Obala 109, 111, 113, 116, 117, 118, 119, 120, 121, 122, 124, 126, 128, 136<\/td><td class=\"has-text-align-left\" data-align=\"left\">13 EUR<\/td><\/tr><tr><td class=\"has-text-align-left\" data-align=\"left\">1020172<\/td><td class=\"has-text-align-left\" data-align=\"left\">Ob objektih Obala 130, 132, 134<\/td><td class=\"has-text-align-left\" data-align=\"left\">Stanovalci in lastniki poslovnih prostorov na naslovih Obala 130, 132, 134<\/td><td class=\"has-text-align-left\" data-align=\"left\">13 EUR<\/td><\/tr><tr><td class=\"has-text-align-left\" data-align=\"left\">1020173<\/td><td class=\"has-text-align-left\" data-align=\"left\">Asfaltirani plato pri Marini (nasproti Bu\u010dkota)<\/td><td class=\"has-text-align-left\" data-align=\"left\">Do dve lastni vozili stanovalcev na naslovu Obala 105 in 107<\/td><td class=\"has-text-align-left\" data-align=\"left\">0<\/td><\/tr><tr><td class=\"has-text-align-left\" data-align=\"left\">1020174<\/td><td class=\"has-text-align-left\" data-align=\"left\">Asfaltirani plato pri Marini (nasproti Bu\u010dkota)<\/td><td class=\"has-text-align-left\" data-align=\"left\">Tretje lastno vozilo stanovalcev na naslovu Obala 105 in 107<\/td><td class=\"has-text-align-left\" data-align=\"left\">13 EUR<\/td><\/tr><tr><td class=\"has-text-align-left\" data-align=\"left\">1020175<\/td><td class=\"has-text-align-left\" data-align=\"left\">Pri \u0160IMC-u in ob ob\u010dinski cesti pri \u0160D Lucija<\/td><td class=\"has-text-align-left\" data-align=\"left\">Stanovalci na naslovih Liminjanska 77, 78, 79, 81, 83, 85, 87, 89, 91, 93<br>Stanovalci na naslovih \u010cokova ulica 1, 3, 5 Stanovalci na naslovu Fazan 5<\/td><td class=\"has-text-align-left\" data-align=\"left\">13 EUR<\/td><\/tr><\/tbody><\/table><\/figure>\n\n\n\n<h3 class=\"wp-block-heading\">Lucija &#8211; zaposleni in lastniki<\/h3>\n\n\n\n<figure class=\"wp-block-table\"><table class=\"has-fixed-layout\"><thead><tr><th class=\"has-text-align-left\" data-align=\"left\">Obmo\u010dna koda<\/th><th class=\"has-text-align-left\" data-align=\"left\">Parkiri\u0161\u010de<\/th><th class=\"has-text-align-left\" data-align=\"left\">Upravi\u010denec<\/th><th class=\"has-text-align-left\" data-align=\"left\">Cena<\/th><\/tr><\/thead><tbody><tr><td class=\"has-text-align-left\" data-align=\"left\">1020181<\/td><td class=\"has-text-align-left\" data-align=\"left\">TPC Lucija<\/td><td class=\"has-text-align-left\" data-align=\"left\">Zaposleni na obmo\u010dju TPC Lucija ali obmo\u010dju med kro\u017ei\u0161\u010dem Obala \u2013 Podvozna cesta in kro\u017ei\u0161\u010dem Obala \u2013 cesta Solinarjev.<\/td><td class=\"has-text-align-left\" data-align=\"left\">13 EUR<\/td><\/tr><tr><td class=\"has-text-align-left\" data-align=\"left\">1020182<\/td><td class=\"has-text-align-left\" data-align=\"left\">Pri O\u0160 in vrtcu Lucija<\/td><td class=\"has-text-align-left\" data-align=\"left\">Zaposleni v javnih zavodih O\u0160, vrtec in Faros<\/td><td class=\"has-text-align-left\" data-align=\"left\">13 EUR<\/td><\/tr><tr><td class=\"has-text-align-left\" data-align=\"left\">1020183<\/td><td class=\"has-text-align-left\" data-align=\"left\">\u0160portna dvorana<\/td><td class=\"has-text-align-left\" data-align=\"left\">Zaposleni na obmo\u010dju parkirne cone<\/td><td class=\"has-text-align-left\" data-align=\"left\">13 EUR<\/td><\/tr><tr><td class=\"has-text-align-left\" data-align=\"left\">1020184<\/td><td class=\"has-text-align-left\" data-align=\"left\">\u0160portna dvorana<\/td><td class=\"has-text-align-left\" data-align=\"left\">Lastniki poslovnih prostorov<\/td><td class=\"has-text-align-left\" data-align=\"left\">0<\/td><\/tr><tr><td class=\"has-text-align-left\" data-align=\"left\">1020185<\/td><td class=\"has-text-align-left\" data-align=\"left\">Zdravstveni dom Lucija<\/td><td class=\"has-text-align-left\" data-align=\"left\">Zaposleni v ZD Lucija<\/td><td class=\"has-text-align-left\" data-align=\"left\">13 EUR<\/td><\/tr><\/tbody><\/table><\/figure>\n\n\n\n<h3 class=\"wp-block-heading\">Strunjan &#8211; zaposleni<\/h3>\n\n\n\n<figure class=\"wp-block-table\"><table class=\"has-fixed-layout\"><thead><tr><th class=\"has-text-align-left\" data-align=\"left\">Obmo\u010dna koda<\/th><th class=\"has-text-align-left\" data-align=\"left\">Parkiri\u0161\u010de<\/th><th class=\"has-text-align-left\" data-align=\"left\">Upravi\u010denec<\/th><th class=\"has-text-align-left\" data-align=\"left\">Cena<\/th><\/tr><\/thead><tbody><tr><td class=\"has-text-align-left\" data-align=\"left\">1030181<\/td><td class=\"has-text-align-left\" data-align=\"left\">Strunjan<\/td><td class=\"has-text-align-left\" data-align=\"left\">Zaposleni na obmo\u010dju Strunjana<\/td><td class=\"has-text-align-left\" data-align=\"left\">13 EUR<\/td><\/tr><\/tbody><\/table><\/figure>\n\n\n\n<h3 class=\"wp-block-heading\">Strunjan, Se\u010da, Fiesa &#8211; ob\u010dani<\/h3>\n\n\n\n<figure class=\"wp-block-table\"><table class=\"has-fixed-layout\"><thead><tr><th class=\"has-text-align-left\" data-align=\"left\">Obmo\u010dna koda<\/th><th class=\"has-text-align-left\" data-align=\"left\">Parkiri\u0161\u010de<\/th><th class=\"has-text-align-left\" data-align=\"left\">Upravi\u010denec<\/th><th class=\"has-text-align-left\" data-align=\"left\">Cena<\/th><\/tr><\/thead><tbody><tr><td class=\"has-text-align-left\" data-align=\"left\">1030171<\/td><td class=\"has-text-align-left\" data-align=\"left\">Strunjan, Se\u010da, Fiesa<\/td><td class=\"has-text-align-left\" data-align=\"left\">Ob\u010dani s stalnim prebivali\u0161\u010dem v ob\u010dini Piran<\/td><td class=\"has-text-align-left\" data-align=\"left\">13 EUR<\/td><\/tr><\/tbody><\/table><\/figure>\n\n\n\n<h3 class=\"wp-block-heading\">Se\u010da &#8211; zaposleni<\/h3>\n\n\n\n<figure class=\"wp-block-table\"><table class=\"has-fixed-layout\"><thead><tr><th class=\"has-text-align-left\" data-align=\"left\">Obmo\u010dna koda<\/th><th class=\"has-text-align-left\" data-align=\"left\">Parkiri\u0161\u010de<\/th><th class=\"has-text-align-left\" data-align=\"left\">Upravi\u010denec<\/th><th class=\"has-text-align-left\" data-align=\"left\">Cena<\/th><\/tr><\/thead><tbody><tr><td class=\"has-text-align-left\" data-align=\"left\">1050181<\/td><td class=\"has-text-align-left\" data-align=\"left\">Se\u010da<\/td><td class=\"has-text-align-left\" data-align=\"left\">Zaposleni na obmo\u010dju pri parkiri\u0161\u010du<\/td><td class=\"has-text-align-left\" data-align=\"left\">13 EUR<\/td><\/tr><\/tbody><\/table><\/figure>\n\n\n\n<div style=\"height:50px\" aria-hidden=\"true\" class=\"wp-block-spacer\"><\/div>\n\n\n\n<ul class=\"wp-block-list\">\n<li><a href=\"https:\/\/legals.easyparksystem.net\/SI\/privacy\/sl\/privacy_si_sl.pdf\" target=\"_blank\" rel=\"noreferrer noopener\">Termini e condizioni generali e all&#8217;informativa sulla privacy per l&#8217;utente<\/a><\/li>\n\n\n\n<li><a href=\"https:\/\/legals.easyparksystem.net\/SI\/tc\/sl\/terms_si_sl.pdf\" target=\"_blank\" rel=\"noreferrer noopener\">Termini e condizioni generali di utilizzo del servizio per l&#8217;utente<\/a><\/li>\n\n\n\n<li><a href=\"https:\/\/legals.easyparksystem.net\/SI\/privacy\/sl\/privacy_si_sl.pdf\" target=\"_blank\" rel=\"noreferrer noopener\">Regolamento sulla protezione dei dati personali (informativa sulla privacy per l&#8217;utente)<\/a><\/li>\n<\/ul>\n\n\n\n<div style=\"height:50px\" aria-hidden=\"true\" class=\"wp-block-spacer\"><\/div>\n\n\n\n<figure class=\"wp-block-embed is-type-wp-embed is-provider-okolje-piran wp-block-embed-okolje-piran\"><div class=\"wp-block-embed__wrapper\">\n<blockquote class=\"wp-embedded-content\" data-secret=\"ubFtZbj18z\"><a href=\"https:\/\/okoljepiran.si\/dejavnosti\/parkirisca-in-promet\/parkirne-dovolilnice-v-obcini-piran\/parkirne-dovolilnice-za-staro-mestno-jedro-pirana\/\">Parkirne dovolilnice za staro mestno jedro Pirana in Forna\u010de<\/a><\/blockquote><iframe loading=\"lazy\" class=\"wp-embedded-content\" sandbox=\"allow-scripts\" security=\"restricted\" style=\"position: absolute; visibility: hidden;\" title=\"&#8220;Parkirne dovolilnice za staro mestno jedro Pirana in Forna\u010de&#8221; &#8212; Okolje Piran\" src=\"https:\/\/okoljepiran.si\/dejavnosti\/parkirisca-in-promet\/parkirne-dovolilnice-v-obcini-piran\/parkirne-dovolilnice-za-staro-mestno-jedro-pirana\/embed\/#?secret=ONTneN7ykC#?secret=ubFtZbj18z\" data-secret=\"ubFtZbj18z\" width=\"500\" height=\"282\" frameborder=\"0\" marginwidth=\"0\" marginheight=\"0\" scrolling=\"no\"><\/iframe>\n<\/div><\/figure>\n\n\n\n<div style=\"height:50px\" aria-hidden=\"true\" class=\"wp-block-spacer\"><\/div>\n\n\n\n<figure class=\"wp-block-embed is-type-wp-embed is-provider-okolje-piran wp-block-embed-okolje-piran\"><div class=\"wp-block-embed__wrapper\">\n<blockquote class=\"wp-embedded-content\" data-secret=\"ovUpMDof6R\"><a href=\"https:\/\/okoljepiran.si\/it\/attivita\/parcheggi-e-trasporti\/permessi-di-parcheggio\/permessi-di-parcheggio-per-portorose-s-lucia-sezza-fiesa-e-strugnano\/\">Permessi di parcheggio per Portorose, S. Lucia, Sezza, Fiesa e Strugnano<\/a><\/blockquote><iframe loading=\"lazy\" class=\"wp-embedded-content\" sandbox=\"allow-scripts\" security=\"restricted\" style=\"position: absolute; visibility: hidden;\" title=\"&#8220;Permessi di parcheggio per Portorose, S. Lucia, Sezza, Fiesa e Strugnano&#8221; &#8212; Okolje Piran\" src=\"https:\/\/okoljepiran.si\/it\/attivita\/parcheggi-e-trasporti\/permessi-di-parcheggio\/permessi-di-parcheggio-per-portorose-s-lucia-sezza-fiesa-e-strugnano\/embed\/#?secret=GmJ3KSX9YT#?secret=ovUpMDof6R\" data-secret=\"ovUpMDof6R\" width=\"500\" height=\"282\" frameborder=\"0\" marginwidth=\"0\" marginheight=\"0\" scrolling=\"no\"><\/iframe>\n<\/div><\/figure>\n\n\n<div class=\"gb-container gb-container-e195c5d4 layout-grid-2\">\n<div class=\"gb-container gb-container-e7849cb2 banner-ceniki\">\n<div class=\"gb-container gb-container-6600ff8a\">\n\n<h4 class=\"wp-block-heading fw-semibold\">Tariffe: Parcheggi e trasporti<\/h4>\n\n\n\n<p>Qui trovate le tariffe aggiornate e le condizioni di servizio.<\/p>\n\n\n\n<p><a href=\"https:\/\/okoljepiran.si\/it\/tariffe-dei-servizi\/#parkirisca-in-promet-it\" target=\"_blank\" data-type=\"page\" data-id=\"11\" rel=\"noreferrer noopener\">Visualizza<\/a><\/p>\n\n<\/div>\n\n\n<figure class=\"wp-block-image size-full d-flex justify-content-end\"><img decoding=\"async\" src=\"https:\/\/okoljepiran.si\/wp-content\/uploads\/2024\/06\/ceniki_banner.svg\" alt=\"\" class=\"wp-image-115\" style=\"object-fit:cover\"\/><\/figure>\n\n<\/div>\n\n<div class=\"gb-container gb-container-7e869277 banner-vloge\">\n<div class=\"gb-container gb-container-730dea93 text-body-secondary\">\n\n<h4 class=\"wp-block-heading fw-semibold\">Moduli e domande: Parcheggi e trasporti<\/h4>\n\n\n\n<p>Accedete a tutti i moduli e formulari.<\/p>\n\n\n\n<p><a href=\"https:\/\/okoljepiran.si\/it\/moduli-e-domande\/#parkirisca-in-promet-it\" target=\"_blank\" data-type=\"page\" data-id=\"9\" rel=\"noreferrer noopener\">Visualizza<\/a><\/p>\n\n<\/div>\n\n\n<figure class=\"wp-block-image size-full d-flex justify-content-end\"><img decoding=\"async\" src=\"https:\/\/okoljepiran.si\/wp-content\/uploads\/2024\/06\/vloge_banner.svg\" alt=\"\" class=\"wp-image-129\" style=\"object-fit:cover\"\/><\/figure>\n\n<\/div>\n\n<div class=\"gb-container gb-container-1a7c6d51 banner-ceniki\">\n<div class=\"gb-container gb-container-b5b28bb6\">\n\n<h4 class=\"wp-block-heading fw-semibold\">Legislazione: Parcheggi e trasporti<\/h4>\n\n\n\n<p>Consultate le leggi, i regolamenti e le altre norme vigenti.<\/p>\n\n\n\n<p><a href=\"https:\/\/okoljepiran.si\/it\/legislazione\/#parkirisca-in-promet-it\" target=\"_blank\" data-type=\"page\" data-id=\"589\" rel=\"noreferrer noopener\">Visualizza<\/a><\/p>\n\n<\/div>\n\n\n<figure class=\"wp-block-image size-full d-flex justify-content-end\"><img decoding=\"async\" src=\"https:\/\/okoljepiran.si\/wp-content\/uploads\/2024\/06\/zakonodaja_banner.svg\" alt=\"\" class=\"wp-image-396\" style=\"object-fit:cover\"\/><\/figure>\n\n<\/div>\n<\/div>","protected":false},"excerpt":{"rendered":"<p>Procedura di pagamento tramite SMS Inviare un SMS al numero 031 20 90 20 con il seguente contenuto: \u00c8 necessario inserire uno spazio tra il codice della zona e il numero di targa del veicolo (esempio: 1020184 KPAB123). Se non si conosce il codice della zona, lo si pu\u00f2 trovare nelle tabelle riportate sotto. Dopo [&hellip;]<\/p>\n","protected":false},"author":1,"featured_media":9756,"parent":10393,"menu_order":15,"comment_status":"closed","ping_status":"closed","template":"template-page\/pg-childpage.php","meta":{"_acf_changed":false,"footnotes":""},"class_list":["post-10354","page","type-page","status-publish","has-post-thumbnail","hentry"],"acf":[],"_links":{"self":[{"href":"https:\/\/okoljepiran.si\/it\/wp-json\/wp\/v2\/pages\/10354","targetHints":{"allow":["GET"]}}],"collection":[{"href":"https:\/\/okoljepiran.si\/it\/wp-json\/wp\/v2\/pages"}],"about":[{"href":"https:\/\/okoljepiran.si\/it\/wp-json\/wp\/v2\/types\/page"}],"author":[{"embeddable":true,"href":"https:\/\/okoljepiran.si\/it\/wp-json\/wp\/v2\/users\/1"}],"replies":[{"embeddable":true,"href":"https:\/\/okoljepiran.si\/it\/wp-json\/wp\/v2\/comments?post=10354"}],"version-history":[{"count":11,"href":"https:\/\/okoljepiran.si\/it\/wp-json\/wp\/v2\/pages\/10354\/revisions"}],"predecessor-version":[{"id":24102,"href":"https:\/\/okoljepiran.si\/it\/wp-json\/wp\/v2\/pages\/10354\/revisions\/24102"}],"up":[{"embeddable":true,"href":"https:\/\/okoljepiran.si\/it\/wp-json\/wp\/v2\/pages\/10393"}],"wp:featuredmedia":[{"embeddable":true,"href":"https:\/\/okoljepiran.si\/it\/wp-json\/wp\/v2\/media\/9756"}],"wp:attachment":[{"href":"https:\/\/okoljepiran.si\/it\/wp-json\/wp\/v2\/media?parent=10354"}],"curies":[{"name":"wp","href":"https:\/\/api.w.org\/{rel}","templated":true}]}}