{"id":10352,"date":"2024-09-27T10:52:48","date_gmt":"2024-09-27T08:52:48","guid":{"rendered":"http:\/\/okoljepiran.razvija.se\/avtobusni-prevozi\/"},"modified":"2025-09-02T11:26:50","modified_gmt":"2025-09-02T09:26:50","slug":"trasporti-con-autobus-pirano-fornace-pirano","status":"publish","type":"page","link":"https:\/\/okoljepiran.si\/it\/attivita\/parcheggi-e-trasporti\/trasporti-con-autobus-nel-comune-di-pirano\/trasporti-con-autobus-pirano-fornace-pirano\/","title":{"rendered":"Trasporti con autobus Pirano &#8211; Fornace &#8211; Pirano"},"content":{"rendered":"\n<p>La linea autobus che collega Fornace con il centro storico di Pirano e il cimitero di Arse \u00e8 gratuita per:<\/p>\n\n\n\n<ul class=\"wp-block-list\">\n<li>tutti i cittadini con residenza permanente nel Comune di Pirano.<\/li>\n\n\n\n<li>tutti i possessori degli abbonamenti al parcheggio per la citt\u00e0 di Pirano, parcheggio di Fornace e autosilo Arze, rilasciati dall\u2019Azienda pubblica Okolje Pirano.<\/li>\n\n\n\n<li>persone con disabilit\u00e0, compreso un accompagnatore.<\/li>\n\n\n\n<li>bambini fino a 12 anni di et\u00e0.<\/li>\n<\/ul>\n\n\n\n<p>Gli altri visitatori devono pagare un euro per la corsa di sola andata sulla tratta Fornace-Piazza Tartini-Fornace e sulla tratta Fornace-Cimitero di Pirano. I passeggeri possono pagare la corsa in autobus senza contanti con una carta bancaria o tramite l&#8217;applicazione Arriva Piran, disponibile negli store online <a href=\"https:\/\/play.google.com\/store\/apps\/details?id=com.margento.piran&amp;hl=en\" target=\"_blank\" rel=\"noopener\">Google Play<\/a>&nbsp;e&nbsp;<a href=\"https:\/\/eur02.safelinks.protection.outlook.com\/?url=https%3A%2F%2Fapps.apple.com%2Fsi%2Fapp%2Farriva-piran%2Fid1504845616&amp;data=02%7C01%7Cmonika.bukovec%40arriva.si%7C550b59f9349b490e06c608d84f0da377%7C694828a9151a45e19a5fd75029018591%7C0%7C0%7C637346267287642923&amp;sdata=TxZtNiAu7WrC1QX2CAxsuDHWVonAkgLIARPEAGEJBSI%3D&amp;reserved=0\" target=\"_blank\" rel=\"noopener\">App Store<\/a>.<\/p>\n\n\n\n<h2 class=\"wp-block-heading\">Punti vendita per l\u2019acquisto della tessera unica urbana e ricarica del credito:<\/h2>\n\n\n\n<ul class=\"wp-block-list\">\n<li>Distributori automatici:<ul><li>stazione degli autobus di Pirano<\/li><\/ul><ul><li>fermata degli autobus di Piazza Tartini<\/li><\/ul><ul><li>fermata degli autobus di Fornace<\/li><\/ul><ul><li>stazione degli autobus presso il TPC Lucia<\/li><\/ul>\n<ul class=\"wp-block-list\">\n<li>stazione degli autobus di Portorose<\/li>\n<\/ul>\n<\/li>\n\n\n\n<li>Presso la cassa della stazione degli autobus del TPC di Lucia<\/li>\n\n\n\n<li>Tabaccherie 3DVA<\/li>\n\n\n\n<li>\u00c8 possibile acquistare il biglietto sull&#8217;autobus anche con carte di pagamento Visa\/Mastercard<\/li>\n<\/ul>\n\n\n\n<p>Il biglietto deve essere convalidato sui lettori installati sui minibus. Il prezzo per l&#8217;acquisto della tessera TUU Pirano \u00e8 di 3,50 euro.<\/p>\n\n\n\n<h2 class=\"wp-block-heading\">Attivazione della tessera TUU\/applicazione&nbsp;per i residenti permanenti<\/h2>\n\n\n\n<p>I residenti permanenti del Comune di Pirano, che hanno diritto al trasporto sovvenzionato al 100% con i minibus, possono attivare la Tessera unica urbana Pirano contactless di Arriva oppure l&#8217;applicazione Arriva Piran dietro presentazione di un documento d&#8217;identit\u00e0 nei seguenti luoghi:<\/p>\n\n\n\n<ul class=\"wp-block-list\">\n<li>presso l&#8217;ufficio della Okolje in Via Dante a Pirano il luned\u00ec, mercoled\u00ec e venerd\u00ec dalle ore 8:00 alle ore 14:00<\/li>\n\n\n\n<li>presso l&#8217;ufficio della Arriva alla stazione centrale degli autobus a Lucia da luned\u00ec a venerd\u00ec dalle ore 8:00 alle ore16:00 e il sabato dalle ore 8:00 alle ore 13:00.<\/li>\n\n\n\n<li><a href=\"https:\/\/okoljepiran.si\/wp-content\/uploads\/2024\/09\/AKTIVACIJA-MOBILNE-APLIKACIJE-ARRIVA-PIRAN-SLO.pdf\" target=\"_blank\" rel=\"noreferrer noopener\">A distanza<\/a>.<\/li>\n<\/ul>\n\n\n\n<h2 class=\"wp-block-heading\">Attivazione della tessera TUU\/applicazione&nbsp;per i possessori degli abbonamenti ai parcheggi&nbsp;per la citt\u00e0 di Pirano, Fornace e autosilo Arze<\/h2>\n\n\n\n<p>I possessori degli abbonamenti ai parcheggi della citt\u00e0 di Pirano, parcheggio Fornace e autosilo Arze, che hanno diritto al trasporto sovvenzionato al 100% con i minibus, possono attivare la Tessera unica urbana Pirano contactless di Arriva oppure l&#8217;applicazione Arriva Piran dietro presentazione di un documento d&#8217;identit\u00e0 o del numero dell&#8217;abbonamento nei seguenti luoghi:<\/p>\n\n\n\n<ul class=\"wp-block-list\">\n<li>presso l\u2019ufficio della Okolje in Via Dante il luned\u00ec, mercoled\u00ec e venerd\u00ec tra le ore 8:00 e le ore 14:00<\/li>\n\n\n\n<li><a href=\"https:\/\/okoljepiran.si\/wp-content\/uploads\/2024\/09\/AKTIVACIJA-MOBILNE-APLIKACIJE-ARRIVA-PIRAN-SLO.pdf\" target=\"_blank\" rel=\"noreferrer noopener\">Na daljavo<\/a>.<\/li>\n<\/ul>\n\n\n\n<h3 class=\"wp-block-heading\">Validit\u00e0<\/h3>\n\n\n\n<p>Il diritto al trasporto gratuito ovv. sovvenzionato al 100% sulla tratta Fornace-Piazza Tartini-Arse-Fornace ha validit\u00e0 un anno dall&#8217;attivazione. Dopo la scadenza i diritti dovranno essere rinnovati.<\/p>\n\n\n\n<blockquote class=\"wp-block-quote\">\n<h2 class=\"wp-block-heading\">Trasporto cani e altri animali<\/h2>\n\n\n\n<p>I minibus possono trasportare contemporaneamente i bagagli del passeggero e gli animali vivi dello stesso, alle condizioni specificate nelle&nbsp;<a href=\"https:\/\/okoljepiran.si\/wp-content\/uploads\/2019\/08\/20190826_splo%C5%A1ni-pogoji_promet_Prevoz-%C5%BEivali_Scan.pdf\" target=\"_blank\" rel=\"noreferrer noopener\">Condizioni generali per il trasporto di piccoli animali<\/a>.<\/p>\n\n\n\n<p>Il trasporto di cani (ad eccezione dei cani guida e dei cani da assistenza) \u00e8 consentito sui minibus a condizione che il cane sia pulito, sano, al guinzaglio, abbia la museruola e abbia il certificato di vaccinazione antirabbica. I cani guida e i cani da assistenza non sono tenuti a indossare la museruola quando trasportati nel traffico urbano ai sensi dell&#8217;articolo 13 della ZZZiv-UPB2.<\/p>\n\n\n\n<p>Il trasporto di uccelli, gatti e altri piccoli animali nei trasporti urbani \u00e8 consentito solo in gabbie o in altri modi idonei che non disturbino o intralcino gli altri passeggeri, purch\u00e9 siano rispettate le norme igieniche e sanitarie ed \u00e8 gratuito.<\/p>\n\n\n\n<p><a href=\"https:\/\/okoljepiran.si\/wp-content\/uploads\/2019\/08\/20190826_splo%C5%A1ni-pogoji_promet_Prevoz-%C5%BEivali_Scan.pdf\">Condizioni generali per il trasporto di piccoli animali<\/a><\/p>\n<cite><strong><strong>IMPORTANTE<\/strong><\/strong><br>La Tessera unica urbana Pirano contactless di Arriva \u00e8 emessa a nome del titolare dell&#8217;abbonamento al parcheggio e non \u00e8 trasferibile. I biglietti unici gratuiti per i pensionati, che consentono di viaggiare sugli autobus e sui treni regionali in Slovenia, non sono validi per il minibus di Pirano.<\/cite><\/blockquote>\n\n\n\n<div style=\"height:50px\" aria-hidden=\"true\" class=\"wp-block-spacer\"><\/div>\n\n\n\n<figure class=\"wp-block-embed is-type-wp-embed is-provider-okolje-piran wp-block-embed-okolje-piran\"><div class=\"wp-block-embed__wrapper\">\n<blockquote class=\"wp-embedded-content\" data-secret=\"sjEZKzrLWk\"><a href=\"https:\/\/okoljepiran.si\/it\/attivita\/parcheggi-e-trasporti\/trasporti-con-autobus-nel-comune-di-pirano\/orario-minibus\/\">Orario minibus<\/a><\/blockquote><iframe loading=\"lazy\" class=\"wp-embedded-content\" sandbox=\"allow-scripts\" security=\"restricted\" style=\"position: absolute; visibility: hidden;\" title=\"&#8220;Orario minibus&#8221; &#8212; Okolje Piran\" src=\"https:\/\/okoljepiran.si\/it\/attivita\/parcheggi-e-trasporti\/trasporti-con-autobus-nel-comune-di-pirano\/orario-minibus\/embed\/#?secret=HdOlFPVjAy#?secret=sjEZKzrLWk\" data-secret=\"sjEZKzrLWk\" width=\"500\" height=\"282\" frameborder=\"0\" marginwidth=\"0\" marginheight=\"0\" scrolling=\"no\"><\/iframe>\n<\/div><\/figure>\n\n\n\n<div style=\"height:50px\" aria-hidden=\"true\" class=\"wp-block-spacer\"><\/div>\n\n\n\n<figure class=\"wp-block-embed is-type-wp-embed is-provider-okolje-piran wp-block-embed-okolje-piran\"><div class=\"wp-block-embed__wrapper\">\n<blockquote class=\"wp-embedded-content\" data-secret=\"86dSoZddHW\"><a href=\"https:\/\/okoljepiran.si\/it\/attivita\/parcheggi-e-trasporti\/trasporti-con-autobus-nel-comune-di-pirano\/trasporti-con-autobus-strugnano\/\">Trasporti con autobus Strugnano<\/a><\/blockquote><iframe loading=\"lazy\" class=\"wp-embedded-content\" sandbox=\"allow-scripts\" security=\"restricted\" style=\"position: absolute; visibility: hidden;\" title=\"&#8220;Trasporti con autobus Strugnano&#8221; &#8212; Okolje Piran\" src=\"https:\/\/okoljepiran.si\/it\/attivita\/parcheggi-e-trasporti\/trasporti-con-autobus-nel-comune-di-pirano\/trasporti-con-autobus-strugnano\/embed\/#?secret=Xfw84GduDe#?secret=86dSoZddHW\" data-secret=\"86dSoZddHW\" width=\"500\" height=\"282\" frameborder=\"0\" marginwidth=\"0\" marginheight=\"0\" scrolling=\"no\"><\/iframe>\n<\/div><\/figure>\n\n\n\r\n    \r\n    \n\n\n<div class=\"gb-container gb-container-e195c5d4 layout-grid-2\">\n<div class=\"gb-container gb-container-e7849cb2 banner-ceniki\">\n<div class=\"gb-container gb-container-6600ff8a\">\n\n<h4 class=\"wp-block-heading fw-semibold\">Tariffe: Parcheggi e trasporti<\/h4>\n\n\n\n<p>Qui trovate le tariffe aggiornate e le condizioni di servizio.<\/p>\n\n\n\n<p><a href=\"https:\/\/okoljepiran.si\/it\/tariffe-dei-servizi\/#parkirisca-in-promet-it\" target=\"_blank\" data-type=\"page\" data-id=\"11\" rel=\"noreferrer noopener\">Visualizza<\/a><\/p>\n\n<\/div>\n\n\n<figure class=\"wp-block-image size-full d-flex justify-content-end\"><img decoding=\"async\" src=\"https:\/\/okoljepiran.si\/wp-content\/uploads\/2024\/06\/ceniki_banner.svg\" alt=\"\" class=\"wp-image-115\" style=\"object-fit:cover\"\/><\/figure>\n\n<\/div>\n\n<div class=\"gb-container gb-container-7e869277 banner-vloge\">\n<div class=\"gb-container gb-container-730dea93 text-body-secondary\">\n\n<h4 class=\"wp-block-heading fw-semibold\">Moduli e domande: Parcheggi e trasporti<\/h4>\n\n\n\n<p>Accedete a tutti i moduli e formulari.<\/p>\n\n\n\n<p><a href=\"https:\/\/okoljepiran.si\/it\/moduli-e-domande\/#parkirisca-in-promet-it\" target=\"_blank\" data-type=\"page\" data-id=\"9\" rel=\"noreferrer noopener\">Visualizza<\/a><\/p>\n\n<\/div>\n\n\n<figure class=\"wp-block-image size-full d-flex justify-content-end\"><img decoding=\"async\" src=\"https:\/\/okoljepiran.si\/wp-content\/uploads\/2024\/06\/vloge_banner.svg\" alt=\"\" class=\"wp-image-129\" style=\"object-fit:cover\"\/><\/figure>\n\n<\/div>\n\n<div class=\"gb-container gb-container-1a7c6d51 banner-ceniki\">\n<div class=\"gb-container gb-container-b5b28bb6\">\n\n<h4 class=\"wp-block-heading fw-semibold\">Legislazione: Parcheggi e trasporti<\/h4>\n\n\n\n<p>Consultate le leggi, i regolamenti e le altre norme vigenti.<\/p>\n\n\n\n<p><a href=\"https:\/\/okoljepiran.si\/it\/legislazione\/#parkirisca-in-promet-it\" target=\"_blank\" data-type=\"page\" data-id=\"589\" rel=\"noreferrer noopener\">Visualizza<\/a><\/p>\n\n<\/div>\n\n\n<figure class=\"wp-block-image size-full d-flex justify-content-end\"><img decoding=\"async\" src=\"https:\/\/okoljepiran.si\/wp-content\/uploads\/2024\/06\/zakonodaja_banner.svg\" alt=\"\" class=\"wp-image-396\" style=\"object-fit:cover\"\/><\/figure>\n\n<\/div>\n<\/div>","protected":false},"excerpt":{"rendered":"<p>La linea autobus che collega Fornace con il centro storico di Pirano e il cimitero di Arse \u00e8 gratuita per: Gli altri visitatori devono pagare un euro per la corsa di sola andata sulla tratta Fornace-Piazza Tartini-Fornace e sulla tratta Fornace-Cimitero di Pirano. I passeggeri possono pagare la corsa in autobus senza contanti con una [&hellip;]<\/p>\n","protected":false},"author":1,"featured_media":9762,"parent":23267,"menu_order":7,"comment_status":"closed","ping_status":"closed","template":"template-page\/pg-childpage.php","meta":{"_acf_changed":false,"footnotes":""},"class_list":["post-10352","page","type-page","status-publish","has-post-thumbnail","hentry"],"acf":[],"_links":{"self":[{"href":"https:\/\/okoljepiran.si\/it\/wp-json\/wp\/v2\/pages\/10352","targetHints":{"allow":["GET"]}}],"collection":[{"href":"https:\/\/okoljepiran.si\/it\/wp-json\/wp\/v2\/pages"}],"about":[{"href":"https:\/\/okoljepiran.si\/it\/wp-json\/wp\/v2\/types\/page"}],"author":[{"embeddable":true,"href":"https:\/\/okoljepiran.si\/it\/wp-json\/wp\/v2\/users\/1"}],"replies":[{"embeddable":true,"href":"https:\/\/okoljepiran.si\/it\/wp-json\/wp\/v2\/comments?post=10352"}],"version-history":[{"count":10,"href":"https:\/\/okoljepiran.si\/it\/wp-json\/wp\/v2\/pages\/10352\/revisions"}],"predecessor-version":[{"id":24109,"href":"https:\/\/okoljepiran.si\/it\/wp-json\/wp\/v2\/pages\/10352\/revisions\/24109"}],"up":[{"embeddable":true,"href":"https:\/\/okoljepiran.si\/it\/wp-json\/wp\/v2\/pages\/23267"}],"wp:featuredmedia":[{"embeddable":true,"href":"https:\/\/okoljepiran.si\/it\/wp-json\/wp\/v2\/media\/9762"}],"wp:attachment":[{"href":"https:\/\/okoljepiran.si\/it\/wp-json\/wp\/v2\/media?parent=10352"}],"curies":[{"name":"wp","href":"https:\/\/api.w.org\/{rel}","templated":true}]}}