{"id":10347,"date":"2024-09-27T13:54:05","date_gmt":"2024-09-27T11:54:05","guid":{"rendered":"http:\/\/okoljepiran.razvija.se\/pristanisce-portoroz\/"},"modified":"2026-02-02T10:07:52","modified_gmt":"2026-02-02T09:07:52","slug":"porto-di-portorose","status":"publish","type":"page","link":"https:\/\/okoljepiran.si\/it\/attivita\/porti\/porto-di-portorose\/","title":{"rendered":"Porto di Portorose"},"content":{"rendered":"\n<p>Il porto di Portorose \u00e8 suddiviso in 2 parti:<\/p>\n\n\n\n<ul class=\"wp-block-list\">\n<li><strong>Porto per il trasporto pubblico:<\/strong> <br>destinato all\u2019espletamento del servizio di trasporto pubblico di passeggeri e merci nel trasporto marittimo nonch\u00e9 delle attivit\u00e0 portuali correlate. Il lato sinistro del molo \u00e8 riservato alle imbarcazioni che effettuano il trasporto passeggeri in servizio regolare di linea.<br><\/li>\n\n\n\n<li><strong>Porto locale: <\/strong><br>destinato all&#8217;ormeggio delle imbarcazioni ed \u00e8 organizzato sotto forma di ormeggi locali (comunali).&nbsp;&nbsp;&nbsp;&nbsp;&nbsp;&nbsp;&nbsp;&nbsp;<\/li>\n<\/ul>\n\n\n\n<blockquote class=\"wp-block-quote\">\n<p>Il porto di Portorose \u00e8 dotato di impianti idrici ed elettrici.<\/p>\n<\/blockquote>\n\n\n\n<ul class=\"wp-block-list\">\n<li><a href=\"https:\/\/okoljepiran.si\/it\/pristanisce-portoroz-2\/\">Listino prezzi<\/a><\/li>\n\n\n\n<li><a href=\"https:\/\/okoljepiran.si\/wp-content\/uploads\/2025\/08\/OBJAVA-CAKALNA-LISTA-PIRAN-26.08.2024.xls\">Lista d&#8217;attesa (26. 8. 2024)<\/a><\/li>\n\n\n\n<li><a href=\"https:\/\/www.uradni-list.si\/glasilo-uradni-list-rs\/vsebina\/2017-01-0964\/pravilnik-o-nacinu-dodeljevanja-priveza-in-sklepanju-pogodb-o-uporabi-priveza-v-pristaniscu-piran-in-pristaniscu-portoroz\" target=\"_blank\" rel=\"noopener\">Regolamento sulle modalit\u00e0 di assegnazione dell\u2019ormeggio e sulla stipulazione dei contratti di ormeggio nei porti di Pirano e Portorose<\/a><\/li>\n\n\n\n<li><a href=\"https:\/\/www.uradni-list.si\/glasilo-uradni-list-rs\/vsebina\/2017-01-0708\/odlok-o-spremembah-in-dopolnitvah-odloka-o-pristaniscu-portoroz\" target=\"_blank\" rel=\"noopener\">Decreto di modifica e integrazione al Decreto sul Porto di Portorose<\/a><\/li>\n\n\n\n<li><a href=\"https:\/\/www.uradni-list.si\/glasilo-uradni-list-rs\/vsebina\/2021-01-2949?sop=2021-01-2949\" target=\"_blank\" rel=\"noopener\">Regolamento sulle modifiche e integrazioni al Regolamento sulle modalit\u00e0 di assegnazione dell&#8217;ormeggio e sulla stipulazione dei contratti di ormeggio nel porto di Pirano e nel porto di Portorose&nbsp;(24. 9. 2021)<\/a><\/li>\n\n\n\n<li><a href=\"https:\/\/www.uradni-list.si\/glasilo-uradni-list-rs\/vsebina\/2018-01-2738?sop=2018-01-2738\" target=\"_blank\" rel=\"noopener\">Regolamento di modifiche e integrazioni al Regolamento sulle modalit\u00e0 di assegnazione dell\u2019ormeggio e sulla stipulazione dei contratti di ormeggio nei Porti di Pirano e Portorose (3. 8. 2018)<\/a><\/li>\n\n\n\n<li><a href=\"https:\/\/www.uradni-list.si\/glasilo-uradni-list-rs\/vsebina\/2017-21-1202?sop=2017-21-1202\" data-type=\"link\" data-id=\"https:\/\/www.uradni-list.si\/glasilo-uradni-list-rs\/vsebina\/2017-21-1202?sop=2017-21-1202\" target=\"_blank\" rel=\"noopener\">Errata corrige di carattere tecnico concernente il Regolamento sulle modalit\u00e0 di assegnazione dell\u2019ormeggio e sulla stipulazione dei contratti di ormeggio nei porti di Pirano e Portorose\u00a0(28. 4. 2017)<\/a><\/li>\n\n\n\n<li><a href=\"https:\/\/okoljepiran.si\/wp-content\/uploads\/2015\/02\/Sklep-o-ceni-dodatne-storitve-na-komunalnih-privezih-v-pristani%C5%A1%C4%8Du-Portoro%C5%BE-2017.pdf\">Sklep o ceni dodatne storitve na komunalnih privezih v pristani\u0161\u010du Portoro\u017e (2017)<\/a><\/li>\n<\/ul>\n\n\n\n<div style=\"height:50px\" aria-hidden=\"true\" class=\"wp-block-spacer\"><\/div>\n\n\n\n<figure class=\"wp-block-embed is-type-wp-embed is-provider-okolje-piran wp-block-embed-okolje-piran\"><div class=\"wp-block-embed__wrapper\">\n<blockquote class=\"wp-embedded-content\" data-secret=\"Hq4m88e2yT\"><a href=\"https:\/\/okoljepiran.si\/dejavnosti\/pristanisca\/pristanisce-piran\/\">Pristani\u0161\u010de Piran<\/a><\/blockquote><iframe loading=\"lazy\" class=\"wp-embedded-content\" sandbox=\"allow-scripts\" security=\"restricted\" style=\"position: absolute; visibility: hidden;\" title=\"&#8220;Pristani\u0161\u010de Piran&#8221; &#8212; Okolje Piran\" src=\"https:\/\/okoljepiran.si\/dejavnosti\/pristanisca\/pristanisce-piran\/embed\/#?secret=WkRrwPKpxA#?secret=Hq4m88e2yT\" data-secret=\"Hq4m88e2yT\" width=\"500\" height=\"282\" frameborder=\"0\" marginwidth=\"0\" marginheight=\"0\" scrolling=\"no\"><\/iframe>\n<\/div><\/figure>\n\n\n\n<div style=\"height:50px\" aria-hidden=\"true\" class=\"wp-block-spacer\"><\/div>\n\n\n\n<div style=\"height:0px\" aria-hidden=\"true\" class=\"wp-block-spacer\"><\/div>\n\n\n\n<figure class=\"wp-block-embed is-type-wp-embed is-provider-okolje-piran wp-block-embed-okolje-piran\"><div class=\"wp-block-embed__wrapper\">\n<blockquote class=\"wp-embedded-content\" data-secret=\"pvXez2XgWI\"><a href=\"https:\/\/okoljepiran.si\/dejavnosti\/pristanisca\/pristanisce-kanal-sv-jerneja\/\">Pristani\u0161\u010de Kanal sv. Jerneja<\/a><\/blockquote><iframe loading=\"lazy\" class=\"wp-embedded-content\" sandbox=\"allow-scripts\" security=\"restricted\" style=\"position: absolute; visibility: hidden;\" title=\"&#8220;Pristani\u0161\u010de Kanal sv. Jerneja&#8221; &#8212; Okolje Piran\" src=\"https:\/\/okoljepiran.si\/dejavnosti\/pristanisca\/pristanisce-kanal-sv-jerneja\/embed\/#?secret=AC9jBYWM4o#?secret=pvXez2XgWI\" data-secret=\"pvXez2XgWI\" width=\"500\" height=\"282\" frameborder=\"0\" marginwidth=\"0\" marginheight=\"0\" scrolling=\"no\"><\/iframe>\n<\/div><\/figure>\n\n\n\n<div style=\"height:50px\" aria-hidden=\"true\" class=\"wp-block-spacer\"><\/div>\n\n\n\n<figure class=\"wp-block-embed is-type-wp-embed is-provider-okolje-piran wp-block-embed-okolje-piran\"><div class=\"wp-block-embed__wrapper\">\n<blockquote class=\"wp-embedded-content\" data-secret=\"2QVOwFHHMo\"><a href=\"https:\/\/okoljepiran.si\/dejavnosti\/pristanisca\/ribisko-pristanisce-strunjan\/\">Ribi\u0161ko pristani\u0161\u010de Strunjan<\/a><\/blockquote><iframe loading=\"lazy\" class=\"wp-embedded-content\" sandbox=\"allow-scripts\" security=\"restricted\" style=\"position: absolute; visibility: hidden;\" title=\"&#8220;Ribi\u0161ko pristani\u0161\u010de Strunjan&#8221; &#8212; Okolje Piran\" src=\"https:\/\/okoljepiran.si\/dejavnosti\/pristanisca\/ribisko-pristanisce-strunjan\/embed\/#?secret=80Bw5e3gPv#?secret=2QVOwFHHMo\" data-secret=\"2QVOwFHHMo\" width=\"500\" height=\"282\" frameborder=\"0\" marginwidth=\"0\" marginheight=\"0\" scrolling=\"no\"><\/iframe>\n<\/div><\/figure>\n\n\n<div class=\"gb-container gb-container-e195c5d4 layout-grid-2\">\n<div class=\"gb-container gb-container-e7849cb2 banner-ceniki\">\n<div class=\"gb-container gb-container-6600ff8a\">\n\n<h4 class=\"wp-block-heading fw-semibold\">Tariffe<\/h4>\n\n\n\n<p>Qui trovate le tariffe aggiornate e le condizioni di servizio<\/p>\n\n\n\n<p><a href=\"https:\/\/okoljepiran.si\/it\/tariffe-dei-servizi\/\" target=\"_blank\" data-type=\"page\" data-id=\"11\" rel=\"noreferrer noopener\">Visualizza<\/a><\/p>\n\n<\/div>\n\n\n<figure class=\"wp-block-image size-full d-flex justify-content-end\"><img decoding=\"async\" src=\"https:\/\/okoljepiran.si\/wp-content\/uploads\/2024\/06\/ceniki_banner.svg\" alt=\"\" class=\"wp-image-115\" style=\"object-fit:cover\"\/><\/figure>\n\n<\/div>\n\n<div class=\"gb-container gb-container-7e869277 banner-vloge\">\n<div class=\"gb-container gb-container-730dea93 text-body-secondary\">\n\n<h4 class=\"wp-block-heading fw-semibold\">Attivit\u00e0<\/h4>\n\n\n\n<p>Accedete a tutti i moduli e formulari.<\/p>\n\n\n\n<p><a href=\"https:\/\/okoljepiran.si\/it\/moduli-e-domande\/\" target=\"_blank\" data-type=\"page\" data-id=\"9\" rel=\"noreferrer noopener\">Visualizza<\/a><\/p>\n\n<\/div>\n\n\n<figure class=\"wp-block-image size-full d-flex justify-content-end\"><img decoding=\"async\" src=\"https:\/\/okoljepiran.si\/wp-content\/uploads\/2024\/06\/vloge_banner.svg\" alt=\"\" class=\"wp-image-129\" style=\"object-fit:cover\"\/><\/figure>\n\n<\/div>\n\n<div class=\"gb-container gb-container-1a7c6d51 banner-ceniki\">\n<div class=\"gb-container gb-container-b5b28bb6\">\n\n<h4 class=\"wp-block-heading fw-semibold\">Legislazione<\/h4>\n\n\n\n<p>Consultate le leggi, i regolamenti e le altre norme vigenti.<\/p>\n\n\n\n<p><a href=\"https:\/\/okoljepiran.si\/it\/legislazione\/\" target=\"_blank\" data-type=\"page\" data-id=\"589\" rel=\"noreferrer noopener\">Visualizza<\/a><\/p>\n\n<\/div>\n\n\n<figure class=\"wp-block-image size-full d-flex justify-content-end\"><img decoding=\"async\" src=\"https:\/\/okoljepiran.si\/wp-content\/uploads\/2024\/06\/zakonodaja_banner.svg\" alt=\"\" class=\"wp-image-396\" style=\"object-fit:cover\"\/><\/figure>\n\n<\/div>\n<\/div>","protected":false},"excerpt":{"rendered":"<p>Numero di ormeggi: 90<\/p>\n","protected":false},"author":1,"featured_media":18179,"parent":10349,"menu_order":2,"comment_status":"closed","ping_status":"closed","template":"template-page\/pg-childpage.php","meta":{"_acf_changed":false,"footnotes":""},"class_list":["post-10347","page","type-page","status-publish","has-post-thumbnail","hentry"],"acf":[],"_links":{"self":[{"href":"https:\/\/okoljepiran.si\/it\/wp-json\/wp\/v2\/pages\/10347","targetHints":{"allow":["GET"]}}],"collection":[{"href":"https:\/\/okoljepiran.si\/it\/wp-json\/wp\/v2\/pages"}],"about":[{"href":"https:\/\/okoljepiran.si\/it\/wp-json\/wp\/v2\/types\/page"}],"author":[{"embeddable":true,"href":"https:\/\/okoljepiran.si\/it\/wp-json\/wp\/v2\/users\/1"}],"replies":[{"embeddable":true,"href":"https:\/\/okoljepiran.si\/it\/wp-json\/wp\/v2\/comments?post=10347"}],"version-history":[{"count":10,"href":"https:\/\/okoljepiran.si\/it\/wp-json\/wp\/v2\/pages\/10347\/revisions"}],"predecessor-version":[{"id":25507,"href":"https:\/\/okoljepiran.si\/it\/wp-json\/wp\/v2\/pages\/10347\/revisions\/25507"}],"up":[{"embeddable":true,"href":"https:\/\/okoljepiran.si\/it\/wp-json\/wp\/v2\/pages\/10349"}],"wp:featuredmedia":[{"embeddable":true,"href":"https:\/\/okoljepiran.si\/it\/wp-json\/wp\/v2\/media\/18179"}],"wp:attachment":[{"href":"https:\/\/okoljepiran.si\/it\/wp-json\/wp\/v2\/media?parent=10347"}],"curies":[{"name":"wp","href":"https:\/\/api.w.org\/{rel}","templated":true}]}}