{"id":10345,"date":"2024-09-27T14:01:30","date_gmt":"2024-09-27T12:01:30","guid":{"rendered":"http:\/\/okoljepiran.razvija.se\/pristanisce-kanal-sv-jerneja\/"},"modified":"2025-09-24T16:42:06","modified_gmt":"2025-09-24T14:42:06","slug":"porto-canale-di-s-bortolo","status":"publish","type":"page","link":"https:\/\/okoljepiran.si\/it\/attivita\/porti\/porto-canale-di-s-bortolo\/","title":{"rendered":"Porto Canale di S. Bortolo"},"content":{"rendered":"\n<p>Nel Canale di S. Bortolo ci sono 242 posti barca, destinati ai proprietari di imbarcazioni pi\u00f9 piccole fino a 8,5 metri di lunghezza. L&#8217;accesso alle imbarcazioni da terra \u00e8 possibile tramite una passerella a due livelli.<\/p>\n\n\n\n<p>Il porto si trova in parte nell&#8217;area del Parco naturale delle Saline di Sicciole ed \u00e8 soggetto a regole speciali.<\/p>\n\n\n\n<figure class=\"wp-block-gallery has-nested-images columns-3 is-cropped wp-block-gallery-1\">\n<figure class=\"wp-block-image size-large\"><img loading=\"lazy\" decoding=\"async\" width=\"1024\" height=\"768\" data-id=\"9729\" src=\"https:\/\/okoljepiran.si\/wp-content\/uploads\/2024\/12\/Pristanisce_Jernejev_kanal_1-1024x768.jpg\" alt=\"\" class=\"wp-image-9729\" srcset=\"https:\/\/okoljepiran.si\/wp-content\/uploads\/2024\/12\/Pristanisce_Jernejev_kanal_1-1024x768.jpg 1024w, https:\/\/okoljepiran.si\/wp-content\/uploads\/2024\/12\/Pristanisce_Jernejev_kanal_1-768x576.jpg 768w\" sizes=\"auto, (max-width: 1024px) 100vw, 1024px\" \/><\/figure>\n\n\n\n<figure class=\"wp-block-image size-large\"><img loading=\"lazy\" decoding=\"async\" width=\"768\" height=\"1024\" data-id=\"9717\" src=\"https:\/\/okoljepiran.si\/wp-content\/uploads\/2024\/12\/Pristanisce_Jernejev_kanal_7-768x1024.jpg\" alt=\"\" class=\"wp-image-9717\"\/><\/figure>\n\n\n\n<figure class=\"wp-block-image size-large\"><img loading=\"lazy\" decoding=\"async\" width=\"1024\" height=\"768\" data-id=\"9711\" src=\"https:\/\/okoljepiran.si\/wp-content\/uploads\/2024\/12\/Pristanisce_Jernejev_kanal_5-1024x768.jpg\" alt=\"\" class=\"wp-image-9711\" srcset=\"https:\/\/okoljepiran.si\/wp-content\/uploads\/2024\/12\/Pristanisce_Jernejev_kanal_5-1024x768.jpg 1024w, https:\/\/okoljepiran.si\/wp-content\/uploads\/2024\/12\/Pristanisce_Jernejev_kanal_5-768x576.jpg 768w\" sizes=\"auto, (max-width: 1024px) 100vw, 1024px\" \/><\/figure>\n\n\n\n<figure class=\"wp-block-image size-large\"><img loading=\"lazy\" decoding=\"async\" width=\"1024\" height=\"768\" data-id=\"9707\" src=\"https:\/\/okoljepiran.si\/wp-content\/uploads\/2024\/12\/Pristanisce_Jernejev_kanal_3-1024x768.jpg\" alt=\"\" class=\"wp-image-9707\" srcset=\"https:\/\/okoljepiran.si\/wp-content\/uploads\/2024\/12\/Pristanisce_Jernejev_kanal_3-1024x768.jpg 1024w, https:\/\/okoljepiran.si\/wp-content\/uploads\/2024\/12\/Pristanisce_Jernejev_kanal_3-768x576.jpg 768w\" sizes=\"auto, (max-width: 1024px) 100vw, 1024px\" \/><\/figure>\n\n\n\n<figure class=\"wp-block-image size-large\"><img loading=\"lazy\" decoding=\"async\" width=\"1024\" height=\"768\" data-id=\"9703\" src=\"https:\/\/okoljepiran.si\/wp-content\/uploads\/2024\/12\/Pristanisce_Jernejev_kanal_4-1024x768.jpg\" alt=\"\" class=\"wp-image-9703\" srcset=\"https:\/\/okoljepiran.si\/wp-content\/uploads\/2024\/12\/Pristanisce_Jernejev_kanal_4-1024x768.jpg 1024w, https:\/\/okoljepiran.si\/wp-content\/uploads\/2024\/12\/Pristanisce_Jernejev_kanal_4-768x576.jpg 768w\" sizes=\"auto, (max-width: 1024px) 100vw, 1024px\" \/><\/figure>\n\n\n\n<figure class=\"wp-block-image size-large\"><img loading=\"lazy\" decoding=\"async\" width=\"768\" height=\"1024\" data-id=\"9705\" src=\"https:\/\/okoljepiran.si\/wp-content\/uploads\/2024\/12\/Pristanisce_Jernejev_kanal_2-768x1024.jpg\" alt=\"\" class=\"wp-image-9705\"\/><\/figure>\n<\/figure>\n\n\n\n<ul class=\"wp-block-list\">\n<li><a href=\"https:\/\/okoljepiran.si\/it\/pricelist\/listino-prezzi-del-porto-canale-di-s-bortolo\/\">Listino prezzi<\/a><\/li>\n\n\n\n<li><a href=\"https:\/\/okoljepiran.si\/wp-content\/uploads\/2025\/09\/Cakalna-lista-Jernejev-Kanal-09.12.2024.pdf\">Lista d&#8217;attesa (9. 12. 2024)<\/a><\/li>\n\n\n\n<li><a href=\"https:\/\/okoljepiran.si\/wp-content\/uploads\/2025\/09\/Vrstni-red-upravicencev-za-povila-do-5m-09.12.2024.pdf\">Elenco assegnatari di posto barca nel Canale di S. Bortolo \u2013 per imbarcazioni fino a 5 m<\/a><\/li>\n\n\n\n<li><\/li>\n\n\n\n<li><a href=\"https:\/\/okoljepiran.si\/wp-content\/uploads\/2025\/09\/Vrstni-red-upravicencev-za-povila-od-501-do-6m-09.12.2024.pdf\">Elenco assegnatari di posto barca nel Canale di S. Bortolo \u2013 per imbarcazioni da 5,01 m a 6 m<\/a><\/li>\n\n\n\n<li><a href=\"https:\/\/okoljepiran.si\/wp-content\/uploads\/2025\/09\/Vrstni-red-upravicencev-za-plovila-od-601-do-8.5m-09.12.2024.pdf\">Elenco assegnatari di posto barca nel Canale di S. Bortolo \u2013 per imbarcazioni da 6,01 m a 8,5 m<\/a><\/li>\n\n\n\n<li><a href=\"https:\/\/www.uradni-list.si\/glasilo-uradni-list-rs\/vsebina\/2024-01-2198\/splosni-pogoji-za-pridobitev-pravice-do-priveza-v-krajevnem-pristaniscu-kanal-sv--jerneja\" data-type=\"link\" data-id=\"https:\/\/www.uradni-list.si\/glasilo-uradni-list-rs\/vsebina\/2024-01-2198\/splosni-pogoji-za-pridobitev-pravice-do-priveza-v-krajevnem-pristaniscu-kanal-sv--jerneja\" target=\"_blank\" rel=\"noopener\">Splo\u0161ni pogoji za pridobitev priveza v krajevnem pristani\u0161\u010du Kanal sv. Jerneja<\/a><\/li>\n\n\n\n<li><a href=\"https:\/\/www.uradni-list.si\/glasilo-uradni-list-rs\/vsebina\/2024-01-2034\/sklep-o-sprejetju-cenika-pristojbin-za-priveze-v-kanalu-svetega-jerneja-v-seci\" target=\"_blank\" rel=\"noopener\">Delibera sull\u2019adozione del Tariffario delle tasse di ormeggio nel canale di San Bortolo a Sezza (3. 7. 2024)<\/a><\/li>\n\n\n\n<li><a href=\"https:\/\/okoljepiran.si\/wp-content\/uploads\/JAVNI-POZIV-K-ODDAJI-VLOG-ZA-DODELITEV-PRIVEZNEGA-MESTA-V-KANALU-SV.-JERNEJA-07.08.2024.pdf\">Javni poziv k oddaji vlog za dodelitev priveznih mest v Kanalu sv. Jerneja<\/a><\/li>\n\n\n\n<li><a href=\"https:\/\/okoljepiran.si\/wp-content\/uploads\/2021\/08\/Nacrt-ciscenja-obmocja-zacasnih-privezov-v-kanalu-Sv.-Jerneja-2021.pdf\">Na\u010drt \u010di\u0161\u010denja obmo\u010dja za\u010dasnih privezov v kanalu Sv. Jerneja 2021<\/a><\/li>\n\n\n\n<li><a href=\"https:\/\/okoljepiran.si\/wp-content\/uploads\/2021\/08\/Nacrt-preprecevanja-onesnazevanja-v-obmocju-zacasnih-privezov-v-kanalu-Sv.-Jerneja-2021.pdf\">Na\u010drt prepre\u010devanja onesna\u017eevanja v obmo\u010dju za\u010dasnih privezov v kanalu Sv. Jerneja 2021<\/a><\/li>\n\n\n\n<li><a href=\"https:\/\/okoljepiran.si\/wp-content\/uploads\/2021\/08\/Nacrt-ravnanja-z-odpadki-v-obmocju-zacasnih-privezov-v-kanalu-Sv.-Jerneja-2021.pdf\">Na\u010drt ravnanja z odpadki v obmo\u010dju za\u010dasnih privezov v kanalu Sv. Jerneja 2021<\/a><\/li>\n\n\n\n<li><a href=\"https:\/\/okoljepiran.si\/wp-content\/uploads\/2021\/08\/Pravilnik-o-zagotavljanju-reda-na-obmocju-zacasnih-privezov-v-kanalu-Sv.-Jerneja-2021.pdf\">Pravilnik o zagotavljanju reda na obmo\u010dju za\u010dasnih privezov v kanalu Sv. Jerneja 2021<\/a><\/li>\n\n\n\n<li><a href=\"https:\/\/okoljepiran.si\/wp-content\/uploads\/2021\/06\/NacrtUpravljanja-JernejevKanal.pdf\">Na\u010drt Upravljanja Jernejev Kanal<\/a><\/li>\n\n\n\n<li><a href=\"https:\/\/okoljepiran.si\/wp-content\/uploads\/2021\/06\/KONCESIJSKA-POGODBA-za-upravljanje-pristanisca-kanala-Sv.-Jerneja.pdf\">Koncesijska pogodba za upravljanje pristani\u0161\u010da kanala Sv. Jerneja<\/a><\/li>\n\n\n\n<li><a href=\"https:\/\/www.uradni-list.si\/glasilo-uradni-list-rs\/vsebina\/2025-01-2355\/splosni-pogoji-poslovanja-v-krajevnem-pristaniscu-kanal-sv--jerneja\" target=\"_blank\" rel=\"noreferrer noopener\">Condizioni generali dell&#8217;attivit\u00e0 nel porto locale del canale di S. Bortolo (8. 8. 2025)<\/a><\/li>\n<\/ul>\n\n\n\n<div style=\"height:50px\" aria-hidden=\"true\" class=\"wp-block-spacer\"><\/div>\n\n\n\n<figure class=\"wp-block-embed is-type-wp-embed is-provider-okolje-piran wp-block-embed-okolje-piran\"><div class=\"wp-block-embed__wrapper\">\n<blockquote class=\"wp-embedded-content\" data-secret=\"5bjELptc5w\"><a href=\"https:\/\/okoljepiran.si\/dejavnosti\/pristanisca\/pristanisce-piran\/\">Pristani\u0161\u010de Piran<\/a><\/blockquote><iframe loading=\"lazy\" class=\"wp-embedded-content\" sandbox=\"allow-scripts\" security=\"restricted\" style=\"position: absolute; visibility: hidden;\" title=\"&#8220;Pristani\u0161\u010de Piran&#8221; &#8212; Okolje Piran\" src=\"https:\/\/okoljepiran.si\/dejavnosti\/pristanisca\/pristanisce-piran\/embed\/#?secret=pc98PXMSQD#?secret=5bjELptc5w\" data-secret=\"5bjELptc5w\" width=\"500\" height=\"282\" frameborder=\"0\" marginwidth=\"0\" marginheight=\"0\" scrolling=\"no\"><\/iframe>\n<\/div><\/figure>\n\n\n\n<div style=\"height:50px\" aria-hidden=\"true\" class=\"wp-block-spacer\"><\/div>\n\n\n\n<figure class=\"wp-block-embed is-type-wp-embed is-provider-okolje-piran wp-block-embed-okolje-piran\"><div class=\"wp-block-embed__wrapper\">\n<blockquote class=\"wp-embedded-content\" data-secret=\"yqyZZEHhmj\"><a href=\"https:\/\/okoljepiran.si\/dejavnosti\/pristanisca\/pristanisce-portoroz\/\">Pristani\u0161\u010de Portoro\u017e<\/a><\/blockquote><iframe loading=\"lazy\" class=\"wp-embedded-content\" sandbox=\"allow-scripts\" security=\"restricted\" style=\"position: absolute; visibility: hidden;\" title=\"&#8220;Pristani\u0161\u010de Portoro\u017e&#8221; &#8212; Okolje Piran\" src=\"https:\/\/okoljepiran.si\/dejavnosti\/pristanisca\/pristanisce-portoroz\/embed\/#?secret=7oXjgqMtFo#?secret=yqyZZEHhmj\" data-secret=\"yqyZZEHhmj\" width=\"500\" height=\"282\" frameborder=\"0\" marginwidth=\"0\" marginheight=\"0\" scrolling=\"no\"><\/iframe>\n<\/div><\/figure>\n\n\n\n<div style=\"height:50px\" aria-hidden=\"true\" class=\"wp-block-spacer\"><\/div>\n\n\n\n<figure class=\"wp-block-embed is-type-wp-embed is-provider-okolje-piran wp-block-embed-okolje-piran\"><div class=\"wp-block-embed__wrapper\">\n<blockquote class=\"wp-embedded-content\" data-secret=\"y7tw2jciT5\"><a href=\"https:\/\/okoljepiran.si\/dejavnosti\/pristanisca\/ribisko-pristanisce-strunjan\/\">Ribi\u0161ko pristani\u0161\u010de Strunjan<\/a><\/blockquote><iframe loading=\"lazy\" class=\"wp-embedded-content\" sandbox=\"allow-scripts\" security=\"restricted\" style=\"position: absolute; visibility: hidden;\" title=\"&#8220;Ribi\u0161ko pristani\u0161\u010de Strunjan&#8221; &#8212; Okolje Piran\" src=\"https:\/\/okoljepiran.si\/dejavnosti\/pristanisca\/ribisko-pristanisce-strunjan\/embed\/#?secret=L9FaIa0IuH#?secret=y7tw2jciT5\" data-secret=\"y7tw2jciT5\" width=\"500\" height=\"282\" frameborder=\"0\" marginwidth=\"0\" marginheight=\"0\" scrolling=\"no\"><\/iframe>\n<\/div><\/figure>\n\n\n<div class=\"gb-container gb-container-e195c5d4 layout-grid-2\">\n<div class=\"gb-container gb-container-e7849cb2 banner-ceniki\">\n<div class=\"gb-container gb-container-6600ff8a\">\n\n<h4 class=\"wp-block-heading fw-semibold\">Tariffe<\/h4>\n\n\n\n<p>Qui trovate le tariffe aggiornate e le condizioni di servizio<\/p>\n\n\n\n<p><a href=\"https:\/\/okoljepiran.si\/it\/tariffe-dei-servizi\/\" target=\"_blank\" data-type=\"page\" data-id=\"11\" rel=\"noreferrer noopener\">Visualizza<\/a><\/p>\n\n<\/div>\n\n\n<figure class=\"wp-block-image size-full d-flex justify-content-end\"><img decoding=\"async\" src=\"https:\/\/okoljepiran.si\/wp-content\/uploads\/2024\/06\/ceniki_banner.svg\" alt=\"\" class=\"wp-image-115\" style=\"object-fit:cover\"\/><\/figure>\n\n<\/div>\n\n<div class=\"gb-container gb-container-7e869277 banner-vloge\">\n<div class=\"gb-container gb-container-730dea93 text-body-secondary\">\n\n<h4 class=\"wp-block-heading fw-semibold\">Attivit\u00e0<\/h4>\n\n\n\n<p>Accedete a tutti i moduli e formulari.<\/p>\n\n\n\n<p><a href=\"https:\/\/okoljepiran.si\/it\/moduli-e-domande\/\" target=\"_blank\" data-type=\"page\" data-id=\"9\" rel=\"noreferrer noopener\">Visualizza<\/a><\/p>\n\n<\/div>\n\n\n<figure class=\"wp-block-image size-full d-flex justify-content-end\"><img decoding=\"async\" src=\"https:\/\/okoljepiran.si\/wp-content\/uploads\/2024\/06\/vloge_banner.svg\" alt=\"\" class=\"wp-image-129\" style=\"object-fit:cover\"\/><\/figure>\n\n<\/div>\n\n<div class=\"gb-container gb-container-1a7c6d51 banner-ceniki\">\n<div class=\"gb-container gb-container-b5b28bb6\">\n\n<h4 class=\"wp-block-heading fw-semibold\">Legislazione<\/h4>\n\n\n\n<p>Consultate le leggi, i regolamenti e le altre norme vigenti.<\/p>\n\n\n\n<p><a href=\"https:\/\/okoljepiran.si\/it\/legislazione\/\" target=\"_blank\" data-type=\"page\" data-id=\"589\" rel=\"noreferrer noopener\">Visualizza<\/a><\/p>\n\n<\/div>\n\n\n<figure class=\"wp-block-image size-full d-flex justify-content-end\"><img decoding=\"async\" src=\"https:\/\/okoljepiran.si\/wp-content\/uploads\/2024\/06\/zakonodaja_banner.svg\" alt=\"\" class=\"wp-image-396\" style=\"object-fit:cover\"\/><\/figure>\n\n<\/div>\n<\/div>","protected":false},"excerpt":{"rendered":"<p>Numero di ormeggi: 242<\/p>\n","protected":false},"author":1,"featured_media":18444,"parent":10349,"menu_order":3,"comment_status":"closed","ping_status":"closed","template":"template-page\/pg-childpage.php","meta":{"_acf_changed":false,"footnotes":""},"class_list":["post-10345","page","type-page","status-publish","has-post-thumbnail","hentry"],"acf":[],"_links":{"self":[{"href":"https:\/\/okoljepiran.si\/it\/wp-json\/wp\/v2\/pages\/10345","targetHints":{"allow":["GET"]}}],"collection":[{"href":"https:\/\/okoljepiran.si\/it\/wp-json\/wp\/v2\/pages"}],"about":[{"href":"https:\/\/okoljepiran.si\/it\/wp-json\/wp\/v2\/types\/page"}],"author":[{"embeddable":true,"href":"https:\/\/okoljepiran.si\/it\/wp-json\/wp\/v2\/users\/1"}],"replies":[{"embeddable":true,"href":"https:\/\/okoljepiran.si\/it\/wp-json\/wp\/v2\/comments?post=10345"}],"version-history":[{"count":18,"href":"https:\/\/okoljepiran.si\/it\/wp-json\/wp\/v2\/pages\/10345\/revisions"}],"predecessor-version":[{"id":24407,"href":"https:\/\/okoljepiran.si\/it\/wp-json\/wp\/v2\/pages\/10345\/revisions\/24407"}],"up":[{"embeddable":true,"href":"https:\/\/okoljepiran.si\/it\/wp-json\/wp\/v2\/pages\/10349"}],"wp:featuredmedia":[{"embeddable":true,"href":"https:\/\/okoljepiran.si\/it\/wp-json\/wp\/v2\/media\/18444"}],"wp:attachment":[{"href":"https:\/\/okoljepiran.si\/it\/wp-json\/wp\/v2\/media?parent=10345"}],"curies":[{"name":"wp","href":"https:\/\/api.w.org\/{rel}","templated":true}]}}