{"id":10343,"date":"2024-09-27T14:08:36","date_gmt":"2024-09-27T12:08:36","guid":{"rendered":"http:\/\/okoljepiran.razvija.se\/pasja-plaza\/"},"modified":"2025-09-02T13:31:57","modified_gmt":"2025-09-02T11:31:57","slug":"spiaggia-per-cani","status":"publish","type":"page","link":"https:\/\/okoljepiran.si\/it\/attivita\/spiaggia-portorose\/spiaggia-per-cani\/","title":{"rendered":"Spiaggia per cani"},"content":{"rendered":"\n<p>La spiaggia per cani Monty&#8217;s Dog Beach &amp; Bar di Portorose si trova nell\u2019area lungomare sotto l&#8217;Hotel Metropol, tra l&#8217;ex edificio della Taverna e il primo molo. <\/p>\n\n\n\n<figure class=\"wp-block-gallery has-nested-images columns-3 is-cropped wp-block-gallery-1\">\n<figure class=\"wp-block-image size-large\"><img loading=\"lazy\" decoding=\"async\" width=\"1024\" height=\"683\" data-id=\"9650\" src=\"https:\/\/okoljepiran.si\/wp-content\/uploads\/2024\/12\/757297_Montys_Foto-Jaka_Ivancic-1024x683.jpg\" alt=\"\" class=\"wp-image-9650\" srcset=\"https:\/\/okoljepiran.si\/wp-content\/uploads\/2024\/12\/757297_Montys_Foto-Jaka_Ivancic-1024x683.jpg 1024w, https:\/\/okoljepiran.si\/wp-content\/uploads\/2024\/12\/757297_Montys_Foto-Jaka_Ivancic-768x512.jpg 768w\" sizes=\"auto, (max-width: 1024px) 100vw, 1024px\" \/><\/figure>\n\n\n\n<figure class=\"wp-block-image size-large\"><img loading=\"lazy\" decoding=\"async\" width=\"1024\" height=\"683\" data-id=\"9648\" src=\"https:\/\/okoljepiran.si\/wp-content\/uploads\/2024\/12\/757325_Montys_Foto-Jaka_Ivancic-1024x683.jpg\" alt=\"\" class=\"wp-image-9648\" srcset=\"https:\/\/okoljepiran.si\/wp-content\/uploads\/2024\/12\/757325_Montys_Foto-Jaka_Ivancic-1024x683.jpg 1024w, https:\/\/okoljepiran.si\/wp-content\/uploads\/2024\/12\/757325_Montys_Foto-Jaka_Ivancic-768x512.jpg 768w\" sizes=\"auto, (max-width: 1024px) 100vw, 1024px\" \/><\/figure>\n\n\n\n<figure class=\"wp-block-image size-large\"><img loading=\"lazy\" decoding=\"async\" width=\"1024\" height=\"683\" data-id=\"9644\" src=\"https:\/\/okoljepiran.si\/wp-content\/uploads\/2024\/12\/757328_Montys_Foto-Jaka_Ivancic-1024x683.jpg\" alt=\"\" class=\"wp-image-9644\" srcset=\"https:\/\/okoljepiran.si\/wp-content\/uploads\/2024\/12\/757328_Montys_Foto-Jaka_Ivancic-1024x683.jpg 1024w, https:\/\/okoljepiran.si\/wp-content\/uploads\/2024\/12\/757328_Montys_Foto-Jaka_Ivancic-768x512.jpg 768w\" sizes=\"auto, (max-width: 1024px) 100vw, 1024px\" \/><\/figure>\n\n\n\n<figure class=\"wp-block-image size-large\"><img loading=\"lazy\" decoding=\"async\" width=\"1024\" height=\"683\" data-id=\"9646\" src=\"https:\/\/okoljepiran.si\/wp-content\/uploads\/2024\/12\/757352_Montys_Foto-Jaka_Ivancic-1024x683.jpg\" alt=\"\" class=\"wp-image-9646\" srcset=\"https:\/\/okoljepiran.si\/wp-content\/uploads\/2024\/12\/757352_Montys_Foto-Jaka_Ivancic-1024x683.jpg 1024w, https:\/\/okoljepiran.si\/wp-content\/uploads\/2024\/12\/757352_Montys_Foto-Jaka_Ivancic-768x512.jpg 768w\" sizes=\"auto, (max-width: 1024px) 100vw, 1024px\" \/><\/figure>\n\n\n\n<figure class=\"wp-block-image size-large\"><img loading=\"lazy\" decoding=\"async\" width=\"1024\" height=\"683\" data-id=\"9642\" src=\"https:\/\/okoljepiran.si\/wp-content\/uploads\/2024\/12\/757362_Montys_Foto-Jaka_Ivancic-1024x683.jpg\" alt=\"\" class=\"wp-image-9642\" srcset=\"https:\/\/okoljepiran.si\/wp-content\/uploads\/2024\/12\/757362_Montys_Foto-Jaka_Ivancic-1024x683.jpg 1024w, https:\/\/okoljepiran.si\/wp-content\/uploads\/2024\/12\/757362_Montys_Foto-Jaka_Ivancic-768x512.jpg 768w\" sizes=\"auto, (max-width: 1024px) 100vw, 1024px\" \/><\/figure>\n\n\n\n<figure class=\"wp-block-image size-large\"><img loading=\"lazy\" decoding=\"async\" width=\"1024\" height=\"683\" data-id=\"9640\" src=\"https:\/\/okoljepiran.si\/wp-content\/uploads\/2024\/12\/757388_Montys_Foto-Jaka_Ivancic-1024x683.jpg\" alt=\"\" class=\"wp-image-9640\" srcset=\"https:\/\/okoljepiran.si\/wp-content\/uploads\/2024\/12\/757388_Montys_Foto-Jaka_Ivancic-1024x683.jpg 1024w, https:\/\/okoljepiran.si\/wp-content\/uploads\/2024\/12\/757388_Montys_Foto-Jaka_Ivancic-768x512.jpg 768w\" sizes=\"auto, (max-width: 1024px) 100vw, 1024px\" \/><\/figure>\n\n\n\n<figure class=\"wp-block-image size-large\"><img loading=\"lazy\" decoding=\"async\" width=\"1024\" height=\"683\" data-id=\"9654\" src=\"https:\/\/okoljepiran.si\/wp-content\/uploads\/2024\/12\/757392_Montys_Foto-Jaka_Ivancic-1024x683.jpg\" alt=\"\" class=\"wp-image-9654\" srcset=\"https:\/\/okoljepiran.si\/wp-content\/uploads\/2024\/12\/757392_Montys_Foto-Jaka_Ivancic-1024x683.jpg 1024w, https:\/\/okoljepiran.si\/wp-content\/uploads\/2024\/12\/757392_Montys_Foto-Jaka_Ivancic-768x512.jpg 768w\" sizes=\"auto, (max-width: 1024px) 100vw, 1024px\" \/><\/figure>\n\n\n\n<figure class=\"wp-block-image size-large\"><img loading=\"lazy\" decoding=\"async\" width=\"1024\" height=\"683\" data-id=\"9652\" src=\"https:\/\/okoljepiran.si\/wp-content\/uploads\/2024\/12\/757396_Montys_Foto-Jaka_Ivancic-1024x683.jpg\" alt=\"\" class=\"wp-image-9652\" srcset=\"https:\/\/okoljepiran.si\/wp-content\/uploads\/2024\/12\/757396_Montys_Foto-Jaka_Ivancic-1024x683.jpg 1024w, https:\/\/okoljepiran.si\/wp-content\/uploads\/2024\/12\/757396_Montys_Foto-Jaka_Ivancic-768x512.jpg 768w\" sizes=\"auto, (max-width: 1024px) 100vw, 1024px\" \/><\/figure>\n\n\n\n<figure class=\"wp-block-image size-large\"><img loading=\"lazy\" decoding=\"async\" width=\"1024\" height=\"683\" data-id=\"9660\" src=\"https:\/\/okoljepiran.si\/wp-content\/uploads\/2024\/12\/757405_Montys_Foto-Jaka_Ivancic-1024x683.jpg\" alt=\"\" class=\"wp-image-9660\" srcset=\"https:\/\/okoljepiran.si\/wp-content\/uploads\/2024\/12\/757405_Montys_Foto-Jaka_Ivancic-1024x683.jpg 1024w, https:\/\/okoljepiran.si\/wp-content\/uploads\/2024\/12\/757405_Montys_Foto-Jaka_Ivancic-768x512.jpg 768w\" sizes=\"auto, (max-width: 1024px) 100vw, 1024px\" \/><\/figure>\n\n\n\n<figure class=\"wp-block-image size-large\"><img loading=\"lazy\" decoding=\"async\" width=\"1024\" height=\"683\" data-id=\"9658\" src=\"https:\/\/okoljepiran.si\/wp-content\/uploads\/2024\/12\/757411_Montys_Foto-Jaka_Ivancic-1024x683.jpg\" alt=\"\" class=\"wp-image-9658\" srcset=\"https:\/\/okoljepiran.si\/wp-content\/uploads\/2024\/12\/757411_Montys_Foto-Jaka_Ivancic-1024x683.jpg 1024w, https:\/\/okoljepiran.si\/wp-content\/uploads\/2024\/12\/757411_Montys_Foto-Jaka_Ivancic-768x512.jpg 768w\" sizes=\"auto, (max-width: 1024px) 100vw, 1024px\" \/><\/figure>\n\n\n\n<figure class=\"wp-block-image size-large\"><img loading=\"lazy\" decoding=\"async\" width=\"1024\" height=\"683\" data-id=\"9662\" src=\"https:\/\/okoljepiran.si\/wp-content\/uploads\/2024\/12\/757423_Montys_Foto-Jaka_Ivancic-1024x683.jpg\" alt=\"\" class=\"wp-image-9662\" srcset=\"https:\/\/okoljepiran.si\/wp-content\/uploads\/2024\/12\/757423_Montys_Foto-Jaka_Ivancic-1024x683.jpg 1024w, https:\/\/okoljepiran.si\/wp-content\/uploads\/2024\/12\/757423_Montys_Foto-Jaka_Ivancic-768x512.jpg 768w\" sizes=\"auto, (max-width: 1024px) 100vw, 1024px\" \/><\/figure>\n\n\n\n<figure class=\"wp-block-image size-large\"><img loading=\"lazy\" decoding=\"async\" width=\"1024\" height=\"683\" data-id=\"9656\" src=\"https:\/\/okoljepiran.si\/wp-content\/uploads\/2024\/12\/757295_Montys_Foto-Jaka_Ivancic-1024x683.jpg\" alt=\"\" class=\"wp-image-9656\" srcset=\"https:\/\/okoljepiran.si\/wp-content\/uploads\/2024\/12\/757295_Montys_Foto-Jaka_Ivancic-1024x683.jpg 1024w, https:\/\/okoljepiran.si\/wp-content\/uploads\/2024\/12\/757295_Montys_Foto-Jaka_Ivancic-768x512.jpg 768w\" sizes=\"auto, (max-width: 1024px) 100vw, 1024px\" \/><\/figure>\n<\/figure>\n\n\n\n<p>La spiaggia \u00e8 attrezzata appositamente per gli amici a quattro zampe, sul modello delle pi\u00f9 moderne spiagge per cani del mondo. Pu\u00f2 vantare<\/p>\n\n\n\n<ul class=\"wp-block-list\">\n<li>un\u2019area di sgambamento,<\/li>\n\n\n\n<li>sdraio e ombra per il riposo,<\/li>\n\n\n\n<li>doccia per piccoli e grandi amici pelosi e<\/li>\n\n\n\n<li>un bar con un&#8217;ottima offerta di ristorazione, dove i cani possono concedersi un gelato o birra per cani.<\/li>\n<\/ul>\n\n\n\n<p>Ingresso, sguazzare in mare, utilizzo della\u2019area di sgambamento e doccia sono gratuiti.<\/p>\n\n\n\n<div style=\"height:50px\" aria-hidden=\"true\" class=\"wp-block-spacer\"><\/div>\n\n\n\n<figure class=\"wp-block-embed is-type-wp-embed is-provider-okolje-piran wp-block-embed-okolje-piran\"><div class=\"wp-block-embed__wrapper\">\n<blockquote class=\"wp-embedded-content\" data-secret=\"IuVldOvVIr\"><a href=\"https:\/\/okoljepiran.si\/it\/attivita\/spiaggia-portorose\/\">Pla\u017ea Portoro\u017e<\/a><\/blockquote><iframe loading=\"lazy\" class=\"wp-embedded-content\" sandbox=\"allow-scripts\" security=\"restricted\" style=\"position: absolute; visibility: hidden;\" title=\"&#8220;Pla\u017ea Portoro\u017e&#8221; &#8212; Okolje Piran\" src=\"https:\/\/okoljepiran.si\/it\/attivita\/spiaggia-portorose\/embed\/#?secret=9NndJZXc2o#?secret=IuVldOvVIr\" data-secret=\"IuVldOvVIr\" width=\"500\" height=\"282\" frameborder=\"0\" marginwidth=\"0\" marginheight=\"0\" scrolling=\"no\"><\/iframe>\n<\/div><\/figure>\n\n\n\r\n    \r\n    \n\n\n<div class=\"gb-container gb-container-e195c5d4 layout-grid-2\">\n<div class=\"gb-container gb-container-e7849cb2 banner-ceniki\">\n<div class=\"gb-container gb-container-6600ff8a\">\n\n<h4 class=\"wp-block-heading fw-semibold\">Tariffe: Spiaggia Portorose<\/h4>\n\n\n\n<p>Qui trovate le tariffe aggiornate e le condizioni di servizio<\/p>\n\n\n\n<p><a href=\"https:\/\/okoljepiran.si\/it\/tariffe-dei-servizi\/\" target=\"_blank\" data-type=\"page\" data-id=\"11\" rel=\"noreferrer noopener\">Visualizza<\/a><\/p>\n\n<\/div>\n\n\n<figure class=\"wp-block-image size-full d-flex justify-content-end\"><img decoding=\"async\" src=\"https:\/\/okoljepiran.si\/wp-content\/uploads\/2024\/06\/ceniki_banner.svg\" alt=\"\" class=\"wp-image-115\" style=\"object-fit:cover\"\/><\/figure>\n\n<\/div>\n\n<div class=\"gb-container gb-container-1a7c6d51 banner-ceniki\">\n<div class=\"gb-container gb-container-b5b28bb6\">\n\n<h4 class=\"wp-block-heading fw-semibold\">Legislazione: Spiaggia Portorose<\/h4>\n\n\n\n<p>Consultate le leggi, i regolamenti e le altre norme vigenti.<\/p>\n\n\n\n<p><a href=\"https:\/\/okoljepiran.si\/it\/legislazione\/\" target=\"_blank\" data-type=\"page\" data-id=\"589\" rel=\"noreferrer noopener\">Visualizza<\/a><\/p>\n\n<\/div>\n\n\n<figure class=\"wp-block-image size-full d-flex justify-content-end\"><img decoding=\"async\" src=\"https:\/\/okoljepiran.si\/wp-content\/uploads\/2024\/06\/zakonodaja_banner.svg\" alt=\"\" class=\"wp-image-396\" style=\"object-fit:cover\"\/><\/figure>\n\n<\/div>\n<\/div>","protected":false},"excerpt":{"rendered":"<p>La spiaggia per cani di Pirano \u00e8 un luogo pensato per il relax e il divertimento in sicurezza in riva al mare per i proprietari di cani e i loro animali domestici. Un ambiente curato e una piacevole esperienza nella natura per tutti i visitatori.<\/p>\n","protected":false},"author":1,"featured_media":9649,"parent":10344,"menu_order":0,"comment_status":"closed","ping_status":"closed","template":"template-page\/pg-narrow.php","meta":{"_acf_changed":false,"footnotes":""},"class_list":["post-10343","page","type-page","status-publish","has-post-thumbnail","hentry"],"acf":[],"_links":{"self":[{"href":"https:\/\/okoljepiran.si\/it\/wp-json\/wp\/v2\/pages\/10343","targetHints":{"allow":["GET"]}}],"collection":[{"href":"https:\/\/okoljepiran.si\/it\/wp-json\/wp\/v2\/pages"}],"about":[{"href":"https:\/\/okoljepiran.si\/it\/wp-json\/wp\/v2\/types\/page"}],"author":[{"embeddable":true,"href":"https:\/\/okoljepiran.si\/it\/wp-json\/wp\/v2\/users\/1"}],"replies":[{"embeddable":true,"href":"https:\/\/okoljepiran.si\/it\/wp-json\/wp\/v2\/comments?post=10343"}],"version-history":[{"count":6,"href":"https:\/\/okoljepiran.si\/it\/wp-json\/wp\/v2\/pages\/10343\/revisions"}],"predecessor-version":[{"id":24139,"href":"https:\/\/okoljepiran.si\/it\/wp-json\/wp\/v2\/pages\/10343\/revisions\/24139"}],"up":[{"embeddable":true,"href":"https:\/\/okoljepiran.si\/it\/wp-json\/wp\/v2\/pages\/10344"}],"wp:featuredmedia":[{"embeddable":true,"href":"https:\/\/okoljepiran.si\/it\/wp-json\/wp\/v2\/media\/9649"}],"wp:attachment":[{"href":"https:\/\/okoljepiran.si\/it\/wp-json\/wp\/v2\/media?parent=10343"}],"curies":[{"name":"wp","href":"https:\/\/api.w.org\/{rel}","templated":true}]}}