{"id":10342,"date":"2024-09-27T14:34:41","date_gmt":"2024-09-27T12:34:41","guid":{"rendered":"http:\/\/okoljepiran.razvija.se\/trznica\/"},"modified":"2025-09-10T15:31:45","modified_gmt":"2025-09-10T13:31:45","slug":"mercato","status":"publish","type":"page","link":"https:\/\/okoljepiran.si\/it\/attivita\/mercato\/","title":{"rendered":"Mercato"},"content":{"rendered":"\n<h2 class=\"wp-block-heading\">Mercato Pirano<\/h2>\n\n\n\n<p>Dietro il palazzo comunale in Piazza delle Erbe a Pirano si trova il popolare mercato che da sempre riunisce gente del posto e visitatori.<\/p>\n\n\n\n<p>Il mercato \u00e8 aperto tutto l&#8217;anno e offre un&#8217;ampia selezione di prodotti locali, frutta fresca, verdura e altre prelibatezze locali offerte dagli agricoltori della zona e da altri venditori.<\/p>\n\n\n\n<figure class=\"wp-block-gallery has-nested-images columns-3 is-cropped wp-block-gallery-1\">\n<figure class=\"wp-block-image size-large\"><img loading=\"lazy\" decoding=\"async\" width=\"1024\" height=\"768\" data-id=\"9675\" src=\"https:\/\/okoljepiran.si\/wp-content\/uploads\/2024\/12\/Trznica_Piran_1-1024x768.jpg\" alt=\"\" class=\"wp-image-9675\" srcset=\"https:\/\/okoljepiran.si\/wp-content\/uploads\/2024\/12\/Trznica_Piran_1-1024x768.jpg 1024w, https:\/\/okoljepiran.si\/wp-content\/uploads\/2024\/12\/Trznica_Piran_1-768x576.jpg 768w\" sizes=\"auto, (max-width: 1024px) 100vw, 1024px\" \/><\/figure>\n\n\n\n<figure class=\"wp-block-image size-large\"><img loading=\"lazy\" decoding=\"async\" width=\"1024\" height=\"768\" data-id=\"9677\" src=\"https:\/\/okoljepiran.si\/wp-content\/uploads\/2024\/12\/Trznica_Piran_2-1024x768.jpg\" alt=\"\" class=\"wp-image-9677\" srcset=\"https:\/\/okoljepiran.si\/wp-content\/uploads\/2024\/12\/Trznica_Piran_2-1024x768.jpg 1024w, https:\/\/okoljepiran.si\/wp-content\/uploads\/2024\/12\/Trznica_Piran_2-768x576.jpg 768w\" sizes=\"auto, (max-width: 1024px) 100vw, 1024px\" \/><\/figure>\n<\/figure>\n\n\n\n<p>La societ\u00e0 pubblica OKOLJE Piran d.o.o., in qualit\u00e0 di gestore del mercato, mette a disposizione bancarelle personali, allestite nel 2008, e consente l&#8217;uso di bilance elettroniche, servizi igienici e acqua corrente.<\/p>\n\n\n\n<div style=\"height:50px\" aria-hidden=\"true\" class=\"wp-block-spacer\"><\/div>\n\n\n\n<div class=\"media-upload align wp-block-acf-media-upload\" id=\"media-upload-block_23a29f5fc939e7f1f579f8db26cfd3a9\">\n\n    \n        <div class=\"media-upload__grid layout-grid-3\">\n            \n                                \n                                    <div class=\"media-upload__file d-flex flex-column\">\n\n                        \n                        <h4 class=\"mb-0 mt-0\">\n                            Ordine di mercato Mercato di Pirano                        <\/h4>\n\n                        <div class=\"fit-content fw-medium mb-1\">\n                            <span>.pdf<\/span>, \n                            <span>3,97 MB<\/span>\n                        <\/div>\n\n                        <a class=\"file-download mb-0 mt-auto fit-content text-body tdu\" href=\"https:\/\/okoljepiran.si\/wp-content\/uploads\/2018\/04\/TR\u017dNI-RED-PIRAN-IT-2018.pdf\" target=\"_blank\" download>\n                            Prenesite datoteko                        <\/a>\n                    <\/div>\n                            \n                                \n                                    <div class=\"media-upload__file d-flex flex-column\">\n\n                        \n                        <h4 class=\"mb-0 mt-0\">\n                            Domanda di affitto di uno stand per il Mercato di Pirano e\/o il Mercato di Lucia                        <\/h4>\n\n                        <div class=\"fit-content fw-medium mb-1\">\n                            <span>.pdf<\/span>, \n                            <span>153,05 KB<\/span>\n                        <\/div>\n\n                        <a class=\"file-download mb-0 mt-auto fit-content text-body tdu\" href=\"https:\/\/okoljepiran.si\/wp-content\/uploads\/2018\/05\/OBRAZEC-VLOGA-ZA-NAJEM-STOJNICE-V-LUCIJI-2018.pdf\" target=\"_blank\" download>\n                            Prenesite datoteko                        <\/a>\n                    <\/div>\n                            \n                                \n                                    <div class=\"media-upload__file d-flex flex-column\">\n\n                        \n                        <h4 class=\"mb-0 mt-0\">\n                            Sklep o pogojih za oddajo nepremi\u010dnin v lasti ob\u010dine Piran v ob\u010dasno uporabo za namen postavitve ZPM 2020                        <\/h4>\n\n                        <div class=\"fit-content fw-medium mb-1\">\n                            <span>.pdf<\/span>, \n                            <span>509,64 KB<\/span>\n                        <\/div>\n\n                        <a class=\"file-download mb-0 mt-auto fit-content text-body tdu\" href=\"https:\/\/okoljepiran.si\/wp-content\/uploads\/2020\/06\/Sklep-o-pogojih-za-oddajo-nepremi\u010dnin-v-lasti-ob\u010dine-Piran-v-ob\u010dasno-uporabo-za-namen-postavitve-ZPM-2020.pdf\" target=\"_blank\" download>\n                            Prenesite datoteko                        <\/a>\n                    <\/div>\n                            \n                                \n                                    <div class=\"media-upload__file d-flex flex-column\">\n\n                        \n                        <h4 class=\"mb-0 mt-0\">\n                            Cenik uporabnine za ob\u010dasno uporabo nepremi\u010dnin v lasti ob\u010dine Piran za namen postavitve ZPM 2020                        <\/h4>\n\n                        <div class=\"fit-content fw-medium mb-1\">\n                            <span>.pdf<\/span>, \n                            <span>310,16 KB<\/span>\n                        <\/div>\n\n                        <a class=\"file-download mb-0 mt-auto fit-content text-body tdu\" href=\"https:\/\/okoljepiran.si\/wp-content\/uploads\/2020\/06\/Cenik-uporabnine-za-ob\u010dasno-uporabo-nepremi\u010dnin-v-lasti-ob\u010dine-Piran-za-namen-postavitve-ZPM-2020.pdf\" target=\"_blank\" download>\n                            Prenesite datoteko                        <\/a>\n                    <\/div>\n                                    <\/div>\n\n    \n<\/div>\n\n\n<h2 class=\"wp-block-heading\">Mercato Lucia<\/h2>\n\n\n\n<p>Il mercato di Lucia \u00e8 un luogo di ritrovo popolare per la gente del posto e i visitatori che cercano prodotti locali freschi e di qualit\u00e0. Lo spazio con bancarelle dall&#8217;aspetto moderno si trova accanto al centro commerciale e d\u2019affari TPC.<\/p>\n\n\n\n<figure class=\"wp-block-gallery has-nested-images columns-3 is-cropped wp-block-gallery-2\">\n<figure class=\"wp-block-image size-large\"><img loading=\"lazy\" decoding=\"async\" width=\"1024\" height=\"576\" data-id=\"9681\" src=\"https:\/\/okoljepiran.si\/wp-content\/uploads\/2024\/12\/Trznica_Lucija_1-1024x576.jpg\" alt=\"\" class=\"wp-image-9681\" srcset=\"https:\/\/okoljepiran.si\/wp-content\/uploads\/2024\/12\/Trznica_Lucija_1-1024x576.jpg 1024w, https:\/\/okoljepiran.si\/wp-content\/uploads\/2024\/12\/Trznica_Lucija_1-768x432.jpg 768w\" sizes=\"auto, (max-width: 1024px) 100vw, 1024px\" \/><\/figure>\n\n\n\n<figure class=\"wp-block-image size-large\"><img loading=\"lazy\" decoding=\"async\" width=\"1024\" height=\"576\" data-id=\"9689\" src=\"https:\/\/okoljepiran.si\/wp-content\/uploads\/2024\/12\/Trznica_Lucija_2-1024x576.jpg\" alt=\"\" class=\"wp-image-9689\" srcset=\"https:\/\/okoljepiran.si\/wp-content\/uploads\/2024\/12\/Trznica_Lucija_2-1024x576.jpg 1024w, https:\/\/okoljepiran.si\/wp-content\/uploads\/2024\/12\/Trznica_Lucija_2-768x432.jpg 768w\" sizes=\"auto, (max-width: 1024px) 100vw, 1024px\" \/><\/figure>\n\n\n\n<figure class=\"wp-block-image size-large\"><img loading=\"lazy\" decoding=\"async\" width=\"1024\" height=\"576\" data-id=\"9679\" src=\"https:\/\/okoljepiran.si\/wp-content\/uploads\/2024\/12\/Trznica_Lucija_3-1024x576.jpg\" alt=\"\" class=\"wp-image-9679\" srcset=\"https:\/\/okoljepiran.si\/wp-content\/uploads\/2024\/12\/Trznica_Lucija_3-1024x576.jpg 1024w, https:\/\/okoljepiran.si\/wp-content\/uploads\/2024\/12\/Trznica_Lucija_3-768x432.jpg 768w\" sizes=\"auto, (max-width: 1024px) 100vw, 1024px\" \/><\/figure>\n\n\n\n<figure class=\"wp-block-image size-large\"><img loading=\"lazy\" decoding=\"async\" width=\"1024\" height=\"576\" data-id=\"9691\" src=\"https:\/\/okoljepiran.si\/wp-content\/uploads\/2024\/12\/Trznica_Lucija_4-1024x576.jpg\" alt=\"\" class=\"wp-image-9691\" srcset=\"https:\/\/okoljepiran.si\/wp-content\/uploads\/2024\/12\/Trznica_Lucija_4-1024x576.jpg 1024w, https:\/\/okoljepiran.si\/wp-content\/uploads\/2024\/12\/Trznica_Lucija_4-768x432.jpg 768w\" sizes=\"auto, (max-width: 1024px) 100vw, 1024px\" \/><\/figure>\n\n\n\n<figure class=\"wp-block-image size-large\"><img loading=\"lazy\" decoding=\"async\" width=\"1024\" height=\"768\" data-id=\"9693\" src=\"https:\/\/okoljepiran.si\/wp-content\/uploads\/2024\/12\/Trznica_Lucija_5-1024x768.jpg\" alt=\"\" class=\"wp-image-9693\" srcset=\"https:\/\/okoljepiran.si\/wp-content\/uploads\/2024\/12\/Trznica_Lucija_5-1024x768.jpg 1024w, https:\/\/okoljepiran.si\/wp-content\/uploads\/2024\/12\/Trznica_Lucija_5-768x576.jpg 768w\" sizes=\"auto, (max-width: 1024px) 100vw, 1024px\" \/><\/figure>\n\n\n\n<figure class=\"wp-block-image size-large\"><img loading=\"lazy\" decoding=\"async\" width=\"1024\" height=\"768\" data-id=\"9687\" src=\"https:\/\/okoljepiran.si\/wp-content\/uploads\/2024\/12\/Trznica_Lucija_6-1024x768.jpg\" alt=\"\" class=\"wp-image-9687\" srcset=\"https:\/\/okoljepiran.si\/wp-content\/uploads\/2024\/12\/Trznica_Lucija_6-1024x768.jpg 1024w, https:\/\/okoljepiran.si\/wp-content\/uploads\/2024\/12\/Trznica_Lucija_6-768x576.jpg 768w\" sizes=\"auto, (max-width: 1024px) 100vw, 1024px\" \/><\/figure>\n\n\n\n<figure class=\"wp-block-image size-large\"><img loading=\"lazy\" decoding=\"async\" width=\"1024\" height=\"768\" data-id=\"9695\" src=\"https:\/\/okoljepiran.si\/wp-content\/uploads\/2024\/12\/Trznica_Lucija_7-1024x768.jpg\" alt=\"\" class=\"wp-image-9695\" srcset=\"https:\/\/okoljepiran.si\/wp-content\/uploads\/2024\/12\/Trznica_Lucija_7-1024x768.jpg 1024w, https:\/\/okoljepiran.si\/wp-content\/uploads\/2024\/12\/Trznica_Lucija_7-768x576.jpg 768w\" sizes=\"auto, (max-width: 1024px) 100vw, 1024px\" \/><\/figure>\n\n\n\n<figure class=\"wp-block-image size-large\"><img loading=\"lazy\" decoding=\"async\" width=\"1024\" height=\"682\" data-id=\"9683\" src=\"https:\/\/okoljepiran.si\/wp-content\/uploads\/2024\/12\/Trznica_Lucija_9-1024x682.jpg\" alt=\"\" class=\"wp-image-9683\" srcset=\"https:\/\/okoljepiran.si\/wp-content\/uploads\/2024\/12\/Trznica_Lucija_9-1024x682.jpg 1024w, https:\/\/okoljepiran.si\/wp-content\/uploads\/2024\/12\/Trznica_Lucija_9-768x512.jpg 768w, https:\/\/okoljepiran.si\/wp-content\/uploads\/2024\/12\/Trznica_Lucija_9.jpg 1250w\" sizes=\"auto, (max-width: 1024px) 100vw, 1024px\" \/><\/figure>\n\n\n\n<figure class=\"wp-block-image size-large\"><img loading=\"lazy\" decoding=\"async\" width=\"1024\" height=\"632\" data-id=\"9685\" src=\"https:\/\/okoljepiran.si\/wp-content\/uploads\/2024\/12\/Trznica_Lucija_15-1024x632.jpg\" alt=\"\" class=\"wp-image-9685\" srcset=\"https:\/\/okoljepiran.si\/wp-content\/uploads\/2024\/12\/Trznica_Lucija_15-1024x632.jpg 1024w, https:\/\/okoljepiran.si\/wp-content\/uploads\/2024\/12\/Trznica_Lucija_15-768x474.jpg 768w, https:\/\/okoljepiran.si\/wp-content\/uploads\/2024\/12\/Trznica_Lucija_15.jpg 1250w\" sizes=\"auto, (max-width: 1024px) 100vw, 1024px\" \/><\/figure>\n<\/figure>\n\n\n\n<p>Offre ai visitatori e ai venditori un riparo completo, la cosiddetta pergola bioclimatica, una struttura di assemblaggio metallico con tende a rullo verticali e tetto piano su cui sono installate lamelle mobili rotanti, che garantiscono protezione dalle precipitazioni o semplicemente ombreggiamento e ventilazione con l&#8217;ausilio di sensori.<\/p>\n\n\n\n<p>Nel 2023 sono stati realizzati anche otto nuove bancarelle su ordinazione, con il fornitore che ha seguito i consigli dei venditori e utilizzato soluzioni funzionali nel prodotto finale dal look moderno.<\/p>\n\n\n\n<div style=\"height:50px\" aria-hidden=\"true\" class=\"wp-block-spacer\"><\/div>\n\n\n\n<div class=\"media-upload align wp-block-acf-media-upload\" id=\"media-upload-block_e76b9c72433dfab77e43c78b37f179ad\">\n\n    \n        <div class=\"media-upload__grid layout-grid-3\">\n            \n                                \n                                    <div class=\"media-upload__file d-flex flex-column\">\n\n                        \n                        <h4 class=\"mb-0 mt-0\">\n                            Ordine di mercato Mercato di Lucia                        <\/h4>\n\n                        <div class=\"fit-content fw-medium mb-1\">\n                            <span>.pdf<\/span>, \n                            <span>3,78 MB<\/span>\n                        <\/div>\n\n                        <a class=\"file-download mb-0 mt-auto fit-content text-body tdu\" href=\"https:\/\/okoljepiran.si\/wp-content\/uploads\/2018\/04\/TR\u017dNI-RED-LUCIJA-IT-2018.pdf\" target=\"_blank\" download>\n                            Prenesite datoteko                        <\/a>\n                    <\/div>\n                            \n                                \n                                    <div class=\"media-upload__file d-flex flex-column\">\n\n                        \n                        <h4 class=\"mb-0 mt-0\">\n                            Domanda di affitto di uno stand per il Mercato di Pirano e\/o il Mercato di Lucia                        <\/h4>\n\n                        <div class=\"fit-content fw-medium mb-1\">\n                            <span>.jpeg<\/span>, \n                            <span>179,80 KB<\/span>\n                        <\/div>\n\n                        <a class=\"file-download mb-0 mt-auto fit-content text-body tdu\" href=\"https:\/\/okoljepiran.si\/wp-content\/uploads\/2018\/05\/OBRAZEC-VLOGA-ZA-NAJEM-STOJNICE-V-LUCIJI-2018-pdf.jpg\" target=\"_blank\" download>\n                            Prenesite datoteko                        <\/a>\n                    <\/div>\n                            \n                                \n                                    <div class=\"media-upload__file d-flex flex-column\">\n\n                        \n                        <h4 class=\"mb-0 mt-0\">\n                            Sklep o pogojih za oddajo nepremi\u010dnin v lasti ob\u010dine Piran v ob\u010dasno uporabo za namen postavitve ZPM 2020                        <\/h4>\n\n                        <div class=\"fit-content fw-medium mb-1\">\n                            <span>.pdf<\/span>, \n                            <span>509,64 KB<\/span>\n                        <\/div>\n\n                        <a class=\"file-download mb-0 mt-auto fit-content text-body tdu\" href=\"https:\/\/okoljepiran.si\/wp-content\/uploads\/2020\/06\/Sklep-o-pogojih-za-oddajo-nepremi\u010dnin-v-lasti-ob\u010dine-Piran-v-ob\u010dasno-uporabo-za-namen-postavitve-ZPM-2020.pdf\" target=\"_blank\" download>\n                            Prenesite datoteko                        <\/a>\n                    <\/div>\n                            \n                                \n                                    <div class=\"media-upload__file d-flex flex-column\">\n\n                        \n                        <h4 class=\"mb-0 mt-0\">\n                            Cenik uporabnine za ob\u010dasno uporabo nepremi\u010dnin v lasti ob\u010dine Piran za namen postavitve ZPM 2020                        <\/h4>\n\n                        <div class=\"fit-content fw-medium mb-1\">\n                            <span>.pdf<\/span>, \n                            <span>310,16 KB<\/span>\n                        <\/div>\n\n                        <a class=\"file-download mb-0 mt-auto fit-content text-body tdu\" href=\"https:\/\/okoljepiran.si\/wp-content\/uploads\/2020\/06\/Cenik-uporabnine-za-ob\u010dasno-uporabo-nepremi\u010dnin-v-lasti-ob\u010dine-Piran-za-namen-postavitve-ZPM-2020.pdf\" target=\"_blank\" download>\n                            Prenesite datoteko                        <\/a>\n                    <\/div>\n                                    <\/div>\n\n    \n<\/div>\n\n\r\n    \r\n    \n\n\n<div class=\"gb-container gb-container-e195c5d4 layout-grid-2\">\n<div class=\"gb-container gb-container-e7849cb2 banner-ceniki\">\n<div class=\"gb-container gb-container-6600ff8a\">\n\n<h4 class=\"wp-block-heading fw-semibold\">Tariffe: Mercato<\/h4>\n\n\n\n<p>Qui trovate le tariffe aggiornate e le condizioni di servizio<\/p>\n\n\n\n<p><a href=\"https:\/\/okoljepiran.si\/it\/tariffe-dei-servizi\/#mercato\" target=\"_blank\" data-type=\"page\" data-id=\"11\" rel=\"noreferrer noopener\">Visualizza<\/a><\/p>\n\n<\/div>\n\n\n<figure class=\"wp-block-image size-full d-flex justify-content-end\"><img decoding=\"async\" src=\"https:\/\/okoljepiran.si\/wp-content\/uploads\/2024\/06\/ceniki_banner.svg\" alt=\"\" class=\"wp-image-115\" style=\"object-fit:cover\"\/><\/figure>\n\n<\/div>\n\n<div class=\"gb-container gb-container-1a7c6d51 banner-ceniki\">\n<div class=\"gb-container gb-container-b5b28bb6\">\n\n<h4 class=\"wp-block-heading fw-semibold\">Legislazione: Mercato<\/h4>\n\n\n\n<p>Consultate le leggi, i regolamenti e le altre norme vigenti.<\/p>\n\n\n\n<p><a href=\"https:\/\/okoljepiran.si\/it\/legislazione\/#mercato\" target=\"_blank\" data-type=\"page\" data-id=\"589\" rel=\"noreferrer noopener\">Visualizza<\/a><\/p>\n\n<\/div>\n\n\n<figure class=\"wp-block-image size-full d-flex justify-content-end\"><img decoding=\"async\" src=\"https:\/\/okoljepiran.si\/wp-content\/uploads\/2024\/06\/zakonodaja_banner.svg\" alt=\"\" class=\"wp-image-396\" style=\"object-fit:cover\"\/><\/figure>\n\n<\/div>\n<\/div>","protected":false},"excerpt":{"rendered":"<p>Accanto al palazzo comunale, in Piazza del Mercato, si trova il mercato di Pirano, aperto tutto l\u2019anno, con prodotti locali. Offre eleganti bancarelle, acqua corrente, energia elettrica e servizi igienici.<\/p>\n","protected":false},"author":1,"featured_media":9688,"parent":10401,"menu_order":0,"comment_status":"closed","ping_status":"closed","template":"template-page\/pg-activity.php","meta":{"_acf_changed":false,"footnotes":""},"class_list":["post-10342","page","type-page","status-publish","has-post-thumbnail","hentry"],"acf":[],"_links":{"self":[{"href":"https:\/\/okoljepiran.si\/it\/wp-json\/wp\/v2\/pages\/10342","targetHints":{"allow":["GET"]}}],"collection":[{"href":"https:\/\/okoljepiran.si\/it\/wp-json\/wp\/v2\/pages"}],"about":[{"href":"https:\/\/okoljepiran.si\/it\/wp-json\/wp\/v2\/types\/page"}],"author":[{"embeddable":true,"href":"https:\/\/okoljepiran.si\/it\/wp-json\/wp\/v2\/users\/1"}],"replies":[{"embeddable":true,"href":"https:\/\/okoljepiran.si\/it\/wp-json\/wp\/v2\/comments?post=10342"}],"version-history":[{"count":20,"href":"https:\/\/okoljepiran.si\/it\/wp-json\/wp\/v2\/pages\/10342\/revisions"}],"predecessor-version":[{"id":24276,"href":"https:\/\/okoljepiran.si\/it\/wp-json\/wp\/v2\/pages\/10342\/revisions\/24276"}],"up":[{"embeddable":true,"href":"https:\/\/okoljepiran.si\/it\/wp-json\/wp\/v2\/pages\/10401"}],"wp:featuredmedia":[{"embeddable":true,"href":"https:\/\/okoljepiran.si\/it\/wp-json\/wp\/v2\/media\/9688"}],"wp:attachment":[{"href":"https:\/\/okoljepiran.si\/it\/wp-json\/wp\/v2\/media?parent=10342"}],"curies":[{"name":"wp","href":"https:\/\/api.w.org\/{rel}","templated":true}]}}