{"id":10341,"date":"2024-09-27T14:39:31","date_gmt":"2024-09-27T12:39:31","guid":{"rendered":"http:\/\/okoljepiran.razvija.se\/javne-sanitarije-in-pitniki\/"},"modified":"2025-09-01T09:45:18","modified_gmt":"2025-09-01T07:45:18","slug":"servizi-igienici-pubblici-e-fontanelle","status":"publish","type":"page","link":"https:\/\/okoljepiran.si\/it\/attivita\/servizi-igienici-pubblici-e-fontanelle\/","title":{"rendered":"Servizi igienici pubblici e fontanelle"},"content":{"rendered":"\n<figure class=\"wp-block-gallery has-nested-images columns-3 is-cropped wp-block-gallery-1\">\n<figure class=\"wp-block-image size-large\"><img loading=\"lazy\" decoding=\"async\" width=\"768\" height=\"1024\" data-id=\"9791\" src=\"https:\/\/okoljepiran.si\/wp-content\/uploads\/2024\/12\/Sanitarije-Portoroz-3-768x1024.jpg\" alt=\"\" class=\"wp-image-9791\"\/><\/figure>\n\n\n\n<figure class=\"wp-block-image size-large\"><img loading=\"lazy\" decoding=\"async\" width=\"1024\" height=\"768\" data-id=\"9779\" src=\"https:\/\/okoljepiran.si\/wp-content\/uploads\/2024\/12\/Sanitarije-Portoroz-7-1024x768.jpg\" alt=\"\" class=\"wp-image-9779\" srcset=\"https:\/\/okoljepiran.si\/wp-content\/uploads\/2024\/12\/Sanitarije-Portoroz-7-1024x768.jpg 1024w, https:\/\/okoljepiran.si\/wp-content\/uploads\/2024\/12\/Sanitarije-Portoroz-7-768x576.jpg 768w\" sizes=\"auto, (max-width: 1024px) 100vw, 1024px\" \/><\/figure>\n\n\n\n<figure class=\"wp-block-image size-large\"><img loading=\"lazy\" decoding=\"async\" width=\"1024\" height=\"768\" data-id=\"9799\" src=\"https:\/\/okoljepiran.si\/wp-content\/uploads\/2024\/12\/Sanitarije-Portoroz-2-1024x768.jpg\" alt=\"\" class=\"wp-image-9799\" srcset=\"https:\/\/okoljepiran.si\/wp-content\/uploads\/2024\/12\/Sanitarije-Portoroz-2-1024x768.jpg 1024w, https:\/\/okoljepiran.si\/wp-content\/uploads\/2024\/12\/Sanitarije-Portoroz-2-768x576.jpg 768w\" sizes=\"auto, (max-width: 1024px) 100vw, 1024px\" \/><\/figure>\n\n\n\n<figure class=\"wp-block-image size-large\"><img loading=\"lazy\" decoding=\"async\" width=\"768\" height=\"1024\" data-id=\"9789\" src=\"https:\/\/okoljepiran.si\/wp-content\/uploads\/2024\/12\/Sanitarije-Portoroz-5-768x1024.jpg\" alt=\"\" class=\"wp-image-9789\"\/><\/figure>\n\n\n\n<figure class=\"wp-block-image size-large\"><img loading=\"lazy\" decoding=\"async\" width=\"1024\" height=\"768\" data-id=\"9781\" src=\"https:\/\/okoljepiran.si\/wp-content\/uploads\/2024\/12\/Sanitarije-Portoroz-8-1024x768.jpg\" alt=\"\" class=\"wp-image-9781\" srcset=\"https:\/\/okoljepiran.si\/wp-content\/uploads\/2024\/12\/Sanitarije-Portoroz-8-1024x768.jpg 1024w, https:\/\/okoljepiran.si\/wp-content\/uploads\/2024\/12\/Sanitarije-Portoroz-8-768x576.jpg 768w\" sizes=\"auto, (max-width: 1024px) 100vw, 1024px\" \/><\/figure>\n\n\n\n<figure class=\"wp-block-image size-large\"><img loading=\"lazy\" decoding=\"async\" width=\"1024\" height=\"768\" data-id=\"9801\" src=\"https:\/\/okoljepiran.si\/wp-content\/uploads\/2024\/12\/Sanitarije-Portoroz-13-1024x768.jpg\" alt=\"\" class=\"wp-image-9801\" srcset=\"https:\/\/okoljepiran.si\/wp-content\/uploads\/2024\/12\/Sanitarije-Portoroz-13-1024x768.jpg 1024w, https:\/\/okoljepiran.si\/wp-content\/uploads\/2024\/12\/Sanitarije-Portoroz-13-768x576.jpg 768w\" sizes=\"auto, (max-width: 1024px) 100vw, 1024px\" \/><\/figure>\n<\/figure>\n\n\n\n<h2 class=\"wp-block-heading\">Servizi igienici pubblici \u2013 Pirano<\/h2>\n\n\n\n<figure class=\"wp-block-table\"><table class=\"has-fixed-layout\"><thead><tr><th class=\"has-text-align-left\" data-align=\"left\">Luogo<\/th><th class=\"has-text-align-left\" data-align=\"left\">Periodo<\/th><th class=\"has-text-align-left\" data-align=\"left\">Orario di apertura<\/th><\/tr><\/thead><tbody><tr><td class=\"has-text-align-left\" data-align=\"left\">Via Dante: presso la stazione centrale degli autobus<\/td><td class=\"has-text-align-left\" data-align=\"left\">1. 6. &#8211; 30. 9.<\/td><td class=\"has-text-align-left\" data-align=\"left\">6:00 &#8211; 24:00<\/td><\/tr><tr><td class=\"has-text-align-left\" data-align=\"left\"><\/td><td class=\"has-text-align-left\" data-align=\"left\">1. 10. &#8211; 31. 5.<\/td><td class=\"has-text-align-left\" data-align=\"left\">7:00 &#8211; 20:00<\/td><\/tr><tr><td class=\"has-text-align-left\" data-align=\"left\">Via Levstik: presso Piazza delle Erbe<\/td><td class=\"has-text-align-left\" data-align=\"left\">1. 6. &#8211; 30. 9.<\/td><td class=\"has-text-align-left\" data-align=\"left\">7:00 &#8211; 23:00<\/td><\/tr><tr><td class=\"has-text-align-left\" data-align=\"left\"><\/td><td class=\"has-text-align-left\" data-align=\"left\">1. 10. &#8211; 31. 5.<\/td><td class=\"has-text-align-left\" data-align=\"left\">7:00 &#8211; 18:00<\/td><\/tr><tr><td class=\"has-text-align-left\" data-align=\"left\">Punta Pirano<\/td><td class=\"has-text-align-left\" data-align=\"left\">1. 6. &#8211; 30. 9.<\/td><td class=\"has-text-align-left\" data-align=\"left\">9:00 &#8211; 20:00<\/td><\/tr><tr><td class=\"has-text-align-left\" data-align=\"left\"><\/td><td class=\"has-text-align-left\" data-align=\"left\">1. 10. &#8211; 31. 5.<\/td><td class=\"has-text-align-left\" data-align=\"left\">chiuso<\/td><\/tr><\/tbody><\/table><\/figure>\n\n\n\n<h2 class=\"wp-block-heading\">Servizi igienici pubblici \u2013 Portorose<\/h2>\n\n\n\n<figure class=\"wp-block-table\"><table class=\"has-fixed-layout\"><thead><tr><th class=\"has-text-align-left\" data-align=\"left\">Luogo<\/th><th class=\"has-text-align-left\" data-align=\"left\">Periodo<\/th><th class=\"has-text-align-left\" data-align=\"left\">Orario di apertura<\/th><\/tr><\/thead><tbody><tr><td class=\"has-text-align-left\" data-align=\"left\">Spiaggia Portorose: presso il ristorante<\/td><td class=\"has-text-align-left\" data-align=\"left\">15. 6. &#8211; 31. 8. (lun-ven)<\/td><td class=\"has-text-align-left\" data-align=\"left\">9:00 &#8211; 19:00<\/td><\/tr><tr><td class=\"has-text-align-left\" data-align=\"left\"><\/td><td class=\"has-text-align-left\" data-align=\"left\">15. 6. &#8211; 31. 8. (sab, dom, festivi)<\/td><td class=\"has-text-align-left\" data-align=\"left\">9:00 &#8211; 20:00<\/td><\/tr><tr><td class=\"has-text-align-left\" data-align=\"left\"><\/td><td class=\"has-text-align-left\" data-align=\"left\">In inverno<\/td><td class=\"has-text-align-left\" data-align=\"left\">chiuso<\/td><\/tr><tr><td class=\"has-text-align-left\" data-align=\"left\">Spiaggia Portorose: presso il ristorante Stara Oljka<\/td><td class=\"has-text-align-left\" data-align=\"left\">15. 6. &#8211; 31. 8. (lun-ven)<\/td><td class=\"has-text-align-left\" data-align=\"left\">9:00 &#8211; 19:00<\/td><\/tr><tr><td class=\"has-text-align-left\" data-align=\"left\"><\/td><td class=\"has-text-align-left\" data-align=\"left\">15. 6. &#8211; 31. 8. (sab, dom, festivi)<\/td><td class=\"has-text-align-left\" data-align=\"left\">9:00 &#8211; 20:00<\/td><\/tr><tr><td class=\"has-text-align-left\" data-align=\"left\"><\/td><td class=\"has-text-align-left\" data-align=\"left\">Festivit\u00e0 di Natale e Pasqua<\/td><td class=\"has-text-align-left\" data-align=\"left\">10:00-18:00<\/td><\/tr><tr><td class=\"has-text-align-left\" data-align=\"left\"><\/td><td class=\"has-text-align-left\" data-align=\"left\">In inverno<\/td><td class=\"has-text-align-left\" data-align=\"left\">chiuso<\/td><\/tr><tr><td class=\"has-text-align-left\" data-align=\"left\">Spiaggia Portorose: presso la spiaggia per cani<\/td><td class=\"has-text-align-left\" data-align=\"left\">15. 6. &#8211; 31. 8. (lun-ven)<\/td><td class=\"has-text-align-left\" data-align=\"left\">9:00 &#8211; 19:00<\/td><\/tr><tr><td class=\"has-text-align-left\" data-align=\"left\"><\/td><td class=\"has-text-align-left\" data-align=\"left\">15. 6. &#8211; 31. 8. (sab, dom, festivi)<\/td><td class=\"has-text-align-left\" data-align=\"left\">9:00 &#8211; 20:00<\/td><\/tr><tr><td class=\"has-text-align-left\" data-align=\"left\"><\/td><td class=\"has-text-align-left\" data-align=\"left\">In inverno<\/td><td class=\"has-text-align-left\" data-align=\"left\">chiuso<\/td><\/tr><tr><td class=\"has-text-align-left\" data-align=\"left\">Via della Stazione: presso la stazione Autobus<\/td><td class=\"has-text-align-left\" data-align=\"left\">1. 6. &#8211; 30. 9.<\/td><td class=\"has-text-align-left\" data-align=\"left\">7:00 &#8211; 24:00<\/td><\/tr><tr><td class=\"has-text-align-left\" data-align=\"left\"><\/td><td class=\"has-text-align-left\" data-align=\"left\">1. 10. &#8211; 31. 5.<\/td><td class=\"has-text-align-left\" data-align=\"left\">7:00 &#8211; 21:00<\/td><\/tr><\/tbody><\/table><\/figure>\n\n\n\n<h2 class=\"wp-block-heading\">Servizi igienici pubblici \u2013 S. Lucia<\/h2>\n\n\n\n<figure class=\"wp-block-table\"><table class=\"has-fixed-layout\"><thead><tr><th class=\"has-text-align-left\" data-align=\"left\">Luogo<\/th><th class=\"has-text-align-left\" data-align=\"left\">Periodo<\/th><th class=\"has-text-align-left\" data-align=\"left\">Orario di apertura<\/th><\/tr><\/thead><tbody><tr><td class=\"has-text-align-left\" data-align=\"left\">Parco del Sole: presso il parco giochi per bambini<\/td><td class=\"has-text-align-left\" data-align=\"left\">1. 4. &#8211; 31. 10.<\/td><td class=\"has-text-align-left\" data-align=\"left\">7:00 &#8211; 20:00<\/td><\/tr><tr><td class=\"has-text-align-left\" data-align=\"left\"><\/td><td class=\"has-text-align-left\" data-align=\"left\">1. 11. &#8211; 31. 3.<\/td><td class=\"has-text-align-left\" data-align=\"left\">7:00 &#8211; 17:00<\/td><\/tr><\/tbody><\/table><\/figure>\n\n\n\n<h2 class=\"wp-block-heading\">Javne sanitarije &#8211; Fiesa<\/h2>\n\n\n\n<figure class=\"wp-block-table\"><table class=\"has-fixed-layout\"><thead><tr><th class=\"has-text-align-left\" data-align=\"left\">Luogo<\/th><th class=\"has-text-align-left\" data-align=\"left\">Periodo<\/th><th class=\"has-text-align-left\" data-align=\"left\">Orario di apertura<\/th><\/tr><\/thead><tbody><tr><td class=\"has-text-align-left\" data-align=\"left\">Spiaggia Fiesso<\/td><td class=\"has-text-align-left\" data-align=\"left\">1.6. &#8211; 31. 8.<\/td><td class=\"has-text-align-left\" data-align=\"left\">7:00 &#8211; 24:00<\/td><\/tr><tr><td class=\"has-text-align-left\" data-align=\"left\"><\/td><td class=\"has-text-align-left\" data-align=\"left\">1. 9. &#8211; 31. 10.<\/td><td class=\"has-text-align-left\" data-align=\"left\">8:00 &#8211; 21:00<\/td><\/tr><tr><td class=\"has-text-align-left\" data-align=\"left\"><\/td><td class=\"has-text-align-left\" data-align=\"left\">1. 11. &#8211; 31. 5.<\/td><td class=\"has-text-align-left\" data-align=\"left\">chiuso<\/td><\/tr><\/tbody><\/table><\/figure>\n\n\n\n<h2 class=\"wp-block-heading\">Fontanelle<\/h2>\n\n\n\n<p>L&#8217;acqua potabile pulita \u00e8 una ricchezza e in molti luoghi del mondo un vero lusso. Nei paesi in cui la qualit\u00e0 dell&#8217;acqua non \u00e8 adatta al consumo umano, le persone bevono acqua in bottiglia, ma nei luoghi in cui abbiamo acqua di alta qualit\u00e0 e pura, questo \u00e8 incomprensibile e inaccettabile.<\/p>\n\n\n\n<p>Nel Comune di Pirano abbiamo 23 fontanelle dalle quali l&#8217;acqua proviene dalla rete idrica pubblica gestita dall&#8217;Acquedotto del Risano di Capodistria.<\/p>\n\n\n\n<p>Prima di ogni utilizzo dell&#8217;acqua dalla fontanella, si consiglia di far scorrere l&#8217;acqua dalla fontanella fino a quando non fuoriesce acqua fredda. Il beccuccio della fontanella non si deve toccare con le mani o con la bocca.<\/p>\n\n\n\n<p>Dalla primavera fino al tardo autunno, nel Comune di Pirano sono in funzione le fontanelle d&#8217;acqua potabile nei seguenti punti:<\/p>\n\n\n\n<div style=\"height:50px\" aria-hidden=\"true\" class=\"wp-block-spacer\"><\/div>\n\n\n\r\n    <div id=\"map-drinkers\" style=\"width: 100%; height: 600px\"><\/div>\r\n\r\n    \n\n\n\n<div style=\"height:50px\" aria-hidden=\"true\" class=\"wp-block-spacer\"><\/div>\n\n\n\n<p>Se notate delle irregolarit\u00e0 nel funzionamento delle fontanelle, siete pregati di segnalarcelo al numero di telefono <a href=\"tel:+38656175000\">+386 5 617 50 00<\/a> o all&#8217;indirizzo di e-mail <a href=\"mailto:info@okoljepiran.si\">info@okoljepiran.si<\/a><\/p>\n","protected":false},"excerpt":{"rendered":"<p>Nel comune di Pirano sono disponibili servizi igienici pubblici in diverse localit\u00e0 (Pirano, Portorose, Lucija, Fiesa), mentre le fontane garantiscono acqua potabile sicura proveniente dalla rete idrica. <\/p>\n","protected":false},"author":1,"featured_media":9792,"parent":10401,"menu_order":0,"comment_status":"closed","ping_status":"closed","template":"template-page\/pg-activity.php","meta":{"_acf_changed":false,"footnotes":""},"class_list":["post-10341","page","type-page","status-publish","has-post-thumbnail","hentry"],"acf":[],"_links":{"self":[{"href":"https:\/\/okoljepiran.si\/it\/wp-json\/wp\/v2\/pages\/10341","targetHints":{"allow":["GET"]}}],"collection":[{"href":"https:\/\/okoljepiran.si\/it\/wp-json\/wp\/v2\/pages"}],"about":[{"href":"https:\/\/okoljepiran.si\/it\/wp-json\/wp\/v2\/types\/page"}],"author":[{"embeddable":true,"href":"https:\/\/okoljepiran.si\/it\/wp-json\/wp\/v2\/users\/1"}],"replies":[{"embeddable":true,"href":"https:\/\/okoljepiran.si\/it\/wp-json\/wp\/v2\/comments?post=10341"}],"version-history":[{"count":5,"href":"https:\/\/okoljepiran.si\/it\/wp-json\/wp\/v2\/pages\/10341\/revisions"}],"predecessor-version":[{"id":23760,"href":"https:\/\/okoljepiran.si\/it\/wp-json\/wp\/v2\/pages\/10341\/revisions\/23760"}],"up":[{"embeddable":true,"href":"https:\/\/okoljepiran.si\/it\/wp-json\/wp\/v2\/pages\/10401"}],"wp:featuredmedia":[{"embeddable":true,"href":"https:\/\/okoljepiran.si\/it\/wp-json\/wp\/v2\/media\/9792"}],"wp:attachment":[{"href":"https:\/\/okoljepiran.si\/it\/wp-json\/wp\/v2\/media?parent=10341"}],"curies":[{"name":"wp","href":"https:\/\/api.w.org\/{rel}","templated":true}]}}