{"id":10338,"date":"2025-02-27T11:31:40","date_gmt":"2025-02-27T10:31:40","guid":{"rendered":"http:\/\/okoljepiran.razvija.se\/investicije-in-kataster\/"},"modified":"2025-09-02T13:49:47","modified_gmt":"2025-09-02T11:49:47","slug":"investimenti-e-catasto","status":"publish","type":"page","link":"https:\/\/okoljepiran.si\/it\/attivita\/altre-attivita\/investimenti-e-catasto\/","title":{"rendered":"Investimenti e catasto"},"content":{"rendered":"\n<p>Il settore tecnico e investimenti funge da regia dell&#8217;azienda ed \u00e8 responsabile della gestione dell&#8217;engineering di tutti i progetti di investimento. Il suo compito principale \u00e8 coordinare e attuare gli investimenti nel campo delle infrastrutture turistiche, dei servizi pubblici nonch\u00e9 della rete fognaria e degli impianti di depurazione.<\/p>\n\n\n\n<h2 class=\"wp-block-heading\">Compiti fondamentali del settore<\/h2>\n\n\n\n<h3 class=\"wp-block-heading\">Pianificazione<\/h3>\n\n\n\n<ul class=\"wp-block-list\">\n<li>Predisposizione dei piani dettagliati per tutti i progetti di investimento.<\/li>\n\n\n\n<li>Realizzazione dei piani di costruzione ed elenchi nonch\u00e9 la supervisione per l&#8217;azienda.<\/li>\n\n\n\n<li>Predisposizione della documentazione per le procedure degli appalti pubblici.<\/li>\n<\/ul>\n\n\n\n<h3 class=\"wp-block-heading\">Gestione<\/h3>\n\n\n\n<ul class=\"wp-block-list\">\n<li>Gestione dei progetti di costruzione e di investimento nel rispetto dei piani e degli accordi.<\/li>\n\n\n\n<li>Coordinamento di tutte le fasi dei progetti, dall&#8217;inizio alla fine.<\/li>\n\n\n\n<li>Monitoraggio e supervisione dei progetti di costruzione dell&#8217;azienda, realizzati da appaltatori esterni.<\/li>\n\n\n\n<li>Partecipazione alle procedure i procedimenti tavolari per l&#8217;iscrizione degli immobili dell&#8217;azienda nei registri ufficiali.<\/li>\n<\/ul>\n\n\n\n<h3 class=\"wp-block-heading\">Supervisione<\/h3>\n\n\n\n<ul class=\"wp-block-list\">\n<li>Garantire una realizzazione dei progetti tempestiva, di alta qualit\u00e0 ed economicamente efficiente.<\/li>\n\n\n\n<li>Monitoraggio delle infrastrutture gi\u00e0 realizzate e applicazione di reclami e garanzie.<\/li>\n\n\n\n<li>Partecipazione a commissioni e ispezioni tecniche delle costruzioni completate.<\/li>\n<\/ul>\n\n\n\n<p>Il settore garantisce l&#8217;attuazione strategica ed efficiente degli investimenti che contribuiscono allo sviluppo e all&#8217;ottimizzazione delle infrastrutture e alla qualit\u00e0 dei servizi pubblici.<\/p>\n\n\n\n<h2 class=\"wp-block-heading\">Servizio autorizzazioni e catasto<\/h2>\n\n\n\n<p>Il Servizio autorizzazioni e catasto svolge compiti chiave nel campo della pianificazione territoriale e della gestione delle infrastrutture pubbliche.<\/p>\n\n\n\n<h3 class=\"wp-block-heading\">Autorizzazioni<\/h3>\n\n\n\n<p>Il servizio fornisce valutazione e orientamento nella pianificazione territoriale pi\u00f9 ampia o individuale di interventi nel territorio, come lo sono le attivit\u00e0 edilizie. Ci\u00f2 include la determinazione delle condizioni per la realizzazione del progetto nonch\u00e9 la verifica e la convalida delle soluzioni tecniche. Tutte le attivit\u00e0 sono svolte nel rispetto dell&#8217;autorizzazione pubblica dell&#8217;azienda, che garantisce la conformit\u00e0 degli interventi alle prescrizioni territoriali e tecniche vigenti.<\/p>\n\n\n\n<h3 class=\"wp-block-heading\">Catasto<\/h3>\n\n\n\n<p>Il servizio garantisce l&#8217;inserimento aggiornato e preciso degli elementi territoriali nella raccolta del catasto delle infrastrutture pubbliche. Ci\u00f2 avviene monitorando la costruzione di nuove infrastrutture pubbliche e provvedendo regolarmente alla manutenzione e all&#8217;aggiornamento di quelle esistenti. Ci\u00f2 garantisce una documentazione completa e affidabile delle infrastrutture, fondamentale per un&#8217;efficace pianificazione e gestione del territorio.<\/p>\n\n\n\n<div style=\"height:50px\" aria-hidden=\"true\" class=\"wp-block-spacer\"><\/div>\n\n\n\n<figure class=\"wp-block-embed is-type-wp-embed is-provider-okolje-piran wp-block-embed-okolje-piran\"><div class=\"wp-block-embed__wrapper\">\n<blockquote class=\"wp-embedded-content\" data-secret=\"Qr5GoUukAw\"><a href=\"https:\/\/okoljepiran.si\/dejavnosti\/ostale-dejavnosti\/pravna-sluzba-in-soglasja\/\">Pravna slu\u017eba in soglasja<\/a><\/blockquote><iframe loading=\"lazy\" class=\"wp-embedded-content\" sandbox=\"allow-scripts\" security=\"restricted\" style=\"position: absolute; visibility: hidden;\" title=\"&#8220;Pravna slu\u017eba in soglasja&#8221; &#8212; Okolje Piran\" src=\"https:\/\/okoljepiran.si\/dejavnosti\/ostale-dejavnosti\/pravna-sluzba-in-soglasja\/embed\/#?secret=32sYZaVsKQ#?secret=Qr5GoUukAw\" data-secret=\"Qr5GoUukAw\" width=\"500\" height=\"282\" frameborder=\"0\" marginwidth=\"0\" marginheight=\"0\" scrolling=\"no\"><\/iframe>\n<\/div><\/figure>\n\n\n\n<div style=\"height:50px\" aria-hidden=\"true\" class=\"wp-block-spacer\"><\/div>\n\n\n\n<figure class=\"wp-block-embed is-type-wp-embed is-provider-okolje-piran wp-block-embed-okolje-piran\"><div class=\"wp-block-embed__wrapper\">\n<blockquote class=\"wp-embedded-content\" data-secret=\"7IZoQILhxU\"><a href=\"https:\/\/okoljepiran.si\/dejavnosti\/ostale-dejavnosti\/odnosi-z-javnostmi\/\">Odnosi z javnostmi<\/a><\/blockquote><iframe loading=\"lazy\" class=\"wp-embedded-content\" sandbox=\"allow-scripts\" security=\"restricted\" style=\"position: absolute; visibility: hidden;\" title=\"&#8220;Odnosi z javnostmi&#8221; &#8212; Okolje Piran\" src=\"https:\/\/okoljepiran.si\/dejavnosti\/ostale-dejavnosti\/odnosi-z-javnostmi\/embed\/#?secret=ChQfb3RFjX#?secret=7IZoQILhxU\" data-secret=\"7IZoQILhxU\" width=\"500\" height=\"282\" frameborder=\"0\" marginwidth=\"0\" marginheight=\"0\" scrolling=\"no\"><\/iframe>\n<\/div><\/figure>\n\n\n\n<div style=\"height:50px\" aria-hidden=\"true\" class=\"wp-block-spacer\"><\/div>\n\n\n\n<figure class=\"wp-block-embed is-type-wp-embed is-provider-okolje-piran wp-block-embed-okolje-piran\"><div class=\"wp-block-embed__wrapper\">\n<blockquote class=\"wp-embedded-content\" data-secret=\"g6QabzLbJr\"><a href=\"https:\/\/okoljepiran.si\/dejavnosti\/ostale-dejavnosti\/racunovodstvo\/\">Ra\u010dunovodstvo<\/a><\/blockquote><iframe loading=\"lazy\" class=\"wp-embedded-content\" sandbox=\"allow-scripts\" security=\"restricted\" style=\"position: absolute; visibility: hidden;\" title=\"&#8220;Ra\u010dunovodstvo&#8221; &#8212; Okolje Piran\" src=\"https:\/\/okoljepiran.si\/dejavnosti\/ostale-dejavnosti\/racunovodstvo\/embed\/#?secret=x6HjMxaCGg#?secret=g6QabzLbJr\" data-secret=\"g6QabzLbJr\" width=\"500\" height=\"282\" frameborder=\"0\" marginwidth=\"0\" marginheight=\"0\" scrolling=\"no\"><\/iframe>\n<\/div><\/figure>\n\n\n<div class=\"gb-container gb-container-8eb85d1b layout-grid-2\">\n<div class=\"gb-container gb-container-a35b2060 banner-vloge\">\n<div class=\"gb-container gb-container-5263f461 text-body-secondary\">\n\n<h4 class=\"wp-block-heading fw-semibold\">Moduli e domande: Investimenti e catasto<\/h4>\n\n\n\n<p>Accedete a tutti i moduli e formulari.<\/p>\n\n\n\n<p><a href=\"https:\/\/okoljepiran.si\/it\/moduli-e-domande\/#investimenti-e-catasto\" target=\"_blank\" data-type=\"page\" data-id=\"9\" rel=\"noreferrer noopener\">Visualizza<\/a><\/p>\n\n<\/div>\n\n\n<figure class=\"wp-block-image size-full d-flex justify-content-end\"><img decoding=\"async\" src=\"https:\/\/okoljepiran.si\/wp-content\/uploads\/2024\/06\/vloge_banner.svg\" alt=\"\" class=\"wp-image-129\" style=\"object-fit:cover\"\/><\/figure>\n\n<\/div>\n<\/div>","protected":false},"excerpt":{"rendered":"<p>Il settore tecnico-investimenti gestisce la pianificazione, realizzazione e supervisione dei progetti infrastrutturali (turismo, servizi pubblici, fognatura) e coordina permessi e catasto.<\/p>\n","protected":false},"author":2,"featured_media":0,"parent":10340,"menu_order":1,"comment_status":"closed","ping_status":"closed","template":"template-page\/pg-childpage.php","meta":{"_acf_changed":false,"footnotes":""},"class_list":["post-10338","page","type-page","status-publish","hentry"],"acf":[],"_links":{"self":[{"href":"https:\/\/okoljepiran.si\/it\/wp-json\/wp\/v2\/pages\/10338","targetHints":{"allow":["GET"]}}],"collection":[{"href":"https:\/\/okoljepiran.si\/it\/wp-json\/wp\/v2\/pages"}],"about":[{"href":"https:\/\/okoljepiran.si\/it\/wp-json\/wp\/v2\/types\/page"}],"author":[{"embeddable":true,"href":"https:\/\/okoljepiran.si\/it\/wp-json\/wp\/v2\/users\/2"}],"replies":[{"embeddable":true,"href":"https:\/\/okoljepiran.si\/it\/wp-json\/wp\/v2\/comments?post=10338"}],"version-history":[{"count":10,"href":"https:\/\/okoljepiran.si\/it\/wp-json\/wp\/v2\/pages\/10338\/revisions"}],"predecessor-version":[{"id":24164,"href":"https:\/\/okoljepiran.si\/it\/wp-json\/wp\/v2\/pages\/10338\/revisions\/24164"}],"up":[{"embeddable":true,"href":"https:\/\/okoljepiran.si\/it\/wp-json\/wp\/v2\/pages\/10340"}],"wp:attachment":[{"href":"https:\/\/okoljepiran.si\/it\/wp-json\/wp\/v2\/media?parent=10338"}],"curies":[{"name":"wp","href":"https:\/\/api.w.org\/{rel}","templated":true}]}}