{"id":10336,"date":"2025-02-27T12:02:28","date_gmt":"2025-02-27T11:02:28","guid":{"rendered":"http:\/\/okoljepiran.razvija.se\/racunovodstvo\/"},"modified":"2025-09-24T14:39:36","modified_gmt":"2025-09-24T12:39:36","slug":"contabilita","status":"publish","type":"page","link":"https:\/\/okoljepiran.si\/it\/attivita\/altre-attivita\/contabilita\/","title":{"rendered":"Contabilit\u00e0"},"content":{"rendered":"\n<p>Il settore finanze e contabilit\u00e0 si occupa dell&#8217;informazione contabile completa, del monitoraggio e analisi degli eventi aziendali nonch\u00e9 della pianificazione finanziaria, che costituiscono il fondamento per l&#8217;efficienza dell&#8217;attivit\u00e0 dell&#8217;azienda.<\/p>\n\n\n\n<h2 class=\"wp-block-heading\">I compiti principali del settore<\/h2>\n\n\n\n<ul class=\"wp-block-list\">\n<li>Garantire la sostenibilit\u00e0 finanziaria<\/li>\n\n\n\n<li>Ottenere fondi sufficienti a tassi di interesse competitivi<\/li>\n\n\n\n<li>Gestione efficace delle risorse e dei mezzi a breve e lungo termine<\/li>\n\n\n\n<li>Partecipazione attiva all&#8217;ottenimento di fondi europei<\/li>\n\n\n\n<li>Monitoraggio della liquidit\u00e0 e della solvibilit\u00e0 dell\u2019impresa<\/li>\n<\/ul>\n\n\n\n<div style=\"height:50px\" aria-hidden=\"true\" class=\"wp-block-spacer\"><\/div>\n\n\n\n<figure class=\"wp-block-embed is-type-wp-embed is-provider-okolje-piran wp-block-embed-okolje-piran\"><div class=\"wp-block-embed__wrapper\">\n<blockquote class=\"wp-embedded-content\" data-secret=\"Qq5ivZoLZz\"><a href=\"https:\/\/okoljepiran.si\/dejavnosti\/ostale-dejavnosti\/investicije-in-kataster\/\">Investicije in kataster<\/a><\/blockquote><iframe loading=\"lazy\" class=\"wp-embedded-content\" sandbox=\"allow-scripts\" security=\"restricted\" style=\"position: absolute; visibility: hidden;\" title=\"&#8220;Investicije in kataster&#8221; &#8212; Okolje Piran\" src=\"https:\/\/okoljepiran.si\/dejavnosti\/ostale-dejavnosti\/investicije-in-kataster\/embed\/#?secret=XOE8VudYX2#?secret=Qq5ivZoLZz\" data-secret=\"Qq5ivZoLZz\" width=\"500\" height=\"282\" frameborder=\"0\" marginwidth=\"0\" marginheight=\"0\" scrolling=\"no\"><\/iframe>\n<\/div><\/figure>\n\n\n\n<div style=\"height:50px\" aria-hidden=\"true\" class=\"wp-block-spacer\"><\/div>\n\n\n\n<figure class=\"wp-block-embed is-type-wp-embed is-provider-okolje-piran wp-block-embed-okolje-piran\"><div class=\"wp-block-embed__wrapper\">\n<blockquote class=\"wp-embedded-content\" data-secret=\"fbMBlIXqTR\"><a href=\"https:\/\/okoljepiran.si\/dejavnosti\/ostale-dejavnosti\/pravna-sluzba-in-soglasja\/\">Pravna slu\u017eba in soglasja<\/a><\/blockquote><iframe loading=\"lazy\" class=\"wp-embedded-content\" sandbox=\"allow-scripts\" security=\"restricted\" style=\"position: absolute; visibility: hidden;\" title=\"&#8220;Pravna slu\u017eba in soglasja&#8221; &#8212; Okolje Piran\" src=\"https:\/\/okoljepiran.si\/dejavnosti\/ostale-dejavnosti\/pravna-sluzba-in-soglasja\/embed\/#?secret=ihLfXGQGwL#?secret=fbMBlIXqTR\" data-secret=\"fbMBlIXqTR\" width=\"500\" height=\"282\" frameborder=\"0\" marginwidth=\"0\" marginheight=\"0\" scrolling=\"no\"><\/iframe>\n<\/div><\/figure>\n\n\n\n<div style=\"height:50px\" aria-hidden=\"true\" class=\"wp-block-spacer\"><\/div>\n\n\n\n<figure class=\"wp-block-embed is-type-wp-embed is-provider-okolje-piran wp-block-embed-okolje-piran\"><div class=\"wp-block-embed__wrapper\">\n<blockquote class=\"wp-embedded-content\" data-secret=\"EWJw0XtISA\"><a href=\"https:\/\/okoljepiran.si\/dejavnosti\/ostale-dejavnosti\/odnosi-z-javnostmi\/\">Odnosi z javnostmi<\/a><\/blockquote><iframe loading=\"lazy\" class=\"wp-embedded-content\" sandbox=\"allow-scripts\" security=\"restricted\" style=\"position: absolute; visibility: hidden;\" title=\"&#8220;Odnosi z javnostmi&#8221; &#8212; Okolje Piran\" src=\"https:\/\/okoljepiran.si\/dejavnosti\/ostale-dejavnosti\/odnosi-z-javnostmi\/embed\/#?secret=CWdEjv4yPp#?secret=EWJw0XtISA\" data-secret=\"EWJw0XtISA\" width=\"500\" height=\"282\" frameborder=\"0\" marginwidth=\"0\" marginheight=\"0\" scrolling=\"no\"><\/iframe>\n<\/div><\/figure>\n","protected":false},"excerpt":{"rendered":"<p>Il settore finanziario-contabile garantisce pianificazione, analisi, liquidit\u00e0 e solidit\u00e0 dell\u2019azienda, nonch\u00e9 l\u2019accesso a finanziamenti, anche da fondi europei. <\/p>\n","protected":false},"author":2,"featured_media":0,"parent":10340,"menu_order":4,"comment_status":"closed","ping_status":"closed","template":"template-page\/pg-childpage.php","meta":{"_acf_changed":false,"footnotes":""},"class_list":["post-10336","page","type-page","status-publish","hentry"],"acf":[],"_links":{"self":[{"href":"https:\/\/okoljepiran.si\/it\/wp-json\/wp\/v2\/pages\/10336","targetHints":{"allow":["GET"]}}],"collection":[{"href":"https:\/\/okoljepiran.si\/it\/wp-json\/wp\/v2\/pages"}],"about":[{"href":"https:\/\/okoljepiran.si\/it\/wp-json\/wp\/v2\/types\/page"}],"author":[{"embeddable":true,"href":"https:\/\/okoljepiran.si\/it\/wp-json\/wp\/v2\/users\/2"}],"replies":[{"embeddable":true,"href":"https:\/\/okoljepiran.si\/it\/wp-json\/wp\/v2\/comments?post=10336"}],"version-history":[{"count":8,"href":"https:\/\/okoljepiran.si\/it\/wp-json\/wp\/v2\/pages\/10336\/revisions"}],"predecessor-version":[{"id":24384,"href":"https:\/\/okoljepiran.si\/it\/wp-json\/wp\/v2\/pages\/10336\/revisions\/24384"}],"up":[{"embeddable":true,"href":"https:\/\/okoljepiran.si\/it\/wp-json\/wp\/v2\/pages\/10340"}],"wp:attachment":[{"href":"https:\/\/okoljepiran.si\/it\/wp-json\/wp\/v2\/media?parent=10336"}],"curies":[{"name":"wp","href":"https:\/\/api.w.org\/{rel}","templated":true}]}}