{"id":10333,"date":"2025-02-27T15:11:08","date_gmt":"2025-02-27T14:11:08","guid":{"rendered":"http:\/\/okoljepiran.razvija.se\/zbiranje-in-odvajanje-odpadne-vode\/"},"modified":"2025-09-02T14:05:04","modified_gmt":"2025-09-02T12:05:04","slug":"raccolta-e-smaltimento-delle-acque-reflue","status":"publish","type":"page","link":"https:\/\/okoljepiran.si\/it\/attivita\/gestione-acque-reflue\/raccolta-e-smaltimento-delle-acque-reflue\/","title":{"rendered":"Raccolta e smaltimento delle acque reflue"},"content":{"rendered":"\n<p>Il sistema fognario nel Comune di Pirano corre su un terreno accidentato e ramificato e sotto il livello del mare. A causa della topografia specifica dell&#8217;area, le acque reflue urbane non possono fluire per gravit\u00e0 verso gli impianti di trattamento, ma vengono invece trasportate tramite quindici stazioni di pompaggio posizionate strategicamente in tutto il sistema. Le pompe di queste stazioni di pompaggio sollevano le acque reflue a un&#8217;altitudine pi\u00f9 elevata, consentendone l&#8217;ulteriore trattamento e purificazione.<\/p>\n\n\n\n<p>Il sistema fognario si basa su collettori primari pi\u00f9 grandi che raccolgono e scaricano le acque reflue urbane nell&#8217;impianto di depurazione di Pirano. I collettori fondamentali sono:<\/p>\n\n\n\n<ul class=\"wp-block-list\">\n<li><strong>Collettore S. Lucia \u2013 Portorose<\/strong>: Questo collettore, lungo oltre 8 km, \u00e8 dotato di quattro stazioni di pompaggio a coclea e due pompe centrifughe. Con un diametro che varia dai 400 ai 1100 mm, corre prevalentemente sotto il livello del mare.<br><\/li>\n\n\n\n<li><strong>Collettore Strugnano \u2013 Fiesso \u2013 Bernardino<\/strong>: \u00c8 lungo circa 6 km ed \u00e8 dotato di tre stazioni di pompaggio con pompa centrifuga. La specialit\u00e0 di questo collettore \u00e8 superare altezze superiori a 90 m.<br><\/li>\n\n\n\n<li><strong>Collettore Pirano<\/strong>: Dotato di stazioni di pompaggio centrifughe sulla Punta e sul molo principale, corre dalla stazione di pompaggio sul molo fino al parcheggio davanti a Pirano, con un diametro di 400 mm e corre lungo il fondale marino.<\/li>\n<\/ul>\n\n\n\n<p>In alcune zone della citt\u00e0, oltre al sistema fognario per lo smaltimento delle acque reflue urbane, \u00e8 presente anche un sistema di drenaggio delle acque piovane che scarica l&#8217;acqua piovana nel torrente Fasano o direttamente in mare. Questo sistema aggiuntivo garantisce un\u2019efficace gestione delle acque piovane, fondamentale per prevenire le inondazioni e garantire il regolare funzionamento dell\u2019intera infrastruttura fognaria del comune.<\/p>\n\n\n\n<p>Negli insediamenti di Parezzago e Sicciole, il sistema fognario primaria \u00e8 molto esteso. Convoglia le acque reflue comunali attraverso quattro stazioni di pompaggio all&#8217;impianto di depurazione di Sicciole.<\/p>\n\n\n\n<p>Il sistema fognario dell&#8217;insediamento di Dragogna comprende una stazione di pompaggio.<\/p>\n\n\n\n<p>Negli insediamenti di Sv. Peter, Nova vas, Padna e Ore\u0161je, sono presenti sistemi fognari privi di stazioni di pompaggio.<\/p>\n\n\n\n<div style=\"height:50px\" aria-hidden=\"true\" class=\"wp-block-spacer\"><\/div>\n\n\n\n<figure class=\"wp-block-embed is-type-wp-embed is-provider-okolje-piran wp-block-embed-okolje-piran\"><div class=\"wp-block-embed__wrapper\">\n<blockquote class=\"wp-embedded-content\" data-secret=\"My9ZvA7LP8\"><a href=\"https:\/\/okoljepiran.si\/it\/attivita\/gestione-acque-reflue\/depurazione-delle-acque-reflue\/\">Depurazione delle acque reflue<\/a><\/blockquote><iframe loading=\"lazy\" class=\"wp-embedded-content\" sandbox=\"allow-scripts\" security=\"restricted\" style=\"position: absolute; visibility: hidden;\" title=\"&#8220;Depurazione delle acque reflue&#8221; &#8212; Okolje Piran\" src=\"https:\/\/okoljepiran.si\/it\/attivita\/gestione-acque-reflue\/depurazione-delle-acque-reflue\/embed\/#?secret=O611vMOGPT#?secret=My9ZvA7LP8\" data-secret=\"My9ZvA7LP8\" width=\"500\" height=\"282\" frameborder=\"0\" marginwidth=\"0\" marginheight=\"0\" scrolling=\"no\"><\/iframe>\n<\/div><\/figure>\n\n\n\n<div style=\"height:50px\" aria-hidden=\"true\" class=\"wp-block-spacer\"><\/div>\n\n\n\n<figure class=\"wp-block-embed is-type-wp-embed is-provider-okolje-piran wp-block-embed-okolje-piran\"><div class=\"wp-block-embed__wrapper\">\n<blockquote class=\"wp-embedded-content\" data-secret=\"CmgAvKnwV5\"><a href=\"https:\/\/okoljepiran.si\/it\/attivita\/gestione-acque-reflue\/svuotamento-delle-fosse-biologiche-e-pid\/\">Svuotamento delle fosse biologiche e PID<\/a><\/blockquote><iframe loading=\"lazy\" class=\"wp-embedded-content\" sandbox=\"allow-scripts\" security=\"restricted\" style=\"position: absolute; visibility: hidden;\" title=\"&#8220;Svuotamento delle fosse biologiche e PID&#8221; &#8212; Okolje Piran\" src=\"https:\/\/okoljepiran.si\/it\/attivita\/gestione-acque-reflue\/svuotamento-delle-fosse-biologiche-e-pid\/embed\/#?secret=ZVuBEXUqko#?secret=CmgAvKnwV5\" data-secret=\"CmgAvKnwV5\" width=\"500\" height=\"282\" frameborder=\"0\" marginwidth=\"0\" marginheight=\"0\" scrolling=\"no\"><\/iframe>\n<\/div><\/figure>\n\n\n<div class=\"gb-container gb-container-e195c5d4 layout-grid-2\">\n<div class=\"gb-container gb-container-e7849cb2 banner-ceniki\">\n<div class=\"gb-container gb-container-6600ff8a\">\n\n<h4 class=\"wp-block-heading fw-semibold\">Tariffe: Gestione acque reflue<\/h4>\n\n\n\n<p>Qui trovate le tariffe aggiornate e le condizioni di servizio<\/p>\n\n\n\n<p><a href=\"https:\/\/okoljepiran.si\/it\/tariffe-dei-servizi\/#gestione-acque-reflue\" target=\"_blank\" data-type=\"page\" data-id=\"11\" rel=\"noreferrer noopener\">Visualizza<\/a><\/p>\n\n<\/div>\n\n\n<figure class=\"wp-block-image size-full d-flex justify-content-end\"><img decoding=\"async\" src=\"https:\/\/okoljepiran.si\/wp-content\/uploads\/2024\/06\/ceniki_banner.svg\" alt=\"\" class=\"wp-image-115\" style=\"object-fit:cover\"\/><\/figure>\n\n<\/div>\n\n<div class=\"gb-container gb-container-7e869277 banner-vloge\">\n<div class=\"gb-container gb-container-730dea93 text-body-secondary\">\n\n<h4 class=\"wp-block-heading fw-semibold\">Attivit\u00e0: Gestione acque reflue<\/h4>\n\n\n\n<p>Accedete a tutti i moduli e formulari.<\/p>\n\n\n\n<p><a href=\"https:\/\/okoljepiran.si\/it\/moduli-e-domande\/#gestione-acque-reflue\" target=\"_blank\" data-type=\"page\" data-id=\"9\" rel=\"noreferrer noopener\">Visualizza<\/a><\/p>\n\n<\/div>\n\n\n<figure class=\"wp-block-image size-full d-flex justify-content-end\"><img decoding=\"async\" src=\"https:\/\/okoljepiran.si\/wp-content\/uploads\/2024\/06\/vloge_banner.svg\" alt=\"\" class=\"wp-image-129\" style=\"object-fit:cover\"\/><\/figure>\n\n<\/div>\n\n<div class=\"gb-container gb-container-1a7c6d51 banner-ceniki\">\n<div class=\"gb-container gb-container-b5b28bb6\">\n\n<h4 class=\"wp-block-heading fw-semibold\">Legislazione: Gestione acque reflue<\/h4>\n\n\n\n<p>Consultate le leggi, i regolamenti e le altre norme vigenti.<\/p>\n\n\n\n<p><a href=\"https:\/\/okoljepiran.si\/it\/legislazione\/#gestione-acque-reflue\" target=\"_blank\" data-type=\"page\" data-id=\"589\" rel=\"noreferrer noopener\">Visualizza<\/a><\/p>\n\n<\/div>\n\n\n<figure class=\"wp-block-image size-full d-flex justify-content-end\"><img decoding=\"async\" src=\"https:\/\/okoljepiran.si\/wp-content\/uploads\/2024\/06\/zakonodaja_banner.svg\" alt=\"\" class=\"wp-image-396\" style=\"object-fit:cover\"\/><\/figure>\n\n<\/div>\n<\/div>","protected":false},"excerpt":{"rendered":"<p>Gestiamo la raccolta e la depurazione delle acque reflue, garantendo uno smaltimento sicuro e la manutenzione della rete fognaria.<\/p>\n","protected":false},"author":2,"featured_media":0,"parent":10391,"menu_order":1,"comment_status":"closed","ping_status":"closed","template":"template-page\/pg-childpage.php","meta":{"_acf_changed":false,"footnotes":""},"class_list":["post-10333","page","type-page","status-publish","hentry"],"acf":[],"_links":{"self":[{"href":"https:\/\/okoljepiran.si\/it\/wp-json\/wp\/v2\/pages\/10333","targetHints":{"allow":["GET"]}}],"collection":[{"href":"https:\/\/okoljepiran.si\/it\/wp-json\/wp\/v2\/pages"}],"about":[{"href":"https:\/\/okoljepiran.si\/it\/wp-json\/wp\/v2\/types\/page"}],"author":[{"embeddable":true,"href":"https:\/\/okoljepiran.si\/it\/wp-json\/wp\/v2\/users\/2"}],"replies":[{"embeddable":true,"href":"https:\/\/okoljepiran.si\/it\/wp-json\/wp\/v2\/comments?post=10333"}],"version-history":[{"count":9,"href":"https:\/\/okoljepiran.si\/it\/wp-json\/wp\/v2\/pages\/10333\/revisions"}],"predecessor-version":[{"id":24174,"href":"https:\/\/okoljepiran.si\/it\/wp-json\/wp\/v2\/pages\/10333\/revisions\/24174"}],"up":[{"embeddable":true,"href":"https:\/\/okoljepiran.si\/it\/wp-json\/wp\/v2\/pages\/10391"}],"wp:attachment":[{"href":"https:\/\/okoljepiran.si\/it\/wp-json\/wp\/v2\/media?parent=10333"}],"curies":[{"name":"wp","href":"https:\/\/api.w.org\/{rel}","templated":true}]}}