{"id":10328,"date":"2025-05-14T14:25:50","date_gmt":"2025-05-14T12:25:50","guid":{"rendered":"http:\/\/okoljepiran.razvija.se\/odpadki-na-prireditvah\/"},"modified":"2025-09-01T11:41:08","modified_gmt":"2025-09-01T09:41:08","slug":"gestione-dei-rifiuti-negli-eventi","status":"publish","type":"page","link":"https:\/\/okoljepiran.si\/it\/attivita\/gestione-rifiuti-e-sistemazione-aree-pubbliche\/gestione-dei-rifiuti-negli-eventi\/","title":{"rendered":"Gestione dei rifiuti negli eventi"},"content":{"rendered":"\n<p>Grazie al mite clima marino, la primavera, l&#8217;estate e l&#8217;autunno nel Comune di Pirano sono il periodo per numerosi eventi, feste e allegri incontri. L&#8217;organizzazione di eventi richiede molti preparativi e accordi, quindi gli organizzatori devono includere anche un accordo ovv. una richiesta di smaltimento dei rifiuti dall&#8217;evento.<\/p>\n\n\n\n<h2 class=\"wp-block-heading\">Obblighi per gli organizzatori di eventi&nbsp;&nbsp;&nbsp;&nbsp;&nbsp;&nbsp;&nbsp;&nbsp;&nbsp;&nbsp;&nbsp;&nbsp;&nbsp;&nbsp;&nbsp;&nbsp;&nbsp;&nbsp;&nbsp;&nbsp;&nbsp;&nbsp;&nbsp;<\/h2>\n\n\n\n<p>I decreti comunali che regolano la gestione dei rifiuti nel territorio del Comune di Pirano impongono agli organizzatori di eventi culturali, sportivi e di altri eventi all&#8217;aperto di concordare con l&#8217;impresa di smaltimento dei rifiuti prima dell&#8217;inizio della manifestazione pubblica o dell&#8217;evento, le modalit\u00e0 di raccolta dei rifiuti e copertura dei costi, e al termine dello stesso assicurare che lo spazio della manifestazione venga pulito.&nbsp;<\/p>\n\n\n\n<p>In passato l&#8217;Azienda pubblica Okolje Pirano ha supportato gli organizzatori con servizi gratuiti di noleggio dell&#8217;attrezzatura, pulizia e raccolta di tutti i tipi di rifiuti. Anche in futuro la Okolje Pirano proseguir\u00e0 con attivit\u00e0 socialmente responsabili e di sensibilizzazione, con le quali incoragger\u00e0 gli organizzatori e i visitatori di eventi ad utilizzare le risorse naturali in modo consapevole e prudente, ma al fine di rendere l&#8217;approccio pi\u00f9 efficace e una quantit\u00e0 inferiore di rifiuti misti negli eventi pubblici, introdurremo alcune nuove misure.&nbsp;&nbsp;<\/p>\n\n\n\n<div style=\"height:50px\" aria-hidden=\"true\" class=\"wp-block-spacer\"><\/div>\n\n\n\n<figure class=\"wp-block-embed is-type-wp-embed is-provider-okolje-piran wp-block-embed-okolje-piran\"><div class=\"wp-block-embed__wrapper\">\n<blockquote class=\"wp-embedded-content\" data-secret=\"jHomf6avcK\"><a href=\"https:\/\/okoljepiran.si\/dejavnosti\/ravnanje-z-odpadki-in-urejanje-javnih-povrsin\/navodila-za-locevanje-odpadkov-v-obcini-piran\/\">Navodila za lo\u010devanje odpadkov v Ob\u010dini Piran<\/a><\/blockquote><iframe loading=\"lazy\" class=\"wp-embedded-content\" sandbox=\"allow-scripts\" security=\"restricted\" style=\"position: absolute; visibility: hidden;\" title=\"&#8220;Navodila za lo\u010devanje odpadkov v Ob\u010dini Piran&#8221; &#8212; Okolje Piran\" src=\"https:\/\/okoljepiran.si\/dejavnosti\/ravnanje-z-odpadki-in-urejanje-javnih-povrsin\/navodila-za-locevanje-odpadkov-v-obcini-piran\/embed\/#?secret=9jqvtXd1ea#?secret=jHomf6avcK\" data-secret=\"jHomf6avcK\" width=\"500\" height=\"282\" frameborder=\"0\" marginwidth=\"0\" marginheight=\"0\" scrolling=\"no\"><\/iframe>\n<\/div><\/figure>\n\n\n\n<h2 class=\"wp-block-heading\">Un nuovo approccio alla gestione dei rifiuti&nbsp;&nbsp;&nbsp;&nbsp;&nbsp;&nbsp;&nbsp;&nbsp;&nbsp;&nbsp;&nbsp;&nbsp;&nbsp;&nbsp;&nbsp;&nbsp;&nbsp;&nbsp;&nbsp;&nbsp;&nbsp;&nbsp;&nbsp;<\/h2>\n\n\n\n<p>Poich\u00e9 consideriamo il rapporto di sponsorizzazione come una partnership che garantisce il progresso reciproco dell&#8217;azienda, dell&#8217;organizzatore dell&#8217;evento e della societ\u00e0 in generale, da gennaio 2024, la Okolje Pirano, effettuer\u00e0 gratuitamente solo la raccolta delle singole frazioni mentre la raccolta dei rifiuti urbani misti verr\u00e0 addebitata, costringendo cos\u00ec gli organizzatori a pensare a che tipo di rifiuti verranno generati durante l&#8217;evento, al modo ottimale per separare i rifiuti durante l&#8217;evento, a una migliore comunicazione con i visitatori e incoraggiarli a riflettere su dove posizionare i cassonetti, come eliminare gli imballaggi monouso e se la carta sia una buona alternativa.<\/p>\n\n\n\n<div style=\"height:50px\" aria-hidden=\"true\" class=\"wp-block-spacer\"><\/div>\n\n\n\n<figure class=\"wp-block-embed is-type-wp-embed is-provider-okolje-piran wp-block-embed-okolje-piran\"><div class=\"wp-block-embed__wrapper\">\n<blockquote class=\"wp-embedded-content\" data-secret=\"5kJu2vvglu\"><a href=\"https:\/\/okoljepiran.si\/it\/attivita\/gestione-rifiuti-e-sistemazione-aree-pubbliche\/calendario-di-raccolta-dei-rifiuti\/\">Calendario di raccolta dei rifiuti<\/a><\/blockquote><iframe loading=\"lazy\" class=\"wp-embedded-content\" sandbox=\"allow-scripts\" security=\"restricted\" style=\"position: absolute; visibility: hidden;\" title=\"&#8220;Calendario di raccolta dei rifiuti&#8221; &#8212; Okolje Piran\" src=\"https:\/\/okoljepiran.si\/it\/attivita\/gestione-rifiuti-e-sistemazione-aree-pubbliche\/calendario-di-raccolta-dei-rifiuti\/embed\/#?secret=Qtx2cYzXGe#?secret=5kJu2vvglu\" data-secret=\"5kJu2vvglu\" width=\"500\" height=\"282\" frameborder=\"0\" marginwidth=\"0\" marginheight=\"0\" scrolling=\"no\"><\/iframe>\n<\/div><\/figure>\n\n\n<div class=\"gb-container gb-container-8eb85d1b layout-grid-2\">\n<div class=\"gb-container gb-container-48c732df banner-ceniki\">\n<div class=\"gb-container gb-container-c3c4f1a9\">\n\n<h4 class=\"wp-block-heading fw-semibold\">Tariffe: Gestione rifiuti e sistemazione aree pubbliche<\/h4>\n\n\n\n<p>Qui trovate le tariffe aggiornate e le condizioni di servizio.<\/p>\n\n\n\n<p><a href=\"https:\/\/okoljepiran.si\/it\/tariffe-dei-servizi\/#ravnanje-z-odpadki-it\" target=\"_blank\" data-type=\"page\" data-id=\"11\" rel=\"noreferrer noopener\">Visualizza<\/a><\/p>\n\n<\/div>\n\n\n<figure class=\"wp-block-image size-full d-flex justify-content-end\"><img decoding=\"async\" src=\"https:\/\/okoljepiran.si\/wp-content\/uploads\/2024\/06\/ceniki_banner.svg\" alt=\"\" class=\"wp-image-115\" style=\"object-fit:cover\"\/><\/figure>\n\n<\/div>\n\n<div class=\"gb-container gb-container-a35b2060 banner-vloge\">\n<div class=\"gb-container gb-container-5263f461 text-body-secondary\">\n\n<h4 class=\"wp-block-heading fw-semibold\">Moduli e domande: Gestione rifiuti e sistemazione aree pubbliche<\/h4>\n\n\n\n<p>Accedete a tutti i moduli e formulari.<\/p>\n\n\n\n<p><a href=\"https:\/\/okoljepiran.si\/it\/moduli-e-domande\/#ravnanje-z-odpadki-it\" target=\"_blank\" data-type=\"page\" data-id=\"9\" rel=\"noreferrer noopener\">Visualizza<\/a><\/p>\n\n<\/div>\n\n\n<figure class=\"wp-block-image size-full d-flex justify-content-end\"><img decoding=\"async\" src=\"https:\/\/okoljepiran.si\/wp-content\/uploads\/2024\/06\/vloge_banner.svg\" alt=\"\" class=\"wp-image-129\" style=\"object-fit:cover\"\/><\/figure>\n\n<\/div>\n\n<div class=\"gb-container gb-container-1a7c6d51 banner-ceniki\">\n<div class=\"gb-container gb-container-b5b28bb6\">\n\n<h4 class=\"wp-block-heading fw-semibold\">Legislazione: Gestione rifiuti e sistemazione aree pubbliche<\/h4>\n\n\n\n<p>Consultate le leggi, i regolamenti e le altre norme vigenti.<\/p>\n\n\n\n<p><a href=\"https:\/\/okoljepiran.si\/it\/legislazione\/#ravnanje-z-odpadki-it\" target=\"_blank\" data-type=\"page\" data-id=\"589\" rel=\"noreferrer noopener\">Visualizza<\/a><\/p>\n\n<\/div>\n\n\n<figure class=\"wp-block-image size-full d-flex justify-content-end\"><img decoding=\"async\" src=\"https:\/\/okoljepiran.si\/wp-content\/uploads\/2024\/06\/zakonodaja_banner.svg\" alt=\"\" class=\"wp-image-396\" style=\"object-fit:cover\"\/><\/figure>\n\n<\/div>\n<\/div>","protected":false},"excerpt":{"rendered":"<p>Vi presentiamo linee guida su come separare correttamente i diversi tipi di rifiuti e contribuire a un ambiente pi\u00f9 pulito. Insieme, garantiamo una gestione responsabile dei rifiuti.<\/p>\n","protected":false},"author":2,"featured_media":9513,"parent":10395,"menu_order":3,"comment_status":"closed","ping_status":"closed","template":"template-page\/pg-childpage.php","meta":{"_acf_changed":false,"footnotes":""},"class_list":["post-10328","page","type-page","status-publish","has-post-thumbnail","hentry"],"acf":[],"_links":{"self":[{"href":"https:\/\/okoljepiran.si\/it\/wp-json\/wp\/v2\/pages\/10328","targetHints":{"allow":["GET"]}}],"collection":[{"href":"https:\/\/okoljepiran.si\/it\/wp-json\/wp\/v2\/pages"}],"about":[{"href":"https:\/\/okoljepiran.si\/it\/wp-json\/wp\/v2\/types\/page"}],"author":[{"embeddable":true,"href":"https:\/\/okoljepiran.si\/it\/wp-json\/wp\/v2\/users\/2"}],"replies":[{"embeddable":true,"href":"https:\/\/okoljepiran.si\/it\/wp-json\/wp\/v2\/comments?post=10328"}],"version-history":[{"count":9,"href":"https:\/\/okoljepiran.si\/it\/wp-json\/wp\/v2\/pages\/10328\/revisions"}],"predecessor-version":[{"id":23866,"href":"https:\/\/okoljepiran.si\/it\/wp-json\/wp\/v2\/pages\/10328\/revisions\/23866"}],"up":[{"embeddable":true,"href":"https:\/\/okoljepiran.si\/it\/wp-json\/wp\/v2\/pages\/10395"}],"wp:featuredmedia":[{"embeddable":true,"href":"https:\/\/okoljepiran.si\/it\/wp-json\/wp\/v2\/media\/9513"}],"wp:attachment":[{"href":"https:\/\/okoljepiran.si\/it\/wp-json\/wp\/v2\/media?parent=10328"}],"curies":[{"name":"wp","href":"https:\/\/api.w.org\/{rel}","templated":true}]}}